{"id":9770,"date":"2020-04-06T17:50:03","date_gmt":"2020-04-06T17:50:03","guid":{"rendered":"https:\/\/roofingcanada.com\/?page_id=9770"},"modified":"2022-04-06T21:07:41","modified_gmt":"2022-04-06T21:07:41","slug":"mrcc-en-ligne","status":"publish","type":"page","link":"https:\/\/roofingcanada.com\/fr\/conseils-techniques\/manuels\/mrcc-en-ligne\/","title":{"rendered":"Manuel de r\u00e9f\u00e9rence sur les couvertures au Canada &#8211; En ligne"},"content":{"rendered":"<ul>\n<li><a href=\"http:\/\/roofingcanada.com\/fr\/docs\/manuel-de-reference-sur-les-couvertures-au-canada\/introduction\/\">Introduction<\/a><\/li>\n<li><a href=\"http:\/\/roofingcanada.com\/fr\/docs\/manuel-de-reference-sur-les-couvertures-au-canada\/chapitre-1-securite\/\">Chapitre 1 : S\u00e9curit\u00e9<\/a><\/li>\n<li><a href=\"http:\/\/roofingcanada.com\/fr\/docs\/manuel-de-reference-sur-les-couvertures-au-canada\/chapitre-2-outils-et-materiel\/\">Chapitre 2 : Outils et mat\u00e9riel<\/a><\/li>\n<li><a href=\"http:\/\/roofingcanada.com\/fr\/docs\/manuel-de-reference-sur-les-couvertures-au-canada\/chapitre-3-preparation-de-la-couverture\/\">Chapitre 3 : Pr\u00e9paration de la couverture<\/a><\/li>\n<li><a href=\"http:\/\/roofingcanada.com\/fr\/docs\/manuel-de-reference-sur-les-couvertures-au-canada\/chapitre-4-membranes-multi-couches\/\">Chapitre 4 : Membranes multi-couches<\/a><\/li>\n<li><a href=\"http:\/\/roofingcanada.com\/fr\/docs\/manuel-de-reference-sur-les-couvertures-au-canada\/chapitre-5-membranes-de-bitume-modifie\/\">Chapitre 5 : Membranes de bitume modifi\u00e9<\/a><\/li>\n<li><a href=\"http:\/\/roofingcanada.com\/fr\/docs\/manuel-de-reference-sur-les-couvertures-au-canada\/chapitre-6-couvertures-caoutchoutees-appliquees-a-chaud\/\">Chapitre 6 : Couvertures caoutchout\u00e9es appliqu\u00e9es \u00e0 chaud<\/a><\/li>\n<li><a href=\"http:\/\/roofingcanada.com\/fr\/docs\/manuel-de-reference-sur-les-couvertures-au-canada\/chapitre-7-membranes-de-couverture-monocouches\/\">Chapitre 7 : Membranes de couverture monocouches<\/a><\/li>\n<li><a href=\"http:\/\/roofingcanada.com\/fr\/docs\/manuel-de-reference-sur-les-couvertures-au-canada\/chapitre-8-couverture-vegetalisee\/\">Chapitre 8 : Couverture v\u00e9g\u00e9talis\u00e9e<\/a><\/li>\n<li><a href=\"http:\/\/roofingcanada.com\/fr\/docs\/manuel-de-reference-sur-les-couvertures-au-canada\/chapitre-9-couvertures-a-forte-pente\/\">Chapitre 9 : Couvertures \u00e0 forte pente<\/a><\/li>\n<li><a href=\"http:\/\/roofingcanada.com\/fr\/docs\/manuel-de-reference-sur-les-couvertures-au-canada-chapitre-10-couvertures-metalliques\/\">Chapitre 10 : Couvertures m\u00e9talliques<\/a><\/li>\n<li><a href=\"http:\/\/roofingcanada.com\/fr\/docs\/manuel-de-reference-sur-les-couvertures-au-canada-chapitre-11-ajouts-au-toit\/\">Chapitre 11 : Ajouts au toit<\/a><\/li>\n<li><a href=\"http:\/\/roofingcanada.com\/fr\/docs\/manuel-de-reference-sur-les-couvertures-au-canada-chapitre-12-impermeabilisation-et-hydrofugation\/\">Chapitre 12 : Imperm\u00e9abilisation et hydrofugation<\/a><\/li>\n<li><a href=\"http:\/\/roofingcanada.com\/fr\/docs\/manuel-de-reference-sur-les-couvertures-au-canada\/manuel-de-reference-sur-les-couvertures-au-canada-chapitre-13-le-depannage-et-les-reparations\/\">Chapitre 13 : Le d\u00e9pannage et les r\u00e9parations<\/a><\/li>\n<li><a href=\"http:\/\/roofingcanada.com\/fr\/docs\/glossaire\/\">Glossaire<\/a><\/li>\n<\/ul>\n","protected":false},"excerpt":{"rendered":"<p>Introduction Chapitre 1 : S\u00e9curit\u00e9 Chapitre 2 : Outils et mat\u00e9riel Chapitre 3 : Pr\u00e9paration de la couverture Chapitre 4 : Membranes multi-couches Chapitre 5 : Membranes de bitume modifi\u00e9 Chapitre 6 : Couvertures caoutchout\u00e9es appliqu\u00e9es \u00e0 chaud Chapitre 7 : Membranes de couverture monocouches Chapitre 8 : Couverture v\u00e9g\u00e9talis\u00e9e Chapitre 9 : Couvertures \u00e0&#8230;  <a class=\"excerpt-read-more\" href=\"https:\/\/roofingcanada.com\/fr\/conseils-techniques\/manuels\/mrcc-en-ligne\/\" title=\"ReadManuel de r\u00e9f\u00e9rence sur les couvertures au Canada &#8211; En ligne\">En savoir plus \u00bb<\/a><\/p>\n","protected":false},"author":1,"featured_media":0,"parent":262,"menu_order":0,"comment_status":"closed","ping_status":"closed","template":"","meta":{"_acf_changed":false,"footnotes":""},"class_list":["post-9770","page","type-page","status-publish","hentry"],"acf":[],"yoast_head":"<!-- This site is optimized with the Yoast SEO plugin v27.5 - https:\/\/yoast.com\/product\/yoast-seo-wordpress\/ -->\n<title>Manuel de r\u00e9f\u00e9rence sur les couvertures au Canada - En ligne - Canadian Roofing Contractors Association<\/title>\n<meta name=\"robots\" content=\"index, follow, max-snippet:-1, max-image-preview:large, max-video-preview:-1\" \/>\n<link rel=\"canonical\" href=\"https:\/\/roofingcanada.com\/fr\/conseils-techniques\/manuels\/mrcc-en-ligne\/\" \/>\n<meta property=\"og:locale\" content=\"fr_FR\" \/>\n<meta property=\"og:type\" content=\"article\" \/>\n<meta property=\"og:title\" content=\"Manuel de r\u00e9f\u00e9rence sur les couvertures au Canada - En ligne - Canadian Roofing Contractors Association\" \/>\n<meta property=\"og:description\" content=\"Introduction Chapitre 1 : S\u00e9curit\u00e9 Chapitre 2 : Outils et mat\u00e9riel Chapitre 3 : Pr\u00e9paration de la couverture Chapitre 4 : Membranes multi-couches Chapitre 5 : Membranes de bitume modifi\u00e9 Chapitre 6 : Couvertures caoutchout\u00e9es appliqu\u00e9es \u00e0 chaud Chapitre 7 : Membranes de couverture monocouches Chapitre 8 : Couverture v\u00e9g\u00e9talis\u00e9e Chapitre 9 : Couvertures \u00e0... En savoir plus \u00bb\" \/>\n<meta property=\"og:url\" content=\"https:\/\/roofingcanada.com\/fr\/conseils-techniques\/manuels\/mrcc-en-ligne\/\" \/>\n<meta property=\"og:site_name\" content=\"Canadian Roofing Contractors Association\" \/>\n<meta property=\"article:modified_time\" content=\"2022-04-06T21:07:41+00:00\" \/>\n<meta name=\"twitter:card\" content=\"summary_large_image\" \/>\n<script type=\"application\/ld+json\" class=\"yoast-schema-graph\">{\"@context\":\"https:\\\/\\\/schema.org\",\"@graph\":[{\"@type\":\"WebPage\",\"@id\":\"https:\\\/\\\/roofingcanada.com\\\/fr\\\/conseils-techniques\\\/manuels\\\/mrcc-en-ligne\\\/\",\"url\":\"https:\\\/\\\/roofingcanada.com\\\/fr\\\/conseils-techniques\\\/manuels\\\/mrcc-en-ligne\\\/\",\"name\":\"Manuel de r\u00e9f\u00e9rence sur les couvertures au Canada - En ligne - Canadian Roofing Contractors Association\",\"isPartOf\":{\"@id\":\"https:\\\/\\\/roofingcanada.com\\\/#website\"},\"datePublished\":\"2020-04-06T17:50:03+00:00\",\"dateModified\":\"2022-04-06T21:07:41+00:00\",\"breadcrumb\":{\"@id\":\"https:\\\/\\\/roofingcanada.com\\\/fr\\\/conseils-techniques\\\/manuels\\\/mrcc-en-ligne\\\/#breadcrumb\"},\"inLanguage\":\"fr-FR\",\"potentialAction\":[{\"@type\":\"ReadAction\",\"target\":[\"https:\\\/\\\/roofingcanada.com\\\/fr\\\/conseils-techniques\\\/manuels\\\/mrcc-en-ligne\\\/\"]}]},{\"@type\":\"BreadcrumbList\",\"@id\":\"https:\\\/\\\/roofingcanada.com\\\/fr\\\/conseils-techniques\\\/manuels\\\/mrcc-en-ligne\\\/#breadcrumb\",\"itemListElement\":[{\"@type\":\"ListItem\",\"position\":1,\"name\":\"Conseils techniques sur la toiture de l\u2019ACEC\",\"item\":\"https:\\\/\\\/roofingcanada.com\\\/fr\\\/conseils-techniques\\\/\"},{\"@type\":\"ListItem\",\"position\":2,\"name\":\"Manuels\",\"item\":\"https:\\\/\\\/roofingcanada.com\\\/fr\\\/conseils-techniques\\\/manuels\\\/\"},{\"@type\":\"ListItem\",\"position\":3,\"name\":\"Manuel de r\u00e9f\u00e9rence sur les couvertures au Canada &#8211; En ligne\"}]},{\"@type\":\"WebSite\",\"@id\":\"https:\\\/\\\/roofingcanada.com\\\/#website\",\"url\":\"https:\\\/\\\/roofingcanada.com\\\/\",\"name\":\"Canadian Roofing Contractors Association\",\"description\":\"Sous un seul toit\",\"potentialAction\":[{\"@type\":\"SearchAction\",\"target\":{\"@type\":\"EntryPoint\",\"urlTemplate\":\"https:\\\/\\\/roofingcanada.com\\\/?s={search_term_string}\"},\"query-input\":{\"@type\":\"PropertyValueSpecification\",\"valueRequired\":true,\"valueName\":\"search_term_string\"}}],\"inLanguage\":\"fr-FR\"}]}<\/script>\n<!-- \/ Yoast SEO plugin. -->","yoast_head_json":{"title":"Manuel de r\u00e9f\u00e9rence sur les couvertures au Canada - En ligne - Canadian Roofing Contractors Association","robots":{"index":"index","follow":"follow","max-snippet":"max-snippet:-1","max-image-preview":"max-image-preview:large","max-video-preview":"max-video-preview:-1"},"canonical":"https:\/\/roofingcanada.com\/fr\/conseils-techniques\/manuels\/mrcc-en-ligne\/","og_locale":"fr_FR","og_type":"article","og_title":"Manuel de r\u00e9f\u00e9rence sur les couvertures au Canada - En ligne - Canadian Roofing Contractors Association","og_description":"Introduction Chapitre 1 : S\u00e9curit\u00e9 Chapitre 2 : Outils et mat\u00e9riel Chapitre 3 : Pr\u00e9paration de la couverture Chapitre 4 : Membranes multi-couches Chapitre 5 : Membranes de bitume modifi\u00e9 Chapitre 6 : Couvertures caoutchout\u00e9es appliqu\u00e9es \u00e0 chaud Chapitre 7 : Membranes de couverture monocouches Chapitre 8 : Couverture v\u00e9g\u00e9talis\u00e9e Chapitre 9 : Couvertures \u00e0... En savoir plus \u00bb","og_url":"https:\/\/roofingcanada.com\/fr\/conseils-techniques\/manuels\/mrcc-en-ligne\/","og_site_name":"Canadian Roofing Contractors Association","article_modified_time":"2022-04-06T21:07:41+00:00","twitter_card":"summary_large_image","schema":{"@context":"https:\/\/schema.org","@graph":[{"@type":"WebPage","@id":"https:\/\/roofingcanada.com\/fr\/conseils-techniques\/manuels\/mrcc-en-ligne\/","url":"https:\/\/roofingcanada.com\/fr\/conseils-techniques\/manuels\/mrcc-en-ligne\/","name":"Manuel de r\u00e9f\u00e9rence sur les couvertures au Canada - En ligne - Canadian Roofing Contractors Association","isPartOf":{"@id":"https:\/\/roofingcanada.com\/#website"},"datePublished":"2020-04-06T17:50:03+00:00","dateModified":"2022-04-06T21:07:41+00:00","breadcrumb":{"@id":"https:\/\/roofingcanada.com\/fr\/conseils-techniques\/manuels\/mrcc-en-ligne\/#breadcrumb"},"inLanguage":"fr-FR","potentialAction":[{"@type":"ReadAction","target":["https:\/\/roofingcanada.com\/fr\/conseils-techniques\/manuels\/mrcc-en-ligne\/"]}]},{"@type":"BreadcrumbList","@id":"https:\/\/roofingcanada.com\/fr\/conseils-techniques\/manuels\/mrcc-en-ligne\/#breadcrumb","itemListElement":[{"@type":"ListItem","position":1,"name":"Conseils techniques sur la toiture de l\u2019ACEC","item":"https:\/\/roofingcanada.com\/fr\/conseils-techniques\/"},{"@type":"ListItem","position":2,"name":"Manuels","item":"https:\/\/roofingcanada.com\/fr\/conseils-techniques\/manuels\/"},{"@type":"ListItem","position":3,"name":"Manuel de r\u00e9f\u00e9rence sur les couvertures au Canada &#8211; En ligne"}]},{"@type":"WebSite","@id":"https:\/\/roofingcanada.com\/#website","url":"https:\/\/roofingcanada.com\/","name":"Canadian Roofing Contractors Association","description":"Sous un seul toit","potentialAction":[{"@type":"SearchAction","target":{"@type":"EntryPoint","urlTemplate":"https:\/\/roofingcanada.com\/?s={search_term_string}"},"query-input":{"@type":"PropertyValueSpecification","valueRequired":true,"valueName":"search_term_string"}}],"inLanguage":"fr-FR"}]}},"_links":{"self":[{"href":"https:\/\/roofingcanada.com\/fr\/wp-json\/wp\/v2\/pages\/9770","targetHints":{"allow":["GET"]}}],"collection":[{"href":"https:\/\/roofingcanada.com\/fr\/wp-json\/wp\/v2\/pages"}],"about":[{"href":"https:\/\/roofingcanada.com\/fr\/wp-json\/wp\/v2\/types\/page"}],"author":[{"embeddable":true,"href":"https:\/\/roofingcanada.com\/fr\/wp-json\/wp\/v2\/users\/1"}],"replies":[{"embeddable":true,"href":"https:\/\/roofingcanada.com\/fr\/wp-json\/wp\/v2\/comments?post=9770"}],"version-history":[{"count":10,"href":"https:\/\/roofingcanada.com\/fr\/wp-json\/wp\/v2\/pages\/9770\/revisions"}],"predecessor-version":[{"id":10989,"href":"https:\/\/roofingcanada.com\/fr\/wp-json\/wp\/v2\/pages\/9770\/revisions\/10989"}],"up":[{"embeddable":true,"href":"https:\/\/roofingcanada.com\/fr\/wp-json\/wp\/v2\/pages\/262"}],"wp:attachment":[{"href":"https:\/\/roofingcanada.com\/fr\/wp-json\/wp\/v2\/media?parent=9770"}],"curies":[{"name":"wp","href":"https:\/\/api.w.org\/{rel}","templated":true}]}}