{"id":956,"date":"2018-04-27T17:33:05","date_gmt":"2018-04-27T17:33:05","guid":{"rendered":"https:\/\/roofingcanada.com\/?page_id=956"},"modified":"2020-06-04T19:45:33","modified_gmt":"2020-06-04T19:45:33","slug":"participation-a-une-activite-sectorielle","status":"publish","type":"page","link":"https:\/\/roofingcanada.com\/fr\/activites\/participation-a-une-activite-sectorielle\/","title":{"rendered":"Participation \u00e0 une activit\u00e9 sectorielle"},"content":{"rendered":"<p>L\u2019ACEC participe \u00e0 des activit\u00e9s de l\u2019industrie de la toiture pour repr\u00e9senter ses membres et recueillir pour eux des informations. Nous assisterons \u00e0 ces prochaines activit\u00e9s :<\/p>\n","protected":false},"excerpt":{"rendered":"<p>Renseignez-vous sur nos activit\u00e9s sectorielles.<\/p>\n","protected":false},"author":1,"featured_media":965,"parent":139,"menu_order":4,"comment_status":"closed","ping_status":"closed","template":"page-events.php","meta":{"_acf_changed":false,"footnotes":""},"class_list":["post-956","page","type-page","status-publish","has-post-thumbnail","hentry"],"acf":[],"yoast_head":"<!-- This site is optimized with the Yoast SEO plugin v27.4 - https:\/\/yoast.com\/product\/yoast-seo-wordpress\/ -->\n<title>Activit\u00e9s de l\u2019industrie de la toiture<\/title>\n<meta name=\"description\" content=\"L\u2019ACEC participe \u00e0 ces activit\u00e9s de l\u2019industrie canadienne de la toiture.\" \/>\n<meta name=\"robots\" content=\"index, follow, max-snippet:-1, max-image-preview:large, max-video-preview:-1\" \/>\n<link rel=\"canonical\" href=\"https:\/\/roofingcanada.com\/fr\/activites\/participation-a-une-activite-sectorielle\/\" \/>\n<meta property=\"og:locale\" content=\"fr_FR\" \/>\n<meta property=\"og:type\" content=\"article\" \/>\n<meta property=\"og:title\" content=\"Activit\u00e9s de l\u2019industrie de la toiture\" \/>\n<meta property=\"og:description\" content=\"L\u2019ACEC participe \u00e0 ces activit\u00e9s de l\u2019industrie canadienne de la toiture.\" \/>\n<meta property=\"og:url\" content=\"https:\/\/roofingcanada.com\/fr\/activites\/participation-a-une-activite-sectorielle\/\" \/>\n<meta property=\"og:site_name\" content=\"Canadian Roofing Contractors Association\" \/>\n<meta property=\"article:modified_time\" content=\"2020-06-04T19:45:33+00:00\" \/>\n<meta property=\"og:image\" content=\"https:\/\/zz343f.a2cdn1.secureserver.net\/wp-content\/uploads\/2018\/04\/icon-calendar.png?time=1668446862\" \/>\n\t<meta property=\"og:image:width\" content=\"101\" \/>\n\t<meta property=\"og:image:height\" content=\"101\" \/>\n\t<meta property=\"og:image:type\" content=\"image\/png\" \/>\n<meta name=\"twitter:card\" content=\"summary_large_image\" \/>\n<script type=\"application\/ld+json\" class=\"yoast-schema-graph\">{\"@context\":\"https:\\\/\\\/schema.org\",\"@graph\":[{\"@type\":\"WebPage\",\"@id\":\"https:\\\/\\\/roofingcanada.com\\\/fr\\\/activites\\\/participation-a-une-activite-sectorielle\\\/\",\"url\":\"https:\\\/\\\/roofingcanada.com\\\/fr\\\/activites\\\/participation-a-une-activite-sectorielle\\\/\",\"name\":\"Activit\u00e9s de l\u2019industrie de la toiture\",\"isPartOf\":{\"@id\":\"https:\\\/\\\/roofingcanada.com\\\/#website\"},\"primaryImageOfPage\":{\"@id\":\"https:\\\/\\\/roofingcanada.com\\\/fr\\\/activites\\\/participation-a-une-activite-sectorielle\\\/#primaryimage\"},\"image\":{\"@id\":\"https:\\\/\\\/roofingcanada.com\\\/fr\\\/activites\\\/participation-a-une-activite-sectorielle\\\/#primaryimage\"},\"thumbnailUrl\":\"https:\\\/\\\/roofingcanada.com\\\/wp-content\\\/uploads\\\/2018\\\/04\\\/icon-calendar.png\",\"datePublished\":\"2018-04-27T17:33:05+00:00\",\"dateModified\":\"2020-06-04T19:45:33+00:00\",\"description\":\"L\u2019ACEC participe \u00e0 ces activit\u00e9s de l\u2019industrie canadienne de la toiture.\",\"breadcrumb\":{\"@id\":\"https:\\\/\\\/roofingcanada.com\\\/fr\\\/activites\\\/participation-a-une-activite-sectorielle\\\/#breadcrumb\"},\"inLanguage\":\"fr-FR\",\"potentialAction\":[{\"@type\":\"ReadAction\",\"target\":[\"https:\\\/\\\/roofingcanada.com\\\/fr\\\/activites\\\/participation-a-une-activite-sectorielle\\\/\"]}]},{\"@type\":\"ImageObject\",\"inLanguage\":\"fr-FR\",\"@id\":\"https:\\\/\\\/roofingcanada.com\\\/fr\\\/activites\\\/participation-a-une-activite-sectorielle\\\/#primaryimage\",\"url\":\"https:\\\/\\\/roofingcanada.com\\\/wp-content\\\/uploads\\\/2018\\\/04\\\/icon-calendar.png\",\"contentUrl\":\"https:\\\/\\\/roofingcanada.com\\\/wp-content\\\/uploads\\\/2018\\\/04\\\/icon-calendar.png\",\"width\":101,\"height\":101},{\"@type\":\"BreadcrumbList\",\"@id\":\"https:\\\/\\\/roofingcanada.com\\\/fr\\\/activites\\\/participation-a-une-activite-sectorielle\\\/#breadcrumb\",\"itemListElement\":[{\"@type\":\"ListItem\",\"position\":1,\"name\":\"Activit\u00e9s de l\u2019industrie canadienne de la toiture\",\"item\":\"https:\\\/\\\/roofingcanada.com\\\/fr\\\/activites\\\/\"},{\"@type\":\"ListItem\",\"position\":2,\"name\":\"Participation \u00e0 une activit\u00e9 sectorielle\"}]},{\"@type\":\"WebSite\",\"@id\":\"https:\\\/\\\/roofingcanada.com\\\/#website\",\"url\":\"https:\\\/\\\/roofingcanada.com\\\/\",\"name\":\"Canadian Roofing Contractors Association\",\"description\":\"Sous un seul toit\",\"potentialAction\":[{\"@type\":\"SearchAction\",\"target\":{\"@type\":\"EntryPoint\",\"urlTemplate\":\"https:\\\/\\\/roofingcanada.com\\\/?s={search_term_string}\"},\"query-input\":{\"@type\":\"PropertyValueSpecification\",\"valueRequired\":true,\"valueName\":\"search_term_string\"}}],\"inLanguage\":\"fr-FR\"}]}<\/script>\n<!-- \/ Yoast SEO plugin. -->","yoast_head_json":{"title":"Activit\u00e9s de l\u2019industrie de la toiture","description":"L\u2019ACEC participe \u00e0 ces activit\u00e9s de l\u2019industrie canadienne de la toiture.","robots":{"index":"index","follow":"follow","max-snippet":"max-snippet:-1","max-image-preview":"max-image-preview:large","max-video-preview":"max-video-preview:-1"},"canonical":"https:\/\/roofingcanada.com\/fr\/activites\/participation-a-une-activite-sectorielle\/","og_locale":"fr_FR","og_type":"article","og_title":"Activit\u00e9s de l\u2019industrie de la toiture","og_description":"L\u2019ACEC participe \u00e0 ces activit\u00e9s de l\u2019industrie canadienne de la toiture.","og_url":"https:\/\/roofingcanada.com\/fr\/activites\/participation-a-une-activite-sectorielle\/","og_site_name":"Canadian Roofing Contractors Association","article_modified_time":"2020-06-04T19:45:33+00:00","og_image":[{"width":101,"height":101,"url":"https:\/\/zz343f.a2cdn1.secureserver.net\/wp-content\/uploads\/2018\/04\/icon-calendar.png?time=1668446862","type":"image\/png"}],"twitter_card":"summary_large_image","schema":{"@context":"https:\/\/schema.org","@graph":[{"@type":"WebPage","@id":"https:\/\/roofingcanada.com\/fr\/activites\/participation-a-une-activite-sectorielle\/","url":"https:\/\/roofingcanada.com\/fr\/activites\/participation-a-une-activite-sectorielle\/","name":"Activit\u00e9s de l\u2019industrie de la toiture","isPartOf":{"@id":"https:\/\/roofingcanada.com\/#website"},"primaryImageOfPage":{"@id":"https:\/\/roofingcanada.com\/fr\/activites\/participation-a-une-activite-sectorielle\/#primaryimage"},"image":{"@id":"https:\/\/roofingcanada.com\/fr\/activites\/participation-a-une-activite-sectorielle\/#primaryimage"},"thumbnailUrl":"https:\/\/roofingcanada.com\/wp-content\/uploads\/2018\/04\/icon-calendar.png","datePublished":"2018-04-27T17:33:05+00:00","dateModified":"2020-06-04T19:45:33+00:00","description":"L\u2019ACEC participe \u00e0 ces activit\u00e9s de l\u2019industrie canadienne de la toiture.","breadcrumb":{"@id":"https:\/\/roofingcanada.com\/fr\/activites\/participation-a-une-activite-sectorielle\/#breadcrumb"},"inLanguage":"fr-FR","potentialAction":[{"@type":"ReadAction","target":["https:\/\/roofingcanada.com\/fr\/activites\/participation-a-une-activite-sectorielle\/"]}]},{"@type":"ImageObject","inLanguage":"fr-FR","@id":"https:\/\/roofingcanada.com\/fr\/activites\/participation-a-une-activite-sectorielle\/#primaryimage","url":"https:\/\/roofingcanada.com\/wp-content\/uploads\/2018\/04\/icon-calendar.png","contentUrl":"https:\/\/roofingcanada.com\/wp-content\/uploads\/2018\/04\/icon-calendar.png","width":101,"height":101},{"@type":"BreadcrumbList","@id":"https:\/\/roofingcanada.com\/fr\/activites\/participation-a-une-activite-sectorielle\/#breadcrumb","itemListElement":[{"@type":"ListItem","position":1,"name":"Activit\u00e9s de l\u2019industrie canadienne de la toiture","item":"https:\/\/roofingcanada.com\/fr\/activites\/"},{"@type":"ListItem","position":2,"name":"Participation \u00e0 une activit\u00e9 sectorielle"}]},{"@type":"WebSite","@id":"https:\/\/roofingcanada.com\/#website","url":"https:\/\/roofingcanada.com\/","name":"Canadian Roofing Contractors Association","description":"Sous un seul toit","potentialAction":[{"@type":"SearchAction","target":{"@type":"EntryPoint","urlTemplate":"https:\/\/roofingcanada.com\/?s={search_term_string}"},"query-input":{"@type":"PropertyValueSpecification","valueRequired":true,"valueName":"search_term_string"}}],"inLanguage":"fr-FR"}]}},"_links":{"self":[{"href":"https:\/\/roofingcanada.com\/fr\/wp-json\/wp\/v2\/pages\/956","targetHints":{"allow":["GET"]}}],"collection":[{"href":"https:\/\/roofingcanada.com\/fr\/wp-json\/wp\/v2\/pages"}],"about":[{"href":"https:\/\/roofingcanada.com\/fr\/wp-json\/wp\/v2\/types\/page"}],"author":[{"embeddable":true,"href":"https:\/\/roofingcanada.com\/fr\/wp-json\/wp\/v2\/users\/1"}],"replies":[{"embeddable":true,"href":"https:\/\/roofingcanada.com\/fr\/wp-json\/wp\/v2\/comments?post=956"}],"version-history":[{"count":7,"href":"https:\/\/roofingcanada.com\/fr\/wp-json\/wp\/v2\/pages\/956\/revisions"}],"predecessor-version":[{"id":10066,"href":"https:\/\/roofingcanada.com\/fr\/wp-json\/wp\/v2\/pages\/956\/revisions\/10066"}],"up":[{"embeddable":true,"href":"https:\/\/roofingcanada.com\/fr\/wp-json\/wp\/v2\/pages\/139"}],"wp:featuredmedia":[{"embeddable":true,"href":"https:\/\/roofingcanada.com\/fr\/wp-json\/wp\/v2\/media\/965"}],"wp:attachment":[{"href":"https:\/\/roofingcanada.com\/fr\/wp-json\/wp\/v2\/media?parent=956"}],"curies":[{"name":"wp","href":"https:\/\/api.w.org\/{rel}","templated":true}]}}