{"id":952,"date":"2018-04-27T17:31:36","date_gmt":"2018-04-27T17:31:36","guid":{"rendered":"https:\/\/roofingcanada.com\/?page_id=952"},"modified":"2026-03-04T13:34:14","modified_gmt":"2026-03-04T18:34:14","slug":"exposition-canadienne-de-la-toiture","status":"publish","type":"page","link":"https:\/\/roofingcanada.com\/fr\/activites\/exposition-canadienne-de-la-toiture\/","title":{"rendered":"Exposition canadienne de la toiture"},"content":{"rendered":"<p>l&rsquo; Exposition canadienne de la toiture (ECT &#8211; anciennement ToitTech) est le principal salon professionnel au Canada pour les toitures et les enveloppes de b\u00e2timent.<\/p>\n<p>ECT est la plaque tournante de l\u2019industrie pour les produits, l\u2019\u00e9quipement, l\u2019\u00e9ducation pratique et les possibilit\u00e9s de r\u00e9seautage.<\/p>\n<p>ECT est le seul grand forum d\u2019exposition et d\u2019\u00e9ducation sur les toitures et les enveloppes de b\u00e2timent au Canada qui r\u00e9unit des architectes, des inspecteurs en b\u00e2timent, des entrepreneurs, des ing\u00e9nieurs, des gestionnaires immobiliers, des consultants et des prescripteurs pour se connecter, s\u2019inspirer et exceller.<\/p>\n<p>Giant Creative \u2013 l\u2019un de nos commanditaires a cr\u00e9\u00e9 une <a href=\"https:\/\/vimeo.com\/1081840446\/fa7b0928e7?ts=0&amp;share=copy\" target=\"_blank\" rel=\"noopener\">vid\u00e9o \u00e9tonnante<\/a><\/p>\n<ul>\n<li><a href=\"https:\/\/roofingcanada.com\/wp-content\/uploads\/2025\/05\/Use-of-BIM-in-Construction-CRE-2025.pdf\" target=\"_blank\" rel=\"noopener\">Use of BIM in Construction &#8211; CRE 2025<\/a><\/li>\n<li><a href=\"https:\/\/roofingcanada.com\/wp-content\/uploads\/2025\/05\/How-Reducing-Carbon-Emissions-and-Climate-Change-Adaptation-CRE-2025.pdf\" target=\"_blank\" rel=\"noopener\">How Reducing Carbon Emissions and Climate Change Adaptation &#8211; CRE 2025<\/a><\/li>\n<li><a href=\"https:\/\/roofingcanada.com\/wp-content\/uploads\/2025\/05\/Understanding-Wind-Uplift-standard-CRE-2025.pdf\" target=\"_blank\" rel=\"noopener\">Understanding Wind Uplift standard &#8211; CRE 2025<\/a><\/li>\n<li><a href=\"https:\/\/roofingcanada.com\/wp-content\/uploads\/2025\/05\/Drone-use-in-Roofing-and-Building-Science-2025-CRE.pdf\" target=\"_blank\" rel=\"noopener\">Drone use in Roofing and Building Science 2025 CRE<\/a><\/li>\n<\/ul>\n<p><strong>\u00a0Marquez vos calendriers pour l\u2019Exposition canadienne de la toiture, qui se tiendra du 18 au 20 janvier 2027\u2014ne manquez pas cet \u00e9v\u00e9nement passionnant!<\/strong><\/p>\n<p>&nbsp;<\/p>\n","protected":false},"excerpt":{"rendered":"<p><em>Couverture pratique<\/em><br \/>\nO\u00f9 l\u2019industrie de la toiture du Canada vient voir, apprendre et acqu\u00e9rir une exp\u00e9rience pratique.<\/p>\n","protected":false},"author":1,"featured_media":3864,"parent":139,"menu_order":1,"comment_status":"closed","ping_status":"closed","template":"","meta":{"_acf_changed":false,"footnotes":""},"class_list":["post-952","page","type-page","status-publish","has-post-thumbnail","hentry"],"acf":[],"yoast_head":"<!-- This site is optimized with the Yoast SEO plugin v27.4 - https:\/\/yoast.com\/product\/yoast-seo-wordpress\/ -->\n<title>Exposition canadienne de la toiture<\/title>\n<meta name=\"description\" content=\"TOITech est l\u2019endroit o\u00f9 l\u2019industrie canadienne de la toiture vient voir, apprendre et acqu\u00e9rir une exp\u00e9rience pratique.\" \/>\n<meta name=\"robots\" content=\"index, follow, max-snippet:-1, max-image-preview:large, max-video-preview:-1\" \/>\n<link rel=\"canonical\" href=\"https:\/\/roofingcanada.com\/fr\/activites\/exposition-canadienne-de-la-toiture\/\" \/>\n<meta property=\"og:locale\" content=\"fr_FR\" \/>\n<meta property=\"og:type\" content=\"article\" \/>\n<meta property=\"og:title\" content=\"Exposition canadienne de la toiture\" \/>\n<meta property=\"og:description\" content=\"TOITech est l\u2019endroit o\u00f9 l\u2019industrie canadienne de la toiture vient voir, apprendre et acqu\u00e9rir une exp\u00e9rience pratique.\" \/>\n<meta property=\"og:url\" content=\"https:\/\/roofingcanada.com\/fr\/activites\/exposition-canadienne-de-la-toiture\/\" \/>\n<meta property=\"og:site_name\" content=\"Canadian Roofing Contractors Association\" \/>\n<meta property=\"article:modified_time\" content=\"2026-03-04T18:34:14+00:00\" \/>\n<meta property=\"og:image\" content=\"https:\/\/roofingcanada.com\/wp-content\/uploads\/2018\/04\/icon-expo.png\" \/>\n\t<meta property=\"og:image:width\" content=\"101\" \/>\n\t<meta property=\"og:image:height\" content=\"101\" \/>\n\t<meta property=\"og:image:type\" content=\"image\/png\" \/>\n<meta name=\"twitter:card\" content=\"summary_large_image\" \/>\n<script type=\"application\/ld+json\" class=\"yoast-schema-graph\">{\"@context\":\"https:\\\/\\\/schema.org\",\"@graph\":[{\"@type\":\"WebPage\",\"@id\":\"https:\\\/\\\/roofingcanada.com\\\/fr\\\/activites\\\/exposition-canadienne-de-la-toiture\\\/\",\"url\":\"https:\\\/\\\/roofingcanada.com\\\/fr\\\/activites\\\/exposition-canadienne-de-la-toiture\\\/\",\"name\":\"Exposition canadienne de la toiture\",\"isPartOf\":{\"@id\":\"https:\\\/\\\/roofingcanada.com\\\/#website\"},\"primaryImageOfPage\":{\"@id\":\"https:\\\/\\\/roofingcanada.com\\\/fr\\\/activites\\\/exposition-canadienne-de-la-toiture\\\/#primaryimage\"},\"image\":{\"@id\":\"https:\\\/\\\/roofingcanada.com\\\/fr\\\/activites\\\/exposition-canadienne-de-la-toiture\\\/#primaryimage\"},\"thumbnailUrl\":\"https:\\\/\\\/roofingcanada.com\\\/wp-content\\\/uploads\\\/2018\\\/04\\\/icon-expo.png\",\"datePublished\":\"2018-04-27T17:31:36+00:00\",\"dateModified\":\"2026-03-04T18:34:14+00:00\",\"description\":\"TOITech est l\u2019endroit o\u00f9 l\u2019industrie canadienne de la toiture vient voir, apprendre et acqu\u00e9rir une exp\u00e9rience pratique.\",\"breadcrumb\":{\"@id\":\"https:\\\/\\\/roofingcanada.com\\\/fr\\\/activites\\\/exposition-canadienne-de-la-toiture\\\/#breadcrumb\"},\"inLanguage\":\"fr-FR\",\"potentialAction\":[{\"@type\":\"ReadAction\",\"target\":[\"https:\\\/\\\/roofingcanada.com\\\/fr\\\/activites\\\/exposition-canadienne-de-la-toiture\\\/\"]}]},{\"@type\":\"ImageObject\",\"inLanguage\":\"fr-FR\",\"@id\":\"https:\\\/\\\/roofingcanada.com\\\/fr\\\/activites\\\/exposition-canadienne-de-la-toiture\\\/#primaryimage\",\"url\":\"https:\\\/\\\/roofingcanada.com\\\/wp-content\\\/uploads\\\/2018\\\/04\\\/icon-expo.png\",\"contentUrl\":\"https:\\\/\\\/roofingcanada.com\\\/wp-content\\\/uploads\\\/2018\\\/04\\\/icon-expo.png\",\"width\":101,\"height\":101},{\"@type\":\"BreadcrumbList\",\"@id\":\"https:\\\/\\\/roofingcanada.com\\\/fr\\\/activites\\\/exposition-canadienne-de-la-toiture\\\/#breadcrumb\",\"itemListElement\":[{\"@type\":\"ListItem\",\"position\":1,\"name\":\"Activit\u00e9s de l\u2019industrie canadienne de la toiture\",\"item\":\"https:\\\/\\\/roofingcanada.com\\\/fr\\\/activites\\\/\"},{\"@type\":\"ListItem\",\"position\":2,\"name\":\"Exposition canadienne de la toiture\"}]},{\"@type\":\"WebSite\",\"@id\":\"https:\\\/\\\/roofingcanada.com\\\/#website\",\"url\":\"https:\\\/\\\/roofingcanada.com\\\/\",\"name\":\"Canadian Roofing Contractors Association\",\"description\":\"Sous un seul toit\",\"potentialAction\":[{\"@type\":\"SearchAction\",\"target\":{\"@type\":\"EntryPoint\",\"urlTemplate\":\"https:\\\/\\\/roofingcanada.com\\\/?s={search_term_string}\"},\"query-input\":{\"@type\":\"PropertyValueSpecification\",\"valueRequired\":true,\"valueName\":\"search_term_string\"}}],\"inLanguage\":\"fr-FR\"}]}<\/script>\n<!-- \/ Yoast SEO plugin. -->","yoast_head_json":{"title":"Exposition canadienne de la toiture","description":"TOITech est l\u2019endroit o\u00f9 l\u2019industrie canadienne de la toiture vient voir, apprendre et acqu\u00e9rir une exp\u00e9rience pratique.","robots":{"index":"index","follow":"follow","max-snippet":"max-snippet:-1","max-image-preview":"max-image-preview:large","max-video-preview":"max-video-preview:-1"},"canonical":"https:\/\/roofingcanada.com\/fr\/activites\/exposition-canadienne-de-la-toiture\/","og_locale":"fr_FR","og_type":"article","og_title":"Exposition canadienne de la toiture","og_description":"TOITech est l\u2019endroit o\u00f9 l\u2019industrie canadienne de la toiture vient voir, apprendre et acqu\u00e9rir une exp\u00e9rience pratique.","og_url":"https:\/\/roofingcanada.com\/fr\/activites\/exposition-canadienne-de-la-toiture\/","og_site_name":"Canadian Roofing Contractors Association","article_modified_time":"2026-03-04T18:34:14+00:00","og_image":[{"width":101,"height":101,"url":"https:\/\/roofingcanada.com\/wp-content\/uploads\/2018\/04\/icon-expo.png","type":"image\/png"}],"twitter_card":"summary_large_image","schema":{"@context":"https:\/\/schema.org","@graph":[{"@type":"WebPage","@id":"https:\/\/roofingcanada.com\/fr\/activites\/exposition-canadienne-de-la-toiture\/","url":"https:\/\/roofingcanada.com\/fr\/activites\/exposition-canadienne-de-la-toiture\/","name":"Exposition canadienne de la toiture","isPartOf":{"@id":"https:\/\/roofingcanada.com\/#website"},"primaryImageOfPage":{"@id":"https:\/\/roofingcanada.com\/fr\/activites\/exposition-canadienne-de-la-toiture\/#primaryimage"},"image":{"@id":"https:\/\/roofingcanada.com\/fr\/activites\/exposition-canadienne-de-la-toiture\/#primaryimage"},"thumbnailUrl":"https:\/\/roofingcanada.com\/wp-content\/uploads\/2018\/04\/icon-expo.png","datePublished":"2018-04-27T17:31:36+00:00","dateModified":"2026-03-04T18:34:14+00:00","description":"TOITech est l\u2019endroit o\u00f9 l\u2019industrie canadienne de la toiture vient voir, apprendre et acqu\u00e9rir une exp\u00e9rience pratique.","breadcrumb":{"@id":"https:\/\/roofingcanada.com\/fr\/activites\/exposition-canadienne-de-la-toiture\/#breadcrumb"},"inLanguage":"fr-FR","potentialAction":[{"@type":"ReadAction","target":["https:\/\/roofingcanada.com\/fr\/activites\/exposition-canadienne-de-la-toiture\/"]}]},{"@type":"ImageObject","inLanguage":"fr-FR","@id":"https:\/\/roofingcanada.com\/fr\/activites\/exposition-canadienne-de-la-toiture\/#primaryimage","url":"https:\/\/roofingcanada.com\/wp-content\/uploads\/2018\/04\/icon-expo.png","contentUrl":"https:\/\/roofingcanada.com\/wp-content\/uploads\/2018\/04\/icon-expo.png","width":101,"height":101},{"@type":"BreadcrumbList","@id":"https:\/\/roofingcanada.com\/fr\/activites\/exposition-canadienne-de-la-toiture\/#breadcrumb","itemListElement":[{"@type":"ListItem","position":1,"name":"Activit\u00e9s de l\u2019industrie canadienne de la toiture","item":"https:\/\/roofingcanada.com\/fr\/activites\/"},{"@type":"ListItem","position":2,"name":"Exposition canadienne de la toiture"}]},{"@type":"WebSite","@id":"https:\/\/roofingcanada.com\/#website","url":"https:\/\/roofingcanada.com\/","name":"Canadian Roofing Contractors Association","description":"Sous un seul toit","potentialAction":[{"@type":"SearchAction","target":{"@type":"EntryPoint","urlTemplate":"https:\/\/roofingcanada.com\/?s={search_term_string}"},"query-input":{"@type":"PropertyValueSpecification","valueRequired":true,"valueName":"search_term_string"}}],"inLanguage":"fr-FR"}]}},"_links":{"self":[{"href":"https:\/\/roofingcanada.com\/fr\/wp-json\/wp\/v2\/pages\/952","targetHints":{"allow":["GET"]}}],"collection":[{"href":"https:\/\/roofingcanada.com\/fr\/wp-json\/wp\/v2\/pages"}],"about":[{"href":"https:\/\/roofingcanada.com\/fr\/wp-json\/wp\/v2\/types\/page"}],"author":[{"embeddable":true,"href":"https:\/\/roofingcanada.com\/fr\/wp-json\/wp\/v2\/users\/1"}],"replies":[{"embeddable":true,"href":"https:\/\/roofingcanada.com\/fr\/wp-json\/wp\/v2\/comments?post=952"}],"version-history":[{"count":27,"href":"https:\/\/roofingcanada.com\/fr\/wp-json\/wp\/v2\/pages\/952\/revisions"}],"predecessor-version":[{"id":13117,"href":"https:\/\/roofingcanada.com\/fr\/wp-json\/wp\/v2\/pages\/952\/revisions\/13117"}],"up":[{"embeddable":true,"href":"https:\/\/roofingcanada.com\/fr\/wp-json\/wp\/v2\/pages\/139"}],"wp:featuredmedia":[{"embeddable":true,"href":"https:\/\/roofingcanada.com\/fr\/wp-json\/wp\/v2\/media\/3864"}],"wp:attachment":[{"href":"https:\/\/roofingcanada.com\/fr\/wp-json\/wp\/v2\/media?parent=952"}],"curies":[{"name":"wp","href":"https:\/\/api.w.org\/{rel}","templated":true}]}}