{"id":947,"date":"2018-04-27T17:29:30","date_gmt":"2018-04-27T17:29:30","guid":{"rendered":"https:\/\/roofingcanada.com\/?page_id=947"},"modified":"2026-02-17T09:20:15","modified_gmt":"2026-02-17T14:20:15","slug":"lacec-65e-congres-nationale-et-assemblee-generale-annuelle","status":"publish","type":"page","link":"https:\/\/roofingcanada.com\/fr\/activites\/lacec-65e-congres-nationale-et-assemblee-generale-annuelle\/","title":{"rendered":"L&rsquo;ACEC \u2013 65e Congr\u00e8s national et Assembl\u00e9e g\u00e9n\u00e9rale annuelle"},"content":{"rendered":"<p><img loading=\"lazy\" decoding=\"async\" class=\"alignnone size-full wp-image-12985\" src=\"https:\/\/roofingcanada.com\/wp-content\/uploads\/2026\/01\/quebec-inline.jpg\" alt=\"\" width=\"800\" height=\"332\" \/><br \/>\nPr\u00e9parez-vous \u00e0 c\u00e9l\u00e9brer une \u00e9tape importante avec nous ! Venez nous rejoindre pour notre 65e Congr\u00e8s national et Assembl\u00e9e g\u00e9n\u00e9rale annuelle qui se tiendra du 28 mai au 30 mai 2026.<\/p>\n<p>Nous nous rendons au c\u0153ur de la ville de Qu\u00e9bec pour combiner croissance professionnelle et charme du vieux monde.<\/p>\n<p>La conf\u00e9rence de cette ann\u00e9e est une occasion unique de :<\/p>\n<ol>\n<li><strong>Am\u00e9liorez vos connaissances<\/strong> en participant \u00e0 des sessions \u00e9ducatives curatives sp\u00e9cialement con\u00e7ues pour relever les d\u00e9fis actuels de l&rsquo;industrie<\/li>\n<li><strong>Augmentez votre r\u00e9seau<\/strong> en engageant des sp\u00e9cialistes de tous les coins du pays<\/li>\n<li><strong>Explorez la ville de Qu\u00e9bec<\/strong>, class\u00e9e au patrimoine mondial de l&rsquo;UNESCO en raison de son pass\u00e9 historique et de son atmosph\u00e8re anim\u00e9e.<\/li>\n<\/ol>\n<p>Nous sommes fiers de c\u00e9l\u00e9brer 65 ans d\u2019excellence dans l\u2019industrie et nous avons h\u00e2te de vous y voir.<\/p>\n<p><strong>L\u2019enregistrement est maintenant ouvert<\/strong>, alors <a href=\"https:\/\/evoque.swoogo.com\/crca2026\" target=\"_blank\" rel=\"noopener\">s\u00e9curisez votre place<\/a> aujourd\u2019hui !<\/p>\n<p>_______________<\/p>\n<p><strong>Association canadienne des entrepreneurs en couverture<br \/>\n<\/strong>Tel: 613-232-6724<br \/>\n<a href=\"crca@roofingcanada.com\">crca@roofingcanada.com<\/a><\/p>\n","protected":false},"excerpt":{"rendered":"<p>Le rendez-vous des membres de l\u2019ACEC et de l\u2019industrie canadienne de la toiture.<\/p>\n","protected":false},"author":1,"featured_media":3862,"parent":139,"menu_order":4,"comment_status":"closed","ping_status":"closed","template":"","meta":{"_acf_changed":false,"footnotes":""},"class_list":["post-947","page","type-page","status-publish","has-post-thumbnail","hentry"],"acf":[],"yoast_head":"<!-- This site is optimized with the Yoast SEO plugin v27.5 - https:\/\/yoast.com\/product\/yoast-seo-wordpress\/ -->\n<title>Congr\u00e8s annuel de l\u2019ACEC<\/title>\n<meta name=\"description\" content=\"Le congr\u00e8s annuel et l\u2019AGA de l\u2019ACEC r\u00e9unissent les membres de l\u2019ACEC et de l\u2019industrie canadienne de la toiture.\" \/>\n<meta name=\"robots\" content=\"index, follow, max-snippet:-1, max-image-preview:large, max-video-preview:-1\" \/>\n<link rel=\"canonical\" href=\"https:\/\/roofingcanada.com\/fr\/activites\/lacec-65e-congres-nationale-et-assemblee-generale-annuelle\/\" \/>\n<meta property=\"og:locale\" content=\"fr_FR\" \/>\n<meta property=\"og:type\" content=\"article\" \/>\n<meta property=\"og:title\" content=\"Congr\u00e8s annuel de l\u2019ACEC\" \/>\n<meta property=\"og:description\" content=\"Le congr\u00e8s annuel et l\u2019AGA de l\u2019ACEC r\u00e9unissent les membres de l\u2019ACEC et de l\u2019industrie canadienne de la toiture.\" \/>\n<meta property=\"og:url\" content=\"https:\/\/roofingcanada.com\/fr\/activites\/lacec-65e-congres-nationale-et-assemblee-generale-annuelle\/\" \/>\n<meta property=\"og:site_name\" content=\"Canadian Roofing Contractors Association\" \/>\n<meta property=\"article:modified_time\" content=\"2026-02-17T14:20:15+00:00\" \/>\n<meta property=\"og:image\" content=\"https:\/\/roofingcanada.com\/wp-content\/uploads\/2018\/04\/icon-AGM.png\" \/>\n\t<meta property=\"og:image:width\" content=\"101\" \/>\n\t<meta property=\"og:image:height\" content=\"101\" \/>\n\t<meta property=\"og:image:type\" content=\"image\/png\" \/>\n<meta name=\"twitter:card\" content=\"summary_large_image\" \/>\n<script type=\"application\/ld+json\" class=\"yoast-schema-graph\">{\"@context\":\"https:\\\/\\\/schema.org\",\"@graph\":[{\"@type\":\"WebPage\",\"@id\":\"https:\\\/\\\/roofingcanada.com\\\/fr\\\/activites\\\/lacec-65e-congres-nationale-et-assemblee-generale-annuelle\\\/\",\"url\":\"https:\\\/\\\/roofingcanada.com\\\/fr\\\/activites\\\/lacec-65e-congres-nationale-et-assemblee-generale-annuelle\\\/\",\"name\":\"Congr\u00e8s annuel de l\u2019ACEC\",\"isPartOf\":{\"@id\":\"https:\\\/\\\/roofingcanada.com\\\/#website\"},\"primaryImageOfPage\":{\"@id\":\"https:\\\/\\\/roofingcanada.com\\\/fr\\\/activites\\\/lacec-65e-congres-nationale-et-assemblee-generale-annuelle\\\/#primaryimage\"},\"image\":{\"@id\":\"https:\\\/\\\/roofingcanada.com\\\/fr\\\/activites\\\/lacec-65e-congres-nationale-et-assemblee-generale-annuelle\\\/#primaryimage\"},\"thumbnailUrl\":\"https:\\\/\\\/roofingcanada.com\\\/wp-content\\\/uploads\\\/2018\\\/04\\\/icon-AGM.png\",\"datePublished\":\"2018-04-27T17:29:30+00:00\",\"dateModified\":\"2026-02-17T14:20:15+00:00\",\"description\":\"Le congr\u00e8s annuel et l\u2019AGA de l\u2019ACEC r\u00e9unissent les membres de l\u2019ACEC et de l\u2019industrie canadienne de la toiture.\",\"breadcrumb\":{\"@id\":\"https:\\\/\\\/roofingcanada.com\\\/fr\\\/activites\\\/lacec-65e-congres-nationale-et-assemblee-generale-annuelle\\\/#breadcrumb\"},\"inLanguage\":\"fr-FR\",\"potentialAction\":[{\"@type\":\"ReadAction\",\"target\":[\"https:\\\/\\\/roofingcanada.com\\\/fr\\\/activites\\\/lacec-65e-congres-nationale-et-assemblee-generale-annuelle\\\/\"]}]},{\"@type\":\"ImageObject\",\"inLanguage\":\"fr-FR\",\"@id\":\"https:\\\/\\\/roofingcanada.com\\\/fr\\\/activites\\\/lacec-65e-congres-nationale-et-assemblee-generale-annuelle\\\/#primaryimage\",\"url\":\"https:\\\/\\\/roofingcanada.com\\\/wp-content\\\/uploads\\\/2018\\\/04\\\/icon-AGM.png\",\"contentUrl\":\"https:\\\/\\\/roofingcanada.com\\\/wp-content\\\/uploads\\\/2018\\\/04\\\/icon-AGM.png\",\"width\":101,\"height\":101},{\"@type\":\"BreadcrumbList\",\"@id\":\"https:\\\/\\\/roofingcanada.com\\\/fr\\\/activites\\\/lacec-65e-congres-nationale-et-assemblee-generale-annuelle\\\/#breadcrumb\",\"itemListElement\":[{\"@type\":\"ListItem\",\"position\":1,\"name\":\"Activit\u00e9s de l\u2019industrie canadienne de la toiture\",\"item\":\"https:\\\/\\\/roofingcanada.com\\\/fr\\\/activites\\\/\"},{\"@type\":\"ListItem\",\"position\":2,\"name\":\"L&#8217;ACEC \u2013 65e Congr\u00e8s national et Assembl\u00e9e g\u00e9n\u00e9rale annuelle\"}]},{\"@type\":\"WebSite\",\"@id\":\"https:\\\/\\\/roofingcanada.com\\\/#website\",\"url\":\"https:\\\/\\\/roofingcanada.com\\\/\",\"name\":\"Canadian Roofing Contractors Association\",\"description\":\"Sous un seul toit\",\"potentialAction\":[{\"@type\":\"SearchAction\",\"target\":{\"@type\":\"EntryPoint\",\"urlTemplate\":\"https:\\\/\\\/roofingcanada.com\\\/?s={search_term_string}\"},\"query-input\":{\"@type\":\"PropertyValueSpecification\",\"valueRequired\":true,\"valueName\":\"search_term_string\"}}],\"inLanguage\":\"fr-FR\"}]}<\/script>\n<!-- \/ Yoast SEO plugin. -->","yoast_head_json":{"title":"Congr\u00e8s annuel de l\u2019ACEC","description":"Le congr\u00e8s annuel et l\u2019AGA de l\u2019ACEC r\u00e9unissent les membres de l\u2019ACEC et de l\u2019industrie canadienne de la toiture.","robots":{"index":"index","follow":"follow","max-snippet":"max-snippet:-1","max-image-preview":"max-image-preview:large","max-video-preview":"max-video-preview:-1"},"canonical":"https:\/\/roofingcanada.com\/fr\/activites\/lacec-65e-congres-nationale-et-assemblee-generale-annuelle\/","og_locale":"fr_FR","og_type":"article","og_title":"Congr\u00e8s annuel de l\u2019ACEC","og_description":"Le congr\u00e8s annuel et l\u2019AGA de l\u2019ACEC r\u00e9unissent les membres de l\u2019ACEC et de l\u2019industrie canadienne de la toiture.","og_url":"https:\/\/roofingcanada.com\/fr\/activites\/lacec-65e-congres-nationale-et-assemblee-generale-annuelle\/","og_site_name":"Canadian Roofing Contractors Association","article_modified_time":"2026-02-17T14:20:15+00:00","og_image":[{"width":101,"height":101,"url":"https:\/\/roofingcanada.com\/wp-content\/uploads\/2018\/04\/icon-AGM.png","type":"image\/png"}],"twitter_card":"summary_large_image","schema":{"@context":"https:\/\/schema.org","@graph":[{"@type":"WebPage","@id":"https:\/\/roofingcanada.com\/fr\/activites\/lacec-65e-congres-nationale-et-assemblee-generale-annuelle\/","url":"https:\/\/roofingcanada.com\/fr\/activites\/lacec-65e-congres-nationale-et-assemblee-generale-annuelle\/","name":"Congr\u00e8s annuel de l\u2019ACEC","isPartOf":{"@id":"https:\/\/roofingcanada.com\/#website"},"primaryImageOfPage":{"@id":"https:\/\/roofingcanada.com\/fr\/activites\/lacec-65e-congres-nationale-et-assemblee-generale-annuelle\/#primaryimage"},"image":{"@id":"https:\/\/roofingcanada.com\/fr\/activites\/lacec-65e-congres-nationale-et-assemblee-generale-annuelle\/#primaryimage"},"thumbnailUrl":"https:\/\/roofingcanada.com\/wp-content\/uploads\/2018\/04\/icon-AGM.png","datePublished":"2018-04-27T17:29:30+00:00","dateModified":"2026-02-17T14:20:15+00:00","description":"Le congr\u00e8s annuel et l\u2019AGA de l\u2019ACEC r\u00e9unissent les membres de l\u2019ACEC et de l\u2019industrie canadienne de la toiture.","breadcrumb":{"@id":"https:\/\/roofingcanada.com\/fr\/activites\/lacec-65e-congres-nationale-et-assemblee-generale-annuelle\/#breadcrumb"},"inLanguage":"fr-FR","potentialAction":[{"@type":"ReadAction","target":["https:\/\/roofingcanada.com\/fr\/activites\/lacec-65e-congres-nationale-et-assemblee-generale-annuelle\/"]}]},{"@type":"ImageObject","inLanguage":"fr-FR","@id":"https:\/\/roofingcanada.com\/fr\/activites\/lacec-65e-congres-nationale-et-assemblee-generale-annuelle\/#primaryimage","url":"https:\/\/roofingcanada.com\/wp-content\/uploads\/2018\/04\/icon-AGM.png","contentUrl":"https:\/\/roofingcanada.com\/wp-content\/uploads\/2018\/04\/icon-AGM.png","width":101,"height":101},{"@type":"BreadcrumbList","@id":"https:\/\/roofingcanada.com\/fr\/activites\/lacec-65e-congres-nationale-et-assemblee-generale-annuelle\/#breadcrumb","itemListElement":[{"@type":"ListItem","position":1,"name":"Activit\u00e9s de l\u2019industrie canadienne de la toiture","item":"https:\/\/roofingcanada.com\/fr\/activites\/"},{"@type":"ListItem","position":2,"name":"L&#8217;ACEC \u2013 65e Congr\u00e8s national et Assembl\u00e9e g\u00e9n\u00e9rale annuelle"}]},{"@type":"WebSite","@id":"https:\/\/roofingcanada.com\/#website","url":"https:\/\/roofingcanada.com\/","name":"Canadian Roofing Contractors Association","description":"Sous un seul toit","potentialAction":[{"@type":"SearchAction","target":{"@type":"EntryPoint","urlTemplate":"https:\/\/roofingcanada.com\/?s={search_term_string}"},"query-input":{"@type":"PropertyValueSpecification","valueRequired":true,"valueName":"search_term_string"}}],"inLanguage":"fr-FR"}]}},"_links":{"self":[{"href":"https:\/\/roofingcanada.com\/fr\/wp-json\/wp\/v2\/pages\/947","targetHints":{"allow":["GET"]}}],"collection":[{"href":"https:\/\/roofingcanada.com\/fr\/wp-json\/wp\/v2\/pages"}],"about":[{"href":"https:\/\/roofingcanada.com\/fr\/wp-json\/wp\/v2\/types\/page"}],"author":[{"embeddable":true,"href":"https:\/\/roofingcanada.com\/fr\/wp-json\/wp\/v2\/users\/1"}],"replies":[{"embeddable":true,"href":"https:\/\/roofingcanada.com\/fr\/wp-json\/wp\/v2\/comments?post=947"}],"version-history":[{"count":108,"href":"https:\/\/roofingcanada.com\/fr\/wp-json\/wp\/v2\/pages\/947\/revisions"}],"predecessor-version":[{"id":13093,"href":"https:\/\/roofingcanada.com\/fr\/wp-json\/wp\/v2\/pages\/947\/revisions\/13093"}],"up":[{"embeddable":true,"href":"https:\/\/roofingcanada.com\/fr\/wp-json\/wp\/v2\/pages\/139"}],"wp:featuredmedia":[{"embeddable":true,"href":"https:\/\/roofingcanada.com\/fr\/wp-json\/wp\/v2\/media\/3862"}],"wp:attachment":[{"href":"https:\/\/roofingcanada.com\/fr\/wp-json\/wp\/v2\/media?parent=947"}],"curies":[{"name":"wp","href":"https:\/\/api.w.org\/{rel}","templated":true}]}}