{"id":663,"date":"2018-03-26T15:33:36","date_gmt":"2018-03-26T15:33:36","guid":{"rendered":"https:\/\/roofingcanada.com\/?page_id=663"},"modified":"2018-06-05T14:08:55","modified_gmt":"2018-06-05T14:08:55","slug":"comite-des-solutions-de-main-doeuvre","status":"publish","type":"page","link":"https:\/\/roofingcanada.com\/fr\/profil-de-lacec\/comites\/comite-des-solutions-de-main-doeuvre\/","title":{"rendered":"Comit\u00e9 des solutions de main-d&rsquo;oeuvre"},"content":{"rendered":"<p>Le Comit\u00e9 des solutions de main-d\u2019\u0153uvre (CSM) de l\u2019ACEC \u00e9value les besoins de main-d\u2019oeuvre des entrepreneurs en toiture et y r\u00e9pond. Le Comit\u00e9 \u00e9labore des ressources de recrutement, de maintien en poste, de formation et de cheminement de carri\u00e8re qui am\u00e9liorent les possibilit\u00e9s de carri\u00e8re pour les travailleurs de l\u2019industrie de la toiture.<\/p>\n<h2>Responsabilit\u00e9s<\/h2>\n<ul>\n<li>Le Comit\u00e9 des solutions de main-d\u2019\u0153uvre de l\u2019ACEC se r\u00e9unit au besoin pour discuter des ressources de recrutement, de maintien en poste, de formation et de cheminement de carri\u00e8re des membres de l\u2019ACEC. Il peut se r\u00e9unir par t\u00e9l\u00e9conf\u00e9rence ou toute autre m\u00e9thode jug\u00e9e appropri\u00e9e.<\/li>\n<li>Il examine la documentation sur la main-d\u2019oeuvre sa publication par l\u2019ACEC.<\/li>\n<li>Il recommande des projets au Conseil d\u2019administration.<\/li>\n<li>Il fait conna\u00eetre son travail.<\/li>\n<\/ul>\n<h2>Gouvernance<\/h2>\n<ul>\n<li>Le Comit\u00e9 des solutions de main-d\u2019oeuvre de l\u2019ACEC rel\u00e8ve du Conseil d\u2019administration.<\/li>\n<li>Son proc\u00e8s-verbal doit \u00eatre remis au Conseil d\u00e8s que possible apr\u00e8s chaque r\u00e9union.<\/li>\n<li>Le pr\u00e9sident du CSM est un membre actuel du Conseil d\u2019administration de l\u2019ACEC, nomm\u00e9 par le pr\u00e9sident de l\u2019ACEC.<\/li>\n<\/ul>\n<h2>Structure<\/h2>\n<p>Le Comit\u00e9 des solutions de main-d\u2019\u0153uvre de l\u2019ACEC comprend au moins trois (3) et au plus six (6) membres. Les autres membres sont r\u00e9put\u00e9s \u00eatre des membres d\u2019office.<\/p>\n<ul>\n<li>Les membres sont nomm\u00e9s pour un mandat renouvelable d\u2019un an.<\/li>\n<li>Le directeur g\u00e9n\u00e9ral de l\u2019ACEC assure la liaison avec le Comit\u00e9.<\/li>\n<\/ul>\n","protected":false},"excerpt":{"rendered":"<p>\u00c9value les besoins des entrepreneurs en ce qui a trait aux probl\u00e8mes de main-d\u2019\u0153uvre, y compris le recrutement, le maintien en poste, la formation et les ressources li\u00e9es au cheminement de carri\u00e8re.<\/p>\n","protected":false},"author":1,"featured_media":870,"parent":538,"menu_order":2,"comment_status":"closed","ping_status":"closed","template":"page-about.php","meta":{"_acf_changed":false,"footnotes":""},"class_list":["post-663","page","type-page","status-publish","has-post-thumbnail","hentry"],"acf":[],"yoast_head":"<!-- This site is optimized with the Yoast SEO plugin v27.4 - https:\/\/yoast.com\/product\/yoast-seo-wordpress\/ -->\n<title>Comit\u00e9 des solutions de main-d&#039;oeuvre de l\u2019ACEC<\/title>\n<meta name=\"description\" content=\"Le Comit\u00e9 des solutions de main-d\u2019\u0153uvre de l\u2019ACEC \u00e9value les besoins des entrepreneurs en mati\u00e8re de recrutement, de maintien en poste, de formation et de cheminement de carri\u00e8re et il y r\u00e9pond.\" \/>\n<meta name=\"robots\" content=\"index, follow, max-snippet:-1, max-image-preview:large, max-video-preview:-1\" \/>\n<link rel=\"canonical\" href=\"https:\/\/roofingcanada.com\/fr\/profil-de-lacec\/comites\/comite-des-solutions-de-main-doeuvre\/\" \/>\n<meta property=\"og:locale\" content=\"fr_FR\" \/>\n<meta property=\"og:type\" content=\"article\" \/>\n<meta property=\"og:title\" content=\"Comit\u00e9 des solutions de main-d&#039;oeuvre de l\u2019ACEC\" \/>\n<meta property=\"og:description\" content=\"Le Comit\u00e9 des solutions de main-d\u2019\u0153uvre de l\u2019ACEC \u00e9value les besoins des entrepreneurs en mati\u00e8re de recrutement, de maintien en poste, de formation et de cheminement de carri\u00e8re et il y r\u00e9pond.\" \/>\n<meta property=\"og:url\" content=\"https:\/\/roofingcanada.com\/fr\/profil-de-lacec\/comites\/comite-des-solutions-de-main-doeuvre\/\" \/>\n<meta property=\"og:site_name\" content=\"Canadian Roofing Contractors Association\" \/>\n<meta property=\"article:modified_time\" content=\"2018-06-05T14:08:55+00:00\" \/>\n<meta property=\"og:image\" content=\"https:\/\/zz343f.a2cdn1.secureserver.net\/wp-content\/uploads\/2018\/04\/icon-committees-workforce.png?time=1668446862\" \/>\n\t<meta property=\"og:image:width\" content=\"101\" \/>\n\t<meta property=\"og:image:height\" content=\"101\" \/>\n\t<meta property=\"og:image:type\" content=\"image\/png\" \/>\n<meta name=\"twitter:card\" content=\"summary_large_image\" \/>\n<script type=\"application\/ld+json\" class=\"yoast-schema-graph\">{\"@context\":\"https:\\\/\\\/schema.org\",\"@graph\":[{\"@type\":\"WebPage\",\"@id\":\"https:\\\/\\\/roofingcanada.com\\\/fr\\\/profil-de-lacec\\\/comites\\\/comite-des-solutions-de-main-doeuvre\\\/\",\"url\":\"https:\\\/\\\/roofingcanada.com\\\/fr\\\/profil-de-lacec\\\/comites\\\/comite-des-solutions-de-main-doeuvre\\\/\",\"name\":\"Comit\u00e9 des solutions de main-d'oeuvre de l\u2019ACEC\",\"isPartOf\":{\"@id\":\"https:\\\/\\\/roofingcanada.com\\\/#website\"},\"primaryImageOfPage\":{\"@id\":\"https:\\\/\\\/roofingcanada.com\\\/fr\\\/profil-de-lacec\\\/comites\\\/comite-des-solutions-de-main-doeuvre\\\/#primaryimage\"},\"image\":{\"@id\":\"https:\\\/\\\/roofingcanada.com\\\/fr\\\/profil-de-lacec\\\/comites\\\/comite-des-solutions-de-main-doeuvre\\\/#primaryimage\"},\"thumbnailUrl\":\"https:\\\/\\\/roofingcanada.com\\\/wp-content\\\/uploads\\\/2018\\\/04\\\/icon-committees-workforce.png\",\"datePublished\":\"2018-03-26T15:33:36+00:00\",\"dateModified\":\"2018-06-05T14:08:55+00:00\",\"description\":\"Le Comit\u00e9 des solutions de main-d\u2019\u0153uvre de l\u2019ACEC \u00e9value les besoins des entrepreneurs en mati\u00e8re de recrutement, de maintien en poste, de formation et de cheminement de carri\u00e8re et il y r\u00e9pond.\",\"breadcrumb\":{\"@id\":\"https:\\\/\\\/roofingcanada.com\\\/fr\\\/profil-de-lacec\\\/comites\\\/comite-des-solutions-de-main-doeuvre\\\/#breadcrumb\"},\"inLanguage\":\"fr-FR\",\"potentialAction\":[{\"@type\":\"ReadAction\",\"target\":[\"https:\\\/\\\/roofingcanada.com\\\/fr\\\/profil-de-lacec\\\/comites\\\/comite-des-solutions-de-main-doeuvre\\\/\"]}]},{\"@type\":\"ImageObject\",\"inLanguage\":\"fr-FR\",\"@id\":\"https:\\\/\\\/roofingcanada.com\\\/fr\\\/profil-de-lacec\\\/comites\\\/comite-des-solutions-de-main-doeuvre\\\/#primaryimage\",\"url\":\"https:\\\/\\\/roofingcanada.com\\\/wp-content\\\/uploads\\\/2018\\\/04\\\/icon-committees-workforce.png\",\"contentUrl\":\"https:\\\/\\\/roofingcanada.com\\\/wp-content\\\/uploads\\\/2018\\\/04\\\/icon-committees-workforce.png\",\"width\":101,\"height\":101},{\"@type\":\"BreadcrumbList\",\"@id\":\"https:\\\/\\\/roofingcanada.com\\\/fr\\\/profil-de-lacec\\\/comites\\\/comite-des-solutions-de-main-doeuvre\\\/#breadcrumb\",\"itemListElement\":[{\"@type\":\"ListItem\",\"position\":1,\"name\":\"Profil de l&rsquo;ACEC\",\"item\":\"https:\\\/\\\/roofingcanada.com\\\/fr\\\/profil-de-lacec\\\/\"},{\"@type\":\"ListItem\",\"position\":2,\"name\":\"Comit\u00e9s\",\"item\":\"https:\\\/\\\/roofingcanada.com\\\/fr\\\/profil-de-lacec\\\/comites\\\/\"},{\"@type\":\"ListItem\",\"position\":3,\"name\":\"Comit\u00e9 des solutions de main-d&rsquo;oeuvre\"}]},{\"@type\":\"WebSite\",\"@id\":\"https:\\\/\\\/roofingcanada.com\\\/#website\",\"url\":\"https:\\\/\\\/roofingcanada.com\\\/\",\"name\":\"Canadian Roofing Contractors Association\",\"description\":\"Sous un seul toit\",\"potentialAction\":[{\"@type\":\"SearchAction\",\"target\":{\"@type\":\"EntryPoint\",\"urlTemplate\":\"https:\\\/\\\/roofingcanada.com\\\/?s={search_term_string}\"},\"query-input\":{\"@type\":\"PropertyValueSpecification\",\"valueRequired\":true,\"valueName\":\"search_term_string\"}}],\"inLanguage\":\"fr-FR\"}]}<\/script>\n<!-- \/ Yoast SEO plugin. -->","yoast_head_json":{"title":"Comit\u00e9 des solutions de main-d'oeuvre de l\u2019ACEC","description":"Le Comit\u00e9 des solutions de main-d\u2019\u0153uvre de l\u2019ACEC \u00e9value les besoins des entrepreneurs en mati\u00e8re de recrutement, de maintien en poste, de formation et de cheminement de carri\u00e8re et il y r\u00e9pond.","robots":{"index":"index","follow":"follow","max-snippet":"max-snippet:-1","max-image-preview":"max-image-preview:large","max-video-preview":"max-video-preview:-1"},"canonical":"https:\/\/roofingcanada.com\/fr\/profil-de-lacec\/comites\/comite-des-solutions-de-main-doeuvre\/","og_locale":"fr_FR","og_type":"article","og_title":"Comit\u00e9 des solutions de main-d'oeuvre de l\u2019ACEC","og_description":"Le Comit\u00e9 des solutions de main-d\u2019\u0153uvre de l\u2019ACEC \u00e9value les besoins des entrepreneurs en mati\u00e8re de recrutement, de maintien en poste, de formation et de cheminement de carri\u00e8re et il y r\u00e9pond.","og_url":"https:\/\/roofingcanada.com\/fr\/profil-de-lacec\/comites\/comite-des-solutions-de-main-doeuvre\/","og_site_name":"Canadian Roofing Contractors Association","article_modified_time":"2018-06-05T14:08:55+00:00","og_image":[{"width":101,"height":101,"url":"https:\/\/zz343f.a2cdn1.secureserver.net\/wp-content\/uploads\/2018\/04\/icon-committees-workforce.png?time=1668446862","type":"image\/png"}],"twitter_card":"summary_large_image","schema":{"@context":"https:\/\/schema.org","@graph":[{"@type":"WebPage","@id":"https:\/\/roofingcanada.com\/fr\/profil-de-lacec\/comites\/comite-des-solutions-de-main-doeuvre\/","url":"https:\/\/roofingcanada.com\/fr\/profil-de-lacec\/comites\/comite-des-solutions-de-main-doeuvre\/","name":"Comit\u00e9 des solutions de main-d'oeuvre de l\u2019ACEC","isPartOf":{"@id":"https:\/\/roofingcanada.com\/#website"},"primaryImageOfPage":{"@id":"https:\/\/roofingcanada.com\/fr\/profil-de-lacec\/comites\/comite-des-solutions-de-main-doeuvre\/#primaryimage"},"image":{"@id":"https:\/\/roofingcanada.com\/fr\/profil-de-lacec\/comites\/comite-des-solutions-de-main-doeuvre\/#primaryimage"},"thumbnailUrl":"https:\/\/roofingcanada.com\/wp-content\/uploads\/2018\/04\/icon-committees-workforce.png","datePublished":"2018-03-26T15:33:36+00:00","dateModified":"2018-06-05T14:08:55+00:00","description":"Le Comit\u00e9 des solutions de main-d\u2019\u0153uvre de l\u2019ACEC \u00e9value les besoins des entrepreneurs en mati\u00e8re de recrutement, de maintien en poste, de formation et de cheminement de carri\u00e8re et il y r\u00e9pond.","breadcrumb":{"@id":"https:\/\/roofingcanada.com\/fr\/profil-de-lacec\/comites\/comite-des-solutions-de-main-doeuvre\/#breadcrumb"},"inLanguage":"fr-FR","potentialAction":[{"@type":"ReadAction","target":["https:\/\/roofingcanada.com\/fr\/profil-de-lacec\/comites\/comite-des-solutions-de-main-doeuvre\/"]}]},{"@type":"ImageObject","inLanguage":"fr-FR","@id":"https:\/\/roofingcanada.com\/fr\/profil-de-lacec\/comites\/comite-des-solutions-de-main-doeuvre\/#primaryimage","url":"https:\/\/roofingcanada.com\/wp-content\/uploads\/2018\/04\/icon-committees-workforce.png","contentUrl":"https:\/\/roofingcanada.com\/wp-content\/uploads\/2018\/04\/icon-committees-workforce.png","width":101,"height":101},{"@type":"BreadcrumbList","@id":"https:\/\/roofingcanada.com\/fr\/profil-de-lacec\/comites\/comite-des-solutions-de-main-doeuvre\/#breadcrumb","itemListElement":[{"@type":"ListItem","position":1,"name":"Profil de l&rsquo;ACEC","item":"https:\/\/roofingcanada.com\/fr\/profil-de-lacec\/"},{"@type":"ListItem","position":2,"name":"Comit\u00e9s","item":"https:\/\/roofingcanada.com\/fr\/profil-de-lacec\/comites\/"},{"@type":"ListItem","position":3,"name":"Comit\u00e9 des solutions de main-d&rsquo;oeuvre"}]},{"@type":"WebSite","@id":"https:\/\/roofingcanada.com\/#website","url":"https:\/\/roofingcanada.com\/","name":"Canadian Roofing Contractors Association","description":"Sous un seul toit","potentialAction":[{"@type":"SearchAction","target":{"@type":"EntryPoint","urlTemplate":"https:\/\/roofingcanada.com\/?s={search_term_string}"},"query-input":{"@type":"PropertyValueSpecification","valueRequired":true,"valueName":"search_term_string"}}],"inLanguage":"fr-FR"}]}},"_links":{"self":[{"href":"https:\/\/roofingcanada.com\/fr\/wp-json\/wp\/v2\/pages\/663","targetHints":{"allow":["GET"]}}],"collection":[{"href":"https:\/\/roofingcanada.com\/fr\/wp-json\/wp\/v2\/pages"}],"about":[{"href":"https:\/\/roofingcanada.com\/fr\/wp-json\/wp\/v2\/types\/page"}],"author":[{"embeddable":true,"href":"https:\/\/roofingcanada.com\/fr\/wp-json\/wp\/v2\/users\/1"}],"replies":[{"embeddable":true,"href":"https:\/\/roofingcanada.com\/fr\/wp-json\/wp\/v2\/comments?post=663"}],"version-history":[{"count":5,"href":"https:\/\/roofingcanada.com\/fr\/wp-json\/wp\/v2\/pages\/663\/revisions"}],"predecessor-version":[{"id":2296,"href":"https:\/\/roofingcanada.com\/fr\/wp-json\/wp\/v2\/pages\/663\/revisions\/2296"}],"up":[{"embeddable":true,"href":"https:\/\/roofingcanada.com\/fr\/wp-json\/wp\/v2\/pages\/538"}],"wp:featuredmedia":[{"embeddable":true,"href":"https:\/\/roofingcanada.com\/fr\/wp-json\/wp\/v2\/media\/870"}],"wp:attachment":[{"href":"https:\/\/roofingcanada.com\/fr\/wp-json\/wp\/v2\/media?parent=663"}],"curies":[{"name":"wp","href":"https:\/\/api.w.org\/{rel}","templated":true}]}}