{"id":544,"date":"2018-03-26T14:09:42","date_gmt":"2018-03-26T14:09:42","guid":{"rendered":"https:\/\/roofingcanada.com\/?page_id=544"},"modified":"2025-08-19T13:29:03","modified_gmt":"2025-08-19T17:29:03","slug":"nouvelles","status":"publish","type":"page","link":"https:\/\/roofingcanada.com\/fr\/nouvelles\/","title":{"rendered":"Nouvelles"},"content":{"rendered":"<p>Restez inform\u00e9 des actualit\u00e9s de l&rsquo;ACEC et de l&rsquo;industrie canadienne de la toiture. Consultez r\u00e9guli\u00e8rement notre site ou inscrivez-vous \u00e0 notre infolettre \u00e0 <a title=\"Link: null\" href=\"mailto:crca@roofingcanada.com\" target=\"_blank\" rel=\"noopener\">crca@roofingcanada.com<\/a>.<\/p>\n<p>Vos commentaires nous sont pr\u00e9cieux ! Pour sugg\u00e9rer des sujets d&rsquo;actualit\u00e9 ou d&rsquo;information, contactez-nous \u00e0 <a title=\"Link: null\" href=\"mailto:media@roofingcanada.com\" target=\"_blank\" rel=\"noopener\">media@roofingcanada.com<\/a>.<\/p>\n","protected":false},"excerpt":{"rendered":"<p>Consultez souvent les nouvelles dans Couvertures Canada ou inscrivez-vous pour recevoir les nouvelles dans votre bo\u00eete de r\u00e9ception.<\/p>\n","protected":false},"author":1,"featured_media":875,"parent":0,"menu_order":4,"comment_status":"closed","ping_status":"closed","template":"page-news.php","meta":{"_acf_changed":false,"footnotes":""},"class_list":["post-544","page","type-page","status-publish","has-post-thumbnail","hentry"],"acf":[],"yoast_head":"<!-- This site is optimized with the Yoast SEO plugin v27.4 - https:\/\/yoast.com\/product\/yoast-seo-wordpress\/ -->\n<title>Nouvelles de l\u2019ACEC sur l&#039;industrie canadienne de la toiture<\/title>\n<meta name=\"description\" content=\"Consultez souvent cette page pour obtenir des nouvelles dans Toitures Canada \u2013 ou inscrivez-vous pour recevoir des nouvelles dans votre bo\u00eete de r\u00e9ception.\" \/>\n<meta name=\"robots\" content=\"index, follow, max-snippet:-1, max-image-preview:large, max-video-preview:-1\" \/>\n<link rel=\"canonical\" href=\"https:\/\/roofingcanada.com\/fr\/nouvelles\/\" \/>\n<meta property=\"og:locale\" content=\"fr_FR\" \/>\n<meta property=\"og:type\" content=\"article\" \/>\n<meta property=\"og:title\" content=\"Nouvelles de l\u2019ACEC sur l&#039;industrie canadienne de la toiture\" \/>\n<meta property=\"og:description\" content=\"Consultez souvent cette page pour obtenir des nouvelles dans Toitures Canada \u2013 ou inscrivez-vous pour recevoir des nouvelles dans votre bo\u00eete de r\u00e9ception.\" \/>\n<meta property=\"og:url\" content=\"https:\/\/roofingcanada.com\/fr\/nouvelles\/\" \/>\n<meta property=\"og:site_name\" content=\"Canadian Roofing Contractors Association\" \/>\n<meta property=\"article:modified_time\" content=\"2025-08-19T17:29:03+00:00\" \/>\n<meta property=\"og:image\" content=\"https:\/\/roofingcanada.com\/wp-content\/uploads\/2018\/04\/icon-news.png\" \/>\n\t<meta property=\"og:image:width\" content=\"101\" \/>\n\t<meta property=\"og:image:height\" content=\"101\" \/>\n\t<meta property=\"og:image:type\" content=\"image\/png\" \/>\n<meta name=\"twitter:card\" content=\"summary_large_image\" \/>\n<script type=\"application\/ld+json\" class=\"yoast-schema-graph\">{\"@context\":\"https:\\\/\\\/schema.org\",\"@graph\":[{\"@type\":\"WebPage\",\"@id\":\"https:\\\/\\\/roofingcanada.com\\\/fr\\\/nouvelles\\\/\",\"url\":\"https:\\\/\\\/roofingcanada.com\\\/fr\\\/nouvelles\\\/\",\"name\":\"Nouvelles de l\u2019ACEC sur l'industrie canadienne de la toiture\",\"isPartOf\":{\"@id\":\"https:\\\/\\\/roofingcanada.com\\\/#website\"},\"primaryImageOfPage\":{\"@id\":\"https:\\\/\\\/roofingcanada.com\\\/fr\\\/nouvelles\\\/#primaryimage\"},\"image\":{\"@id\":\"https:\\\/\\\/roofingcanada.com\\\/fr\\\/nouvelles\\\/#primaryimage\"},\"thumbnailUrl\":\"https:\\\/\\\/roofingcanada.com\\\/wp-content\\\/uploads\\\/2018\\\/04\\\/icon-news.png\",\"datePublished\":\"2018-03-26T14:09:42+00:00\",\"dateModified\":\"2025-08-19T17:29:03+00:00\",\"description\":\"Consultez souvent cette page pour obtenir des nouvelles dans Toitures Canada \u2013 ou inscrivez-vous pour recevoir des nouvelles dans votre bo\u00eete de r\u00e9ception.\",\"inLanguage\":\"fr-FR\",\"potentialAction\":[{\"@type\":\"ReadAction\",\"target\":[\"https:\\\/\\\/roofingcanada.com\\\/fr\\\/nouvelles\\\/\"]}]},{\"@type\":\"ImageObject\",\"inLanguage\":\"fr-FR\",\"@id\":\"https:\\\/\\\/roofingcanada.com\\\/fr\\\/nouvelles\\\/#primaryimage\",\"url\":\"https:\\\/\\\/roofingcanada.com\\\/wp-content\\\/uploads\\\/2018\\\/04\\\/icon-news.png\",\"contentUrl\":\"https:\\\/\\\/roofingcanada.com\\\/wp-content\\\/uploads\\\/2018\\\/04\\\/icon-news.png\",\"width\":101,\"height\":101},{\"@type\":\"WebSite\",\"@id\":\"https:\\\/\\\/roofingcanada.com\\\/#website\",\"url\":\"https:\\\/\\\/roofingcanada.com\\\/\",\"name\":\"Canadian Roofing Contractors Association\",\"description\":\"Sous un seul toit\",\"potentialAction\":[{\"@type\":\"SearchAction\",\"target\":{\"@type\":\"EntryPoint\",\"urlTemplate\":\"https:\\\/\\\/roofingcanada.com\\\/?s={search_term_string}\"},\"query-input\":{\"@type\":\"PropertyValueSpecification\",\"valueRequired\":true,\"valueName\":\"search_term_string\"}}],\"inLanguage\":\"fr-FR\"}]}<\/script>\n<!-- \/ Yoast SEO plugin. -->","yoast_head_json":{"title":"Nouvelles de l\u2019ACEC sur l'industrie canadienne de la toiture","description":"Consultez souvent cette page pour obtenir des nouvelles dans Toitures Canada \u2013 ou inscrivez-vous pour recevoir des nouvelles dans votre bo\u00eete de r\u00e9ception.","robots":{"index":"index","follow":"follow","max-snippet":"max-snippet:-1","max-image-preview":"max-image-preview:large","max-video-preview":"max-video-preview:-1"},"canonical":"https:\/\/roofingcanada.com\/fr\/nouvelles\/","og_locale":"fr_FR","og_type":"article","og_title":"Nouvelles de l\u2019ACEC sur l'industrie canadienne de la toiture","og_description":"Consultez souvent cette page pour obtenir des nouvelles dans Toitures Canada \u2013 ou inscrivez-vous pour recevoir des nouvelles dans votre bo\u00eete de r\u00e9ception.","og_url":"https:\/\/roofingcanada.com\/fr\/nouvelles\/","og_site_name":"Canadian Roofing Contractors Association","article_modified_time":"2025-08-19T17:29:03+00:00","og_image":[{"width":101,"height":101,"url":"https:\/\/roofingcanada.com\/wp-content\/uploads\/2018\/04\/icon-news.png","type":"image\/png"}],"twitter_card":"summary_large_image","schema":{"@context":"https:\/\/schema.org","@graph":[{"@type":"WebPage","@id":"https:\/\/roofingcanada.com\/fr\/nouvelles\/","url":"https:\/\/roofingcanada.com\/fr\/nouvelles\/","name":"Nouvelles de l\u2019ACEC sur l'industrie canadienne de la toiture","isPartOf":{"@id":"https:\/\/roofingcanada.com\/#website"},"primaryImageOfPage":{"@id":"https:\/\/roofingcanada.com\/fr\/nouvelles\/#primaryimage"},"image":{"@id":"https:\/\/roofingcanada.com\/fr\/nouvelles\/#primaryimage"},"thumbnailUrl":"https:\/\/roofingcanada.com\/wp-content\/uploads\/2018\/04\/icon-news.png","datePublished":"2018-03-26T14:09:42+00:00","dateModified":"2025-08-19T17:29:03+00:00","description":"Consultez souvent cette page pour obtenir des nouvelles dans Toitures Canada \u2013 ou inscrivez-vous pour recevoir des nouvelles dans votre bo\u00eete de r\u00e9ception.","inLanguage":"fr-FR","potentialAction":[{"@type":"ReadAction","target":["https:\/\/roofingcanada.com\/fr\/nouvelles\/"]}]},{"@type":"ImageObject","inLanguage":"fr-FR","@id":"https:\/\/roofingcanada.com\/fr\/nouvelles\/#primaryimage","url":"https:\/\/roofingcanada.com\/wp-content\/uploads\/2018\/04\/icon-news.png","contentUrl":"https:\/\/roofingcanada.com\/wp-content\/uploads\/2018\/04\/icon-news.png","width":101,"height":101},{"@type":"WebSite","@id":"https:\/\/roofingcanada.com\/#website","url":"https:\/\/roofingcanada.com\/","name":"Canadian Roofing Contractors Association","description":"Sous un seul toit","potentialAction":[{"@type":"SearchAction","target":{"@type":"EntryPoint","urlTemplate":"https:\/\/roofingcanada.com\/?s={search_term_string}"},"query-input":{"@type":"PropertyValueSpecification","valueRequired":true,"valueName":"search_term_string"}}],"inLanguage":"fr-FR"}]}},"_links":{"self":[{"href":"https:\/\/roofingcanada.com\/fr\/wp-json\/wp\/v2\/pages\/544","targetHints":{"allow":["GET"]}}],"collection":[{"href":"https:\/\/roofingcanada.com\/fr\/wp-json\/wp\/v2\/pages"}],"about":[{"href":"https:\/\/roofingcanada.com\/fr\/wp-json\/wp\/v2\/types\/page"}],"author":[{"embeddable":true,"href":"https:\/\/roofingcanada.com\/fr\/wp-json\/wp\/v2\/users\/1"}],"replies":[{"embeddable":true,"href":"https:\/\/roofingcanada.com\/fr\/wp-json\/wp\/v2\/comments?post=544"}],"version-history":[{"count":13,"href":"https:\/\/roofingcanada.com\/fr\/wp-json\/wp\/v2\/pages\/544\/revisions"}],"predecessor-version":[{"id":12779,"href":"https:\/\/roofingcanada.com\/fr\/wp-json\/wp\/v2\/pages\/544\/revisions\/12779"}],"wp:featuredmedia":[{"embeddable":true,"href":"https:\/\/roofingcanada.com\/fr\/wp-json\/wp\/v2\/media\/875"}],"wp:attachment":[{"href":"https:\/\/roofingcanada.com\/fr\/wp-json\/wp\/v2\/media?parent=544"}],"curies":[{"name":"wp","href":"https:\/\/api.w.org\/{rel}","templated":true}]}}