{"id":543,"date":"2018-03-26T14:09:24","date_gmt":"2018-03-26T14:09:24","guid":{"rendered":"https:\/\/roofingcanada.com\/?page_id=543"},"modified":"2018-06-05T14:09:31","modified_gmt":"2018-06-05T14:09:31","slug":"alliances","status":"publish","type":"page","link":"https:\/\/roofingcanada.com\/fr\/profil-de-lacec\/alliances\/","title":{"rendered":"Alliances"},"content":{"rendered":"<p>La collaboration est essentielle pour que l\u2019ACEC puisse s\u2019acquitter de son mandat et servir ses membres. Notre objectif est de compl\u00e9ter les efforts des associations provinciales d\u2019entrepreneurs en couverture \u00e0 l\u2019\u00e9chelle nationale et internationale. Une partie de ce travail consiste \u00e0 cr\u00e9er des alliances au sein de l\u2019industrie nord-am\u00e9ricaine de la toiture.<\/p>\n<p>Les alliances de l\u2019ACEC comprennent les suivantes :<\/p>\n","protected":false},"excerpt":{"rendered":"<p>La collaboration est essentielle pour que l\u2019ACEC puisse s\u2019acquitter de son mandat et servir ses membres.<\/p>\n","protected":false},"author":1,"featured_media":873,"parent":130,"menu_order":3,"comment_status":"closed","ping_status":"closed","template":"page-alliances.php","meta":{"_acf_changed":false,"footnotes":""},"class_list":["post-543","page","type-page","status-publish","has-post-thumbnail","hentry"],"acf":[],"yoast_head":"<!-- This site is optimized with the Yoast SEO plugin v27.4 - https:\/\/yoast.com\/product\/yoast-seo-wordpress\/ -->\n<title>Alliances de l\u2019ACEC<\/title>\n<meta name=\"description\" content=\"La collaboration est essentielle pour que l\u2019ACEC puisse s\u2019acquitter de son mandat et servir ses membres. Renseignez-vous sur les alliances de l\u2019ACEC.\" \/>\n<meta name=\"robots\" content=\"index, follow, max-snippet:-1, max-image-preview:large, max-video-preview:-1\" \/>\n<link rel=\"canonical\" href=\"https:\/\/roofingcanada.com\/fr\/profil-de-lacec\/alliances\/\" \/>\n<meta property=\"og:locale\" content=\"fr_FR\" \/>\n<meta property=\"og:type\" content=\"article\" \/>\n<meta property=\"og:title\" content=\"Alliances de l\u2019ACEC\" \/>\n<meta property=\"og:description\" content=\"La collaboration est essentielle pour que l\u2019ACEC puisse s\u2019acquitter de son mandat et servir ses membres. Renseignez-vous sur les alliances de l\u2019ACEC.\" \/>\n<meta property=\"og:url\" content=\"https:\/\/roofingcanada.com\/fr\/profil-de-lacec\/alliances\/\" \/>\n<meta property=\"og:site_name\" content=\"Canadian Roofing Contractors Association\" \/>\n<meta property=\"article:modified_time\" content=\"2018-06-05T14:09:31+00:00\" \/>\n<meta property=\"og:image\" content=\"https:\/\/zz343f.a2cdn1.secureserver.net\/wp-content\/uploads\/2018\/04\/icon-alliance.png?time=1668446862\" \/>\n\t<meta property=\"og:image:width\" content=\"101\" \/>\n\t<meta property=\"og:image:height\" content=\"101\" \/>\n\t<meta property=\"og:image:type\" content=\"image\/png\" \/>\n<meta name=\"twitter:card\" content=\"summary_large_image\" \/>\n<script type=\"application\/ld+json\" class=\"yoast-schema-graph\">{\"@context\":\"https:\\\/\\\/schema.org\",\"@graph\":[{\"@type\":\"WebPage\",\"@id\":\"https:\\\/\\\/roofingcanada.com\\\/fr\\\/profil-de-lacec\\\/alliances\\\/\",\"url\":\"https:\\\/\\\/roofingcanada.com\\\/fr\\\/profil-de-lacec\\\/alliances\\\/\",\"name\":\"Alliances de l\u2019ACEC\",\"isPartOf\":{\"@id\":\"https:\\\/\\\/roofingcanada.com\\\/#website\"},\"primaryImageOfPage\":{\"@id\":\"https:\\\/\\\/roofingcanada.com\\\/fr\\\/profil-de-lacec\\\/alliances\\\/#primaryimage\"},\"image\":{\"@id\":\"https:\\\/\\\/roofingcanada.com\\\/fr\\\/profil-de-lacec\\\/alliances\\\/#primaryimage\"},\"thumbnailUrl\":\"https:\\\/\\\/roofingcanada.com\\\/wp-content\\\/uploads\\\/2018\\\/04\\\/icon-alliance.png\",\"datePublished\":\"2018-03-26T14:09:24+00:00\",\"dateModified\":\"2018-06-05T14:09:31+00:00\",\"description\":\"La collaboration est essentielle pour que l\u2019ACEC puisse s\u2019acquitter de son mandat et servir ses membres. Renseignez-vous sur les alliances de l\u2019ACEC.\",\"breadcrumb\":{\"@id\":\"https:\\\/\\\/roofingcanada.com\\\/fr\\\/profil-de-lacec\\\/alliances\\\/#breadcrumb\"},\"inLanguage\":\"fr-FR\",\"potentialAction\":[{\"@type\":\"ReadAction\",\"target\":[\"https:\\\/\\\/roofingcanada.com\\\/fr\\\/profil-de-lacec\\\/alliances\\\/\"]}]},{\"@type\":\"ImageObject\",\"inLanguage\":\"fr-FR\",\"@id\":\"https:\\\/\\\/roofingcanada.com\\\/fr\\\/profil-de-lacec\\\/alliances\\\/#primaryimage\",\"url\":\"https:\\\/\\\/roofingcanada.com\\\/wp-content\\\/uploads\\\/2018\\\/04\\\/icon-alliance.png\",\"contentUrl\":\"https:\\\/\\\/roofingcanada.com\\\/wp-content\\\/uploads\\\/2018\\\/04\\\/icon-alliance.png\",\"width\":101,\"height\":101},{\"@type\":\"BreadcrumbList\",\"@id\":\"https:\\\/\\\/roofingcanada.com\\\/fr\\\/profil-de-lacec\\\/alliances\\\/#breadcrumb\",\"itemListElement\":[{\"@type\":\"ListItem\",\"position\":1,\"name\":\"Profil de l&rsquo;ACEC\",\"item\":\"https:\\\/\\\/roofingcanada.com\\\/fr\\\/profil-de-lacec\\\/\"},{\"@type\":\"ListItem\",\"position\":2,\"name\":\"Alliances\"}]},{\"@type\":\"WebSite\",\"@id\":\"https:\\\/\\\/roofingcanada.com\\\/#website\",\"url\":\"https:\\\/\\\/roofingcanada.com\\\/\",\"name\":\"Canadian Roofing Contractors Association\",\"description\":\"Sous un seul toit\",\"potentialAction\":[{\"@type\":\"SearchAction\",\"target\":{\"@type\":\"EntryPoint\",\"urlTemplate\":\"https:\\\/\\\/roofingcanada.com\\\/?s={search_term_string}\"},\"query-input\":{\"@type\":\"PropertyValueSpecification\",\"valueRequired\":true,\"valueName\":\"search_term_string\"}}],\"inLanguage\":\"fr-FR\"}]}<\/script>\n<!-- \/ Yoast SEO plugin. -->","yoast_head_json":{"title":"Alliances de l\u2019ACEC","description":"La collaboration est essentielle pour que l\u2019ACEC puisse s\u2019acquitter de son mandat et servir ses membres. Renseignez-vous sur les alliances de l\u2019ACEC.","robots":{"index":"index","follow":"follow","max-snippet":"max-snippet:-1","max-image-preview":"max-image-preview:large","max-video-preview":"max-video-preview:-1"},"canonical":"https:\/\/roofingcanada.com\/fr\/profil-de-lacec\/alliances\/","og_locale":"fr_FR","og_type":"article","og_title":"Alliances de l\u2019ACEC","og_description":"La collaboration est essentielle pour que l\u2019ACEC puisse s\u2019acquitter de son mandat et servir ses membres. Renseignez-vous sur les alliances de l\u2019ACEC.","og_url":"https:\/\/roofingcanada.com\/fr\/profil-de-lacec\/alliances\/","og_site_name":"Canadian Roofing Contractors Association","article_modified_time":"2018-06-05T14:09:31+00:00","og_image":[{"width":101,"height":101,"url":"https:\/\/zz343f.a2cdn1.secureserver.net\/wp-content\/uploads\/2018\/04\/icon-alliance.png?time=1668446862","type":"image\/png"}],"twitter_card":"summary_large_image","schema":{"@context":"https:\/\/schema.org","@graph":[{"@type":"WebPage","@id":"https:\/\/roofingcanada.com\/fr\/profil-de-lacec\/alliances\/","url":"https:\/\/roofingcanada.com\/fr\/profil-de-lacec\/alliances\/","name":"Alliances de l\u2019ACEC","isPartOf":{"@id":"https:\/\/roofingcanada.com\/#website"},"primaryImageOfPage":{"@id":"https:\/\/roofingcanada.com\/fr\/profil-de-lacec\/alliances\/#primaryimage"},"image":{"@id":"https:\/\/roofingcanada.com\/fr\/profil-de-lacec\/alliances\/#primaryimage"},"thumbnailUrl":"https:\/\/roofingcanada.com\/wp-content\/uploads\/2018\/04\/icon-alliance.png","datePublished":"2018-03-26T14:09:24+00:00","dateModified":"2018-06-05T14:09:31+00:00","description":"La collaboration est essentielle pour que l\u2019ACEC puisse s\u2019acquitter de son mandat et servir ses membres. Renseignez-vous sur les alliances de l\u2019ACEC.","breadcrumb":{"@id":"https:\/\/roofingcanada.com\/fr\/profil-de-lacec\/alliances\/#breadcrumb"},"inLanguage":"fr-FR","potentialAction":[{"@type":"ReadAction","target":["https:\/\/roofingcanada.com\/fr\/profil-de-lacec\/alliances\/"]}]},{"@type":"ImageObject","inLanguage":"fr-FR","@id":"https:\/\/roofingcanada.com\/fr\/profil-de-lacec\/alliances\/#primaryimage","url":"https:\/\/roofingcanada.com\/wp-content\/uploads\/2018\/04\/icon-alliance.png","contentUrl":"https:\/\/roofingcanada.com\/wp-content\/uploads\/2018\/04\/icon-alliance.png","width":101,"height":101},{"@type":"BreadcrumbList","@id":"https:\/\/roofingcanada.com\/fr\/profil-de-lacec\/alliances\/#breadcrumb","itemListElement":[{"@type":"ListItem","position":1,"name":"Profil de l&rsquo;ACEC","item":"https:\/\/roofingcanada.com\/fr\/profil-de-lacec\/"},{"@type":"ListItem","position":2,"name":"Alliances"}]},{"@type":"WebSite","@id":"https:\/\/roofingcanada.com\/#website","url":"https:\/\/roofingcanada.com\/","name":"Canadian Roofing Contractors Association","description":"Sous un seul toit","potentialAction":[{"@type":"SearchAction","target":{"@type":"EntryPoint","urlTemplate":"https:\/\/roofingcanada.com\/?s={search_term_string}"},"query-input":{"@type":"PropertyValueSpecification","valueRequired":true,"valueName":"search_term_string"}}],"inLanguage":"fr-FR"}]}},"_links":{"self":[{"href":"https:\/\/roofingcanada.com\/fr\/wp-json\/wp\/v2\/pages\/543","targetHints":{"allow":["GET"]}}],"collection":[{"href":"https:\/\/roofingcanada.com\/fr\/wp-json\/wp\/v2\/pages"}],"about":[{"href":"https:\/\/roofingcanada.com\/fr\/wp-json\/wp\/v2\/types\/page"}],"author":[{"embeddable":true,"href":"https:\/\/roofingcanada.com\/fr\/wp-json\/wp\/v2\/users\/1"}],"replies":[{"embeddable":true,"href":"https:\/\/roofingcanada.com\/fr\/wp-json\/wp\/v2\/comments?post=543"}],"version-history":[{"count":5,"href":"https:\/\/roofingcanada.com\/fr\/wp-json\/wp\/v2\/pages\/543\/revisions"}],"predecessor-version":[{"id":2336,"href":"https:\/\/roofingcanada.com\/fr\/wp-json\/wp\/v2\/pages\/543\/revisions\/2336"}],"up":[{"embeddable":true,"href":"https:\/\/roofingcanada.com\/fr\/wp-json\/wp\/v2\/pages\/130"}],"wp:featuredmedia":[{"embeddable":true,"href":"https:\/\/roofingcanada.com\/fr\/wp-json\/wp\/v2\/media\/873"}],"wp:attachment":[{"href":"https:\/\/roofingcanada.com\/fr\/wp-json\/wp\/v2\/media?parent=543"}],"curies":[{"name":"wp","href":"https:\/\/api.w.org\/{rel}","templated":true}]}}