{"id":542,"date":"2018-03-26T14:08:55","date_gmt":"2018-03-26T14:08:55","guid":{"rendered":"https:\/\/roofingcanada.com\/?page_id=542"},"modified":"2025-07-08T11:16:05","modified_gmt":"2025-07-08T15:16:05","slug":"comite-directeur-de-lexposition-canadienne-de-la-toiture","status":"publish","type":"page","link":"https:\/\/roofingcanada.com\/fr\/profil-de-lacec\/comites\/comite-directeur-de-lexposition-canadienne-de-la-toiture\/","title":{"rendered":"Comit\u00e9 directeur de l\u2019Exposition canadienne de la toiture"},"content":{"rendered":"<p>Le Comit\u00e9 directeur de l\u2019Exposition canadienne de la toiture de l\u2019ACEC s\u2019emploie \u00e0 appuyer l\u2019ACEC pour veiller \u00e0 ce que l\u2019exposition biennale l\u2019Exposition canadienne de la toiture (ECT) r\u00e9ussisse et r\u00e9ponde aux besoins de nos membres, de nos alliances et de l\u2019industrie de la toiture en g\u00e9n\u00e9ral.<\/p>\n<h2>Responsabilit\u00e9s :<\/h2>\n<ul>\n<li>Le Comit\u00e9 directeur de l\u2019Exposition canadienne de la toiture de l\u2019ACEC se r\u00e9unit habituellement tous les deux ou trois mois de l\u2019ann\u00e9e civile pr\u00e9c\u00e9dant ECT, et tous les mois pendant l\u2019ann\u00e9e civile de ECT ;<\/li>\n<li>Il communique avec les exposants potentiels, fait le suivi et assure la location des kiosques ;<\/li>\n<li>Il communique avec les commanditaires potentiels, fait le suivi et assure la commandite de l\u2019\u00e9v\u00e9nement ;<\/li>\n<li>Il planifie et organise des d\u00e9monstrations en marge de l\u2019exposition ;<\/li>\n<li>Il planifie et organise des s\u00e9minaires en marge de l\u2019exposition ;<\/li>\n<li>Il promeut la participation et fait mieux conna\u00eetre l\u2019exposition ECT ;<\/li>\n<li>Il se r\u00e9unir apr\u00e8s l\u2019exposition pour tirer le bilan.<\/li>\n<\/ul>\n<h2>Gouvernance<\/h2>\n<ul>\n<li>Le Comit\u00e9 directeur de l\u2019Exposition canadienne de la toiture est un comit\u00e9 sp\u00e9cial qui rel\u00e8ve du Conseil d\u2019administration de l\u2019ACEC.<\/li>\n<li>Le directeur g\u00e9n\u00e9ral de l\u2019ACEC agit \u00e0 titre d\u2019agent de liaison et de personne-ressource pour le Comit\u00e9 directeur de l\u2019Exposition canadienne de la toiture.<\/li>\n<\/ul>\n<h2>Structure<\/h2>\n<ul>\n<li>Le pr\u00e9sident du Comit\u00e9 directeur de l\u2019Exposition canadienne de la toiture est le repr\u00e9sentant des membres associ\u00e9s au Conseil d\u2019administration.<\/li>\n<li>Le Comit\u00e9 se compose de membres associ\u00e9s de l\u2019ACEC et de membres des associations provinciales affili\u00e9es.<\/li>\n<li>Le personnel de l\u2019ACEC, ainsi que le personnel des deux associations affili\u00e9es provinciales locales sont \u00e9galement membres du comit\u00e9.<\/li>\n<\/ul>\n","protected":false},"excerpt":{"rendered":"<p>Veille \u00e0 ce que le salon biennal l\u2019Exposition canadienne de la toiture r\u00e9ponde aux besoins de l\u2019industrie.<\/p>\n","protected":false},"author":1,"featured_media":3841,"parent":538,"menu_order":4,"comment_status":"closed","ping_status":"closed","template":"page-about.php","meta":{"_acf_changed":false,"footnotes":""},"class_list":["post-542","page","type-page","status-publish","has-post-thumbnail","hentry"],"acf":[],"yoast_head":"<!-- This site is optimized with the Yoast SEO plugin v27.5 - https:\/\/yoast.com\/product\/yoast-seo-wordpress\/ -->\n<title>Comit\u00e9 directeur de l\u2019Exposition canadienne de la toiture<\/title>\n<meta name=\"description\" content=\"Le Comit\u00e9 directeur de l\u2019Exposition canadienne de la toiture de l\u2019ACEC s\u2019emploie \u00e0 appuyer l\u2019ACEC pour veiller \u00e0 ce que l\u2019exposition biennale l\u2019Exposition canadienne de la toiture (ECT) r\u00e9ussisse et r\u00e9ponde aux besoins de nos membres, de nos alliances et de l\u2019industrie de la toiture en g\u00e9n\u00e9ral.\" \/>\n<meta name=\"robots\" content=\"index, follow, max-snippet:-1, max-image-preview:large, max-video-preview:-1\" \/>\n<link rel=\"canonical\" href=\"https:\/\/roofingcanada.com\/fr\/profil-de-lacec\/comites\/comite-directeur-de-lexposition-canadienne-de-la-toiture\/\" \/>\n<meta property=\"og:locale\" content=\"fr_FR\" \/>\n<meta property=\"og:type\" content=\"article\" \/>\n<meta property=\"og:title\" content=\"Comit\u00e9 directeur de l\u2019Exposition canadienne de la toiture\" \/>\n<meta property=\"og:description\" content=\"Le Comit\u00e9 directeur de l\u2019Exposition canadienne de la toiture de l\u2019ACEC s\u2019emploie \u00e0 appuyer l\u2019ACEC pour veiller \u00e0 ce que l\u2019exposition biennale l\u2019Exposition canadienne de la toiture (ECT) r\u00e9ussisse et r\u00e9ponde aux besoins de nos membres, de nos alliances et de l\u2019industrie de la toiture en g\u00e9n\u00e9ral.\" \/>\n<meta property=\"og:url\" content=\"https:\/\/roofingcanada.com\/fr\/profil-de-lacec\/comites\/comite-directeur-de-lexposition-canadienne-de-la-toiture\/\" \/>\n<meta property=\"og:site_name\" content=\"Canadian Roofing Contractors Association\" \/>\n<meta property=\"article:modified_time\" content=\"2025-07-08T15:16:05+00:00\" \/>\n<meta property=\"og:image\" content=\"https:\/\/roofingcanada.com\/wp-content\/uploads\/2018\/04\/icon-committees-steering.png\" \/>\n\t<meta property=\"og:image:width\" content=\"101\" \/>\n\t<meta property=\"og:image:height\" content=\"101\" \/>\n\t<meta property=\"og:image:type\" content=\"image\/png\" \/>\n<meta name=\"twitter:card\" content=\"summary_large_image\" \/>\n<script type=\"application\/ld+json\" class=\"yoast-schema-graph\">{\"@context\":\"https:\\\/\\\/schema.org\",\"@graph\":[{\"@type\":\"WebPage\",\"@id\":\"https:\\\/\\\/roofingcanada.com\\\/fr\\\/profil-de-lacec\\\/comites\\\/comite-directeur-de-lexposition-canadienne-de-la-toiture\\\/\",\"url\":\"https:\\\/\\\/roofingcanada.com\\\/fr\\\/profil-de-lacec\\\/comites\\\/comite-directeur-de-lexposition-canadienne-de-la-toiture\\\/\",\"name\":\"Comit\u00e9 directeur de l\u2019Exposition canadienne de la toiture\",\"isPartOf\":{\"@id\":\"https:\\\/\\\/roofingcanada.com\\\/#website\"},\"primaryImageOfPage\":{\"@id\":\"https:\\\/\\\/roofingcanada.com\\\/fr\\\/profil-de-lacec\\\/comites\\\/comite-directeur-de-lexposition-canadienne-de-la-toiture\\\/#primaryimage\"},\"image\":{\"@id\":\"https:\\\/\\\/roofingcanada.com\\\/fr\\\/profil-de-lacec\\\/comites\\\/comite-directeur-de-lexposition-canadienne-de-la-toiture\\\/#primaryimage\"},\"thumbnailUrl\":\"https:\\\/\\\/roofingcanada.com\\\/wp-content\\\/uploads\\\/2018\\\/04\\\/icon-committees-steering.png\",\"datePublished\":\"2018-03-26T14:08:55+00:00\",\"dateModified\":\"2025-07-08T15:16:05+00:00\",\"description\":\"Le Comit\u00e9 directeur de l\u2019Exposition canadienne de la toiture de l\u2019ACEC s\u2019emploie \u00e0 appuyer l\u2019ACEC pour veiller \u00e0 ce que l\u2019exposition biennale l\u2019Exposition canadienne de la toiture (ECT) r\u00e9ussisse et r\u00e9ponde aux besoins de nos membres, de nos alliances et de l\u2019industrie de la toiture en g\u00e9n\u00e9ral.\",\"breadcrumb\":{\"@id\":\"https:\\\/\\\/roofingcanada.com\\\/fr\\\/profil-de-lacec\\\/comites\\\/comite-directeur-de-lexposition-canadienne-de-la-toiture\\\/#breadcrumb\"},\"inLanguage\":\"fr-FR\",\"potentialAction\":[{\"@type\":\"ReadAction\",\"target\":[\"https:\\\/\\\/roofingcanada.com\\\/fr\\\/profil-de-lacec\\\/comites\\\/comite-directeur-de-lexposition-canadienne-de-la-toiture\\\/\"]}]},{\"@type\":\"ImageObject\",\"inLanguage\":\"fr-FR\",\"@id\":\"https:\\\/\\\/roofingcanada.com\\\/fr\\\/profil-de-lacec\\\/comites\\\/comite-directeur-de-lexposition-canadienne-de-la-toiture\\\/#primaryimage\",\"url\":\"https:\\\/\\\/roofingcanada.com\\\/wp-content\\\/uploads\\\/2018\\\/04\\\/icon-committees-steering.png\",\"contentUrl\":\"https:\\\/\\\/roofingcanada.com\\\/wp-content\\\/uploads\\\/2018\\\/04\\\/icon-committees-steering.png\",\"width\":101,\"height\":101},{\"@type\":\"BreadcrumbList\",\"@id\":\"https:\\\/\\\/roofingcanada.com\\\/fr\\\/profil-de-lacec\\\/comites\\\/comite-directeur-de-lexposition-canadienne-de-la-toiture\\\/#breadcrumb\",\"itemListElement\":[{\"@type\":\"ListItem\",\"position\":1,\"name\":\"Profil de l&rsquo;ACEC\",\"item\":\"https:\\\/\\\/roofingcanada.com\\\/fr\\\/profil-de-lacec\\\/\"},{\"@type\":\"ListItem\",\"position\":2,\"name\":\"Comit\u00e9s\",\"item\":\"https:\\\/\\\/roofingcanada.com\\\/fr\\\/profil-de-lacec\\\/comites\\\/\"},{\"@type\":\"ListItem\",\"position\":3,\"name\":\"Comit\u00e9 directeur de l\u2019Exposition canadienne de la toiture\"}]},{\"@type\":\"WebSite\",\"@id\":\"https:\\\/\\\/roofingcanada.com\\\/#website\",\"url\":\"https:\\\/\\\/roofingcanada.com\\\/\",\"name\":\"Canadian Roofing Contractors Association\",\"description\":\"Sous un seul toit\",\"potentialAction\":[{\"@type\":\"SearchAction\",\"target\":{\"@type\":\"EntryPoint\",\"urlTemplate\":\"https:\\\/\\\/roofingcanada.com\\\/?s={search_term_string}\"},\"query-input\":{\"@type\":\"PropertyValueSpecification\",\"valueRequired\":true,\"valueName\":\"search_term_string\"}}],\"inLanguage\":\"fr-FR\"}]}<\/script>\n<!-- \/ Yoast SEO plugin. -->","yoast_head_json":{"title":"Comit\u00e9 directeur de l\u2019Exposition canadienne de la toiture","description":"Le Comit\u00e9 directeur de l\u2019Exposition canadienne de la toiture de l\u2019ACEC s\u2019emploie \u00e0 appuyer l\u2019ACEC pour veiller \u00e0 ce que l\u2019exposition biennale l\u2019Exposition canadienne de la toiture (ECT) r\u00e9ussisse et r\u00e9ponde aux besoins de nos membres, de nos alliances et de l\u2019industrie de la toiture en g\u00e9n\u00e9ral.","robots":{"index":"index","follow":"follow","max-snippet":"max-snippet:-1","max-image-preview":"max-image-preview:large","max-video-preview":"max-video-preview:-1"},"canonical":"https:\/\/roofingcanada.com\/fr\/profil-de-lacec\/comites\/comite-directeur-de-lexposition-canadienne-de-la-toiture\/","og_locale":"fr_FR","og_type":"article","og_title":"Comit\u00e9 directeur de l\u2019Exposition canadienne de la toiture","og_description":"Le Comit\u00e9 directeur de l\u2019Exposition canadienne de la toiture de l\u2019ACEC s\u2019emploie \u00e0 appuyer l\u2019ACEC pour veiller \u00e0 ce que l\u2019exposition biennale l\u2019Exposition canadienne de la toiture (ECT) r\u00e9ussisse et r\u00e9ponde aux besoins de nos membres, de nos alliances et de l\u2019industrie de la toiture en g\u00e9n\u00e9ral.","og_url":"https:\/\/roofingcanada.com\/fr\/profil-de-lacec\/comites\/comite-directeur-de-lexposition-canadienne-de-la-toiture\/","og_site_name":"Canadian Roofing Contractors Association","article_modified_time":"2025-07-08T15:16:05+00:00","og_image":[{"width":101,"height":101,"url":"https:\/\/roofingcanada.com\/wp-content\/uploads\/2018\/04\/icon-committees-steering.png","type":"image\/png"}],"twitter_card":"summary_large_image","schema":{"@context":"https:\/\/schema.org","@graph":[{"@type":"WebPage","@id":"https:\/\/roofingcanada.com\/fr\/profil-de-lacec\/comites\/comite-directeur-de-lexposition-canadienne-de-la-toiture\/","url":"https:\/\/roofingcanada.com\/fr\/profil-de-lacec\/comites\/comite-directeur-de-lexposition-canadienne-de-la-toiture\/","name":"Comit\u00e9 directeur de l\u2019Exposition canadienne de la toiture","isPartOf":{"@id":"https:\/\/roofingcanada.com\/#website"},"primaryImageOfPage":{"@id":"https:\/\/roofingcanada.com\/fr\/profil-de-lacec\/comites\/comite-directeur-de-lexposition-canadienne-de-la-toiture\/#primaryimage"},"image":{"@id":"https:\/\/roofingcanada.com\/fr\/profil-de-lacec\/comites\/comite-directeur-de-lexposition-canadienne-de-la-toiture\/#primaryimage"},"thumbnailUrl":"https:\/\/roofingcanada.com\/wp-content\/uploads\/2018\/04\/icon-committees-steering.png","datePublished":"2018-03-26T14:08:55+00:00","dateModified":"2025-07-08T15:16:05+00:00","description":"Le Comit\u00e9 directeur de l\u2019Exposition canadienne de la toiture de l\u2019ACEC s\u2019emploie \u00e0 appuyer l\u2019ACEC pour veiller \u00e0 ce que l\u2019exposition biennale l\u2019Exposition canadienne de la toiture (ECT) r\u00e9ussisse et r\u00e9ponde aux besoins de nos membres, de nos alliances et de l\u2019industrie de la toiture en g\u00e9n\u00e9ral.","breadcrumb":{"@id":"https:\/\/roofingcanada.com\/fr\/profil-de-lacec\/comites\/comite-directeur-de-lexposition-canadienne-de-la-toiture\/#breadcrumb"},"inLanguage":"fr-FR","potentialAction":[{"@type":"ReadAction","target":["https:\/\/roofingcanada.com\/fr\/profil-de-lacec\/comites\/comite-directeur-de-lexposition-canadienne-de-la-toiture\/"]}]},{"@type":"ImageObject","inLanguage":"fr-FR","@id":"https:\/\/roofingcanada.com\/fr\/profil-de-lacec\/comites\/comite-directeur-de-lexposition-canadienne-de-la-toiture\/#primaryimage","url":"https:\/\/roofingcanada.com\/wp-content\/uploads\/2018\/04\/icon-committees-steering.png","contentUrl":"https:\/\/roofingcanada.com\/wp-content\/uploads\/2018\/04\/icon-committees-steering.png","width":101,"height":101},{"@type":"BreadcrumbList","@id":"https:\/\/roofingcanada.com\/fr\/profil-de-lacec\/comites\/comite-directeur-de-lexposition-canadienne-de-la-toiture\/#breadcrumb","itemListElement":[{"@type":"ListItem","position":1,"name":"Profil de l&rsquo;ACEC","item":"https:\/\/roofingcanada.com\/fr\/profil-de-lacec\/"},{"@type":"ListItem","position":2,"name":"Comit\u00e9s","item":"https:\/\/roofingcanada.com\/fr\/profil-de-lacec\/comites\/"},{"@type":"ListItem","position":3,"name":"Comit\u00e9 directeur de l\u2019Exposition canadienne de la toiture"}]},{"@type":"WebSite","@id":"https:\/\/roofingcanada.com\/#website","url":"https:\/\/roofingcanada.com\/","name":"Canadian Roofing Contractors Association","description":"Sous un seul toit","potentialAction":[{"@type":"SearchAction","target":{"@type":"EntryPoint","urlTemplate":"https:\/\/roofingcanada.com\/?s={search_term_string}"},"query-input":{"@type":"PropertyValueSpecification","valueRequired":true,"valueName":"search_term_string"}}],"inLanguage":"fr-FR"}]}},"_links":{"self":[{"href":"https:\/\/roofingcanada.com\/fr\/wp-json\/wp\/v2\/pages\/542","targetHints":{"allow":["GET"]}}],"collection":[{"href":"https:\/\/roofingcanada.com\/fr\/wp-json\/wp\/v2\/pages"}],"about":[{"href":"https:\/\/roofingcanada.com\/fr\/wp-json\/wp\/v2\/types\/page"}],"author":[{"embeddable":true,"href":"https:\/\/roofingcanada.com\/fr\/wp-json\/wp\/v2\/users\/1"}],"replies":[{"embeddable":true,"href":"https:\/\/roofingcanada.com\/fr\/wp-json\/wp\/v2\/comments?post=542"}],"version-history":[{"count":10,"href":"https:\/\/roofingcanada.com\/fr\/wp-json\/wp\/v2\/pages\/542\/revisions"}],"predecessor-version":[{"id":12760,"href":"https:\/\/roofingcanada.com\/fr\/wp-json\/wp\/v2\/pages\/542\/revisions\/12760"}],"up":[{"embeddable":true,"href":"https:\/\/roofingcanada.com\/fr\/wp-json\/wp\/v2\/pages\/538"}],"wp:featuredmedia":[{"embeddable":true,"href":"https:\/\/roofingcanada.com\/fr\/wp-json\/wp\/v2\/media\/3841"}],"wp:attachment":[{"href":"https:\/\/roofingcanada.com\/fr\/wp-json\/wp\/v2\/media?parent=542"}],"curies":[{"name":"wp","href":"https:\/\/api.w.org\/{rel}","templated":true}]}}