{"id":541,"date":"2018-03-26T14:07:29","date_gmt":"2018-03-26T14:07:29","guid":{"rendered":"https:\/\/roofingcanada.com\/?page_id=541"},"modified":"2018-06-05T14:08:39","modified_gmt":"2018-06-05T14:08:39","slug":"comite-de-gouvernance","status":"publish","type":"page","link":"https:\/\/roofingcanada.com\/fr\/profil-de-lacec\/comites\/comite-de-gouvernance\/","title":{"rendered":"Comit\u00e9 de gouvernance"},"content":{"rendered":"<p>Le Comit\u00e9 de gouvernance de l\u2019ACEC d\u00e9termine, fait la promotion et s\u2019acquitte des fonctions qui aident le Conseil d\u2019administration de l\u2019ACEC \u00e0 gouverner avec excellence. Cela comprend le respect des lois et des r\u00e8glements qui s\u2019appliquent \u00e0 l\u2019ACEC et l\u2019ajout de valeur \u00e0 l\u2019association pour le compte de ses membres.<\/p>\n<h2>Responsabilit\u00e9s<\/h2>\n<ul>\n<li>Le Comit\u00e9 de gouvernance de l\u2019ACEC se r\u00e9unit au besoin par t\u00e9l\u00e9conf\u00e9rence ou par tout autre moyen jug\u00e9 appropri\u00e9.<\/li>\n<li>Il d\u00e9termine les besoins en mati\u00e8re de formation et d\u2019apprentissage sur les questions de gouvernance pour le Conseil d\u2019administration et le personnel de l\u2019ACEC.<\/li>\n<li>Il assure la communication entre le Conseil et les membres au sujet de la valeur organisationnelle d\u2019une bonne gouvernance.<\/li>\n<li>Il d\u00e9termine et met en \u0153uvre les \u00e9l\u00e9ments qui contribuent \u00e0 la gouvernance, y compris l\u2019orientation des nouveaux membres du Conseil; l\u2019\u00e9valuation des membres individuels du Conseil et de l\u2019ensemble du Conseil; il d\u00e9termine les comp\u00e9tences n\u00e9cessaires pour gouverner avec excellence; il surveille et examine l\u2019information sur la gouvernance et les pratiques exemplaires.<\/li>\n<\/ul>\n<h2>Gouvernance<\/h2>\n<ul>\n<li>Le Comit\u00e9 de gouvernance de l\u2019ACEC rend compte de ses activit\u00e9s au Conseil d\u2019administration.<\/li>\n<li>Il remet son proc\u00e8s-verbal au Conseil d\u00e8s que possible apr\u00e8s chaque r\u00e9union.<\/li>\n<li>En octobre de chaque ann\u00e9e, le Comit\u00e9 soumet \u00e0 l\u2019approbation du Conseil un plan de travail pour le prochain exercice.<\/li>\n<\/ul>\n<h2>Structure<\/h2>\n<p>Le Comit\u00e9 de gouvernance de l\u2019ACEC est compos\u00e9 d\u2019au moins trois (3) et d\u2019au plus cinq (5) membres, tous nomm\u00e9s par le Conseil.<\/p>\n<ul>\n<li>Au moins un membre est membre actif du Conseil d\u2019administration.<\/li>\n<li>Le pr\u00e9sident du Comit\u00e9 de gouvernance est nomm\u00e9 par le Conseil.<\/li>\n<li>Les membres sont nomm\u00e9s pour un mandat renouvelable d\u2019un an.<\/li>\n<li>Le directeur g\u00e9n\u00e9ral de l\u2019ACEC assure la liaison avec le Comit\u00e9.<\/li>\n<\/ul>\n","protected":false},"excerpt":{"rendered":"<p>Aide le Conseil d\u2019administration de l\u2019ACEC \u00e0 gouverner avec excellence et \u00e0 se conformer aux lois et aux r\u00e8glements. <\/p>\n","protected":false},"author":1,"featured_media":867,"parent":538,"menu_order":3,"comment_status":"closed","ping_status":"closed","template":"page-about.php","meta":{"_acf_changed":false,"footnotes":""},"class_list":["post-541","page","type-page","status-publish","has-post-thumbnail","hentry"],"acf":[],"yoast_head":"<!-- This site is optimized with the Yoast SEO plugin v27.5 - https:\/\/yoast.com\/product\/yoast-seo-wordpress\/ -->\n<title>Comit\u00e9 de gouvernance de l\u2019ACEC<\/title>\n<meta name=\"description\" content=\"Le Comit\u00e9 de gouvernance de l\u2019ACEC aide le Conseil d\u2019administration de l\u2019ACEC \u00e0 gouverner avec excellence et \u00e0 se conformer aux lois et aux r\u00e8glements.\" \/>\n<meta name=\"robots\" content=\"index, follow, max-snippet:-1, max-image-preview:large, max-video-preview:-1\" \/>\n<link rel=\"canonical\" href=\"https:\/\/roofingcanada.com\/fr\/profil-de-lacec\/comites\/comite-de-gouvernance\/\" \/>\n<meta property=\"og:locale\" content=\"fr_FR\" \/>\n<meta property=\"og:type\" content=\"article\" \/>\n<meta property=\"og:title\" content=\"Comit\u00e9 de gouvernance de l\u2019ACEC\" \/>\n<meta property=\"og:description\" content=\"Le Comit\u00e9 de gouvernance de l\u2019ACEC aide le Conseil d\u2019administration de l\u2019ACEC \u00e0 gouverner avec excellence et \u00e0 se conformer aux lois et aux r\u00e8glements.\" \/>\n<meta property=\"og:url\" content=\"https:\/\/roofingcanada.com\/fr\/profil-de-lacec\/comites\/comite-de-gouvernance\/\" \/>\n<meta property=\"og:site_name\" content=\"Canadian Roofing Contractors Association\" \/>\n<meta property=\"article:modified_time\" content=\"2018-06-05T14:08:39+00:00\" \/>\n<meta property=\"og:image\" content=\"https:\/\/zz343f.a2cdn1.secureserver.net\/wp-content\/uploads\/2018\/04\/icon-committees-govern.png?time=1668446862\" \/>\n\t<meta property=\"og:image:width\" content=\"101\" \/>\n\t<meta property=\"og:image:height\" content=\"101\" \/>\n\t<meta property=\"og:image:type\" content=\"image\/png\" \/>\n<meta name=\"twitter:card\" content=\"summary_large_image\" \/>\n<script type=\"application\/ld+json\" class=\"yoast-schema-graph\">{\"@context\":\"https:\\\/\\\/schema.org\",\"@graph\":[{\"@type\":\"WebPage\",\"@id\":\"https:\\\/\\\/roofingcanada.com\\\/fr\\\/profil-de-lacec\\\/comites\\\/comite-de-gouvernance\\\/\",\"url\":\"https:\\\/\\\/roofingcanada.com\\\/fr\\\/profil-de-lacec\\\/comites\\\/comite-de-gouvernance\\\/\",\"name\":\"Comit\u00e9 de gouvernance de l\u2019ACEC\",\"isPartOf\":{\"@id\":\"https:\\\/\\\/roofingcanada.com\\\/#website\"},\"primaryImageOfPage\":{\"@id\":\"https:\\\/\\\/roofingcanada.com\\\/fr\\\/profil-de-lacec\\\/comites\\\/comite-de-gouvernance\\\/#primaryimage\"},\"image\":{\"@id\":\"https:\\\/\\\/roofingcanada.com\\\/fr\\\/profil-de-lacec\\\/comites\\\/comite-de-gouvernance\\\/#primaryimage\"},\"thumbnailUrl\":\"https:\\\/\\\/roofingcanada.com\\\/wp-content\\\/uploads\\\/2018\\\/04\\\/icon-committees-govern.png\",\"datePublished\":\"2018-03-26T14:07:29+00:00\",\"dateModified\":\"2018-06-05T14:08:39+00:00\",\"description\":\"Le Comit\u00e9 de gouvernance de l\u2019ACEC aide le Conseil d\u2019administration de l\u2019ACEC \u00e0 gouverner avec excellence et \u00e0 se conformer aux lois et aux r\u00e8glements.\",\"breadcrumb\":{\"@id\":\"https:\\\/\\\/roofingcanada.com\\\/fr\\\/profil-de-lacec\\\/comites\\\/comite-de-gouvernance\\\/#breadcrumb\"},\"inLanguage\":\"fr-FR\",\"potentialAction\":[{\"@type\":\"ReadAction\",\"target\":[\"https:\\\/\\\/roofingcanada.com\\\/fr\\\/profil-de-lacec\\\/comites\\\/comite-de-gouvernance\\\/\"]}]},{\"@type\":\"ImageObject\",\"inLanguage\":\"fr-FR\",\"@id\":\"https:\\\/\\\/roofingcanada.com\\\/fr\\\/profil-de-lacec\\\/comites\\\/comite-de-gouvernance\\\/#primaryimage\",\"url\":\"https:\\\/\\\/roofingcanada.com\\\/wp-content\\\/uploads\\\/2018\\\/04\\\/icon-committees-govern.png\",\"contentUrl\":\"https:\\\/\\\/roofingcanada.com\\\/wp-content\\\/uploads\\\/2018\\\/04\\\/icon-committees-govern.png\",\"width\":101,\"height\":101},{\"@type\":\"BreadcrumbList\",\"@id\":\"https:\\\/\\\/roofingcanada.com\\\/fr\\\/profil-de-lacec\\\/comites\\\/comite-de-gouvernance\\\/#breadcrumb\",\"itemListElement\":[{\"@type\":\"ListItem\",\"position\":1,\"name\":\"Profil de l&rsquo;ACEC\",\"item\":\"https:\\\/\\\/roofingcanada.com\\\/fr\\\/profil-de-lacec\\\/\"},{\"@type\":\"ListItem\",\"position\":2,\"name\":\"Comit\u00e9s\",\"item\":\"https:\\\/\\\/roofingcanada.com\\\/fr\\\/profil-de-lacec\\\/comites\\\/\"},{\"@type\":\"ListItem\",\"position\":3,\"name\":\"Comit\u00e9 de gouvernance\"}]},{\"@type\":\"WebSite\",\"@id\":\"https:\\\/\\\/roofingcanada.com\\\/#website\",\"url\":\"https:\\\/\\\/roofingcanada.com\\\/\",\"name\":\"Canadian Roofing Contractors Association\",\"description\":\"Sous un seul toit\",\"potentialAction\":[{\"@type\":\"SearchAction\",\"target\":{\"@type\":\"EntryPoint\",\"urlTemplate\":\"https:\\\/\\\/roofingcanada.com\\\/?s={search_term_string}\"},\"query-input\":{\"@type\":\"PropertyValueSpecification\",\"valueRequired\":true,\"valueName\":\"search_term_string\"}}],\"inLanguage\":\"fr-FR\"}]}<\/script>\n<!-- \/ Yoast SEO plugin. -->","yoast_head_json":{"title":"Comit\u00e9 de gouvernance de l\u2019ACEC","description":"Le Comit\u00e9 de gouvernance de l\u2019ACEC aide le Conseil d\u2019administration de l\u2019ACEC \u00e0 gouverner avec excellence et \u00e0 se conformer aux lois et aux r\u00e8glements.","robots":{"index":"index","follow":"follow","max-snippet":"max-snippet:-1","max-image-preview":"max-image-preview:large","max-video-preview":"max-video-preview:-1"},"canonical":"https:\/\/roofingcanada.com\/fr\/profil-de-lacec\/comites\/comite-de-gouvernance\/","og_locale":"fr_FR","og_type":"article","og_title":"Comit\u00e9 de gouvernance de l\u2019ACEC","og_description":"Le Comit\u00e9 de gouvernance de l\u2019ACEC aide le Conseil d\u2019administration de l\u2019ACEC \u00e0 gouverner avec excellence et \u00e0 se conformer aux lois et aux r\u00e8glements.","og_url":"https:\/\/roofingcanada.com\/fr\/profil-de-lacec\/comites\/comite-de-gouvernance\/","og_site_name":"Canadian Roofing Contractors Association","article_modified_time":"2018-06-05T14:08:39+00:00","og_image":[{"width":101,"height":101,"url":"https:\/\/zz343f.a2cdn1.secureserver.net\/wp-content\/uploads\/2018\/04\/icon-committees-govern.png?time=1668446862","type":"image\/png"}],"twitter_card":"summary_large_image","schema":{"@context":"https:\/\/schema.org","@graph":[{"@type":"WebPage","@id":"https:\/\/roofingcanada.com\/fr\/profil-de-lacec\/comites\/comite-de-gouvernance\/","url":"https:\/\/roofingcanada.com\/fr\/profil-de-lacec\/comites\/comite-de-gouvernance\/","name":"Comit\u00e9 de gouvernance de l\u2019ACEC","isPartOf":{"@id":"https:\/\/roofingcanada.com\/#website"},"primaryImageOfPage":{"@id":"https:\/\/roofingcanada.com\/fr\/profil-de-lacec\/comites\/comite-de-gouvernance\/#primaryimage"},"image":{"@id":"https:\/\/roofingcanada.com\/fr\/profil-de-lacec\/comites\/comite-de-gouvernance\/#primaryimage"},"thumbnailUrl":"https:\/\/roofingcanada.com\/wp-content\/uploads\/2018\/04\/icon-committees-govern.png","datePublished":"2018-03-26T14:07:29+00:00","dateModified":"2018-06-05T14:08:39+00:00","description":"Le Comit\u00e9 de gouvernance de l\u2019ACEC aide le Conseil d\u2019administration de l\u2019ACEC \u00e0 gouverner avec excellence et \u00e0 se conformer aux lois et aux r\u00e8glements.","breadcrumb":{"@id":"https:\/\/roofingcanada.com\/fr\/profil-de-lacec\/comites\/comite-de-gouvernance\/#breadcrumb"},"inLanguage":"fr-FR","potentialAction":[{"@type":"ReadAction","target":["https:\/\/roofingcanada.com\/fr\/profil-de-lacec\/comites\/comite-de-gouvernance\/"]}]},{"@type":"ImageObject","inLanguage":"fr-FR","@id":"https:\/\/roofingcanada.com\/fr\/profil-de-lacec\/comites\/comite-de-gouvernance\/#primaryimage","url":"https:\/\/roofingcanada.com\/wp-content\/uploads\/2018\/04\/icon-committees-govern.png","contentUrl":"https:\/\/roofingcanada.com\/wp-content\/uploads\/2018\/04\/icon-committees-govern.png","width":101,"height":101},{"@type":"BreadcrumbList","@id":"https:\/\/roofingcanada.com\/fr\/profil-de-lacec\/comites\/comite-de-gouvernance\/#breadcrumb","itemListElement":[{"@type":"ListItem","position":1,"name":"Profil de l&rsquo;ACEC","item":"https:\/\/roofingcanada.com\/fr\/profil-de-lacec\/"},{"@type":"ListItem","position":2,"name":"Comit\u00e9s","item":"https:\/\/roofingcanada.com\/fr\/profil-de-lacec\/comites\/"},{"@type":"ListItem","position":3,"name":"Comit\u00e9 de gouvernance"}]},{"@type":"WebSite","@id":"https:\/\/roofingcanada.com\/#website","url":"https:\/\/roofingcanada.com\/","name":"Canadian Roofing Contractors Association","description":"Sous un seul toit","potentialAction":[{"@type":"SearchAction","target":{"@type":"EntryPoint","urlTemplate":"https:\/\/roofingcanada.com\/?s={search_term_string}"},"query-input":{"@type":"PropertyValueSpecification","valueRequired":true,"valueName":"search_term_string"}}],"inLanguage":"fr-FR"}]}},"_links":{"self":[{"href":"https:\/\/roofingcanada.com\/fr\/wp-json\/wp\/v2\/pages\/541","targetHints":{"allow":["GET"]}}],"collection":[{"href":"https:\/\/roofingcanada.com\/fr\/wp-json\/wp\/v2\/pages"}],"about":[{"href":"https:\/\/roofingcanada.com\/fr\/wp-json\/wp\/v2\/types\/page"}],"author":[{"embeddable":true,"href":"https:\/\/roofingcanada.com\/fr\/wp-json\/wp\/v2\/users\/1"}],"replies":[{"embeddable":true,"href":"https:\/\/roofingcanada.com\/fr\/wp-json\/wp\/v2\/comments?post=541"}],"version-history":[{"count":7,"href":"https:\/\/roofingcanada.com\/fr\/wp-json\/wp\/v2\/pages\/541\/revisions"}],"predecessor-version":[{"id":3140,"href":"https:\/\/roofingcanada.com\/fr\/wp-json\/wp\/v2\/pages\/541\/revisions\/3140"}],"up":[{"embeddable":true,"href":"https:\/\/roofingcanada.com\/fr\/wp-json\/wp\/v2\/pages\/538"}],"wp:featuredmedia":[{"embeddable":true,"href":"https:\/\/roofingcanada.com\/fr\/wp-json\/wp\/v2\/media\/867"}],"wp:attachment":[{"href":"https:\/\/roofingcanada.com\/fr\/wp-json\/wp\/v2\/media?parent=541"}],"curies":[{"name":"wp","href":"https:\/\/api.w.org\/{rel}","templated":true}]}}