{"id":540,"date":"2018-03-26T14:06:46","date_gmt":"2018-03-26T14:06:46","guid":{"rendered":"https:\/\/roofingcanada.com\/?page_id=540"},"modified":"2024-07-24T08:34:39","modified_gmt":"2024-07-24T12:34:39","slug":"comite-des-membres-associes","status":"publish","type":"page","link":"https:\/\/roofingcanada.com\/fr\/profil-de-lacec\/comites\/comite-des-membres-associes\/","title":{"rendered":"Comit\u00e9 des membres associ\u00e9s"},"content":{"rendered":"<p>Le Comit\u00e9 des membres associ\u00e9s (CMA) de l\u2019ACEC offre une tribune pour permettre aux membres associ\u00e9s de partager leurs exp\u00e9riences et leurs pr\u00e9occupations. Le CMA se compose de repr\u00e9sentants d\u2019entreprises fabriquant ou fournissant des mat\u00e9riaux, de l\u2019\u00e9quipement, des accessoires ou des fournitures utilis\u00e9s dans n\u2019importe quelle branche de l\u2019industrie de la toiture ou de la t\u00f4lerie.<\/p>\n<p>Tous les membres associ\u00e9s de l\u2019ACEC sont invit\u00e9s \u00e0 assister aux r\u00e9unions du Comit\u00e9 et \u00e0 y participer.<\/p>\n<h2>Responsabilit\u00e9s<\/h2>\n<ul>\n<li>Le Comit\u00e9 des membres associ\u00e9s de l\u2019ACEC donne aux membres associ\u00e9s une voix unifi\u00e9e au Conseil d\u2019administration de l\u2019ACEC.<\/li>\n<li>Le pr\u00e9sident du CMA pr\u00e9side le Comit\u00e9 directeur de TOITech.<\/li>\n<li>Des membres des sous-comit\u00e9s du CMA assistent aux r\u00e9unions du <a href=\"https:\/\/roofingcanada.com\/fr\/profil-de-lacec\/comites\/comites-techniques-nationaux\/\"><u>Comit\u00e9 technique national<\/u><\/a> de l\u2019ACEC.<\/li>\n<\/ul>\n<h2>Gouvernance<\/h2>\n<ul>\n<li>Le Comit\u00e9 des membres associ\u00e9s de l\u2019ACEC est un comit\u00e9 permanent interne du Conseil d\u2019administration de l\u2019ACEC.<\/li>\n<li>Le directeur g\u00e9n\u00e9ral de l\u2019ACEC assure la liaison avec le personnel et le soutien du CMA.<\/li>\n<\/ul>\n<h2>Structure<\/h2>\n<p>Le Comit\u00e9 des membres associ\u00e9s de l\u2019ACEC est ouvert \u00e0 tous les membres associ\u00e9s de l\u2019ACEC. Un membre de chaque entreprise peut voter aux r\u00e9unions du CMA. D\u2019autres sont consid\u00e9r\u00e9s comme des membres d\u2019office.<\/p>\n<p>Le CMA a \u00e9tabli les quatre <strong>sous-comit\u00e9s<\/strong> suivants :<\/p>\n<ul>\n<li>Isolation;<\/li>\n<li>Membranes bitumineuses;<\/li>\n<li>Membranes monocouches;<\/li>\n<li>Produits accessoires de toiture.<\/li>\n<\/ul>\n<p>Les membres associ\u00e9s de l\u2019ACEC \u00e9lisent ou nomment un membre pour diriger chaque sous-comit\u00e9 ainsi qu\u2019un rempla\u00e7ant. Ces quatre repr\u00e9sentants sont \u00e9galement membres du Comit\u00e9 technique national de l\u2019ACEC. Chacun des sous-comit\u00e9s se concentre, dans son domaine respectif, sur les questions techniques, la s\u00e9curit\u00e9, le lobbying, le SIMDUT, les questions environnementales, le code national du b\u00e2timent, la formation et la promotion.<\/p>\n<p><strong>Pr\u00e9sident du comit\u00e9<\/strong><\/p>\n<p>Le pr\u00e9sident actuel du CMA est :<\/p>\n<p><strong>Gareth Christopher<br \/>\n<\/strong> Siplast<br \/>\n3300 Highway 7, Suite 806<br \/>\nVaughan, ON L4K 4M3<br \/>\nTel: 905-867-5172<br \/>\n<a href=\"mailto:gareth.christopher@siplast.com\">gareth.christopher@siplast.com<\/a><\/p>\n","protected":false},"excerpt":{"rendered":"<p>Offre une tribune pour permettre aux membres associ\u00e9s de partager leurs exp\u00e9riences et leurs pr\u00e9occupations. <\/p>\n","protected":false},"author":1,"featured_media":866,"parent":538,"menu_order":2,"comment_status":"closed","ping_status":"closed","template":"page-about.php","meta":{"_acf_changed":false,"footnotes":""},"class_list":["post-540","page","type-page","status-publish","has-post-thumbnail","hentry"],"acf":[],"yoast_head":"<!-- This site is optimized with the Yoast SEO plugin v27.4 - https:\/\/yoast.com\/product\/yoast-seo-wordpress\/ -->\n<title>Comit\u00e9 des membres associ\u00e9s de l\u2019ACEC<\/title>\n<meta name=\"description\" content=\"Le Comit\u00e9 des membres associ\u00e9s (CMA) de l\u2019ACEC offre une tribune pour permettre aux membres associ\u00e9s de partager leurs exp\u00e9riences et leurs pr\u00e9occupations.\" \/>\n<meta name=\"robots\" content=\"index, follow, max-snippet:-1, max-image-preview:large, max-video-preview:-1\" \/>\n<link rel=\"canonical\" href=\"https:\/\/roofingcanada.com\/fr\/profil-de-lacec\/comites\/comite-des-membres-associes\/\" \/>\n<meta property=\"og:locale\" content=\"fr_FR\" \/>\n<meta property=\"og:type\" content=\"article\" \/>\n<meta property=\"og:title\" content=\"Comit\u00e9 des membres associ\u00e9s de l\u2019ACEC\" \/>\n<meta property=\"og:description\" content=\"Le Comit\u00e9 des membres associ\u00e9s (CMA) de l\u2019ACEC offre une tribune pour permettre aux membres associ\u00e9s de partager leurs exp\u00e9riences et leurs pr\u00e9occupations.\" \/>\n<meta property=\"og:url\" content=\"https:\/\/roofingcanada.com\/fr\/profil-de-lacec\/comites\/comite-des-membres-associes\/\" \/>\n<meta property=\"og:site_name\" content=\"Canadian Roofing Contractors Association\" \/>\n<meta property=\"article:modified_time\" content=\"2024-07-24T12:34:39+00:00\" \/>\n<meta property=\"og:image\" content=\"https:\/\/roofingcanada.com\/wp-content\/uploads\/2018\/04\/icon-committees-associate.png\" \/>\n\t<meta property=\"og:image:width\" content=\"101\" \/>\n\t<meta property=\"og:image:height\" content=\"101\" \/>\n\t<meta property=\"og:image:type\" content=\"image\/png\" \/>\n<meta name=\"twitter:card\" content=\"summary_large_image\" \/>\n<script type=\"application\/ld+json\" class=\"yoast-schema-graph\">{\"@context\":\"https:\\\/\\\/schema.org\",\"@graph\":[{\"@type\":\"WebPage\",\"@id\":\"https:\\\/\\\/roofingcanada.com\\\/fr\\\/profil-de-lacec\\\/comites\\\/comite-des-membres-associes\\\/\",\"url\":\"https:\\\/\\\/roofingcanada.com\\\/fr\\\/profil-de-lacec\\\/comites\\\/comite-des-membres-associes\\\/\",\"name\":\"Comit\u00e9 des membres associ\u00e9s de l\u2019ACEC\",\"isPartOf\":{\"@id\":\"https:\\\/\\\/roofingcanada.com\\\/#website\"},\"primaryImageOfPage\":{\"@id\":\"https:\\\/\\\/roofingcanada.com\\\/fr\\\/profil-de-lacec\\\/comites\\\/comite-des-membres-associes\\\/#primaryimage\"},\"image\":{\"@id\":\"https:\\\/\\\/roofingcanada.com\\\/fr\\\/profil-de-lacec\\\/comites\\\/comite-des-membres-associes\\\/#primaryimage\"},\"thumbnailUrl\":\"https:\\\/\\\/roofingcanada.com\\\/wp-content\\\/uploads\\\/2018\\\/04\\\/icon-committees-associate.png\",\"datePublished\":\"2018-03-26T14:06:46+00:00\",\"dateModified\":\"2024-07-24T12:34:39+00:00\",\"description\":\"Le Comit\u00e9 des membres associ\u00e9s (CMA) de l\u2019ACEC offre une tribune pour permettre aux membres associ\u00e9s de partager leurs exp\u00e9riences et leurs pr\u00e9occupations.\",\"breadcrumb\":{\"@id\":\"https:\\\/\\\/roofingcanada.com\\\/fr\\\/profil-de-lacec\\\/comites\\\/comite-des-membres-associes\\\/#breadcrumb\"},\"inLanguage\":\"fr-FR\",\"potentialAction\":[{\"@type\":\"ReadAction\",\"target\":[\"https:\\\/\\\/roofingcanada.com\\\/fr\\\/profil-de-lacec\\\/comites\\\/comite-des-membres-associes\\\/\"]}]},{\"@type\":\"ImageObject\",\"inLanguage\":\"fr-FR\",\"@id\":\"https:\\\/\\\/roofingcanada.com\\\/fr\\\/profil-de-lacec\\\/comites\\\/comite-des-membres-associes\\\/#primaryimage\",\"url\":\"https:\\\/\\\/roofingcanada.com\\\/wp-content\\\/uploads\\\/2018\\\/04\\\/icon-committees-associate.png\",\"contentUrl\":\"https:\\\/\\\/roofingcanada.com\\\/wp-content\\\/uploads\\\/2018\\\/04\\\/icon-committees-associate.png\",\"width\":101,\"height\":101},{\"@type\":\"BreadcrumbList\",\"@id\":\"https:\\\/\\\/roofingcanada.com\\\/fr\\\/profil-de-lacec\\\/comites\\\/comite-des-membres-associes\\\/#breadcrumb\",\"itemListElement\":[{\"@type\":\"ListItem\",\"position\":1,\"name\":\"Profil de l&rsquo;ACEC\",\"item\":\"https:\\\/\\\/roofingcanada.com\\\/fr\\\/profil-de-lacec\\\/\"},{\"@type\":\"ListItem\",\"position\":2,\"name\":\"Comit\u00e9s\",\"item\":\"https:\\\/\\\/roofingcanada.com\\\/fr\\\/profil-de-lacec\\\/comites\\\/\"},{\"@type\":\"ListItem\",\"position\":3,\"name\":\"Comit\u00e9 des membres associ\u00e9s\"}]},{\"@type\":\"WebSite\",\"@id\":\"https:\\\/\\\/roofingcanada.com\\\/#website\",\"url\":\"https:\\\/\\\/roofingcanada.com\\\/\",\"name\":\"Canadian Roofing Contractors Association\",\"description\":\"Sous un seul toit\",\"potentialAction\":[{\"@type\":\"SearchAction\",\"target\":{\"@type\":\"EntryPoint\",\"urlTemplate\":\"https:\\\/\\\/roofingcanada.com\\\/?s={search_term_string}\"},\"query-input\":{\"@type\":\"PropertyValueSpecification\",\"valueRequired\":true,\"valueName\":\"search_term_string\"}}],\"inLanguage\":\"fr-FR\"}]}<\/script>\n<!-- \/ Yoast SEO plugin. -->","yoast_head_json":{"title":"Comit\u00e9 des membres associ\u00e9s de l\u2019ACEC","description":"Le Comit\u00e9 des membres associ\u00e9s (CMA) de l\u2019ACEC offre une tribune pour permettre aux membres associ\u00e9s de partager leurs exp\u00e9riences et leurs pr\u00e9occupations.","robots":{"index":"index","follow":"follow","max-snippet":"max-snippet:-1","max-image-preview":"max-image-preview:large","max-video-preview":"max-video-preview:-1"},"canonical":"https:\/\/roofingcanada.com\/fr\/profil-de-lacec\/comites\/comite-des-membres-associes\/","og_locale":"fr_FR","og_type":"article","og_title":"Comit\u00e9 des membres associ\u00e9s de l\u2019ACEC","og_description":"Le Comit\u00e9 des membres associ\u00e9s (CMA) de l\u2019ACEC offre une tribune pour permettre aux membres associ\u00e9s de partager leurs exp\u00e9riences et leurs pr\u00e9occupations.","og_url":"https:\/\/roofingcanada.com\/fr\/profil-de-lacec\/comites\/comite-des-membres-associes\/","og_site_name":"Canadian Roofing Contractors Association","article_modified_time":"2024-07-24T12:34:39+00:00","og_image":[{"width":101,"height":101,"url":"https:\/\/roofingcanada.com\/wp-content\/uploads\/2018\/04\/icon-committees-associate.png","type":"image\/png"}],"twitter_card":"summary_large_image","schema":{"@context":"https:\/\/schema.org","@graph":[{"@type":"WebPage","@id":"https:\/\/roofingcanada.com\/fr\/profil-de-lacec\/comites\/comite-des-membres-associes\/","url":"https:\/\/roofingcanada.com\/fr\/profil-de-lacec\/comites\/comite-des-membres-associes\/","name":"Comit\u00e9 des membres associ\u00e9s de l\u2019ACEC","isPartOf":{"@id":"https:\/\/roofingcanada.com\/#website"},"primaryImageOfPage":{"@id":"https:\/\/roofingcanada.com\/fr\/profil-de-lacec\/comites\/comite-des-membres-associes\/#primaryimage"},"image":{"@id":"https:\/\/roofingcanada.com\/fr\/profil-de-lacec\/comites\/comite-des-membres-associes\/#primaryimage"},"thumbnailUrl":"https:\/\/roofingcanada.com\/wp-content\/uploads\/2018\/04\/icon-committees-associate.png","datePublished":"2018-03-26T14:06:46+00:00","dateModified":"2024-07-24T12:34:39+00:00","description":"Le Comit\u00e9 des membres associ\u00e9s (CMA) de l\u2019ACEC offre une tribune pour permettre aux membres associ\u00e9s de partager leurs exp\u00e9riences et leurs pr\u00e9occupations.","breadcrumb":{"@id":"https:\/\/roofingcanada.com\/fr\/profil-de-lacec\/comites\/comite-des-membres-associes\/#breadcrumb"},"inLanguage":"fr-FR","potentialAction":[{"@type":"ReadAction","target":["https:\/\/roofingcanada.com\/fr\/profil-de-lacec\/comites\/comite-des-membres-associes\/"]}]},{"@type":"ImageObject","inLanguage":"fr-FR","@id":"https:\/\/roofingcanada.com\/fr\/profil-de-lacec\/comites\/comite-des-membres-associes\/#primaryimage","url":"https:\/\/roofingcanada.com\/wp-content\/uploads\/2018\/04\/icon-committees-associate.png","contentUrl":"https:\/\/roofingcanada.com\/wp-content\/uploads\/2018\/04\/icon-committees-associate.png","width":101,"height":101},{"@type":"BreadcrumbList","@id":"https:\/\/roofingcanada.com\/fr\/profil-de-lacec\/comites\/comite-des-membres-associes\/#breadcrumb","itemListElement":[{"@type":"ListItem","position":1,"name":"Profil de l&rsquo;ACEC","item":"https:\/\/roofingcanada.com\/fr\/profil-de-lacec\/"},{"@type":"ListItem","position":2,"name":"Comit\u00e9s","item":"https:\/\/roofingcanada.com\/fr\/profil-de-lacec\/comites\/"},{"@type":"ListItem","position":3,"name":"Comit\u00e9 des membres associ\u00e9s"}]},{"@type":"WebSite","@id":"https:\/\/roofingcanada.com\/#website","url":"https:\/\/roofingcanada.com\/","name":"Canadian Roofing Contractors Association","description":"Sous un seul toit","potentialAction":[{"@type":"SearchAction","target":{"@type":"EntryPoint","urlTemplate":"https:\/\/roofingcanada.com\/?s={search_term_string}"},"query-input":{"@type":"PropertyValueSpecification","valueRequired":true,"valueName":"search_term_string"}}],"inLanguage":"fr-FR"}]}},"_links":{"self":[{"href":"https:\/\/roofingcanada.com\/fr\/wp-json\/wp\/v2\/pages\/540","targetHints":{"allow":["GET"]}}],"collection":[{"href":"https:\/\/roofingcanada.com\/fr\/wp-json\/wp\/v2\/pages"}],"about":[{"href":"https:\/\/roofingcanada.com\/fr\/wp-json\/wp\/v2\/types\/page"}],"author":[{"embeddable":true,"href":"https:\/\/roofingcanada.com\/fr\/wp-json\/wp\/v2\/users\/1"}],"replies":[{"embeddable":true,"href":"https:\/\/roofingcanada.com\/fr\/wp-json\/wp\/v2\/comments?post=540"}],"version-history":[{"count":16,"href":"https:\/\/roofingcanada.com\/fr\/wp-json\/wp\/v2\/pages\/540\/revisions"}],"predecessor-version":[{"id":12091,"href":"https:\/\/roofingcanada.com\/fr\/wp-json\/wp\/v2\/pages\/540\/revisions\/12091"}],"up":[{"embeddable":true,"href":"https:\/\/roofingcanada.com\/fr\/wp-json\/wp\/v2\/pages\/538"}],"wp:featuredmedia":[{"embeddable":true,"href":"https:\/\/roofingcanada.com\/fr\/wp-json\/wp\/v2\/media\/866"}],"wp:attachment":[{"href":"https:\/\/roofingcanada.com\/fr\/wp-json\/wp\/v2\/media?parent=540"}],"curies":[{"name":"wp","href":"https:\/\/api.w.org\/{rel}","templated":true}]}}