{"id":539,"date":"2018-03-26T14:06:16","date_gmt":"2018-03-26T14:06:16","guid":{"rendered":"https:\/\/roofingcanada.com\/?page_id=539"},"modified":"2018-06-05T14:07:39","modified_gmt":"2018-06-05T14:07:39","slug":"comites-techniques-nationaux","status":"publish","type":"page","link":"https:\/\/roofingcanada.com\/fr\/profil-de-lacec\/comites\/comites-techniques-nationaux\/","title":{"rendered":"Comit\u00e9s techniques nationaux"},"content":{"rendered":"<p>Le Comit\u00e9 technique national (CNT) de l\u2019ACEC constitue un forum pour traiter des probl\u00e8mes techniques auxquels font face les membres partout au Canada. Le CNT est compos\u00e9 de repr\u00e9sentants des groupes suivants :<\/p>\n<ul>\n<li>Entrepreneurs en couverture;<\/li>\n<li>Ressources techniques des associations provinciales;<\/li>\n<li>Membres associ\u00e9s;<\/li>\n<li>Membres d\u2019office du Conseil national de recherches (CNRC) et de la National Roofing Contractors Association (NRCA).<\/li>\n<\/ul>\n<h2>Responsabilit\u00e9s<\/h2>\n<p>Les membres du Comit\u00e9 technique national de l\u2019ACEC doivent :<\/p>\n<ul>\n<li>Assister \u00e0 des r\u00e9unions du comit\u00e9 deux fois par ann\u00e9e pour discuter de questions techniques, de s\u00e9curit\u00e9, du SIMDUT, de questions environnementales, de codes et de normes, de formation, etc.;<\/li>\n<li>Examiner les manuels, les bulletins et d\u2019autres renseignements techniques publi\u00e9s par l\u2019ACEC;<\/li>\n<li>Conseiller et recommander des projets de recherche au Conseil d\u2019administration pour approbation;<\/li>\n<li>Promouvoir et mieux faire conna\u00eetre le CNT.<\/li>\n<\/ul>\n<h2>Gouvernance<\/h2>\n<ul>\n<li>Le CNT est un comit\u00e9 permanent interne du Conseil d\u2019administration de l\u2019ACEC. Le directeur technique de l\u2019ACEC assure la liaison avec le personnel et le soutien du CNT.<\/li>\n<li>Le pr\u00e9sident du CNT est un membre actif de l\u2019ACEC nomm\u00e9 par les membres votants du CNT.<\/li>\n<\/ul>\n<h2>Structure<\/h2>\n<p>Le Comit\u00e9 technique national de l\u2019ACEC comprend des membres actifs qui sont nomm\u00e9s par chaque association affili\u00e9e provinciale, quatre (4) membres associ\u00e9s et quatre (4) membres associ\u00e9s suppl\u00e9ants. <a href=\"https:\/\/roofingcanada.com\/fr\/profil-de-lacec\/comites\/comites-techniques-nationaux\/membres\/\">Voir la liste des membres actuels<\/a>.<\/p>\n<p>Des repr\u00e9sentants techniques de chacune des associations affili\u00e9es provinciales assistent aux r\u00e9unions \u00e0 titre de membres d\u2019office. Les autres membres d\u2019office comprennent des employ\u00e9s du Conseil national de recherches du Canada (CNRC), de la National Roofing Contractors Association (NRCA) et de l\u2019ACEC.<\/p>\n<p>Le CNT a \u00e9tabli les quatre <strong>sous-comit\u00e9s<\/strong> suivants :<\/p>\n<ul>\n<li>Isolation;<\/li>\n<li>Membranes bitumineuses;<\/li>\n<li>Membranes monocouches;<\/li>\n<li>Produits accessoires de toiture.<\/li>\n<\/ul>\n<p>Le repr\u00e9sentant et le rempla\u00e7ant de chaque sous-comit\u00e9 sont \u00e9lus ou nomm\u00e9s par le Comit\u00e9 des membres associ\u00e9s de l\u2019ACEC.<\/p>\n<p>&nbsp;<\/p>\n","protected":false},"excerpt":{"rendered":"<p>Constitue un forum pour traiter des probl\u00e8mes techniques auxquels font face les membres partout au Canada. <\/p>\n","protected":false},"author":1,"featured_media":869,"parent":538,"menu_order":1,"comment_status":"closed","ping_status":"closed","template":"page-about.php","meta":{"_acf_changed":false,"footnotes":""},"class_list":["post-539","page","type-page","status-publish","has-post-thumbnail","hentry"],"acf":[],"yoast_head":"<!-- This site is optimized with the Yoast SEO plugin v27.4 - https:\/\/yoast.com\/product\/yoast-seo-wordpress\/ -->\n<title>Comit\u00e9 technique national de l\u2019ACEC<\/title>\n<meta name=\"description\" content=\"Le Comit\u00e9 technique national (CTN) de l\u2019ACEC constitue un forum pour traiter des probl\u00e8mes techniques auxquels font face les membres partout au Canada.\" \/>\n<meta name=\"robots\" content=\"index, follow, max-snippet:-1, max-image-preview:large, max-video-preview:-1\" \/>\n<link rel=\"canonical\" href=\"https:\/\/roofingcanada.com\/fr\/profil-de-lacec\/comites\/comites-techniques-nationaux\/\" \/>\n<meta property=\"og:locale\" content=\"fr_FR\" \/>\n<meta property=\"og:type\" content=\"article\" \/>\n<meta property=\"og:title\" content=\"Comit\u00e9 technique national de l\u2019ACEC\" \/>\n<meta property=\"og:description\" content=\"Le Comit\u00e9 technique national (CTN) de l\u2019ACEC constitue un forum pour traiter des probl\u00e8mes techniques auxquels font face les membres partout au Canada.\" \/>\n<meta property=\"og:url\" content=\"https:\/\/roofingcanada.com\/fr\/profil-de-lacec\/comites\/comites-techniques-nationaux\/\" \/>\n<meta property=\"og:site_name\" content=\"Canadian Roofing Contractors Association\" \/>\n<meta property=\"article:modified_time\" content=\"2018-06-05T14:07:39+00:00\" \/>\n<meta property=\"og:image\" content=\"https:\/\/zz343f.a2cdn1.secureserver.net\/wp-content\/uploads\/2018\/04\/icon-committees-tech.png?time=1668446862\" \/>\n\t<meta property=\"og:image:width\" content=\"101\" \/>\n\t<meta property=\"og:image:height\" content=\"101\" \/>\n\t<meta property=\"og:image:type\" content=\"image\/png\" \/>\n<meta name=\"twitter:card\" content=\"summary_large_image\" \/>\n<script type=\"application\/ld+json\" class=\"yoast-schema-graph\">{\"@context\":\"https:\\\/\\\/schema.org\",\"@graph\":[{\"@type\":\"WebPage\",\"@id\":\"https:\\\/\\\/roofingcanada.com\\\/fr\\\/profil-de-lacec\\\/comites\\\/comites-techniques-nationaux\\\/\",\"url\":\"https:\\\/\\\/roofingcanada.com\\\/fr\\\/profil-de-lacec\\\/comites\\\/comites-techniques-nationaux\\\/\",\"name\":\"Comit\u00e9 technique national de l\u2019ACEC\",\"isPartOf\":{\"@id\":\"https:\\\/\\\/roofingcanada.com\\\/#website\"},\"primaryImageOfPage\":{\"@id\":\"https:\\\/\\\/roofingcanada.com\\\/fr\\\/profil-de-lacec\\\/comites\\\/comites-techniques-nationaux\\\/#primaryimage\"},\"image\":{\"@id\":\"https:\\\/\\\/roofingcanada.com\\\/fr\\\/profil-de-lacec\\\/comites\\\/comites-techniques-nationaux\\\/#primaryimage\"},\"thumbnailUrl\":\"https:\\\/\\\/roofingcanada.com\\\/wp-content\\\/uploads\\\/2018\\\/04\\\/icon-committees-tech.png\",\"datePublished\":\"2018-03-26T14:06:16+00:00\",\"dateModified\":\"2018-06-05T14:07:39+00:00\",\"description\":\"Le Comit\u00e9 technique national (CTN) de l\u2019ACEC constitue un forum pour traiter des probl\u00e8mes techniques auxquels font face les membres partout au Canada.\",\"breadcrumb\":{\"@id\":\"https:\\\/\\\/roofingcanada.com\\\/fr\\\/profil-de-lacec\\\/comites\\\/comites-techniques-nationaux\\\/#breadcrumb\"},\"inLanguage\":\"fr-FR\",\"potentialAction\":[{\"@type\":\"ReadAction\",\"target\":[\"https:\\\/\\\/roofingcanada.com\\\/fr\\\/profil-de-lacec\\\/comites\\\/comites-techniques-nationaux\\\/\"]}]},{\"@type\":\"ImageObject\",\"inLanguage\":\"fr-FR\",\"@id\":\"https:\\\/\\\/roofingcanada.com\\\/fr\\\/profil-de-lacec\\\/comites\\\/comites-techniques-nationaux\\\/#primaryimage\",\"url\":\"https:\\\/\\\/roofingcanada.com\\\/wp-content\\\/uploads\\\/2018\\\/04\\\/icon-committees-tech.png\",\"contentUrl\":\"https:\\\/\\\/roofingcanada.com\\\/wp-content\\\/uploads\\\/2018\\\/04\\\/icon-committees-tech.png\",\"width\":101,\"height\":101},{\"@type\":\"BreadcrumbList\",\"@id\":\"https:\\\/\\\/roofingcanada.com\\\/fr\\\/profil-de-lacec\\\/comites\\\/comites-techniques-nationaux\\\/#breadcrumb\",\"itemListElement\":[{\"@type\":\"ListItem\",\"position\":1,\"name\":\"Profil de l&rsquo;ACEC\",\"item\":\"https:\\\/\\\/roofingcanada.com\\\/fr\\\/profil-de-lacec\\\/\"},{\"@type\":\"ListItem\",\"position\":2,\"name\":\"Comit\u00e9s\",\"item\":\"https:\\\/\\\/roofingcanada.com\\\/fr\\\/profil-de-lacec\\\/comites\\\/\"},{\"@type\":\"ListItem\",\"position\":3,\"name\":\"Comit\u00e9s techniques nationaux\"}]},{\"@type\":\"WebSite\",\"@id\":\"https:\\\/\\\/roofingcanada.com\\\/#website\",\"url\":\"https:\\\/\\\/roofingcanada.com\\\/\",\"name\":\"Canadian Roofing Contractors Association\",\"description\":\"Sous un seul toit\",\"potentialAction\":[{\"@type\":\"SearchAction\",\"target\":{\"@type\":\"EntryPoint\",\"urlTemplate\":\"https:\\\/\\\/roofingcanada.com\\\/?s={search_term_string}\"},\"query-input\":{\"@type\":\"PropertyValueSpecification\",\"valueRequired\":true,\"valueName\":\"search_term_string\"}}],\"inLanguage\":\"fr-FR\"}]}<\/script>\n<!-- \/ Yoast SEO plugin. -->","yoast_head_json":{"title":"Comit\u00e9 technique national de l\u2019ACEC","description":"Le Comit\u00e9 technique national (CTN) de l\u2019ACEC constitue un forum pour traiter des probl\u00e8mes techniques auxquels font face les membres partout au Canada.","robots":{"index":"index","follow":"follow","max-snippet":"max-snippet:-1","max-image-preview":"max-image-preview:large","max-video-preview":"max-video-preview:-1"},"canonical":"https:\/\/roofingcanada.com\/fr\/profil-de-lacec\/comites\/comites-techniques-nationaux\/","og_locale":"fr_FR","og_type":"article","og_title":"Comit\u00e9 technique national de l\u2019ACEC","og_description":"Le Comit\u00e9 technique national (CTN) de l\u2019ACEC constitue un forum pour traiter des probl\u00e8mes techniques auxquels font face les membres partout au Canada.","og_url":"https:\/\/roofingcanada.com\/fr\/profil-de-lacec\/comites\/comites-techniques-nationaux\/","og_site_name":"Canadian Roofing Contractors Association","article_modified_time":"2018-06-05T14:07:39+00:00","og_image":[{"width":101,"height":101,"url":"https:\/\/zz343f.a2cdn1.secureserver.net\/wp-content\/uploads\/2018\/04\/icon-committees-tech.png?time=1668446862","type":"image\/png"}],"twitter_card":"summary_large_image","schema":{"@context":"https:\/\/schema.org","@graph":[{"@type":"WebPage","@id":"https:\/\/roofingcanada.com\/fr\/profil-de-lacec\/comites\/comites-techniques-nationaux\/","url":"https:\/\/roofingcanada.com\/fr\/profil-de-lacec\/comites\/comites-techniques-nationaux\/","name":"Comit\u00e9 technique national de l\u2019ACEC","isPartOf":{"@id":"https:\/\/roofingcanada.com\/#website"},"primaryImageOfPage":{"@id":"https:\/\/roofingcanada.com\/fr\/profil-de-lacec\/comites\/comites-techniques-nationaux\/#primaryimage"},"image":{"@id":"https:\/\/roofingcanada.com\/fr\/profil-de-lacec\/comites\/comites-techniques-nationaux\/#primaryimage"},"thumbnailUrl":"https:\/\/roofingcanada.com\/wp-content\/uploads\/2018\/04\/icon-committees-tech.png","datePublished":"2018-03-26T14:06:16+00:00","dateModified":"2018-06-05T14:07:39+00:00","description":"Le Comit\u00e9 technique national (CTN) de l\u2019ACEC constitue un forum pour traiter des probl\u00e8mes techniques auxquels font face les membres partout au Canada.","breadcrumb":{"@id":"https:\/\/roofingcanada.com\/fr\/profil-de-lacec\/comites\/comites-techniques-nationaux\/#breadcrumb"},"inLanguage":"fr-FR","potentialAction":[{"@type":"ReadAction","target":["https:\/\/roofingcanada.com\/fr\/profil-de-lacec\/comites\/comites-techniques-nationaux\/"]}]},{"@type":"ImageObject","inLanguage":"fr-FR","@id":"https:\/\/roofingcanada.com\/fr\/profil-de-lacec\/comites\/comites-techniques-nationaux\/#primaryimage","url":"https:\/\/roofingcanada.com\/wp-content\/uploads\/2018\/04\/icon-committees-tech.png","contentUrl":"https:\/\/roofingcanada.com\/wp-content\/uploads\/2018\/04\/icon-committees-tech.png","width":101,"height":101},{"@type":"BreadcrumbList","@id":"https:\/\/roofingcanada.com\/fr\/profil-de-lacec\/comites\/comites-techniques-nationaux\/#breadcrumb","itemListElement":[{"@type":"ListItem","position":1,"name":"Profil de l&rsquo;ACEC","item":"https:\/\/roofingcanada.com\/fr\/profil-de-lacec\/"},{"@type":"ListItem","position":2,"name":"Comit\u00e9s","item":"https:\/\/roofingcanada.com\/fr\/profil-de-lacec\/comites\/"},{"@type":"ListItem","position":3,"name":"Comit\u00e9s techniques nationaux"}]},{"@type":"WebSite","@id":"https:\/\/roofingcanada.com\/#website","url":"https:\/\/roofingcanada.com\/","name":"Canadian Roofing Contractors Association","description":"Sous un seul toit","potentialAction":[{"@type":"SearchAction","target":{"@type":"EntryPoint","urlTemplate":"https:\/\/roofingcanada.com\/?s={search_term_string}"},"query-input":{"@type":"PropertyValueSpecification","valueRequired":true,"valueName":"search_term_string"}}],"inLanguage":"fr-FR"}]}},"_links":{"self":[{"href":"https:\/\/roofingcanada.com\/fr\/wp-json\/wp\/v2\/pages\/539","targetHints":{"allow":["GET"]}}],"collection":[{"href":"https:\/\/roofingcanada.com\/fr\/wp-json\/wp\/v2\/pages"}],"about":[{"href":"https:\/\/roofingcanada.com\/fr\/wp-json\/wp\/v2\/types\/page"}],"author":[{"embeddable":true,"href":"https:\/\/roofingcanada.com\/fr\/wp-json\/wp\/v2\/users\/1"}],"replies":[{"embeddable":true,"href":"https:\/\/roofingcanada.com\/fr\/wp-json\/wp\/v2\/comments?post=539"}],"version-history":[{"count":11,"href":"https:\/\/roofingcanada.com\/fr\/wp-json\/wp\/v2\/pages\/539\/revisions"}],"predecessor-version":[{"id":2294,"href":"https:\/\/roofingcanada.com\/fr\/wp-json\/wp\/v2\/pages\/539\/revisions\/2294"}],"up":[{"embeddable":true,"href":"https:\/\/roofingcanada.com\/fr\/wp-json\/wp\/v2\/pages\/538"}],"wp:featuredmedia":[{"embeddable":true,"href":"https:\/\/roofingcanada.com\/fr\/wp-json\/wp\/v2\/media\/869"}],"wp:attachment":[{"href":"https:\/\/roofingcanada.com\/fr\/wp-json\/wp\/v2\/media?parent=539"}],"curies":[{"name":"wp","href":"https:\/\/api.w.org\/{rel}","templated":true}]}}