{"id":538,"date":"2018-03-26T14:05:50","date_gmt":"2018-03-26T14:05:50","guid":{"rendered":"https:\/\/roofingcanada.com\/?page_id=538"},"modified":"2018-06-05T14:04:44","modified_gmt":"2018-06-05T14:04:44","slug":"comites","status":"publish","type":"page","link":"https:\/\/roofingcanada.com\/fr\/profil-de-lacec\/comites\/","title":{"rendered":"Comit\u00e9s"},"content":{"rendered":"<p>La majeure partie du travail de repr\u00e9sentation de l\u2019ACEC au nom de ses membres est effectu\u00e9e par ses comit\u00e9s, qui sont compos\u00e9s de sp\u00e9cialistes de la toiture. Des comit\u00e9s sont \u00e9galement form\u00e9s pour veiller \u00e0 ce que le mandat strat\u00e9gique et les valeurs de l\u2019ACEC soient repr\u00e9sent\u00e9s sur des enjeux cl\u00e9s.<\/p>\n<p>Nos comit\u00e9s comprennent :<\/p>\n","protected":false},"excerpt":{"rendered":"<p>La majeure partie du travail de repr\u00e9sentation de l\u2019ACEC au nom de ses membres est effectu\u00e9e par ses comit\u00e9s, qui sont compos\u00e9s de sp\u00e9cialistes de la toiture.<\/p>\n","protected":false},"author":1,"featured_media":865,"parent":130,"menu_order":2,"comment_status":"closed","ping_status":"closed","template":"page-about.php","meta":{"_acf_changed":false,"footnotes":""},"class_list":["post-538","page","type-page","status-publish","has-post-thumbnail","hentry"],"acf":[],"yoast_head":"<!-- This site is optimized with the Yoast SEO plugin v27.4 - https:\/\/yoast.com\/product\/yoast-seo-wordpress\/ -->\n<title>Comit\u00e9s de l\u2019ACEC \u2013 Sp\u00e9cialistes canadiens de la couverture<\/title>\n<meta name=\"description\" content=\"Les comit\u00e9s de l\u2019ACEC sont compos\u00e9s de sp\u00e9cialistes canadiens de la couverture. Les comit\u00e9s veillent \u00e0 ce que le mandat strat\u00e9gique et les valeurs de l\u2019ACEC soient repr\u00e9sent\u00e9s dans les principaux dossiers.\" \/>\n<meta name=\"robots\" content=\"index, follow, max-snippet:-1, max-image-preview:large, max-video-preview:-1\" \/>\n<link rel=\"canonical\" href=\"https:\/\/roofingcanada.com\/fr\/profil-de-lacec\/comites\/\" \/>\n<meta property=\"og:locale\" content=\"fr_FR\" \/>\n<meta property=\"og:type\" content=\"article\" \/>\n<meta property=\"og:title\" content=\"Comit\u00e9s de l\u2019ACEC \u2013 Sp\u00e9cialistes canadiens de la couverture\" \/>\n<meta property=\"og:description\" content=\"Les comit\u00e9s de l\u2019ACEC sont compos\u00e9s de sp\u00e9cialistes canadiens de la couverture. Les comit\u00e9s veillent \u00e0 ce que le mandat strat\u00e9gique et les valeurs de l\u2019ACEC soient repr\u00e9sent\u00e9s dans les principaux dossiers.\" \/>\n<meta property=\"og:url\" content=\"https:\/\/roofingcanada.com\/fr\/profil-de-lacec\/comites\/\" \/>\n<meta property=\"og:site_name\" content=\"Canadian Roofing Contractors Association\" \/>\n<meta property=\"article:modified_time\" content=\"2018-06-05T14:04:44+00:00\" \/>\n<meta property=\"og:image\" content=\"https:\/\/zz343f.a2cdn1.secureserver.net\/wp-content\/uploads\/2018\/04\/icon-committees.png?time=1668351568\" \/>\n\t<meta property=\"og:image:width\" content=\"101\" \/>\n\t<meta property=\"og:image:height\" content=\"101\" \/>\n\t<meta property=\"og:image:type\" content=\"image\/png\" \/>\n<meta name=\"twitter:card\" content=\"summary_large_image\" \/>\n<script type=\"application\/ld+json\" class=\"yoast-schema-graph\">{\"@context\":\"https:\\\/\\\/schema.org\",\"@graph\":[{\"@type\":\"WebPage\",\"@id\":\"https:\\\/\\\/roofingcanada.com\\\/fr\\\/profil-de-lacec\\\/comites\\\/\",\"url\":\"https:\\\/\\\/roofingcanada.com\\\/fr\\\/profil-de-lacec\\\/comites\\\/\",\"name\":\"Comit\u00e9s de l\u2019ACEC \u2013 Sp\u00e9cialistes canadiens de la couverture\",\"isPartOf\":{\"@id\":\"https:\\\/\\\/roofingcanada.com\\\/#website\"},\"primaryImageOfPage\":{\"@id\":\"https:\\\/\\\/roofingcanada.com\\\/fr\\\/profil-de-lacec\\\/comites\\\/#primaryimage\"},\"image\":{\"@id\":\"https:\\\/\\\/roofingcanada.com\\\/fr\\\/profil-de-lacec\\\/comites\\\/#primaryimage\"},\"thumbnailUrl\":\"https:\\\/\\\/roofingcanada.com\\\/wp-content\\\/uploads\\\/2018\\\/04\\\/icon-committees.png\",\"datePublished\":\"2018-03-26T14:05:50+00:00\",\"dateModified\":\"2018-06-05T14:04:44+00:00\",\"description\":\"Les comit\u00e9s de l\u2019ACEC sont compos\u00e9s de sp\u00e9cialistes canadiens de la couverture. Les comit\u00e9s veillent \u00e0 ce que le mandat strat\u00e9gique et les valeurs de l\u2019ACEC soient repr\u00e9sent\u00e9s dans les principaux dossiers.\",\"breadcrumb\":{\"@id\":\"https:\\\/\\\/roofingcanada.com\\\/fr\\\/profil-de-lacec\\\/comites\\\/#breadcrumb\"},\"inLanguage\":\"fr-FR\",\"potentialAction\":[{\"@type\":\"ReadAction\",\"target\":[\"https:\\\/\\\/roofingcanada.com\\\/fr\\\/profil-de-lacec\\\/comites\\\/\"]}]},{\"@type\":\"ImageObject\",\"inLanguage\":\"fr-FR\",\"@id\":\"https:\\\/\\\/roofingcanada.com\\\/fr\\\/profil-de-lacec\\\/comites\\\/#primaryimage\",\"url\":\"https:\\\/\\\/roofingcanada.com\\\/wp-content\\\/uploads\\\/2018\\\/04\\\/icon-committees.png\",\"contentUrl\":\"https:\\\/\\\/roofingcanada.com\\\/wp-content\\\/uploads\\\/2018\\\/04\\\/icon-committees.png\",\"width\":101,\"height\":101},{\"@type\":\"BreadcrumbList\",\"@id\":\"https:\\\/\\\/roofingcanada.com\\\/fr\\\/profil-de-lacec\\\/comites\\\/#breadcrumb\",\"itemListElement\":[{\"@type\":\"ListItem\",\"position\":1,\"name\":\"Profil de l&rsquo;ACEC\",\"item\":\"https:\\\/\\\/roofingcanada.com\\\/fr\\\/profil-de-lacec\\\/\"},{\"@type\":\"ListItem\",\"position\":2,\"name\":\"Comit\u00e9s\"}]},{\"@type\":\"WebSite\",\"@id\":\"https:\\\/\\\/roofingcanada.com\\\/#website\",\"url\":\"https:\\\/\\\/roofingcanada.com\\\/\",\"name\":\"Canadian Roofing Contractors Association\",\"description\":\"Sous un seul toit\",\"potentialAction\":[{\"@type\":\"SearchAction\",\"target\":{\"@type\":\"EntryPoint\",\"urlTemplate\":\"https:\\\/\\\/roofingcanada.com\\\/?s={search_term_string}\"},\"query-input\":{\"@type\":\"PropertyValueSpecification\",\"valueRequired\":true,\"valueName\":\"search_term_string\"}}],\"inLanguage\":\"fr-FR\"}]}<\/script>\n<!-- \/ Yoast SEO plugin. -->","yoast_head_json":{"title":"Comit\u00e9s de l\u2019ACEC \u2013 Sp\u00e9cialistes canadiens de la couverture","description":"Les comit\u00e9s de l\u2019ACEC sont compos\u00e9s de sp\u00e9cialistes canadiens de la couverture. Les comit\u00e9s veillent \u00e0 ce que le mandat strat\u00e9gique et les valeurs de l\u2019ACEC soient repr\u00e9sent\u00e9s dans les principaux dossiers.","robots":{"index":"index","follow":"follow","max-snippet":"max-snippet:-1","max-image-preview":"max-image-preview:large","max-video-preview":"max-video-preview:-1"},"canonical":"https:\/\/roofingcanada.com\/fr\/profil-de-lacec\/comites\/","og_locale":"fr_FR","og_type":"article","og_title":"Comit\u00e9s de l\u2019ACEC \u2013 Sp\u00e9cialistes canadiens de la couverture","og_description":"Les comit\u00e9s de l\u2019ACEC sont compos\u00e9s de sp\u00e9cialistes canadiens de la couverture. Les comit\u00e9s veillent \u00e0 ce que le mandat strat\u00e9gique et les valeurs de l\u2019ACEC soient repr\u00e9sent\u00e9s dans les principaux dossiers.","og_url":"https:\/\/roofingcanada.com\/fr\/profil-de-lacec\/comites\/","og_site_name":"Canadian Roofing Contractors Association","article_modified_time":"2018-06-05T14:04:44+00:00","og_image":[{"width":101,"height":101,"url":"https:\/\/zz343f.a2cdn1.secureserver.net\/wp-content\/uploads\/2018\/04\/icon-committees.png?time=1668351568","type":"image\/png"}],"twitter_card":"summary_large_image","schema":{"@context":"https:\/\/schema.org","@graph":[{"@type":"WebPage","@id":"https:\/\/roofingcanada.com\/fr\/profil-de-lacec\/comites\/","url":"https:\/\/roofingcanada.com\/fr\/profil-de-lacec\/comites\/","name":"Comit\u00e9s de l\u2019ACEC \u2013 Sp\u00e9cialistes canadiens de la couverture","isPartOf":{"@id":"https:\/\/roofingcanada.com\/#website"},"primaryImageOfPage":{"@id":"https:\/\/roofingcanada.com\/fr\/profil-de-lacec\/comites\/#primaryimage"},"image":{"@id":"https:\/\/roofingcanada.com\/fr\/profil-de-lacec\/comites\/#primaryimage"},"thumbnailUrl":"https:\/\/roofingcanada.com\/wp-content\/uploads\/2018\/04\/icon-committees.png","datePublished":"2018-03-26T14:05:50+00:00","dateModified":"2018-06-05T14:04:44+00:00","description":"Les comit\u00e9s de l\u2019ACEC sont compos\u00e9s de sp\u00e9cialistes canadiens de la couverture. Les comit\u00e9s veillent \u00e0 ce que le mandat strat\u00e9gique et les valeurs de l\u2019ACEC soient repr\u00e9sent\u00e9s dans les principaux dossiers.","breadcrumb":{"@id":"https:\/\/roofingcanada.com\/fr\/profil-de-lacec\/comites\/#breadcrumb"},"inLanguage":"fr-FR","potentialAction":[{"@type":"ReadAction","target":["https:\/\/roofingcanada.com\/fr\/profil-de-lacec\/comites\/"]}]},{"@type":"ImageObject","inLanguage":"fr-FR","@id":"https:\/\/roofingcanada.com\/fr\/profil-de-lacec\/comites\/#primaryimage","url":"https:\/\/roofingcanada.com\/wp-content\/uploads\/2018\/04\/icon-committees.png","contentUrl":"https:\/\/roofingcanada.com\/wp-content\/uploads\/2018\/04\/icon-committees.png","width":101,"height":101},{"@type":"BreadcrumbList","@id":"https:\/\/roofingcanada.com\/fr\/profil-de-lacec\/comites\/#breadcrumb","itemListElement":[{"@type":"ListItem","position":1,"name":"Profil de l&rsquo;ACEC","item":"https:\/\/roofingcanada.com\/fr\/profil-de-lacec\/"},{"@type":"ListItem","position":2,"name":"Comit\u00e9s"}]},{"@type":"WebSite","@id":"https:\/\/roofingcanada.com\/#website","url":"https:\/\/roofingcanada.com\/","name":"Canadian Roofing Contractors Association","description":"Sous un seul toit","potentialAction":[{"@type":"SearchAction","target":{"@type":"EntryPoint","urlTemplate":"https:\/\/roofingcanada.com\/?s={search_term_string}"},"query-input":{"@type":"PropertyValueSpecification","valueRequired":true,"valueName":"search_term_string"}}],"inLanguage":"fr-FR"}]}},"_links":{"self":[{"href":"https:\/\/roofingcanada.com\/fr\/wp-json\/wp\/v2\/pages\/538","targetHints":{"allow":["GET"]}}],"collection":[{"href":"https:\/\/roofingcanada.com\/fr\/wp-json\/wp\/v2\/pages"}],"about":[{"href":"https:\/\/roofingcanada.com\/fr\/wp-json\/wp\/v2\/types\/page"}],"author":[{"embeddable":true,"href":"https:\/\/roofingcanada.com\/fr\/wp-json\/wp\/v2\/users\/1"}],"replies":[{"embeddable":true,"href":"https:\/\/roofingcanada.com\/fr\/wp-json\/wp\/v2\/comments?post=538"}],"version-history":[{"count":7,"href":"https:\/\/roofingcanada.com\/fr\/wp-json\/wp\/v2\/pages\/538\/revisions"}],"predecessor-version":[{"id":2337,"href":"https:\/\/roofingcanada.com\/fr\/wp-json\/wp\/v2\/pages\/538\/revisions\/2337"}],"up":[{"embeddable":true,"href":"https:\/\/roofingcanada.com\/fr\/wp-json\/wp\/v2\/pages\/130"}],"wp:featuredmedia":[{"embeddable":true,"href":"https:\/\/roofingcanada.com\/fr\/wp-json\/wp\/v2\/media\/865"}],"wp:attachment":[{"href":"https:\/\/roofingcanada.com\/fr\/wp-json\/wp\/v2\/media?parent=538"}],"curies":[{"name":"wp","href":"https:\/\/api.w.org\/{rel}","templated":true}]}}