{"id":537,"date":"2018-03-26T14:05:27","date_gmt":"2018-03-26T14:05:27","guid":{"rendered":"https:\/\/roofingcanada.com\/?page_id=537"},"modified":"2025-12-10T08:21:13","modified_gmt":"2025-12-10T13:21:13","slug":"plan-strategique-statuts-et-reglements","status":"publish","type":"page","link":"https:\/\/roofingcanada.com\/fr\/profil-de-lacec\/gouvernance\/plan-strategique-statuts-et-reglements\/","title":{"rendered":"Plan strat\u00e9gique, statuts, et r\u00e8glements"},"content":{"rendered":"<h2>Plan strat\u00e9gique 2026 \u2013 2029 de l&rsquo;ACEC<\/h2>\n<div class=\"crca-vmv\">\n<p><!-- Vision --><\/p>\n<div class=\"crca-vmv-item crca-vmv-vision\">\n<div class=\"crca-vmv-icon\"><img decoding=\"async\" src=\"https:\/\/roofingcanada.com\/wp-content\/uploads\/2025\/11\/icon-vision.png\" alt=\"Vision icon\" \/><\/div>\n<div class=\"crca-vmv-text\">\n<h3>Vision<\/h3>\n<p>Pour am\u00e9liorer l\u2019image et qualit\u00e9 de la toiture au Canada.<\/p>\n<\/div>\n<\/div>\n<hr \/>\n<p><!-- Mission --><\/p>\n<div class=\"crca-vmv-item crca-vmv-mission\">\n<div class=\"crca-vmv-icon\"><img decoding=\"async\" src=\"https:\/\/roofingcanada.com\/wp-content\/uploads\/2025\/11\/icon-mission.png\" alt=\"Mission icon\" \/><\/div>\n<div class=\"crca-vmv-text\">\n<h3>Mission<\/h3>\n<p>L&rsquo;ACEC unit l\u2019industrie canadienne de la toiture pour promouvoir les<br \/>\nmeilleures\u00a0pratiques et l\u2019excellence dans la construction des toitures.<\/p>\n<\/div>\n<\/div>\n<hr \/>\n<p><!-- Values --><\/p>\n<div class=\"crca-vmv-item crca-vmv-values\">\n<div class=\"crca-vmv-icon\"><img decoding=\"async\" src=\"https:\/\/roofingcanada.com\/wp-content\/uploads\/2025\/11\/icon-values.png\" alt=\"Values icon\" \/><\/div>\n<div class=\"crca-vmv-text\">\n<h3>Valeurs<\/h3>\n<ol>\n<li><strong>Responsabilit\u00e9<\/strong> \u2014 Assumer nos actions et tenir nos engagements<\/li>\n<li><strong>Int\u00e9grit\u00e9 \u2014 <\/strong>Agir avec honn\u00eatet\u00e9, \u00e9quit\u00e9 et professionnalisme<strong>.<\/strong><\/li>\n<li><strong>Qualit\u00e9 \u2014 <\/strong>Promouvoir l\u2019excellence dans les normes et pratiques de la<\/li>\n<li><strong>Collaboration \u2014 <\/strong>Travailler ensemble pour renforcer l\u2019industrie.<\/li>\n<li><strong>Leadership <\/strong>\u2014 Guider l\u2019industrie par la promotion et les pratiques exemplaires.<\/li>\n<\/ol>\n<\/div>\n<\/div>\n<\/div>\n<h2>Domaines de r\u00e9sultats cl\u00e9s (DRC)<\/h2>\n<style>#sp-ea-12894 .spcollapsing { height: 0; overflow: hidden; transition-property: height;transition-duration: 300ms;}#sp-ea-12894.sp-easy-accordion>.sp-ea-single {margin-bottom: 10px; border: 1px solid #e2e2e2; }#sp-ea-12894.sp-easy-accordion>.sp-ea-single>.ea-header a {color: #ffffff;}#sp-ea-12894.sp-easy-accordion>.sp-ea-single>.sp-collapse>.ea-body {background: #fff; color: #444;}#sp-ea-12894.sp-easy-accordion>.sp-ea-single {background: #1774bb;}#sp-ea-12894.sp-easy-accordion>.sp-ea-single>.ea-header a .ea-expand-icon { float: right; color: #ffffff;font-size: 20px;}#sp-ea-12894.sp-easy-accordion>.sp-ea-single>.ea-header a .ea-expand-icon {margin-right: 0;}<\/style><div id=\"sp_easy_accordion-1763562842\"><div id=\"sp-ea-12894\" class=\"sp-ea-one sp-easy-accordion\" data-ea-active=\"ea-click\" data-ea-mode=\"vertical\" data-preloader=\"\" data-scroll-active-item=\"\" data-offset-to-scroll=\"0\"><div class=\"ea-card sp-ea-single\"><h3 class=\"ea-header\"><a class=\"collapsed\" id=\"ea-header-128940\" role=\"button\" data-sptoggle=\"spcollapse\" data-sptarget=\"#collapse128940\" aria-controls=\"collapse128940\" href=\"#\" aria-expanded=\"false\" tabindex=\"0\"><i aria-hidden=\"true\" role=\"presentation\" class=\"ea-expand-icon eap-icon-ea-expand-plus\"><\/i> Renforcer la collaboration nationale - provinciale et l\u2019engagement des membres<\/a><\/h3><div class=\"sp-collapse spcollapse spcollapse\" id=\"collapse128940\" data-parent=\"#sp-ea-12894\" role=\"region\" aria-labelledby=\"ea-header-128940\"> <div class=\"ea-body\"><p><strong><u>But<\/u> :<\/strong> <strong>Construire une organisation coh\u00e9rente, fond\u00e9e sur ses membres, qui respecte les forces r\u00e9gionales tout en apportant une valeur nationale.<\/strong><\/p><ol><li>Clarifier et harmoniser les r\u00f4les entre l\u2019ACEC et les associations provinciales afin de mieux servir les membres<\/li><li>Explorer et mettre en \u0153uvre des approches pour appuyer l'\u00e9tablissement d'un programme commun et am\u00e9liorer la communication.<\/li><li>Am\u00e9liorer la compr\u00e9hension des besoins des membres en collaboration avec les provinces<\/li><li>Promouvoir une communication plus ouverte et bidirectionnelle entre les associations provinciales et les entrepreneurs<\/li><li>Mettre en place des \u00e9v\u00e9nements visant \u00e0 \u00e9tablir des relations avec l'industrie<\/li><\/ol><\/div><\/div><\/div><div class=\"ea-card sp-ea-single\"><h3 class=\"ea-header\"><a class=\"collapsed\" id=\"ea-header-128941\" role=\"button\" data-sptoggle=\"spcollapse\" data-sptarget=\"#collapse128941\" aria-controls=\"collapse128941\" href=\"#\" aria-expanded=\"false\" tabindex=\"0\"><i aria-hidden=\"true\" role=\"presentation\" class=\"ea-expand-icon eap-icon-ea-expand-plus\"><\/i> Soutenir le d\u00e9veloppement de la main-d\u2019\u0153uvre et la durabilit\u00e9 de l\u2019industrie par l\u2019entremise des associations provinciales<\/a><\/h3><div class=\"sp-collapse spcollapse spcollapse\" id=\"collapse128941\" data-parent=\"#sp-ea-12894\" role=\"region\" aria-labelledby=\"ea-header-128941\"> <div class=\"ea-body\"><p><strong><u>But <\/u>: Contribuer au d\u00e9veloppement \u00e0 long terme de la main-d'\u0153uvre et \u00e0 la r\u00e9silience de l'industrie face aux pressions d\u00e9mographiques, technologiques et climatiques.<\/strong><\/p><ol><li>Promouvoir des programmes nationaux tels que l'immigration, l'apprentissage et la reconnaissance des m\u00e9tiers sp\u00e9cialis\u00e9s.<\/li><li>Mettre en place et soutenir des outils, des partenariats et des campagnes, et demander l'aide du gouvernement f\u00e9d\u00e9ral pour attirer et retenir les travailleurs<\/li><li>Renforcer la visibilit\u00e9 et la cr\u00e9dibilit\u00e9 de la construction en couverture comme choix de carri\u00e8re<\/li><li>Faire du CRCA une r\u00e9f\u00e9rence nationale en mati\u00e8re de main-d\u2019\u0153uvre et de d\u00e9veloppement durable.<\/li><\/ol><\/div><\/div><\/div><div class=\"ea-card sp-ea-single\"><h3 class=\"ea-header\"><a class=\"collapsed\" id=\"ea-header-128942\" role=\"button\" data-sptoggle=\"spcollapse\" data-sptarget=\"#collapse128942\" aria-controls=\"collapse128942\" href=\"#\" aria-expanded=\"false\" tabindex=\"0\"><i aria-hidden=\"true\" role=\"presentation\" class=\"ea-expand-icon eap-icon-ea-expand-plus\"><\/i> Promouvoir l\u2019influence technique et politique nationale<\/a><\/h3><div class=\"sp-collapse spcollapse spcollapse\" id=\"collapse128942\" data-parent=\"#sp-ea-12894\" role=\"region\" aria-labelledby=\"ea-header-128942\"> <div class=\"ea-body\"><p><strong><u>But <\/u>: \u00catre la voix nationale de r\u00e9f\u00e9rence pour le secteur de la toiture dans l\u2019\u00e9laboration des politiques, des r\u00e9glementations et des normes.<\/strong><\/p><ol><li>Collaborer avec le gouvernement f\u00e9d\u00e9ral dans le domaine de l'approvisionnement<\/li><li>Continuer \u00e0 exercer une influence sur l'\u00e9laboration des normes et des codes du gouvernement f\u00e9d\u00e9ral<\/li><li>Assurer la repr\u00e9sentation de l\u2019industrie dans les \u00e9changes intersectoriels de haut niveau sur la construction, les infrastructures et les enjeux li\u00e9s au travail.<\/li><\/ol><\/div><\/div><\/div><div class=\"ea-card sp-ea-single\"><h3 class=\"ea-header\"><a class=\"collapsed\" id=\"ea-header-128943\" role=\"button\" data-sptoggle=\"spcollapse\" data-sptarget=\"#collapse128943\" aria-controls=\"collapse128943\" href=\"#\" aria-expanded=\"false\" tabindex=\"0\"><i aria-hidden=\"true\" role=\"presentation\" class=\"ea-expand-icon eap-icon-ea-expand-plus\"><\/i> Am\u00e9liorer la capacit\u00e9 organisationnelle et la gouvernance<\/a><\/h3><div class=\"sp-collapse spcollapse spcollapse\" id=\"collapse128943\" data-parent=\"#sp-ea-12894\" role=\"region\" aria-labelledby=\"ea-header-128943\"> <div class=\"ea-body\"><p><strong><u>But <\/u>: \u00c9laborer un ACEC performant, bien gouvern\u00e9 et adapt\u00e9 \u00e0 son mandat.<\/strong><\/p><ol><li>Examiner et moderniser le mod\u00e8le de gouvernance (r\u00e8glements administratifs, politiques, repr\u00e9sentation) en consid\u00e9rant les commentaires des membres.<\/li><li>D\u00e9velopper la capacit\u00e9 du conseil d\u2019administration et du personnel en fonction des priorit\u00e9s strat\u00e9giques \u2013 offrir de la formation au besoin<\/li><li>Veiller \u00e0 la stabilit\u00e9 financi\u00e8re de l'ACEC<\/li><li>Mettre en \u0153uvre des indicateurs cl\u00e9s de performance et des syst\u00e8mes de responsabilit\u00e9 pour la gestion de la performance<\/li><li>Obtenir les ressources n\u00e9cessaires pour mettre en \u0153uvre la strat\u00e9gie, notamment la planification des ressources humaines, le financement et les partenariats.<\/li><\/ol><\/div><\/div><\/div><\/div><\/div>\n","protected":false},"excerpt":{"rendered":"<p>Le Plan strat\u00e9gique de l\u2019ACEC couvre les ann\u00e9es 2016 \u00e0 2020.<\/p>\n","protected":false},"author":1,"featured_media":3837,"parent":536,"menu_order":1,"comment_status":"closed","ping_status":"closed","template":"page-about.php","meta":{"_acf_changed":false,"footnotes":""},"class_list":["post-537","page","type-page","status-publish","has-post-thumbnail","hentry"],"acf":[],"yoast_head":"<!-- This site is optimized with the Yoast SEO plugin v27.4 - https:\/\/yoast.com\/product\/yoast-seo-wordpress\/ -->\n<title>Plan strat\u00e9gique de l\u2019ACEC<\/title>\n<meta name=\"description\" content=\"Lisez le plan strat\u00e9gique actuel de l\u2019ACEC ou trouvez rapidement les grands axes du plan.\" \/>\n<meta name=\"robots\" content=\"index, follow, max-snippet:-1, max-image-preview:large, max-video-preview:-1\" \/>\n<link rel=\"canonical\" href=\"https:\/\/roofingcanada.com\/fr\/profil-de-lacec\/gouvernance\/plan-strategique-statuts-et-reglements\/\" \/>\n<meta property=\"og:locale\" content=\"fr_FR\" \/>\n<meta property=\"og:type\" content=\"article\" \/>\n<meta property=\"og:title\" content=\"Plan strat\u00e9gique de l\u2019ACEC\" \/>\n<meta property=\"og:description\" content=\"Lisez le plan strat\u00e9gique actuel de l\u2019ACEC ou trouvez rapidement les grands axes du plan.\" \/>\n<meta property=\"og:url\" content=\"https:\/\/roofingcanada.com\/fr\/profil-de-lacec\/gouvernance\/plan-strategique-statuts-et-reglements\/\" \/>\n<meta property=\"og:site_name\" content=\"Canadian Roofing Contractors Association\" \/>\n<meta property=\"article:modified_time\" content=\"2025-12-10T13:21:13+00:00\" \/>\n<meta property=\"og:image\" content=\"https:\/\/roofingcanada.com\/wp-content\/uploads\/2018\/04\/icon-strategic-lan.png\" \/>\n\t<meta property=\"og:image:width\" content=\"101\" \/>\n\t<meta property=\"og:image:height\" content=\"101\" \/>\n\t<meta property=\"og:image:type\" content=\"image\/png\" \/>\n<meta name=\"twitter:card\" content=\"summary_large_image\" \/>\n<script type=\"application\/ld+json\" class=\"yoast-schema-graph\">{\"@context\":\"https:\\\/\\\/schema.org\",\"@graph\":[{\"@type\":\"WebPage\",\"@id\":\"https:\\\/\\\/roofingcanada.com\\\/fr\\\/profil-de-lacec\\\/gouvernance\\\/plan-strategique-statuts-et-reglements\\\/\",\"url\":\"https:\\\/\\\/roofingcanada.com\\\/fr\\\/profil-de-lacec\\\/gouvernance\\\/plan-strategique-statuts-et-reglements\\\/\",\"name\":\"Plan strat\u00e9gique de l\u2019ACEC\",\"isPartOf\":{\"@id\":\"https:\\\/\\\/roofingcanada.com\\\/#website\"},\"primaryImageOfPage\":{\"@id\":\"https:\\\/\\\/roofingcanada.com\\\/fr\\\/profil-de-lacec\\\/gouvernance\\\/plan-strategique-statuts-et-reglements\\\/#primaryimage\"},\"image\":{\"@id\":\"https:\\\/\\\/roofingcanada.com\\\/fr\\\/profil-de-lacec\\\/gouvernance\\\/plan-strategique-statuts-et-reglements\\\/#primaryimage\"},\"thumbnailUrl\":\"https:\\\/\\\/roofingcanada.com\\\/wp-content\\\/uploads\\\/2018\\\/04\\\/icon-strategic-lan.png\",\"datePublished\":\"2018-03-26T14:05:27+00:00\",\"dateModified\":\"2025-12-10T13:21:13+00:00\",\"description\":\"Lisez le plan strat\u00e9gique actuel de l\u2019ACEC ou trouvez rapidement les grands axes du plan.\",\"breadcrumb\":{\"@id\":\"https:\\\/\\\/roofingcanada.com\\\/fr\\\/profil-de-lacec\\\/gouvernance\\\/plan-strategique-statuts-et-reglements\\\/#breadcrumb\"},\"inLanguage\":\"fr-FR\",\"potentialAction\":[{\"@type\":\"ReadAction\",\"target\":[\"https:\\\/\\\/roofingcanada.com\\\/fr\\\/profil-de-lacec\\\/gouvernance\\\/plan-strategique-statuts-et-reglements\\\/\"]}]},{\"@type\":\"ImageObject\",\"inLanguage\":\"fr-FR\",\"@id\":\"https:\\\/\\\/roofingcanada.com\\\/fr\\\/profil-de-lacec\\\/gouvernance\\\/plan-strategique-statuts-et-reglements\\\/#primaryimage\",\"url\":\"https:\\\/\\\/roofingcanada.com\\\/wp-content\\\/uploads\\\/2018\\\/04\\\/icon-strategic-lan.png\",\"contentUrl\":\"https:\\\/\\\/roofingcanada.com\\\/wp-content\\\/uploads\\\/2018\\\/04\\\/icon-strategic-lan.png\",\"width\":101,\"height\":101},{\"@type\":\"BreadcrumbList\",\"@id\":\"https:\\\/\\\/roofingcanada.com\\\/fr\\\/profil-de-lacec\\\/gouvernance\\\/plan-strategique-statuts-et-reglements\\\/#breadcrumb\",\"itemListElement\":[{\"@type\":\"ListItem\",\"position\":1,\"name\":\"Profil de l&rsquo;ACEC\",\"item\":\"https:\\\/\\\/roofingcanada.com\\\/fr\\\/profil-de-lacec\\\/\"},{\"@type\":\"ListItem\",\"position\":2,\"name\":\"Gouvernance\",\"item\":\"https:\\\/\\\/roofingcanada.com\\\/fr\\\/profil-de-lacec\\\/gouvernance\\\/\"},{\"@type\":\"ListItem\",\"position\":3,\"name\":\"Plan strat\u00e9gique, statuts, et r\u00e8glements\"}]},{\"@type\":\"WebSite\",\"@id\":\"https:\\\/\\\/roofingcanada.com\\\/#website\",\"url\":\"https:\\\/\\\/roofingcanada.com\\\/\",\"name\":\"Canadian Roofing Contractors Association\",\"description\":\"Sous un seul toit\",\"potentialAction\":[{\"@type\":\"SearchAction\",\"target\":{\"@type\":\"EntryPoint\",\"urlTemplate\":\"https:\\\/\\\/roofingcanada.com\\\/?s={search_term_string}\"},\"query-input\":{\"@type\":\"PropertyValueSpecification\",\"valueRequired\":true,\"valueName\":\"search_term_string\"}}],\"inLanguage\":\"fr-FR\"}]}<\/script>\n<!-- \/ Yoast SEO plugin. -->","yoast_head_json":{"title":"Plan strat\u00e9gique de l\u2019ACEC","description":"Lisez le plan strat\u00e9gique actuel de l\u2019ACEC ou trouvez rapidement les grands axes du plan.","robots":{"index":"index","follow":"follow","max-snippet":"max-snippet:-1","max-image-preview":"max-image-preview:large","max-video-preview":"max-video-preview:-1"},"canonical":"https:\/\/roofingcanada.com\/fr\/profil-de-lacec\/gouvernance\/plan-strategique-statuts-et-reglements\/","og_locale":"fr_FR","og_type":"article","og_title":"Plan strat\u00e9gique de l\u2019ACEC","og_description":"Lisez le plan strat\u00e9gique actuel de l\u2019ACEC ou trouvez rapidement les grands axes du plan.","og_url":"https:\/\/roofingcanada.com\/fr\/profil-de-lacec\/gouvernance\/plan-strategique-statuts-et-reglements\/","og_site_name":"Canadian Roofing Contractors Association","article_modified_time":"2025-12-10T13:21:13+00:00","og_image":[{"width":101,"height":101,"url":"https:\/\/roofingcanada.com\/wp-content\/uploads\/2018\/04\/icon-strategic-lan.png","type":"image\/png"}],"twitter_card":"summary_large_image","schema":{"@context":"https:\/\/schema.org","@graph":[{"@type":"WebPage","@id":"https:\/\/roofingcanada.com\/fr\/profil-de-lacec\/gouvernance\/plan-strategique-statuts-et-reglements\/","url":"https:\/\/roofingcanada.com\/fr\/profil-de-lacec\/gouvernance\/plan-strategique-statuts-et-reglements\/","name":"Plan strat\u00e9gique de l\u2019ACEC","isPartOf":{"@id":"https:\/\/roofingcanada.com\/#website"},"primaryImageOfPage":{"@id":"https:\/\/roofingcanada.com\/fr\/profil-de-lacec\/gouvernance\/plan-strategique-statuts-et-reglements\/#primaryimage"},"image":{"@id":"https:\/\/roofingcanada.com\/fr\/profil-de-lacec\/gouvernance\/plan-strategique-statuts-et-reglements\/#primaryimage"},"thumbnailUrl":"https:\/\/roofingcanada.com\/wp-content\/uploads\/2018\/04\/icon-strategic-lan.png","datePublished":"2018-03-26T14:05:27+00:00","dateModified":"2025-12-10T13:21:13+00:00","description":"Lisez le plan strat\u00e9gique actuel de l\u2019ACEC ou trouvez rapidement les grands axes du plan.","breadcrumb":{"@id":"https:\/\/roofingcanada.com\/fr\/profil-de-lacec\/gouvernance\/plan-strategique-statuts-et-reglements\/#breadcrumb"},"inLanguage":"fr-FR","potentialAction":[{"@type":"ReadAction","target":["https:\/\/roofingcanada.com\/fr\/profil-de-lacec\/gouvernance\/plan-strategique-statuts-et-reglements\/"]}]},{"@type":"ImageObject","inLanguage":"fr-FR","@id":"https:\/\/roofingcanada.com\/fr\/profil-de-lacec\/gouvernance\/plan-strategique-statuts-et-reglements\/#primaryimage","url":"https:\/\/roofingcanada.com\/wp-content\/uploads\/2018\/04\/icon-strategic-lan.png","contentUrl":"https:\/\/roofingcanada.com\/wp-content\/uploads\/2018\/04\/icon-strategic-lan.png","width":101,"height":101},{"@type":"BreadcrumbList","@id":"https:\/\/roofingcanada.com\/fr\/profil-de-lacec\/gouvernance\/plan-strategique-statuts-et-reglements\/#breadcrumb","itemListElement":[{"@type":"ListItem","position":1,"name":"Profil de l&rsquo;ACEC","item":"https:\/\/roofingcanada.com\/fr\/profil-de-lacec\/"},{"@type":"ListItem","position":2,"name":"Gouvernance","item":"https:\/\/roofingcanada.com\/fr\/profil-de-lacec\/gouvernance\/"},{"@type":"ListItem","position":3,"name":"Plan strat\u00e9gique, statuts, et r\u00e8glements"}]},{"@type":"WebSite","@id":"https:\/\/roofingcanada.com\/#website","url":"https:\/\/roofingcanada.com\/","name":"Canadian Roofing Contractors Association","description":"Sous un seul toit","potentialAction":[{"@type":"SearchAction","target":{"@type":"EntryPoint","urlTemplate":"https:\/\/roofingcanada.com\/?s={search_term_string}"},"query-input":{"@type":"PropertyValueSpecification","valueRequired":true,"valueName":"search_term_string"}}],"inLanguage":"fr-FR"}]}},"_links":{"self":[{"href":"https:\/\/roofingcanada.com\/fr\/wp-json\/wp\/v2\/pages\/537","targetHints":{"allow":["GET"]}}],"collection":[{"href":"https:\/\/roofingcanada.com\/fr\/wp-json\/wp\/v2\/pages"}],"about":[{"href":"https:\/\/roofingcanada.com\/fr\/wp-json\/wp\/v2\/types\/page"}],"author":[{"embeddable":true,"href":"https:\/\/roofingcanada.com\/fr\/wp-json\/wp\/v2\/users\/1"}],"replies":[{"embeddable":true,"href":"https:\/\/roofingcanada.com\/fr\/wp-json\/wp\/v2\/comments?post=537"}],"version-history":[{"count":22,"href":"https:\/\/roofingcanada.com\/fr\/wp-json\/wp\/v2\/pages\/537\/revisions"}],"predecessor-version":[{"id":12967,"href":"https:\/\/roofingcanada.com\/fr\/wp-json\/wp\/v2\/pages\/537\/revisions\/12967"}],"up":[{"embeddable":true,"href":"https:\/\/roofingcanada.com\/fr\/wp-json\/wp\/v2\/pages\/536"}],"wp:featuredmedia":[{"embeddable":true,"href":"https:\/\/roofingcanada.com\/fr\/wp-json\/wp\/v2\/media\/3837"}],"wp:attachment":[{"href":"https:\/\/roofingcanada.com\/fr\/wp-json\/wp\/v2\/media?parent=537"}],"curies":[{"name":"wp","href":"https:\/\/api.w.org\/{rel}","templated":true}]}}