{"id":536,"date":"2018-03-26T14:04:59","date_gmt":"2018-03-26T14:04:59","guid":{"rendered":"https:\/\/roofingcanada.com\/?page_id=536"},"modified":"2025-12-10T08:18:26","modified_gmt":"2025-12-10T13:18:26","slug":"gouvernance","status":"publish","type":"page","link":"https:\/\/roofingcanada.com\/fr\/profil-de-lacec\/gouvernance\/","title":{"rendered":"Gouvernance"},"content":{"rendered":"<p>La gouvernance fait partie int\u00e9grante du mandat strat\u00e9gique de l\u2019ACEC. Nous cherchons des occasions d\u2019optimiser continuellement nos op\u00e9rations, notre technologie et notre surveillance de la fa\u00e7on suivante :<\/p>\n<ul>\n<li>En collaborant avec les associations affili\u00e9es;<\/li>\n<li>En coordonnant les efforts de b\u00e9n\u00e9volat;<\/li>\n<li>En modernisant la technologie et des communications.<\/li>\n<\/ul>\n<p>La gouvernance de l\u2019ACEC soutient et renforce les valeurs fondamentales de l\u2019organisation :<\/p>\n<hr \/>\n<h3><img loading=\"lazy\" decoding=\"async\" class=\"alignright size-full wp-image-920\" src=\"https:\/\/roofingcanada.com\/wp-content\/uploads\/2025\/12\/icon-vision-1.png\" alt=\"\" width=\"90\" height=\"60\" \/><\/h3>\n<h3>Vision<\/h3>\n<p>Pour am\u00e9liorer l\u2019image et qualit\u00e9 de la toiture au Canada.<\/p>\n<hr \/>\n<h3><img loading=\"lazy\" decoding=\"async\" class=\"alignright size-full wp-image-919\" src=\"https:\/\/roofingcanada.com\/wp-content\/uploads\/2025\/12\/icon-mission-1.png\" alt=\"\" width=\"90\" height=\"74\" \/><\/h3>\n<h3>Mission<\/h3>\n<p>L&rsquo;ACEC unit l\u2019industrie canadienne de la toiture pour promouvoir les<br \/>\nmeilleures pratiques et l\u2019excellence dans la construction des toitures.<\/p>\n<hr \/>\n<h3><img loading=\"lazy\" decoding=\"async\" class=\"alignright size-full wp-image-918\" src=\"https:\/\/roofingcanada.com\/wp-content\/uploads\/2025\/12\/icon-values.png\" alt=\"\" width=\"90\" height=\"90\" \/><\/h3>\n<h3>Valeurs<\/h3>\n<ol>\n<li><strong>Responsabilit\u00e9<\/strong> \u2014 Assumer nos actions et tenir nos engagements<\/li>\n<li><strong>Int\u00e9grit\u00e9 \u2014 <\/strong>Agir avec honn\u00eatet\u00e9, \u00e9quit\u00e9 et professionnalisme<strong>.<\/strong><\/li>\n<li><strong>Qualit\u00e9 \u2014 <\/strong>Promouvoir l\u2019excellence dans les normes et pratiques de la<\/li>\n<li><strong>Collaboration \u2014 <\/strong>Travailler ensemble pour renforcer l\u2019industrie.<\/li>\n<li><strong>Leadership <\/strong>\u2014 Guider l\u2019industrie par la promotion et les pratiques exemplaires.<\/li>\n<\/ol>\n<hr \/>\n<h3><img loading=\"lazy\" decoding=\"async\" class=\"alignright size-full wp-image-921\" src=\"https:\/\/roofingcanada.com\/wp-content\/uploads\/2018\/04\/icon-unity-1.png\" alt=\"\" width=\"90\" height=\"90\" \/>Unit\u00e9<\/h3>\n<p>Une voix unique et puissante est n\u00e9cessaire pour qu\u2019une industrie puisse se faire entendre sur des questions nationales et internationales. Nous travaillons en collaboration pour appuyer les entrepreneurs en couverture, les fabricants\/fournisseurs, les consultants et les associations provinciales affili\u00e9es de toiture partout au Canada en leur offrant une voix unifi\u00e9e sur les questions qui les touchent et qui touchent leurs clients.<\/p>\n<hr \/>\n<h3><img loading=\"lazy\" decoding=\"async\" class=\"alignright size-full wp-image-922\" src=\"https:\/\/roofingcanada.com\/wp-content\/uploads\/2018\/04\/icon-collaboration-1.png\" alt=\"\" width=\"90\" height=\"90\" \/>Collaboration<\/h3>\n<p>La collaboration \u00e0 l\u2019\u00e9chelle de l\u2019industrie est essentielle pour que les couvreurs soient bien repr\u00e9sent\u00e9s au Canada. Gr\u00e2ce aux programmes et services nationaux, nous favorisons la collaboration entre les entrepreneurs en couverture, les consultants, les fournisseurs, les associations provinciales et les partenaires de l\u2019industrie du Canada.<\/p>\n<p>&nbsp;<\/p>\n","protected":false},"excerpt":{"rendered":"<p>La gouvernance fait partie int\u00e9grante du mandat strat\u00e9gique de l\u2019ACEC. <\/p>\n","protected":false},"author":1,"featured_media":3844,"parent":130,"menu_order":1,"comment_status":"closed","ping_status":"closed","template":"page-about.php","meta":{"_acf_changed":false,"footnotes":""},"class_list":["post-536","page","type-page","status-publish","has-post-thumbnail","hentry"],"acf":[],"yoast_head":"<!-- This site is optimized with the Yoast SEO plugin v27.4 - https:\/\/yoast.com\/product\/yoast-seo-wordpress\/ -->\n<title>Gouvernance de l\u2019ACEC \u2013 l&#039;Association canadienne des entrepreneurs en couverture<\/title>\n<meta name=\"description\" content=\"La politique de gouvernance de l\u2019ACEC comprend la recherche d\u2019occasions d\u2019optimiser continuellement les op\u00e9rations, la technologie et la surveillance. En savoir plus...\" \/>\n<meta name=\"robots\" content=\"index, follow, max-snippet:-1, max-image-preview:large, max-video-preview:-1\" \/>\n<link rel=\"canonical\" href=\"https:\/\/roofingcanada.com\/fr\/profil-de-lacec\/gouvernance\/\" \/>\n<meta property=\"og:locale\" content=\"fr_FR\" \/>\n<meta property=\"og:type\" content=\"article\" \/>\n<meta property=\"og:title\" content=\"Gouvernance de l\u2019ACEC \u2013 l&#039;Association canadienne des entrepreneurs en couverture\" \/>\n<meta property=\"og:description\" content=\"La politique de gouvernance de l\u2019ACEC comprend la recherche d\u2019occasions d\u2019optimiser continuellement les op\u00e9rations, la technologie et la surveillance. En savoir plus...\" \/>\n<meta property=\"og:url\" content=\"https:\/\/roofingcanada.com\/fr\/profil-de-lacec\/gouvernance\/\" \/>\n<meta property=\"og:site_name\" content=\"Canadian Roofing Contractors Association\" \/>\n<meta property=\"article:modified_time\" content=\"2025-12-10T13:18:26+00:00\" \/>\n<meta property=\"og:image\" content=\"https:\/\/roofingcanada.com\/wp-content\/uploads\/2018\/04\/icon-governancepng.png\" \/>\n\t<meta property=\"og:image:width\" content=\"101\" \/>\n\t<meta property=\"og:image:height\" content=\"101\" \/>\n\t<meta property=\"og:image:type\" content=\"image\/png\" \/>\n<meta name=\"twitter:card\" content=\"summary_large_image\" \/>\n<script type=\"application\/ld+json\" class=\"yoast-schema-graph\">{\"@context\":\"https:\\\/\\\/schema.org\",\"@graph\":[{\"@type\":\"WebPage\",\"@id\":\"https:\\\/\\\/roofingcanada.com\\\/fr\\\/profil-de-lacec\\\/gouvernance\\\/\",\"url\":\"https:\\\/\\\/roofingcanada.com\\\/fr\\\/profil-de-lacec\\\/gouvernance\\\/\",\"name\":\"Gouvernance de l\u2019ACEC \u2013 l'Association canadienne des entrepreneurs en couverture\",\"isPartOf\":{\"@id\":\"https:\\\/\\\/roofingcanada.com\\\/#website\"},\"primaryImageOfPage\":{\"@id\":\"https:\\\/\\\/roofingcanada.com\\\/fr\\\/profil-de-lacec\\\/gouvernance\\\/#primaryimage\"},\"image\":{\"@id\":\"https:\\\/\\\/roofingcanada.com\\\/fr\\\/profil-de-lacec\\\/gouvernance\\\/#primaryimage\"},\"thumbnailUrl\":\"https:\\\/\\\/roofingcanada.com\\\/wp-content\\\/uploads\\\/2018\\\/04\\\/icon-governancepng.png\",\"datePublished\":\"2018-03-26T14:04:59+00:00\",\"dateModified\":\"2025-12-10T13:18:26+00:00\",\"description\":\"La politique de gouvernance de l\u2019ACEC comprend la recherche d\u2019occasions d\u2019optimiser continuellement les op\u00e9rations, la technologie et la surveillance. En savoir plus...\",\"breadcrumb\":{\"@id\":\"https:\\\/\\\/roofingcanada.com\\\/fr\\\/profil-de-lacec\\\/gouvernance\\\/#breadcrumb\"},\"inLanguage\":\"fr-FR\",\"potentialAction\":[{\"@type\":\"ReadAction\",\"target\":[\"https:\\\/\\\/roofingcanada.com\\\/fr\\\/profil-de-lacec\\\/gouvernance\\\/\"]}]},{\"@type\":\"ImageObject\",\"inLanguage\":\"fr-FR\",\"@id\":\"https:\\\/\\\/roofingcanada.com\\\/fr\\\/profil-de-lacec\\\/gouvernance\\\/#primaryimage\",\"url\":\"https:\\\/\\\/roofingcanada.com\\\/wp-content\\\/uploads\\\/2018\\\/04\\\/icon-governancepng.png\",\"contentUrl\":\"https:\\\/\\\/roofingcanada.com\\\/wp-content\\\/uploads\\\/2018\\\/04\\\/icon-governancepng.png\",\"width\":101,\"height\":101},{\"@type\":\"BreadcrumbList\",\"@id\":\"https:\\\/\\\/roofingcanada.com\\\/fr\\\/profil-de-lacec\\\/gouvernance\\\/#breadcrumb\",\"itemListElement\":[{\"@type\":\"ListItem\",\"position\":1,\"name\":\"Profil de l&rsquo;ACEC\",\"item\":\"https:\\\/\\\/roofingcanada.com\\\/fr\\\/profil-de-lacec\\\/\"},{\"@type\":\"ListItem\",\"position\":2,\"name\":\"Gouvernance\"}]},{\"@type\":\"WebSite\",\"@id\":\"https:\\\/\\\/roofingcanada.com\\\/#website\",\"url\":\"https:\\\/\\\/roofingcanada.com\\\/\",\"name\":\"Canadian Roofing Contractors Association\",\"description\":\"Sous un seul toit\",\"potentialAction\":[{\"@type\":\"SearchAction\",\"target\":{\"@type\":\"EntryPoint\",\"urlTemplate\":\"https:\\\/\\\/roofingcanada.com\\\/?s={search_term_string}\"},\"query-input\":{\"@type\":\"PropertyValueSpecification\",\"valueRequired\":true,\"valueName\":\"search_term_string\"}}],\"inLanguage\":\"fr-FR\"}]}<\/script>\n<!-- \/ Yoast SEO plugin. -->","yoast_head_json":{"title":"Gouvernance de l\u2019ACEC \u2013 l'Association canadienne des entrepreneurs en couverture","description":"La politique de gouvernance de l\u2019ACEC comprend la recherche d\u2019occasions d\u2019optimiser continuellement les op\u00e9rations, la technologie et la surveillance. En savoir plus...","robots":{"index":"index","follow":"follow","max-snippet":"max-snippet:-1","max-image-preview":"max-image-preview:large","max-video-preview":"max-video-preview:-1"},"canonical":"https:\/\/roofingcanada.com\/fr\/profil-de-lacec\/gouvernance\/","og_locale":"fr_FR","og_type":"article","og_title":"Gouvernance de l\u2019ACEC \u2013 l'Association canadienne des entrepreneurs en couverture","og_description":"La politique de gouvernance de l\u2019ACEC comprend la recherche d\u2019occasions d\u2019optimiser continuellement les op\u00e9rations, la technologie et la surveillance. En savoir plus...","og_url":"https:\/\/roofingcanada.com\/fr\/profil-de-lacec\/gouvernance\/","og_site_name":"Canadian Roofing Contractors Association","article_modified_time":"2025-12-10T13:18:26+00:00","og_image":[{"width":101,"height":101,"url":"https:\/\/roofingcanada.com\/wp-content\/uploads\/2018\/04\/icon-governancepng.png","type":"image\/png"}],"twitter_card":"summary_large_image","schema":{"@context":"https:\/\/schema.org","@graph":[{"@type":"WebPage","@id":"https:\/\/roofingcanada.com\/fr\/profil-de-lacec\/gouvernance\/","url":"https:\/\/roofingcanada.com\/fr\/profil-de-lacec\/gouvernance\/","name":"Gouvernance de l\u2019ACEC \u2013 l'Association canadienne des entrepreneurs en couverture","isPartOf":{"@id":"https:\/\/roofingcanada.com\/#website"},"primaryImageOfPage":{"@id":"https:\/\/roofingcanada.com\/fr\/profil-de-lacec\/gouvernance\/#primaryimage"},"image":{"@id":"https:\/\/roofingcanada.com\/fr\/profil-de-lacec\/gouvernance\/#primaryimage"},"thumbnailUrl":"https:\/\/roofingcanada.com\/wp-content\/uploads\/2018\/04\/icon-governancepng.png","datePublished":"2018-03-26T14:04:59+00:00","dateModified":"2025-12-10T13:18:26+00:00","description":"La politique de gouvernance de l\u2019ACEC comprend la recherche d\u2019occasions d\u2019optimiser continuellement les op\u00e9rations, la technologie et la surveillance. En savoir plus...","breadcrumb":{"@id":"https:\/\/roofingcanada.com\/fr\/profil-de-lacec\/gouvernance\/#breadcrumb"},"inLanguage":"fr-FR","potentialAction":[{"@type":"ReadAction","target":["https:\/\/roofingcanada.com\/fr\/profil-de-lacec\/gouvernance\/"]}]},{"@type":"ImageObject","inLanguage":"fr-FR","@id":"https:\/\/roofingcanada.com\/fr\/profil-de-lacec\/gouvernance\/#primaryimage","url":"https:\/\/roofingcanada.com\/wp-content\/uploads\/2018\/04\/icon-governancepng.png","contentUrl":"https:\/\/roofingcanada.com\/wp-content\/uploads\/2018\/04\/icon-governancepng.png","width":101,"height":101},{"@type":"BreadcrumbList","@id":"https:\/\/roofingcanada.com\/fr\/profil-de-lacec\/gouvernance\/#breadcrumb","itemListElement":[{"@type":"ListItem","position":1,"name":"Profil de l&rsquo;ACEC","item":"https:\/\/roofingcanada.com\/fr\/profil-de-lacec\/"},{"@type":"ListItem","position":2,"name":"Gouvernance"}]},{"@type":"WebSite","@id":"https:\/\/roofingcanada.com\/#website","url":"https:\/\/roofingcanada.com\/","name":"Canadian Roofing Contractors Association","description":"Sous un seul toit","potentialAction":[{"@type":"SearchAction","target":{"@type":"EntryPoint","urlTemplate":"https:\/\/roofingcanada.com\/?s={search_term_string}"},"query-input":{"@type":"PropertyValueSpecification","valueRequired":true,"valueName":"search_term_string"}}],"inLanguage":"fr-FR"}]}},"_links":{"self":[{"href":"https:\/\/roofingcanada.com\/fr\/wp-json\/wp\/v2\/pages\/536","targetHints":{"allow":["GET"]}}],"collection":[{"href":"https:\/\/roofingcanada.com\/fr\/wp-json\/wp\/v2\/pages"}],"about":[{"href":"https:\/\/roofingcanada.com\/fr\/wp-json\/wp\/v2\/types\/page"}],"author":[{"embeddable":true,"href":"https:\/\/roofingcanada.com\/fr\/wp-json\/wp\/v2\/users\/1"}],"replies":[{"embeddable":true,"href":"https:\/\/roofingcanada.com\/fr\/wp-json\/wp\/v2\/comments?post=536"}],"version-history":[{"count":12,"href":"https:\/\/roofingcanada.com\/fr\/wp-json\/wp\/v2\/pages\/536\/revisions"}],"predecessor-version":[{"id":12965,"href":"https:\/\/roofingcanada.com\/fr\/wp-json\/wp\/v2\/pages\/536\/revisions\/12965"}],"up":[{"embeddable":true,"href":"https:\/\/roofingcanada.com\/fr\/wp-json\/wp\/v2\/pages\/130"}],"wp:featuredmedia":[{"embeddable":true,"href":"https:\/\/roofingcanada.com\/fr\/wp-json\/wp\/v2\/media\/3844"}],"wp:attachment":[{"href":"https:\/\/roofingcanada.com\/fr\/wp-json\/wp\/v2\/media?parent=536"}],"curies":[{"name":"wp","href":"https:\/\/api.w.org\/{rel}","templated":true}]}}