{"id":344,"date":"2018-03-22T18:30:33","date_gmt":"2018-03-22T18:30:33","guid":{"rendered":"https:\/\/roofingcanada.com\/?page_id=344"},"modified":"2024-09-18T13:43:22","modified_gmt":"2024-09-18T17:43:22","slug":"prix-frank-ladner","status":"publish","type":"page","link":"https:\/\/roofingcanada.com\/fr\/profil-de-lacec\/prix\/prix-frank-ladner\/","title":{"rendered":"Prix Frank Ladner"},"content":{"rendered":"<p>Avec le Prix Frank Ladner, l\u2019ACEC reconna\u00eet une personne pour sa contribution technique \u00e0 l\u2019industrie de la toiture. Ce prix a \u00e9t\u00e9 cr\u00e9\u00e9 en l\u2019honneur du premier directeur technique de l\u2019ACEC, Frank Ladner.<\/p>\n<h2>Admissibilit\u00e9<\/h2>\n<p>Les candidats doivent avoir d\u00e9montr\u00e9 la qualit\u00e9 de leurs connaissances techniques dans l\u2019industrie de la toiture.<\/p>\n<h2>Candidatures<\/h2>\n<p>Veuillez soumettre les candidatures au plus tard le 31 d\u00e9cembre de chaque ann\u00e9e.<\/p>\n<p>T\u00e9l\u00e9chargez la trousse de candidature au Prix Frank Ladner <a href=\"https:\/\/roofingcanada.com\/wp-content\/uploads\/2024\/09\/Prix-Frank-Ladner.pdf\" target=\"_blank\" rel=\"noopener\">ici (PDF)<\/a>.<\/p>\n<h2>Le prix<\/h2>\n<p>Les candidats retenus verront leur nom ajout\u00e9 \u00e0 la plaque qui se trouve au si\u00e8ge social de l\u2019ACEC \u00e0 Ottawa et recevront une plaque \u00e0 l\u2019assembl\u00e9e g\u00e9n\u00e9rale annuelle de l\u2019Association.<\/p>\n<h2>R\u00e9cipiendaires ant\u00e9rieurs<\/h2>\n<p>Ces ex-laur\u00e9ats du Prix Frank Ladner sont reconnus sur une plaque suspendue au si\u00e8ge social d\u2019Ottawa de l\u2019ACEC.<\/p>\n<div class=\"grid-row\">\n<div class=\"grid grid_2\">\n<h3>2022<\/h3>\n<p><strong>Mr. Gary Hamilton<\/strong><br \/>\nNew Brunswick Roofing Contractors Association (Retired)<br \/>\nSt-John NB<\/p>\n<\/div>\n<div class=\"grid grid_2\">\n<h3>2021<\/h3>\n<p><strong>Mr. Howard Schlamb<\/strong><br \/>\nChilliwack Roofing Ltd.<br \/>\nChilliwack BC<\/p>\n<\/div>\n<\/div>\n<div class=\"grid-row\">\n<div class=\"grid grid_2\">\n<h3>2020<\/h3>\n<p><strong>Mr. D. Miller (David)<\/strong><br \/>\nIKO Industries (Retired)<br \/>\nBurlington ON<\/p>\n<\/div>\n<div class=\"grid grid_2\">\n<h3>2016<\/h3>\n<p><strong>Dr. Sudhakar Molleti (Suda)<\/strong><br \/>\nResearch Officer<br \/>\nNRC Construction Portfolio<br \/>\nNational Research Council Canada<br \/>\nOttawa ON<\/p>\n<\/div>\n<\/div>\n<div class=\"grid-row\">\n<div class=\"grid grid_2\">\n<h3>2013<\/h3>\n<p><strong>Mr. J. Watson (Jim)<\/strong><br \/>\nVictoria BC<\/p>\n<\/div>\n<div class=\"grid grid_2\">\n<h3>2012<\/h3>\n<p><strong>Dr. B. Baskaran (Bas)<\/strong><br \/>\nNational Research Council Canada<br \/>\nOttawa ON<\/p>\n<\/div>\n<\/div>\n<div class=\"grid-row\">\n<div class=\"grid grid_2\">\n<h3>2011<\/h3>\n<p><strong>Mr. R. Lachapelle (Roger)<\/strong><br \/>\nLes Industries Pard Inc.<br \/>\nRouyn Noranda QC<\/p>\n<\/div>\n<div class=\"grid grid_2\">\n<h3>2009<\/h3>\n<p><strong>Mr. R. Booth (Robert)<\/strong><br \/>\nDeceased<\/p>\n<\/div>\n<\/div>\n<div class=\"grid-row\">\n<div class=\"grid grid_2\">\n<h3>2008<\/h3>\n<p><strong>Mr. J. Plumridge (Jim)<\/strong><br \/>\nPrince Sheet Metal &amp; Heating Ltd.<br \/>\nPrince George BC<\/p>\n<\/div>\n<div class=\"grid grid_2\">\n<h3>2007<\/h3>\n<p><strong>Mr. K. Wilson (Keith)<\/strong><br \/>\nOrillia ON<\/p>\n<\/div>\n<\/div>\n<div class=\"grid-row\">\n<div class=\"grid grid_2\">\n<h3>2002<\/h3>\n<p><strong>Mr. B. Naylor (Bill)<\/strong><br \/>\nRegina SK<\/p>\n<\/div>\n<div class=\"grid grid_2\">\n<h3>2000<\/h3>\n<p><strong>Mr. P. Kalinger (Peter)<\/strong><br \/>\nCRCA<br \/>\nOttawa ON<\/p>\n<p><strong>Mr. L. Humble (Larry)<\/strong><br \/>\nDeceased<\/p>\n<\/div>\n<\/div>\n<div class=\"grid-row\">\n<div class=\"grid grid_2\">\n<h3>1997<\/h3>\n<p><strong>Dr. R. Paroli (Ralph)<br \/>\n<\/strong>National Research Council<br \/>\nOttawa ON<\/p>\n<\/div>\n<div class=\"grid grid_2\">\n<h3>1996<\/h3>\n<p><strong>Mr. E. Gallos (Ed)<\/strong><br \/>\nMaster Roofers Ltd.<br \/>\nWinnipeg MB<\/p>\n<\/div>\n<\/div>\n<div class=\"grid-row\">\n<div class=\"grid grid_2\">\n<h3>1995<\/h3>\n<p><strong>Mr. R.G. Turenne (Bob)<\/strong><br \/>\nNepean ON<\/p>\n<\/div>\n<div class=\"grid grid_2\">\n<h3>1994<\/h3>\n<p><strong>Mr. J.M. Minialoff (Joseph)<\/strong><br \/>\nToronto ON<\/p>\n<\/div>\n<\/div>\n<div class=\"grid-row\">\n<div class=\"grid grid_2\">\n<h3>1993<\/h3>\n<p><strong>Mr. E.C. Thomas (Barney)<\/strong><br \/>\nDeceased<\/p>\n<\/div>\n<div class=\"grid grid_2\">\n<h3>1992<\/h3>\n<p><strong>Mr. M.C. Baker (Maxwell)<\/strong><br \/>\nRichmond BC<\/p>\n<\/div>\n<\/div>\n<div class=\"grid-row\">\n<div class=\"grid grid_2\">\n<h3>1991<\/h3>\n<p><strong>Mr. H.E. Saint-Amour (Henri)<\/strong><br \/>\nDeceased<\/p>\n<\/div>\n<\/div>\n","protected":false},"excerpt":{"rendered":"<p>Ce prix r\u00e9compense une personne pour sa contribution technique importante \u00e0 l\u2019industrie de la toiture. <\/p>\n","protected":false},"author":1,"featured_media":852,"parent":147,"menu_order":1,"comment_status":"closed","ping_status":"closed","template":"","meta":{"_acf_changed":false,"footnotes":""},"class_list":["post-344","page","type-page","status-publish","has-post-thumbnail","hentry"],"acf":[],"yoast_head":"<!-- This site is optimized with the Yoast SEO plugin v27.4 - https:\/\/yoast.com\/product\/yoast-seo-wordpress\/ -->\n<title>Prix \u200b\u200bFrank Ladner<\/title>\n<meta name=\"description\" content=\"Le Prix Frank Ladner rend hommage \u00e0 une personne pour sa contribution technique \u00e0 l\u2019industrie de la toiture.\" \/>\n<meta name=\"robots\" content=\"index, follow, max-snippet:-1, max-image-preview:large, max-video-preview:-1\" \/>\n<link rel=\"canonical\" href=\"https:\/\/roofingcanada.com\/fr\/profil-de-lacec\/prix\/prix-frank-ladner\/\" \/>\n<meta property=\"og:locale\" content=\"fr_FR\" \/>\n<meta property=\"og:type\" content=\"article\" \/>\n<meta property=\"og:title\" content=\"Prix \u200b\u200bFrank Ladner\" \/>\n<meta property=\"og:description\" content=\"Le Prix Frank Ladner rend hommage \u00e0 une personne pour sa contribution technique \u00e0 l\u2019industrie de la toiture.\" \/>\n<meta property=\"og:url\" content=\"https:\/\/roofingcanada.com\/fr\/profil-de-lacec\/prix\/prix-frank-ladner\/\" \/>\n<meta property=\"og:site_name\" content=\"Canadian Roofing Contractors Association\" \/>\n<meta property=\"article:modified_time\" content=\"2024-09-18T17:43:22+00:00\" \/>\n<meta property=\"og:image\" content=\"https:\/\/roofingcanada.com\/wp-content\/uploads\/2018\/04\/icon-award-ladner.png\" \/>\n\t<meta property=\"og:image:width\" content=\"101\" \/>\n\t<meta property=\"og:image:height\" content=\"101\" \/>\n\t<meta property=\"og:image:type\" content=\"image\/png\" \/>\n<meta name=\"twitter:card\" content=\"summary_large_image\" \/>\n<script type=\"application\/ld+json\" class=\"yoast-schema-graph\">{\"@context\":\"https:\\\/\\\/schema.org\",\"@graph\":[{\"@type\":\"WebPage\",\"@id\":\"https:\\\/\\\/roofingcanada.com\\\/fr\\\/profil-de-lacec\\\/prix\\\/prix-frank-ladner\\\/\",\"url\":\"https:\\\/\\\/roofingcanada.com\\\/fr\\\/profil-de-lacec\\\/prix\\\/prix-frank-ladner\\\/\",\"name\":\"Prix \u200b\u200bFrank Ladner\",\"isPartOf\":{\"@id\":\"https:\\\/\\\/roofingcanada.com\\\/#website\"},\"primaryImageOfPage\":{\"@id\":\"https:\\\/\\\/roofingcanada.com\\\/fr\\\/profil-de-lacec\\\/prix\\\/prix-frank-ladner\\\/#primaryimage\"},\"image\":{\"@id\":\"https:\\\/\\\/roofingcanada.com\\\/fr\\\/profil-de-lacec\\\/prix\\\/prix-frank-ladner\\\/#primaryimage\"},\"thumbnailUrl\":\"https:\\\/\\\/roofingcanada.com\\\/wp-content\\\/uploads\\\/2018\\\/04\\\/icon-award-ladner.png\",\"datePublished\":\"2018-03-22T18:30:33+00:00\",\"dateModified\":\"2024-09-18T17:43:22+00:00\",\"description\":\"Le Prix Frank Ladner rend hommage \u00e0 une personne pour sa contribution technique \u00e0 l\u2019industrie de la toiture.\",\"breadcrumb\":{\"@id\":\"https:\\\/\\\/roofingcanada.com\\\/fr\\\/profil-de-lacec\\\/prix\\\/prix-frank-ladner\\\/#breadcrumb\"},\"inLanguage\":\"fr-FR\",\"potentialAction\":[{\"@type\":\"ReadAction\",\"target\":[\"https:\\\/\\\/roofingcanada.com\\\/fr\\\/profil-de-lacec\\\/prix\\\/prix-frank-ladner\\\/\"]}]},{\"@type\":\"ImageObject\",\"inLanguage\":\"fr-FR\",\"@id\":\"https:\\\/\\\/roofingcanada.com\\\/fr\\\/profil-de-lacec\\\/prix\\\/prix-frank-ladner\\\/#primaryimage\",\"url\":\"https:\\\/\\\/roofingcanada.com\\\/wp-content\\\/uploads\\\/2018\\\/04\\\/icon-award-ladner.png\",\"contentUrl\":\"https:\\\/\\\/roofingcanada.com\\\/wp-content\\\/uploads\\\/2018\\\/04\\\/icon-award-ladner.png\",\"width\":101,\"height\":101},{\"@type\":\"BreadcrumbList\",\"@id\":\"https:\\\/\\\/roofingcanada.com\\\/fr\\\/profil-de-lacec\\\/prix\\\/prix-frank-ladner\\\/#breadcrumb\",\"itemListElement\":[{\"@type\":\"ListItem\",\"position\":1,\"name\":\"Profil de l&rsquo;ACEC\",\"item\":\"https:\\\/\\\/roofingcanada.com\\\/fr\\\/profil-de-lacec\\\/\"},{\"@type\":\"ListItem\",\"position\":2,\"name\":\"Prix Couverture Canadiens\",\"item\":\"https:\\\/\\\/roofingcanada.com\\\/fr\\\/profil-de-lacec\\\/prix\\\/\"},{\"@type\":\"ListItem\",\"position\":3,\"name\":\"Prix Frank Ladner\"}]},{\"@type\":\"WebSite\",\"@id\":\"https:\\\/\\\/roofingcanada.com\\\/#website\",\"url\":\"https:\\\/\\\/roofingcanada.com\\\/\",\"name\":\"Canadian Roofing Contractors Association\",\"description\":\"Sous un seul toit\",\"potentialAction\":[{\"@type\":\"SearchAction\",\"target\":{\"@type\":\"EntryPoint\",\"urlTemplate\":\"https:\\\/\\\/roofingcanada.com\\\/?s={search_term_string}\"},\"query-input\":{\"@type\":\"PropertyValueSpecification\",\"valueRequired\":true,\"valueName\":\"search_term_string\"}}],\"inLanguage\":\"fr-FR\"}]}<\/script>\n<!-- \/ Yoast SEO plugin. -->","yoast_head_json":{"title":"Prix \u200b\u200bFrank Ladner","description":"Le Prix Frank Ladner rend hommage \u00e0 une personne pour sa contribution technique \u00e0 l\u2019industrie de la toiture.","robots":{"index":"index","follow":"follow","max-snippet":"max-snippet:-1","max-image-preview":"max-image-preview:large","max-video-preview":"max-video-preview:-1"},"canonical":"https:\/\/roofingcanada.com\/fr\/profil-de-lacec\/prix\/prix-frank-ladner\/","og_locale":"fr_FR","og_type":"article","og_title":"Prix \u200b\u200bFrank Ladner","og_description":"Le Prix Frank Ladner rend hommage \u00e0 une personne pour sa contribution technique \u00e0 l\u2019industrie de la toiture.","og_url":"https:\/\/roofingcanada.com\/fr\/profil-de-lacec\/prix\/prix-frank-ladner\/","og_site_name":"Canadian Roofing Contractors Association","article_modified_time":"2024-09-18T17:43:22+00:00","og_image":[{"width":101,"height":101,"url":"https:\/\/roofingcanada.com\/wp-content\/uploads\/2018\/04\/icon-award-ladner.png","type":"image\/png"}],"twitter_card":"summary_large_image","schema":{"@context":"https:\/\/schema.org","@graph":[{"@type":"WebPage","@id":"https:\/\/roofingcanada.com\/fr\/profil-de-lacec\/prix\/prix-frank-ladner\/","url":"https:\/\/roofingcanada.com\/fr\/profil-de-lacec\/prix\/prix-frank-ladner\/","name":"Prix \u200b\u200bFrank Ladner","isPartOf":{"@id":"https:\/\/roofingcanada.com\/#website"},"primaryImageOfPage":{"@id":"https:\/\/roofingcanada.com\/fr\/profil-de-lacec\/prix\/prix-frank-ladner\/#primaryimage"},"image":{"@id":"https:\/\/roofingcanada.com\/fr\/profil-de-lacec\/prix\/prix-frank-ladner\/#primaryimage"},"thumbnailUrl":"https:\/\/roofingcanada.com\/wp-content\/uploads\/2018\/04\/icon-award-ladner.png","datePublished":"2018-03-22T18:30:33+00:00","dateModified":"2024-09-18T17:43:22+00:00","description":"Le Prix Frank Ladner rend hommage \u00e0 une personne pour sa contribution technique \u00e0 l\u2019industrie de la toiture.","breadcrumb":{"@id":"https:\/\/roofingcanada.com\/fr\/profil-de-lacec\/prix\/prix-frank-ladner\/#breadcrumb"},"inLanguage":"fr-FR","potentialAction":[{"@type":"ReadAction","target":["https:\/\/roofingcanada.com\/fr\/profil-de-lacec\/prix\/prix-frank-ladner\/"]}]},{"@type":"ImageObject","inLanguage":"fr-FR","@id":"https:\/\/roofingcanada.com\/fr\/profil-de-lacec\/prix\/prix-frank-ladner\/#primaryimage","url":"https:\/\/roofingcanada.com\/wp-content\/uploads\/2018\/04\/icon-award-ladner.png","contentUrl":"https:\/\/roofingcanada.com\/wp-content\/uploads\/2018\/04\/icon-award-ladner.png","width":101,"height":101},{"@type":"BreadcrumbList","@id":"https:\/\/roofingcanada.com\/fr\/profil-de-lacec\/prix\/prix-frank-ladner\/#breadcrumb","itemListElement":[{"@type":"ListItem","position":1,"name":"Profil de l&rsquo;ACEC","item":"https:\/\/roofingcanada.com\/fr\/profil-de-lacec\/"},{"@type":"ListItem","position":2,"name":"Prix Couverture Canadiens","item":"https:\/\/roofingcanada.com\/fr\/profil-de-lacec\/prix\/"},{"@type":"ListItem","position":3,"name":"Prix Frank Ladner"}]},{"@type":"WebSite","@id":"https:\/\/roofingcanada.com\/#website","url":"https:\/\/roofingcanada.com\/","name":"Canadian Roofing Contractors Association","description":"Sous un seul toit","potentialAction":[{"@type":"SearchAction","target":{"@type":"EntryPoint","urlTemplate":"https:\/\/roofingcanada.com\/?s={search_term_string}"},"query-input":{"@type":"PropertyValueSpecification","valueRequired":true,"valueName":"search_term_string"}}],"inLanguage":"fr-FR"}]}},"_links":{"self":[{"href":"https:\/\/roofingcanada.com\/fr\/wp-json\/wp\/v2\/pages\/344","targetHints":{"allow":["GET"]}}],"collection":[{"href":"https:\/\/roofingcanada.com\/fr\/wp-json\/wp\/v2\/pages"}],"about":[{"href":"https:\/\/roofingcanada.com\/fr\/wp-json\/wp\/v2\/types\/page"}],"author":[{"embeddable":true,"href":"https:\/\/roofingcanada.com\/fr\/wp-json\/wp\/v2\/users\/1"}],"replies":[{"embeddable":true,"href":"https:\/\/roofingcanada.com\/fr\/wp-json\/wp\/v2\/comments?post=344"}],"version-history":[{"count":16,"href":"https:\/\/roofingcanada.com\/fr\/wp-json\/wp\/v2\/pages\/344\/revisions"}],"predecessor-version":[{"id":12198,"href":"https:\/\/roofingcanada.com\/fr\/wp-json\/wp\/v2\/pages\/344\/revisions\/12198"}],"up":[{"embeddable":true,"href":"https:\/\/roofingcanada.com\/fr\/wp-json\/wp\/v2\/pages\/147"}],"wp:featuredmedia":[{"embeddable":true,"href":"https:\/\/roofingcanada.com\/fr\/wp-json\/wp\/v2\/media\/852"}],"wp:attachment":[{"href":"https:\/\/roofingcanada.com\/fr\/wp-json\/wp\/v2\/media?parent=344"}],"curies":[{"name":"wp","href":"https:\/\/api.w.org\/{rel}","templated":true}]}}