{"id":343,"date":"2018-03-22T18:31:10","date_gmt":"2018-03-22T18:31:10","guid":{"rendered":"https:\/\/roofingcanada.com\/?page_id=343"},"modified":"2024-09-18T13:51:12","modified_gmt":"2024-09-18T17:51:12","slug":"bourse-detudes-jacques-chevalier","status":"publish","type":"page","link":"https:\/\/roofingcanada.com\/fr\/profil-de-lacec\/prix\/bourse-detudes-jacques-chevalier\/","title":{"rendered":"Bourse d&rsquo;\u00e9tudes Jacques Chevalier"},"content":{"rendered":"<p>Le programme de bourses d\u2019\u00e9tudes Jacques Chevalier est administr\u00e9 par l\u2019ACEC. Ce programme encourage et soutient nos membres, leurs employ\u00e9s, les conjoints\/partenaires, et leurs enfants \u00e0 poursuivre des \u00e9tudes sup\u00e9rieures.<\/p>\n<h2>Crit\u00e8res du programme<\/h2>\n<p>Les candidats doivent avoir termin\u00e9 leurs \u00e9tudes secondaires et \u00eatre inscrits \u00e0 un programme coll\u00e9gial ou universitaire dans l\u2019ann\u00e9e o\u00f9 le prix est d\u00e9cern\u00e9.<\/p>\n<p>Les b\u00e9n\u00e9ficiaires doivent maintenir une charge de cours compl\u00e8te pour l\u2019ann\u00e9e. Apr\u00e8s la s\u00e9lection, le gagnant doit pr\u00e9senter \u00e0 l\u2019ACEC une confirmation d\u2019admission \u00e0 l\u2019\u00e9tablissement concern\u00e9.<\/p>\n<p>Pour un ensemble complet de crit\u00e8res, veuillez lire le document sur les <a href=\"https:\/\/roofingcanada.com\/wp-content\/uploads\/2024\/09\/PROGRAMME-BOURSE-DETUDE-JACQUES-CHEVALIER.pdf\" target=\"_blank\" rel=\"noopener\">crit\u00e8res du programme des BEJC (PDF)<\/a>.<\/p>\n<h2>Demandes<\/h2>\n<p>La date limite pour pr\u00e9senter une demande est le 1<sup>er<\/sup> novembre de chaque ann\u00e9e.<\/p>\n<p>Les candidats doivent soumettre ce qui suit \u00e0 l\u2019ACEC :<\/p>\n<ul>\n<li><a href=\"https:\/\/roofingcanada.com\/wp-content\/uploads\/2024\/09\/JCAPPLIC.pdf\" target=\"_blank\" rel=\"noopener\">Formulaire de demande (PDF)<\/a><\/li>\n<li><a href=\"https:\/\/roofingcanada.com\/wp-content\/uploads\/2024\/09\/JCREFER.pdf\" target=\"_blank\" rel=\"noopener\">Lettres de recommandation (PDF)<\/a><\/li>\n<\/ul>\n<h2>La bourse d\u2019\u00e9tudes<\/h2>\n<p>Une bourse d\u2019\u00e9tudes de premier cycle est accord\u00e9e chaque ann\u00e9e. La bourse d\u2019\u00e9tudes offre aux r\u00e9cipiendaires une somme de 2 000 $, renouvelable pour une p\u00e9riode d\u2019un an. Les candidats peuvent \u00e9galement pr\u00e9senter une nouvelle demande l\u2019ann\u00e9e suivante.<\/p>\n<h2>R\u00e9cipiendaires ant\u00e9rieurs<\/h2>\n<p>Les r\u00e9cipiendaires ant\u00e9rieurs de la bourse Jacques Chevalier sont les suivants :<\/p>\n<div class=\"grid-row\">\n<div class=\"grid grid_2\">\n<h3>2022<\/h3>\n<p><strong>Ms. Isabell Nicholson<br \/>\n<\/strong>Parker Johnson Industries Ltd., Vancouver, BC<\/p>\n<p><strong>Ms. Valerie Steckle<\/strong><br \/>\nSmith Peat Roofing &amp; Sheet Metel, Exeter, ON<\/p>\n<h3><\/h3>\n<h3>2021<\/h3>\n<p><strong>Ms. Janie Bouchard<\/strong><br \/>\nGroupe Cirtech Inc., Charette QC<\/p>\n<p><strong>Ms. Katherine Paterson<\/strong><br \/>\nJ.E. Wilson Roofing Co. Ltd, Saint John NB<\/p>\n<\/div>\n<div class=\"grid grid_2\">\n<h3><\/h3>\n<h3>2020<\/h3>\n<p><strong>Ms. Ruby Harrington<\/strong><br \/>\nPMC Roofing Ltd., Debert NS<\/p>\n<p><strong>Mr. Aidan Taylor<\/strong><br \/>\nDuron Roofing Limited, Burnaby BC<\/p>\n<\/div>\n<\/div>\n<div class=\"grid-row\">\n<div class=\"grid grid_2\">\n<h3>2019<\/h3>\n<p><strong>Ms. Chelsea Grunow<\/strong><br \/>\nFlynn Canada Ltd., Saskatoon SK<\/p>\n<\/div>\n<div class=\"grid grid_2\">\n<h3>2018<\/h3>\n<p><strong>Ms. Valerie Steckle <\/strong><br \/>\nSmith Peat Roofing &amp; Sheet Metal Ltd., Exeter ON<\/p>\n<p><strong>Ms. Nicole Thorpe<\/strong><br \/>\nThorpe Industries Ltd., Saskatoon SK<\/p>\n<\/div>\n<\/div>\n<div class=\"grid-row\">\n<div class=\"grid grid_2\">\n<h3>2017<\/h3>\n<p><strong>Mr. Joel LeBlanc<\/strong><br \/>\nA-Tech Roofing Ltd., Dieppe NB<\/p>\n<p><strong>Mr. Philippe Deveaux-Savard<\/strong><br \/>\nToitures Poir\u00e9 &amp; Fils, Longueuil QC<\/p>\n<\/div>\n<div class=\"grid grid_2\">\n<h3>2016<\/h3>\n<p><strong>Ms. Kiera Burnie<\/strong><br \/>\nAtlas-Apex Roofing (Sask) Inc., Regina SK<\/p>\n<p><strong>Mr. Matthew Wadlow<\/strong><br \/>\nAlliance Roofing &amp; Sheet Metal Ltd., Guelph ON<\/p>\n<\/div>\n<\/div>\n<div class=\"grid-row\">\n<div class=\"grid grid_2\">\n<h3>2015<\/h3>\n<p><strong>Mr. David De Sa<\/strong><br \/>\nCrawford Roofing Corporation, Toronto ON<\/p>\n<p><strong>Ms. Chantal Richard<br \/>\n<\/strong>Atlantic Roofers Limited, Cocagne NB<\/p>\n<\/div>\n<div class=\"grid grid_2\">\n<h3>2014<\/h3>\n<p><strong>Ms. Kaitlynn Dick<\/strong><br \/>\nPlato&rsquo;s Superior Roofing Ltd., Medicine Hat AB<\/p>\n<\/div>\n<\/div>\n<div class=\"grid-row\">\n<div class=\"grid grid_2\">\n<h3>2013<\/h3>\n<p><strong>M. Pierick Lafleur<\/strong><br \/>\nNorman &amp; Collie Inc., Lasalle, QC<\/p>\n<p><strong>Ms. Taylor Nelson<\/strong><br \/>\nNelson Roofing &amp; Sheet Metal, Cumberland BC<\/p>\n<\/div>\n<div class=\"grid grid_2\">\n<h3>2012<\/h3>\n<p><strong>Philip Robichaud<br \/>\n<\/strong>R\u00e9jean Richard Roofing Ltd., Neguac NB<\/p>\n<\/div>\n<\/div>\n<div class=\"grid-row\">\n<div class=\"grid grid_2\">\n<h3>2011<\/h3>\n<p><strong>Ms. Rianne Brown<\/strong><br \/>\nTranswest Roofing Ltd., Surrey BC<\/p>\n<p><strong>M. J-R. Lafleur<\/strong><br \/>\nNorman &amp; Collie Inc., Lasalle QC<\/p>\n<\/div>\n<div class=\"grid grid_2\">\n<h3>2010<\/h3>\n<p><strong>Ms. Mylene Savoie<\/strong><br \/>\nRejean Richard Roofing Ltd., Neguac NB<\/p>\n<\/div>\n<\/div>\n<div class=\"grid-row\">\n<div class=\"grid grid_2\">\n<h3>2009<\/h3>\n<p><strong>Ms. Telane Molnar<br \/>\n<\/strong>Clark Roofing (1964) Ltd., Saskatoon SK<\/p>\n<p><strong>Ms. Falynn Dick<\/strong><br \/>\nPlato&rsquo;s Superior Roofing Ltd., Medicine Hat AB<\/p>\n<\/div>\n<div class=\"grid grid_2\">\n<h3>2008<\/h3>\n<p>None Awarded<\/p>\n<\/div>\n<\/div>\n<div class=\"grid-row\">\n<div class=\"grid grid_2\">\n<h3>2007<\/h3>\n<p><strong>Ms. Kaitlin Laing<br \/>\n<\/strong>Laing Roofing Ltd., Kelowna BC<\/p>\n<p><strong>Ms. Julie Gregory<br \/>\n<\/strong>Continental Roofing, Richmond BC<\/p>\n<\/div>\n<div class=\"grid grid_2\">\n<h3>2006<\/h3>\n<p><strong>Ms. Tania Macijuk<br \/>\n<\/strong>Accord Roofing Ltd., Winnipeg MB<\/p>\n<\/div>\n<\/div>\n<div class=\"grid-row\">\n<div class=\"grid grid_2\">\n<h3>2005<\/h3>\n<p><strong>Ms. Stephanie Middleton<\/strong><br \/>\nDowd Roofing Ltd., Saint John NB<\/p>\n<\/div>\n<div class=\"grid grid_2\">\n<h3>2004<\/h3>\n<p><strong>Ms. Cassia Kowalchuk<\/strong><br \/>\nClark Roofing (1964) Ltd., Regina SK<\/p>\n<\/div>\n<\/div>\n<div class=\"grid-row\">\n<div class=\"grid grid_2\">\n<h3>2003<\/h3>\n<p><strong>Ms. Kathleen Thomas<\/strong><br \/>\nArbutus Roofing Drains Ltd., Richmond BC<\/p>\n<\/div>\n<div class=\"grid grid_2\">\n<h3>2002<\/h3>\n<p><strong>Ms. Tania Macijuk<\/strong><br \/>\nAccord Roofing Ltd., Winnipeg MB<\/p>\n<\/div>\n<\/div>\n<div class=\"grid-row\">\n<div class=\"grid grid_2\">\n<h3>2001<\/h3>\n<p><strong>M. Benoit Cardinal<\/strong><br \/>\nCouvertures West Island Inc., Pointe-Claire QC<\/p>\n<\/div>\n<div class=\"grid grid_2\">\n<h3>2000<\/h3>\n<p><strong>Ms. Jackie de Haan<\/strong><br \/>\nAmherst Roofing &amp; Sheet Metal Ltd., Kingston ON<\/p>\n<\/div>\n<\/div>\n<div class=\"grid-row\">\n<div class=\"grid grid_2\">\n<h3>1999<\/h3>\n<p><strong>Ms. Marian de Monye<\/strong><br \/>\nParker Johnston Industries Ltd., Victoria BC<\/p>\n<\/div>\n<div class=\"grid grid_2\">\n<h3>1998<\/h3>\n<p><strong>Mr. Dennis Berry<\/strong><br \/>\nImperial Roofing (Sarnia) Limited, Sarnia ON<\/p>\n<\/div>\n<\/div>\n<div class=\"grid-row\">\n<div class=\"grid grid_2\">\n<h3>1997<\/h3>\n<p><strong>Ms. Marita Killen<\/strong><br \/>\nDowd Roofing Ltd., Saint John NB<\/p>\n<\/div>\n<div class=\"grid grid_2\">\n<h3>1996<\/h3>\n<p><strong>Ms. Kerry Ann Duval<\/strong><br \/>\nTru-Craft Roofing Ltd., Calgary AB<\/p>\n<\/div>\n<\/div>\n<div class=\"grid-row\">\n<div class=\"grid grid_2\">\n<h3>1995<\/h3>\n<p><strong>Ms. Marita Killen<\/strong><br \/>\nDowd Roofing Ltd., Saint John NB<\/p>\n<\/div>\n<div class=\"grid grid_2\">\n<h3>1994<\/h3>\n<p><strong>Mr. Roderick Parker<\/strong><br \/>\nParker Johnston Industries Ltd., Victoria BC<\/p>\n<\/div>\n<\/div>\n<div class=\"grid-row\">\n<div class=\"grid grid_2\">\n<h3>1993<\/h3>\n<p><strong>Ms. Emmanuelle Nadeau<\/strong><br \/>\nExpert Roofers Ltd., Edmundston NB<\/p>\n<\/div>\n<div class=\"grid grid_2\">\n<h3>1992<\/h3>\n<p><strong>Ms. Brandy Foster<\/strong><br \/>\nDowd Roofing Inc., Saint John NB<\/p>\n<\/div>\n<\/div>\n","protected":false},"excerpt":{"rendered":"<p>Ce programme encourage les membres de l\u2019ACEC, leurs employ\u00e9s, les conjoints\/partenaires, et leurs enfants \u00e0 poursuivre des \u00e9tudes sup\u00e9rieures. <\/p>\n","protected":false},"author":1,"featured_media":854,"parent":147,"menu_order":2,"comment_status":"closed","ping_status":"closed","template":"","meta":{"_acf_changed":false,"footnotes":""},"class_list":["post-343","page","type-page","status-publish","has-post-thumbnail","hentry"],"acf":[],"yoast_head":"<!-- This site is optimized with the Yoast SEO plugin v27.4 - https:\/\/yoast.com\/product\/yoast-seo-wordpress\/ -->\n<title>Bourse Jacques Chevalier<\/title>\n<meta name=\"description\" content=\"La Bourse d\u2019\u00e9tudes Jacques Chevalier encourage et soutient les membres de l\u2019ACEC, leurs employ\u00e9s et leurs enfants dans la poursuite d\u2019\u00e9tudes sup\u00e9rieures.\" \/>\n<meta name=\"robots\" content=\"index, follow, max-snippet:-1, max-image-preview:large, max-video-preview:-1\" \/>\n<link rel=\"canonical\" href=\"https:\/\/roofingcanada.com\/fr\/profil-de-lacec\/prix\/bourse-detudes-jacques-chevalier\/\" \/>\n<meta property=\"og:locale\" content=\"fr_FR\" \/>\n<meta property=\"og:type\" content=\"article\" \/>\n<meta property=\"og:title\" content=\"Bourse Jacques Chevalier\" \/>\n<meta property=\"og:description\" content=\"La Bourse d\u2019\u00e9tudes Jacques Chevalier encourage et soutient les membres de l\u2019ACEC, leurs employ\u00e9s et leurs enfants dans la poursuite d\u2019\u00e9tudes sup\u00e9rieures.\" \/>\n<meta property=\"og:url\" content=\"https:\/\/roofingcanada.com\/fr\/profil-de-lacec\/prix\/bourse-detudes-jacques-chevalier\/\" \/>\n<meta property=\"og:site_name\" content=\"Canadian Roofing Contractors Association\" \/>\n<meta property=\"article:modified_time\" content=\"2024-09-18T17:51:12+00:00\" \/>\n<meta property=\"og:image\" content=\"https:\/\/roofingcanada.com\/wp-content\/uploads\/2018\/04\/icon-award-scholar.png\" \/>\n\t<meta property=\"og:image:width\" content=\"101\" \/>\n\t<meta property=\"og:image:height\" content=\"101\" \/>\n\t<meta property=\"og:image:type\" content=\"image\/png\" \/>\n<meta name=\"twitter:card\" content=\"summary_large_image\" \/>\n<script type=\"application\/ld+json\" class=\"yoast-schema-graph\">{\"@context\":\"https:\\\/\\\/schema.org\",\"@graph\":[{\"@type\":\"WebPage\",\"@id\":\"https:\\\/\\\/roofingcanada.com\\\/fr\\\/profil-de-lacec\\\/prix\\\/bourse-detudes-jacques-chevalier\\\/\",\"url\":\"https:\\\/\\\/roofingcanada.com\\\/fr\\\/profil-de-lacec\\\/prix\\\/bourse-detudes-jacques-chevalier\\\/\",\"name\":\"Bourse Jacques Chevalier\",\"isPartOf\":{\"@id\":\"https:\\\/\\\/roofingcanada.com\\\/#website\"},\"primaryImageOfPage\":{\"@id\":\"https:\\\/\\\/roofingcanada.com\\\/fr\\\/profil-de-lacec\\\/prix\\\/bourse-detudes-jacques-chevalier\\\/#primaryimage\"},\"image\":{\"@id\":\"https:\\\/\\\/roofingcanada.com\\\/fr\\\/profil-de-lacec\\\/prix\\\/bourse-detudes-jacques-chevalier\\\/#primaryimage\"},\"thumbnailUrl\":\"https:\\\/\\\/roofingcanada.com\\\/wp-content\\\/uploads\\\/2018\\\/04\\\/icon-award-scholar.png\",\"datePublished\":\"2018-03-22T18:31:10+00:00\",\"dateModified\":\"2024-09-18T17:51:12+00:00\",\"description\":\"La Bourse d\u2019\u00e9tudes Jacques Chevalier encourage et soutient les membres de l\u2019ACEC, leurs employ\u00e9s et leurs enfants dans la poursuite d\u2019\u00e9tudes sup\u00e9rieures.\",\"breadcrumb\":{\"@id\":\"https:\\\/\\\/roofingcanada.com\\\/fr\\\/profil-de-lacec\\\/prix\\\/bourse-detudes-jacques-chevalier\\\/#breadcrumb\"},\"inLanguage\":\"fr-FR\",\"potentialAction\":[{\"@type\":\"ReadAction\",\"target\":[\"https:\\\/\\\/roofingcanada.com\\\/fr\\\/profil-de-lacec\\\/prix\\\/bourse-detudes-jacques-chevalier\\\/\"]}]},{\"@type\":\"ImageObject\",\"inLanguage\":\"fr-FR\",\"@id\":\"https:\\\/\\\/roofingcanada.com\\\/fr\\\/profil-de-lacec\\\/prix\\\/bourse-detudes-jacques-chevalier\\\/#primaryimage\",\"url\":\"https:\\\/\\\/roofingcanada.com\\\/wp-content\\\/uploads\\\/2018\\\/04\\\/icon-award-scholar.png\",\"contentUrl\":\"https:\\\/\\\/roofingcanada.com\\\/wp-content\\\/uploads\\\/2018\\\/04\\\/icon-award-scholar.png\",\"width\":101,\"height\":101},{\"@type\":\"BreadcrumbList\",\"@id\":\"https:\\\/\\\/roofingcanada.com\\\/fr\\\/profil-de-lacec\\\/prix\\\/bourse-detudes-jacques-chevalier\\\/#breadcrumb\",\"itemListElement\":[{\"@type\":\"ListItem\",\"position\":1,\"name\":\"Profil de l&rsquo;ACEC\",\"item\":\"https:\\\/\\\/roofingcanada.com\\\/fr\\\/profil-de-lacec\\\/\"},{\"@type\":\"ListItem\",\"position\":2,\"name\":\"Prix Couverture Canadiens\",\"item\":\"https:\\\/\\\/roofingcanada.com\\\/fr\\\/profil-de-lacec\\\/prix\\\/\"},{\"@type\":\"ListItem\",\"position\":3,\"name\":\"Bourse d&#8217;\u00e9tudes Jacques Chevalier\"}]},{\"@type\":\"WebSite\",\"@id\":\"https:\\\/\\\/roofingcanada.com\\\/#website\",\"url\":\"https:\\\/\\\/roofingcanada.com\\\/\",\"name\":\"Canadian Roofing Contractors Association\",\"description\":\"Sous un seul toit\",\"potentialAction\":[{\"@type\":\"SearchAction\",\"target\":{\"@type\":\"EntryPoint\",\"urlTemplate\":\"https:\\\/\\\/roofingcanada.com\\\/?s={search_term_string}\"},\"query-input\":{\"@type\":\"PropertyValueSpecification\",\"valueRequired\":true,\"valueName\":\"search_term_string\"}}],\"inLanguage\":\"fr-FR\"}]}<\/script>\n<!-- \/ Yoast SEO plugin. -->","yoast_head_json":{"title":"Bourse Jacques Chevalier","description":"La Bourse d\u2019\u00e9tudes Jacques Chevalier encourage et soutient les membres de l\u2019ACEC, leurs employ\u00e9s et leurs enfants dans la poursuite d\u2019\u00e9tudes sup\u00e9rieures.","robots":{"index":"index","follow":"follow","max-snippet":"max-snippet:-1","max-image-preview":"max-image-preview:large","max-video-preview":"max-video-preview:-1"},"canonical":"https:\/\/roofingcanada.com\/fr\/profil-de-lacec\/prix\/bourse-detudes-jacques-chevalier\/","og_locale":"fr_FR","og_type":"article","og_title":"Bourse Jacques Chevalier","og_description":"La Bourse d\u2019\u00e9tudes Jacques Chevalier encourage et soutient les membres de l\u2019ACEC, leurs employ\u00e9s et leurs enfants dans la poursuite d\u2019\u00e9tudes sup\u00e9rieures.","og_url":"https:\/\/roofingcanada.com\/fr\/profil-de-lacec\/prix\/bourse-detudes-jacques-chevalier\/","og_site_name":"Canadian Roofing Contractors Association","article_modified_time":"2024-09-18T17:51:12+00:00","og_image":[{"width":101,"height":101,"url":"https:\/\/roofingcanada.com\/wp-content\/uploads\/2018\/04\/icon-award-scholar.png","type":"image\/png"}],"twitter_card":"summary_large_image","schema":{"@context":"https:\/\/schema.org","@graph":[{"@type":"WebPage","@id":"https:\/\/roofingcanada.com\/fr\/profil-de-lacec\/prix\/bourse-detudes-jacques-chevalier\/","url":"https:\/\/roofingcanada.com\/fr\/profil-de-lacec\/prix\/bourse-detudes-jacques-chevalier\/","name":"Bourse Jacques Chevalier","isPartOf":{"@id":"https:\/\/roofingcanada.com\/#website"},"primaryImageOfPage":{"@id":"https:\/\/roofingcanada.com\/fr\/profil-de-lacec\/prix\/bourse-detudes-jacques-chevalier\/#primaryimage"},"image":{"@id":"https:\/\/roofingcanada.com\/fr\/profil-de-lacec\/prix\/bourse-detudes-jacques-chevalier\/#primaryimage"},"thumbnailUrl":"https:\/\/roofingcanada.com\/wp-content\/uploads\/2018\/04\/icon-award-scholar.png","datePublished":"2018-03-22T18:31:10+00:00","dateModified":"2024-09-18T17:51:12+00:00","description":"La Bourse d\u2019\u00e9tudes Jacques Chevalier encourage et soutient les membres de l\u2019ACEC, leurs employ\u00e9s et leurs enfants dans la poursuite d\u2019\u00e9tudes sup\u00e9rieures.","breadcrumb":{"@id":"https:\/\/roofingcanada.com\/fr\/profil-de-lacec\/prix\/bourse-detudes-jacques-chevalier\/#breadcrumb"},"inLanguage":"fr-FR","potentialAction":[{"@type":"ReadAction","target":["https:\/\/roofingcanada.com\/fr\/profil-de-lacec\/prix\/bourse-detudes-jacques-chevalier\/"]}]},{"@type":"ImageObject","inLanguage":"fr-FR","@id":"https:\/\/roofingcanada.com\/fr\/profil-de-lacec\/prix\/bourse-detudes-jacques-chevalier\/#primaryimage","url":"https:\/\/roofingcanada.com\/wp-content\/uploads\/2018\/04\/icon-award-scholar.png","contentUrl":"https:\/\/roofingcanada.com\/wp-content\/uploads\/2018\/04\/icon-award-scholar.png","width":101,"height":101},{"@type":"BreadcrumbList","@id":"https:\/\/roofingcanada.com\/fr\/profil-de-lacec\/prix\/bourse-detudes-jacques-chevalier\/#breadcrumb","itemListElement":[{"@type":"ListItem","position":1,"name":"Profil de l&rsquo;ACEC","item":"https:\/\/roofingcanada.com\/fr\/profil-de-lacec\/"},{"@type":"ListItem","position":2,"name":"Prix Couverture Canadiens","item":"https:\/\/roofingcanada.com\/fr\/profil-de-lacec\/prix\/"},{"@type":"ListItem","position":3,"name":"Bourse d&#8217;\u00e9tudes Jacques Chevalier"}]},{"@type":"WebSite","@id":"https:\/\/roofingcanada.com\/#website","url":"https:\/\/roofingcanada.com\/","name":"Canadian Roofing Contractors Association","description":"Sous un seul toit","potentialAction":[{"@type":"SearchAction","target":{"@type":"EntryPoint","urlTemplate":"https:\/\/roofingcanada.com\/?s={search_term_string}"},"query-input":{"@type":"PropertyValueSpecification","valueRequired":true,"valueName":"search_term_string"}}],"inLanguage":"fr-FR"}]}},"_links":{"self":[{"href":"https:\/\/roofingcanada.com\/fr\/wp-json\/wp\/v2\/pages\/343","targetHints":{"allow":["GET"]}}],"collection":[{"href":"https:\/\/roofingcanada.com\/fr\/wp-json\/wp\/v2\/pages"}],"about":[{"href":"https:\/\/roofingcanada.com\/fr\/wp-json\/wp\/v2\/types\/page"}],"author":[{"embeddable":true,"href":"https:\/\/roofingcanada.com\/fr\/wp-json\/wp\/v2\/users\/1"}],"replies":[{"embeddable":true,"href":"https:\/\/roofingcanada.com\/fr\/wp-json\/wp\/v2\/comments?post=343"}],"version-history":[{"count":27,"href":"https:\/\/roofingcanada.com\/fr\/wp-json\/wp\/v2\/pages\/343\/revisions"}],"predecessor-version":[{"id":12208,"href":"https:\/\/roofingcanada.com\/fr\/wp-json\/wp\/v2\/pages\/343\/revisions\/12208"}],"up":[{"embeddable":true,"href":"https:\/\/roofingcanada.com\/fr\/wp-json\/wp\/v2\/pages\/147"}],"wp:featuredmedia":[{"embeddable":true,"href":"https:\/\/roofingcanada.com\/fr\/wp-json\/wp\/v2\/media\/854"}],"wp:attachment":[{"href":"https:\/\/roofingcanada.com\/fr\/wp-json\/wp\/v2\/media?parent=343"}],"curies":[{"name":"wp","href":"https:\/\/api.w.org\/{rel}","templated":true}]}}