{"id":342,"date":"2018-03-22T18:31:42","date_gmt":"2018-03-22T18:31:42","guid":{"rendered":"https:\/\/roofingcanada.com\/?page_id=342"},"modified":"2025-10-01T14:40:48","modified_gmt":"2025-10-01T18:40:48","slug":"prix-couvertures-canada","status":"publish","type":"page","link":"https:\/\/roofingcanada.com\/fr\/profil-de-lacec\/prix\/prix-couvertures-canada\/","title":{"rendered":"Prix <em>Couverture Canada<\/em>"},"content":{"rendered":"<p>L\u2019ACEC commandite le Prix <em>Couvertures Canada<\/em> pour souligner la qualit\u00e9 exceptionnelle du travail, l\u2019innovation, le service \u00e0 la collectivit\u00e9 et le service \u00e0 l\u2019industrie. Toutes les inscriptions seront reconnues par leurs pairs pour leur contribution significative \u00e0 l\u2019industrie de la toiture.<\/p>\n<h2>Admissibilit\u00e9<\/h2>\n<p>Les projets, programmes et services de couvertures des deux derni\u00e8res ann\u00e9es sont admissibles au concours.<\/p>\n<h2>Candidatures<\/h2>\n<p>La date limite de mise en candidature est le 31 d\u00e9cembre de chaque ann\u00e9e. Pour entrer, t\u00e9l\u00e9chargez l\u2019<a href=\"https:\/\/roofingcanada.com\/wp-content\/uploads\/2024\/09\/PRIX-COUVERTURES-CANADA-1.pdf\" target=\"_blank\" rel=\"noopener\">Appel de candidatures (PDF)<\/a>.<\/p>\n<p>Les demandeurs peuvent \u00eatre employ\u00e9s par l\u2019entreprise de toiture propos\u00e9e. Les candidatures peuvent \u00e9galement \u00eatre soumises par des membres actifs, des membres directs actifs et des membres associ\u00e9s, ainsi que par les associations affili\u00e9es de l\u2019ACEC.<\/p>\n<h2>Le prix<\/h2>\n<p>Les laur\u00e9ats recevront un hommage officiel lors d\u2019une c\u00e9r\u00e9monie de remise de prix en marge du congr\u00e8s annuel de l\u2019ACEC. Ils recevront une plaque \u00e0 afficher dans leur milieu de travail et seront cit\u00e9s dans la revue <a href=\"https:\/\/roofingcanada.com\/fr\/revue-couvertures-canada\/\"><em>Couvertures Canada<\/em><\/a> et le bulletin de nouvelles \u00e9lectronique de l\u2019ACEC.<\/p>\n<p>Leur nom sera \u00e9galement ajout\u00e9 \u00e0 la plaque du prix <em>Couvertures Canada<\/em> qui est suspendue au si\u00e8ge social de l\u2019ACEC \u00e0 Ottawa.<\/p>\n<h2>R\u00e9cipiendaires ant\u00e9rieurs<\/h2>\n<p>Ces anciens laur\u00e9ats du prix <em>Couvertures Canada<\/em> sont reconnus sur une plaque suspendue au si\u00e8ge social de l\u2019ACEC \u00e0 Ottawa.<\/p>\n<div class=\"grid-row\">\n<div class=\"grid grid_2\">\n<h3>2025<\/h3>\n<p>Truchon Toiture et Imperm\u00e9abilisation<br \/>\nProject: Head office of National Bank (Si\u00e8ge social de la Banque Nationale)<br \/>\nMontreal, QC<\/p>\n<\/div>\n<div class=\"grid grid_2\">\n<h3>2024<\/h3>\n<p>Toitures R. Martin Lt\u00e9e<br \/>\nProject: St-Charles Church (L\u2018Eglise St-Charles)<br \/>\nVieux-Limoilou, QC<\/p>\n<\/div>\n<\/div>\n<div class=\"grid-row\">\n<div class=\"grid grid_2\">\n<h3>2023<\/h3>\n<p>Groupe Cirtech<br \/>\nProject: Saint-Jean-Batiste de Nicolet Cathedral<br \/>\nCharette, QC<\/p>\n<\/div>\n<div class=\"grid grid_2\">\n<h3>2022<\/h3>\n<p>Oakwood Roofing &amp; Sheet Metal Co. Ltd<br \/>\nProject: Keeyask Hydroelectric Generating Station<br \/>\nNelson River, MB<\/p>\n<\/div>\n<\/div>\n<div class=\"grid-row\">\n<div class=\"grid grid_2\">\n<h3>2021<\/h3>\n<p>Couverture Montr\u00e9al Nord QC<br \/>\nProject: University of Montreal Health Centre \u2013 CHUM Phase 2<\/p>\n<\/div>\n<div class=\"grid grid_2\">\n<h3>2020<\/h3>\n<p>Dean-Chandler Roofing Limited, ON<br \/>\nFlynn Canada Ltd., ON<\/p>\n<\/div>\n<\/div>\n<div class=\"grid-row\">\n<div class=\"grid grid_2\">\n<h3>2019<\/h3>\n<p>Flynn Canada Ltd.<br \/>\nSK<\/p>\n<\/div>\n<div class=\"grid grid_2\">\n<h3>2018<\/h3>\n<p>Bothwell Accurate Co. Ltd.<br \/>\nON<\/p>\n<\/div>\n<\/div>\n<div class=\"grid-row\">\n<div class=\"grid grid_2\">\n<h3>2017<\/h3>\n<p>Toitures Trois \u00c9toiles Inc.<br \/>\nQC<\/p>\n<\/div>\n<div class=\"grid grid_2\">\n<h3>2016<\/h3>\n<p>Raymond Martin Lt\u00e9e.<br \/>\nQC<\/p>\n<\/div>\n<\/div>\n<div class=\"grid-row\">\n<div class=\"grid grid_2\">\n<h3>2015<\/h3>\n<p>Flynn Canada Ltd.<br \/>\nAB<\/p>\n<\/div>\n<div class=\"grid grid_2\">\n<h3>2014<\/h3>\n<p>Flynn Canada Ltd.<br \/>\nAB<\/p>\n<\/div>\n<\/div>\n<div class=\"grid-row\">\n<div class=\"grid grid_2\">\n<h3>2011<\/h3>\n<p>Roofing Contractors Association of British Columbia (RCABC)<br \/>\nBC<\/p>\n<\/div>\n<div class=\"grid grid_2\">\n<h3>2007<\/h3>\n<p>Semple-Gooder Roofing Limited<br \/>\nON<\/p>\n<\/div>\n<\/div>\n<div class=\"grid-row\">\n<div class=\"grid grid_2\">\n<h3>2006<\/h3>\n<p>Heather &amp; Little Limited<br \/>\nON<\/p>\n<\/div>\n<div class=\"grid grid_2\">\n<h3>2005<\/h3>\n<p>Flynn Canada Ltd.<br \/>\nON<\/p>\n<\/div>\n<\/div>\n<div class=\"grid-row\">\n<div class=\"grid grid_2\">\n<h3>2000<\/h3>\n<p>Heather &amp; Little Limited<br \/>\nON<\/p>\n<\/div>\n<div class=\"grid grid_2\">\n<div class=\"grid grid_2\">\n<h3>1999<\/h3>\n<p>Norman &amp; Collie Inc.<br \/>\nQC<\/p>\n<\/div>\n<\/div>\n<div class=\"grid-row\">\n<div class=\"grid grid_2\">\n<h3><\/h3>\n<\/div>\n<\/div>\n<\/div>\n","protected":false},"excerpt":{"rendered":"<p>Ce prix r\u00e9compense les membres de l\u2019ACEC pour leur travail exceptionnel, leur esprit d\u2019innovation, leur service \u00e0 la collectivit\u00e9 et leur service \u00e0 l\u2019industrie. <\/p>\n","protected":false},"author":1,"featured_media":853,"parent":147,"menu_order":3,"comment_status":"closed","ping_status":"closed","template":"","meta":{"_acf_changed":false,"footnotes":""},"class_list":["post-342","page","type-page","status-publish","has-post-thumbnail","hentry"],"acf":[],"yoast_head":"<!-- This site is optimized with the Yoast SEO plugin v27.4 - https:\/\/yoast.com\/product\/yoast-seo-wordpress\/ -->\n<title>Prix Couvertures Canada<\/title>\n<meta name=\"description\" content=\"Le prix Couvertures Canada rend hommage \u00e0 des membres de l&#039;ACEC pour la qualit\u00e9 de leur travail, leurs innovations, leurs services \u00e0 la communaut\u00e9 et leurs services \u00e0 l&#039;industrie.\" \/>\n<meta name=\"robots\" content=\"index, follow, max-snippet:-1, max-image-preview:large, max-video-preview:-1\" \/>\n<link rel=\"canonical\" href=\"https:\/\/roofingcanada.com\/fr\/profil-de-lacec\/prix\/prix-couvertures-canada\/\" \/>\n<meta property=\"og:locale\" content=\"fr_FR\" \/>\n<meta property=\"og:type\" content=\"article\" \/>\n<meta property=\"og:title\" content=\"Prix Couvertures Canada\" \/>\n<meta property=\"og:description\" content=\"Le prix Couvertures Canada rend hommage \u00e0 des membres de l&#039;ACEC pour la qualit\u00e9 de leur travail, leurs innovations, leurs services \u00e0 la communaut\u00e9 et leurs services \u00e0 l&#039;industrie.\" \/>\n<meta property=\"og:url\" content=\"https:\/\/roofingcanada.com\/fr\/profil-de-lacec\/prix\/prix-couvertures-canada\/\" \/>\n<meta property=\"og:site_name\" content=\"Canadian Roofing Contractors Association\" \/>\n<meta property=\"article:modified_time\" content=\"2025-10-01T18:40:48+00:00\" \/>\n<meta property=\"og:image\" content=\"https:\/\/roofingcanada.com\/wp-content\/uploads\/2018\/04\/icon-award-rc.png\" \/>\n\t<meta property=\"og:image:width\" content=\"101\" \/>\n\t<meta property=\"og:image:height\" content=\"101\" \/>\n\t<meta property=\"og:image:type\" content=\"image\/png\" \/>\n<meta name=\"twitter:card\" content=\"summary_large_image\" \/>\n<script type=\"application\/ld+json\" class=\"yoast-schema-graph\">{\"@context\":\"https:\\\/\\\/schema.org\",\"@graph\":[{\"@type\":\"WebPage\",\"@id\":\"https:\\\/\\\/roofingcanada.com\\\/fr\\\/profil-de-lacec\\\/prix\\\/prix-couvertures-canada\\\/\",\"url\":\"https:\\\/\\\/roofingcanada.com\\\/fr\\\/profil-de-lacec\\\/prix\\\/prix-couvertures-canada\\\/\",\"name\":\"Prix Couvertures Canada\",\"isPartOf\":{\"@id\":\"https:\\\/\\\/roofingcanada.com\\\/#website\"},\"primaryImageOfPage\":{\"@id\":\"https:\\\/\\\/roofingcanada.com\\\/fr\\\/profil-de-lacec\\\/prix\\\/prix-couvertures-canada\\\/#primaryimage\"},\"image\":{\"@id\":\"https:\\\/\\\/roofingcanada.com\\\/fr\\\/profil-de-lacec\\\/prix\\\/prix-couvertures-canada\\\/#primaryimage\"},\"thumbnailUrl\":\"https:\\\/\\\/roofingcanada.com\\\/wp-content\\\/uploads\\\/2018\\\/04\\\/icon-award-rc.png\",\"datePublished\":\"2018-03-22T18:31:42+00:00\",\"dateModified\":\"2025-10-01T18:40:48+00:00\",\"description\":\"Le prix Couvertures Canada rend hommage \u00e0 des membres de l'ACEC pour la qualit\u00e9 de leur travail, leurs innovations, leurs services \u00e0 la communaut\u00e9 et leurs services \u00e0 l'industrie.\",\"breadcrumb\":{\"@id\":\"https:\\\/\\\/roofingcanada.com\\\/fr\\\/profil-de-lacec\\\/prix\\\/prix-couvertures-canada\\\/#breadcrumb\"},\"inLanguage\":\"fr-FR\",\"potentialAction\":[{\"@type\":\"ReadAction\",\"target\":[\"https:\\\/\\\/roofingcanada.com\\\/fr\\\/profil-de-lacec\\\/prix\\\/prix-couvertures-canada\\\/\"]}]},{\"@type\":\"ImageObject\",\"inLanguage\":\"fr-FR\",\"@id\":\"https:\\\/\\\/roofingcanada.com\\\/fr\\\/profil-de-lacec\\\/prix\\\/prix-couvertures-canada\\\/#primaryimage\",\"url\":\"https:\\\/\\\/roofingcanada.com\\\/wp-content\\\/uploads\\\/2018\\\/04\\\/icon-award-rc.png\",\"contentUrl\":\"https:\\\/\\\/roofingcanada.com\\\/wp-content\\\/uploads\\\/2018\\\/04\\\/icon-award-rc.png\",\"width\":101,\"height\":101},{\"@type\":\"BreadcrumbList\",\"@id\":\"https:\\\/\\\/roofingcanada.com\\\/fr\\\/profil-de-lacec\\\/prix\\\/prix-couvertures-canada\\\/#breadcrumb\",\"itemListElement\":[{\"@type\":\"ListItem\",\"position\":1,\"name\":\"Profil de l&rsquo;ACEC\",\"item\":\"https:\\\/\\\/roofingcanada.com\\\/fr\\\/profil-de-lacec\\\/\"},{\"@type\":\"ListItem\",\"position\":2,\"name\":\"Prix Couverture Canadiens\",\"item\":\"https:\\\/\\\/roofingcanada.com\\\/fr\\\/profil-de-lacec\\\/prix\\\/\"},{\"@type\":\"ListItem\",\"position\":3,\"name\":\"Prix Couverture Canada\"}]},{\"@type\":\"WebSite\",\"@id\":\"https:\\\/\\\/roofingcanada.com\\\/#website\",\"url\":\"https:\\\/\\\/roofingcanada.com\\\/\",\"name\":\"Canadian Roofing Contractors Association\",\"description\":\"Sous un seul toit\",\"potentialAction\":[{\"@type\":\"SearchAction\",\"target\":{\"@type\":\"EntryPoint\",\"urlTemplate\":\"https:\\\/\\\/roofingcanada.com\\\/?s={search_term_string}\"},\"query-input\":{\"@type\":\"PropertyValueSpecification\",\"valueRequired\":true,\"valueName\":\"search_term_string\"}}],\"inLanguage\":\"fr-FR\"}]}<\/script>\n<!-- \/ Yoast SEO plugin. -->","yoast_head_json":{"title":"Prix Couvertures Canada","description":"Le prix Couvertures Canada rend hommage \u00e0 des membres de l'ACEC pour la qualit\u00e9 de leur travail, leurs innovations, leurs services \u00e0 la communaut\u00e9 et leurs services \u00e0 l'industrie.","robots":{"index":"index","follow":"follow","max-snippet":"max-snippet:-1","max-image-preview":"max-image-preview:large","max-video-preview":"max-video-preview:-1"},"canonical":"https:\/\/roofingcanada.com\/fr\/profil-de-lacec\/prix\/prix-couvertures-canada\/","og_locale":"fr_FR","og_type":"article","og_title":"Prix Couvertures Canada","og_description":"Le prix Couvertures Canada rend hommage \u00e0 des membres de l'ACEC pour la qualit\u00e9 de leur travail, leurs innovations, leurs services \u00e0 la communaut\u00e9 et leurs services \u00e0 l'industrie.","og_url":"https:\/\/roofingcanada.com\/fr\/profil-de-lacec\/prix\/prix-couvertures-canada\/","og_site_name":"Canadian Roofing Contractors Association","article_modified_time":"2025-10-01T18:40:48+00:00","og_image":[{"width":101,"height":101,"url":"https:\/\/roofingcanada.com\/wp-content\/uploads\/2018\/04\/icon-award-rc.png","type":"image\/png"}],"twitter_card":"summary_large_image","schema":{"@context":"https:\/\/schema.org","@graph":[{"@type":"WebPage","@id":"https:\/\/roofingcanada.com\/fr\/profil-de-lacec\/prix\/prix-couvertures-canada\/","url":"https:\/\/roofingcanada.com\/fr\/profil-de-lacec\/prix\/prix-couvertures-canada\/","name":"Prix Couvertures Canada","isPartOf":{"@id":"https:\/\/roofingcanada.com\/#website"},"primaryImageOfPage":{"@id":"https:\/\/roofingcanada.com\/fr\/profil-de-lacec\/prix\/prix-couvertures-canada\/#primaryimage"},"image":{"@id":"https:\/\/roofingcanada.com\/fr\/profil-de-lacec\/prix\/prix-couvertures-canada\/#primaryimage"},"thumbnailUrl":"https:\/\/roofingcanada.com\/wp-content\/uploads\/2018\/04\/icon-award-rc.png","datePublished":"2018-03-22T18:31:42+00:00","dateModified":"2025-10-01T18:40:48+00:00","description":"Le prix Couvertures Canada rend hommage \u00e0 des membres de l'ACEC pour la qualit\u00e9 de leur travail, leurs innovations, leurs services \u00e0 la communaut\u00e9 et leurs services \u00e0 l'industrie.","breadcrumb":{"@id":"https:\/\/roofingcanada.com\/fr\/profil-de-lacec\/prix\/prix-couvertures-canada\/#breadcrumb"},"inLanguage":"fr-FR","potentialAction":[{"@type":"ReadAction","target":["https:\/\/roofingcanada.com\/fr\/profil-de-lacec\/prix\/prix-couvertures-canada\/"]}]},{"@type":"ImageObject","inLanguage":"fr-FR","@id":"https:\/\/roofingcanada.com\/fr\/profil-de-lacec\/prix\/prix-couvertures-canada\/#primaryimage","url":"https:\/\/roofingcanada.com\/wp-content\/uploads\/2018\/04\/icon-award-rc.png","contentUrl":"https:\/\/roofingcanada.com\/wp-content\/uploads\/2018\/04\/icon-award-rc.png","width":101,"height":101},{"@type":"BreadcrumbList","@id":"https:\/\/roofingcanada.com\/fr\/profil-de-lacec\/prix\/prix-couvertures-canada\/#breadcrumb","itemListElement":[{"@type":"ListItem","position":1,"name":"Profil de l&rsquo;ACEC","item":"https:\/\/roofingcanada.com\/fr\/profil-de-lacec\/"},{"@type":"ListItem","position":2,"name":"Prix Couverture Canadiens","item":"https:\/\/roofingcanada.com\/fr\/profil-de-lacec\/prix\/"},{"@type":"ListItem","position":3,"name":"Prix Couverture Canada"}]},{"@type":"WebSite","@id":"https:\/\/roofingcanada.com\/#website","url":"https:\/\/roofingcanada.com\/","name":"Canadian Roofing Contractors Association","description":"Sous un seul toit","potentialAction":[{"@type":"SearchAction","target":{"@type":"EntryPoint","urlTemplate":"https:\/\/roofingcanada.com\/?s={search_term_string}"},"query-input":{"@type":"PropertyValueSpecification","valueRequired":true,"valueName":"search_term_string"}}],"inLanguage":"fr-FR"}]}},"_links":{"self":[{"href":"https:\/\/roofingcanada.com\/fr\/wp-json\/wp\/v2\/pages\/342","targetHints":{"allow":["GET"]}}],"collection":[{"href":"https:\/\/roofingcanada.com\/fr\/wp-json\/wp\/v2\/pages"}],"about":[{"href":"https:\/\/roofingcanada.com\/fr\/wp-json\/wp\/v2\/types\/page"}],"author":[{"embeddable":true,"href":"https:\/\/roofingcanada.com\/fr\/wp-json\/wp\/v2\/users\/1"}],"replies":[{"embeddable":true,"href":"https:\/\/roofingcanada.com\/fr\/wp-json\/wp\/v2\/comments?post=342"}],"version-history":[{"count":24,"href":"https:\/\/roofingcanada.com\/fr\/wp-json\/wp\/v2\/pages\/342\/revisions"}],"predecessor-version":[{"id":12819,"href":"https:\/\/roofingcanada.com\/fr\/wp-json\/wp\/v2\/pages\/342\/revisions\/12819"}],"up":[{"embeddable":true,"href":"https:\/\/roofingcanada.com\/fr\/wp-json\/wp\/v2\/pages\/147"}],"wp:featuredmedia":[{"embeddable":true,"href":"https:\/\/roofingcanada.com\/fr\/wp-json\/wp\/v2\/media\/853"}],"wp:attachment":[{"href":"https:\/\/roofingcanada.com\/fr\/wp-json\/wp\/v2\/media?parent=342"}],"curies":[{"name":"wp","href":"https:\/\/api.w.org\/{rel}","templated":true}]}}