{"id":338,"date":"2018-03-22T18:32:31","date_gmt":"2018-03-22T18:32:31","guid":{"rendered":"https:\/\/roofingcanada.com\/?page_id=338"},"modified":"2024-09-18T14:06:27","modified_gmt":"2024-09-18T18:06:27","slug":"membres-honoraires","status":"publish","type":"page","link":"https:\/\/roofingcanada.com\/fr\/profil-de-lacec\/prix\/membres-honoraires\/","title":{"rendered":"Membres honoraires"},"content":{"rendered":"<p>Le programme de membres honoraires de l\u2019ACEC reconna\u00eet les contributions importantes \u00e0 l\u2019avancement de l\u2019ACEC ou de l\u2019industrie de la toiture et de la t\u00f4lerie.<\/p>\n<h2>Admissibilit\u00e9<\/h2>\n<p>Les candidats doivent avoir contribu\u00e9 de fa\u00e7on importante \u00e0 l\u2019avancement de l\u2019Association ou de l\u2019industrie de la toiture et de la t\u00f4lerie.<\/p>\n<h2>Candidatures<\/h2>\n<p>Les candidatures doivent \u00eatre soumises au plus tard le 31 d\u00e9cembre de chaque ann\u00e9e.<\/p>\n<p>Pour proposer la candidature d\u2019un membre honoraire, veuillez soumettre le <a href=\"https:\/\/roofingcanada.com\/wp-content\/uploads\/2024\/09\/Membre-honoraire.pdf\" target=\"_blank\" rel=\"noopener\">Formulaire de mise en candidature (PDF)<\/a>.<\/p>\n<p>Les demandeurs peuvent \u00eatre employ\u00e9s par l\u2019entreprise de toiture propos\u00e9e. Les candidatures peuvent \u00e9galement \u00eatre soumises par les membres actifs, directs et associ\u00e9s de l\u2019ACEC, ainsi que par les associations affili\u00e9es de l\u2019ACEC.<\/p>\n<h2>Privil\u00e8ges<\/h2>\n<p>Les personnes choisies comme membres honoraires ont droit \u00e0 tous les privil\u00e8ges d\u2019adh\u00e9sion active \u00e0 l\u2019ACEC, sauf celui d\u2019occuper un poste \u00e9lectif. Les membres honoraires sont \u00e9galement assujettis aux dispositions des statuts de l\u2019ACEC.<\/p>\n","protected":false},"excerpt":{"rendered":"<p>Ce programme reconna\u00eet une personne qui a contribu\u00e9 de fa\u00e7on importante \u00e0 l\u2019avancement de l\u2019Association ou de l\u2019industrie de la toiture et de la t\u00f4lerie. <\/p>\n","protected":false},"author":1,"featured_media":851,"parent":147,"menu_order":4,"comment_status":"closed","ping_status":"closed","template":"","meta":{"_acf_changed":false,"footnotes":""},"class_list":["post-338","page","type-page","status-publish","has-post-thumbnail","hentry"],"acf":[],"yoast_head":"<!-- This site is optimized with the Yoast SEO plugin v27.5 - https:\/\/yoast.com\/product\/yoast-seo-wordpress\/ -->\n<title>Membre honoraire de l\u2019ACEC<\/title>\n<meta name=\"description\" content=\"Le prix Membre honoraire de l\u2019ACEC souligne la contribution importante de personnes \u00e0 l\u2019avancement de l\u2019ACEC ou de l\u2019industrie canadienne de la toiture ou de la t\u00f4lerie.\" \/>\n<meta name=\"robots\" content=\"index, follow, max-snippet:-1, max-image-preview:large, max-video-preview:-1\" \/>\n<link rel=\"canonical\" href=\"https:\/\/roofingcanada.com\/fr\/profil-de-lacec\/prix\/membres-honoraires\/\" \/>\n<meta property=\"og:locale\" content=\"fr_FR\" \/>\n<meta property=\"og:type\" content=\"article\" \/>\n<meta property=\"og:title\" content=\"Membre honoraire de l\u2019ACEC\" \/>\n<meta property=\"og:description\" content=\"Le prix Membre honoraire de l\u2019ACEC souligne la contribution importante de personnes \u00e0 l\u2019avancement de l\u2019ACEC ou de l\u2019industrie canadienne de la toiture ou de la t\u00f4lerie.\" \/>\n<meta property=\"og:url\" content=\"https:\/\/roofingcanada.com\/fr\/profil-de-lacec\/prix\/membres-honoraires\/\" \/>\n<meta property=\"og:site_name\" content=\"Canadian Roofing Contractors Association\" \/>\n<meta property=\"article:modified_time\" content=\"2024-09-18T18:06:27+00:00\" \/>\n<meta property=\"og:image\" content=\"https:\/\/roofingcanada.com\/wp-content\/uploads\/2018\/04\/icon-award-honorarypng.png\" \/>\n\t<meta property=\"og:image:width\" content=\"101\" \/>\n\t<meta property=\"og:image:height\" content=\"101\" \/>\n\t<meta property=\"og:image:type\" content=\"image\/png\" \/>\n<meta name=\"twitter:card\" content=\"summary_large_image\" \/>\n<script type=\"application\/ld+json\" class=\"yoast-schema-graph\">{\"@context\":\"https:\\\/\\\/schema.org\",\"@graph\":[{\"@type\":\"WebPage\",\"@id\":\"https:\\\/\\\/roofingcanada.com\\\/fr\\\/profil-de-lacec\\\/prix\\\/membres-honoraires\\\/\",\"url\":\"https:\\\/\\\/roofingcanada.com\\\/fr\\\/profil-de-lacec\\\/prix\\\/membres-honoraires\\\/\",\"name\":\"Membre honoraire de l\u2019ACEC\",\"isPartOf\":{\"@id\":\"https:\\\/\\\/roofingcanada.com\\\/#website\"},\"primaryImageOfPage\":{\"@id\":\"https:\\\/\\\/roofingcanada.com\\\/fr\\\/profil-de-lacec\\\/prix\\\/membres-honoraires\\\/#primaryimage\"},\"image\":{\"@id\":\"https:\\\/\\\/roofingcanada.com\\\/fr\\\/profil-de-lacec\\\/prix\\\/membres-honoraires\\\/#primaryimage\"},\"thumbnailUrl\":\"https:\\\/\\\/roofingcanada.com\\\/wp-content\\\/uploads\\\/2018\\\/04\\\/icon-award-honorarypng.png\",\"datePublished\":\"2018-03-22T18:32:31+00:00\",\"dateModified\":\"2024-09-18T18:06:27+00:00\",\"description\":\"Le prix Membre honoraire de l\u2019ACEC souligne la contribution importante de personnes \u00e0 l\u2019avancement de l\u2019ACEC ou de l\u2019industrie canadienne de la toiture ou de la t\u00f4lerie.\",\"breadcrumb\":{\"@id\":\"https:\\\/\\\/roofingcanada.com\\\/fr\\\/profil-de-lacec\\\/prix\\\/membres-honoraires\\\/#breadcrumb\"},\"inLanguage\":\"fr-FR\",\"potentialAction\":[{\"@type\":\"ReadAction\",\"target\":[\"https:\\\/\\\/roofingcanada.com\\\/fr\\\/profil-de-lacec\\\/prix\\\/membres-honoraires\\\/\"]}]},{\"@type\":\"ImageObject\",\"inLanguage\":\"fr-FR\",\"@id\":\"https:\\\/\\\/roofingcanada.com\\\/fr\\\/profil-de-lacec\\\/prix\\\/membres-honoraires\\\/#primaryimage\",\"url\":\"https:\\\/\\\/roofingcanada.com\\\/wp-content\\\/uploads\\\/2018\\\/04\\\/icon-award-honorarypng.png\",\"contentUrl\":\"https:\\\/\\\/roofingcanada.com\\\/wp-content\\\/uploads\\\/2018\\\/04\\\/icon-award-honorarypng.png\",\"width\":101,\"height\":101},{\"@type\":\"BreadcrumbList\",\"@id\":\"https:\\\/\\\/roofingcanada.com\\\/fr\\\/profil-de-lacec\\\/prix\\\/membres-honoraires\\\/#breadcrumb\",\"itemListElement\":[{\"@type\":\"ListItem\",\"position\":1,\"name\":\"Profil de l&rsquo;ACEC\",\"item\":\"https:\\\/\\\/roofingcanada.com\\\/fr\\\/profil-de-lacec\\\/\"},{\"@type\":\"ListItem\",\"position\":2,\"name\":\"Prix Couverture Canadiens\",\"item\":\"https:\\\/\\\/roofingcanada.com\\\/fr\\\/profil-de-lacec\\\/prix\\\/\"},{\"@type\":\"ListItem\",\"position\":3,\"name\":\"Membres honoraires\"}]},{\"@type\":\"WebSite\",\"@id\":\"https:\\\/\\\/roofingcanada.com\\\/#website\",\"url\":\"https:\\\/\\\/roofingcanada.com\\\/\",\"name\":\"Canadian Roofing Contractors Association\",\"description\":\"Sous un seul toit\",\"potentialAction\":[{\"@type\":\"SearchAction\",\"target\":{\"@type\":\"EntryPoint\",\"urlTemplate\":\"https:\\\/\\\/roofingcanada.com\\\/?s={search_term_string}\"},\"query-input\":{\"@type\":\"PropertyValueSpecification\",\"valueRequired\":true,\"valueName\":\"search_term_string\"}}],\"inLanguage\":\"fr-FR\"}]}<\/script>\n<!-- \/ Yoast SEO plugin. -->","yoast_head_json":{"title":"Membre honoraire de l\u2019ACEC","description":"Le prix Membre honoraire de l\u2019ACEC souligne la contribution importante de personnes \u00e0 l\u2019avancement de l\u2019ACEC ou de l\u2019industrie canadienne de la toiture ou de la t\u00f4lerie.","robots":{"index":"index","follow":"follow","max-snippet":"max-snippet:-1","max-image-preview":"max-image-preview:large","max-video-preview":"max-video-preview:-1"},"canonical":"https:\/\/roofingcanada.com\/fr\/profil-de-lacec\/prix\/membres-honoraires\/","og_locale":"fr_FR","og_type":"article","og_title":"Membre honoraire de l\u2019ACEC","og_description":"Le prix Membre honoraire de l\u2019ACEC souligne la contribution importante de personnes \u00e0 l\u2019avancement de l\u2019ACEC ou de l\u2019industrie canadienne de la toiture ou de la t\u00f4lerie.","og_url":"https:\/\/roofingcanada.com\/fr\/profil-de-lacec\/prix\/membres-honoraires\/","og_site_name":"Canadian Roofing Contractors Association","article_modified_time":"2024-09-18T18:06:27+00:00","og_image":[{"width":101,"height":101,"url":"https:\/\/roofingcanada.com\/wp-content\/uploads\/2018\/04\/icon-award-honorarypng.png","type":"image\/png"}],"twitter_card":"summary_large_image","schema":{"@context":"https:\/\/schema.org","@graph":[{"@type":"WebPage","@id":"https:\/\/roofingcanada.com\/fr\/profil-de-lacec\/prix\/membres-honoraires\/","url":"https:\/\/roofingcanada.com\/fr\/profil-de-lacec\/prix\/membres-honoraires\/","name":"Membre honoraire de l\u2019ACEC","isPartOf":{"@id":"https:\/\/roofingcanada.com\/#website"},"primaryImageOfPage":{"@id":"https:\/\/roofingcanada.com\/fr\/profil-de-lacec\/prix\/membres-honoraires\/#primaryimage"},"image":{"@id":"https:\/\/roofingcanada.com\/fr\/profil-de-lacec\/prix\/membres-honoraires\/#primaryimage"},"thumbnailUrl":"https:\/\/roofingcanada.com\/wp-content\/uploads\/2018\/04\/icon-award-honorarypng.png","datePublished":"2018-03-22T18:32:31+00:00","dateModified":"2024-09-18T18:06:27+00:00","description":"Le prix Membre honoraire de l\u2019ACEC souligne la contribution importante de personnes \u00e0 l\u2019avancement de l\u2019ACEC ou de l\u2019industrie canadienne de la toiture ou de la t\u00f4lerie.","breadcrumb":{"@id":"https:\/\/roofingcanada.com\/fr\/profil-de-lacec\/prix\/membres-honoraires\/#breadcrumb"},"inLanguage":"fr-FR","potentialAction":[{"@type":"ReadAction","target":["https:\/\/roofingcanada.com\/fr\/profil-de-lacec\/prix\/membres-honoraires\/"]}]},{"@type":"ImageObject","inLanguage":"fr-FR","@id":"https:\/\/roofingcanada.com\/fr\/profil-de-lacec\/prix\/membres-honoraires\/#primaryimage","url":"https:\/\/roofingcanada.com\/wp-content\/uploads\/2018\/04\/icon-award-honorarypng.png","contentUrl":"https:\/\/roofingcanada.com\/wp-content\/uploads\/2018\/04\/icon-award-honorarypng.png","width":101,"height":101},{"@type":"BreadcrumbList","@id":"https:\/\/roofingcanada.com\/fr\/profil-de-lacec\/prix\/membres-honoraires\/#breadcrumb","itemListElement":[{"@type":"ListItem","position":1,"name":"Profil de l&rsquo;ACEC","item":"https:\/\/roofingcanada.com\/fr\/profil-de-lacec\/"},{"@type":"ListItem","position":2,"name":"Prix Couverture Canadiens","item":"https:\/\/roofingcanada.com\/fr\/profil-de-lacec\/prix\/"},{"@type":"ListItem","position":3,"name":"Membres honoraires"}]},{"@type":"WebSite","@id":"https:\/\/roofingcanada.com\/#website","url":"https:\/\/roofingcanada.com\/","name":"Canadian Roofing Contractors Association","description":"Sous un seul toit","potentialAction":[{"@type":"SearchAction","target":{"@type":"EntryPoint","urlTemplate":"https:\/\/roofingcanada.com\/?s={search_term_string}"},"query-input":{"@type":"PropertyValueSpecification","valueRequired":true,"valueName":"search_term_string"}}],"inLanguage":"fr-FR"}]}},"_links":{"self":[{"href":"https:\/\/roofingcanada.com\/fr\/wp-json\/wp\/v2\/pages\/338","targetHints":{"allow":["GET"]}}],"collection":[{"href":"https:\/\/roofingcanada.com\/fr\/wp-json\/wp\/v2\/pages"}],"about":[{"href":"https:\/\/roofingcanada.com\/fr\/wp-json\/wp\/v2\/types\/page"}],"author":[{"embeddable":true,"href":"https:\/\/roofingcanada.com\/fr\/wp-json\/wp\/v2\/users\/1"}],"replies":[{"embeddable":true,"href":"https:\/\/roofingcanada.com\/fr\/wp-json\/wp\/v2\/comments?post=338"}],"version-history":[{"count":14,"href":"https:\/\/roofingcanada.com\/fr\/wp-json\/wp\/v2\/pages\/338\/revisions"}],"predecessor-version":[{"id":12213,"href":"https:\/\/roofingcanada.com\/fr\/wp-json\/wp\/v2\/pages\/338\/revisions\/12213"}],"up":[{"embeddable":true,"href":"https:\/\/roofingcanada.com\/fr\/wp-json\/wp\/v2\/pages\/147"}],"wp:featuredmedia":[{"embeddable":true,"href":"https:\/\/roofingcanada.com\/fr\/wp-json\/wp\/v2\/media\/851"}],"wp:attachment":[{"href":"https:\/\/roofingcanada.com\/fr\/wp-json\/wp\/v2\/media?parent=338"}],"curies":[{"name":"wp","href":"https:\/\/api.w.org\/{rel}","templated":true}]}}