{"id":327,"date":"2018-03-22T18:16:42","date_gmt":"2018-03-22T18:16:42","guid":{"rendered":"https:\/\/roofingcanada.com\/?page_id=327"},"modified":"2022-04-06T20:54:25","modified_gmt":"2022-04-06T20:54:25","slug":"realisations","status":"publish","type":"page","link":"https:\/\/roofingcanada.com\/fr\/defense-de-lindustrie-canadienne-de-la-toiture\/realisations\/","title":{"rendered":"R\u00e9alisations de l\u2019ACEC"},"content":{"rendered":"<div id=\"lipsum\">\n<p>Le travail de repr\u00e9sentation est continu et \u00e0 long terme. L\u2019influence et l\u2019\u00e9tude des r\u00e9percussions des nouvelles technologies, des changements climatiques et d\u2019autres pr\u00e9occupations exigent des ann\u00e9es de recherche et de repr\u00e9sentation.<\/p>\n<p>C\u2019est toujours excitant quand on voit des r\u00e9sultats concrets. Voici les points sur lesquels les membres de l\u2019ACEC ont avanc\u00e9 :<\/p>\n<table class=\"data\">\n<tbody>\n<tr>\n<th><strong>Activit\u00e9<\/strong><\/th>\n<th><strong>D\u00e9tails<\/strong><\/th>\n<\/tr>\n<tr>\n<td><strong>Projet de loi S-224 : Loi sur le paiement sans d\u00e9lai<\/strong>.<\/td>\n<td>Nous continuons de d\u00e9fendre ce projet de loi.<\/p>\n<p>Le 4 mai 2017, ce projet de loi a \u00e9t\u00e9 adopt\u00e9 \u00e0 l\u2019unanimit\u00e9 par le S\u00e9nat et envoy\u00e9 \u00e0 la Chambre des communes. L\u2019ACEC a \u00e9t\u00e9 l\u2019un des premiers t\u00e9moins \u00e0 compara\u00eetre devant le Comit\u00e9 s\u00e9natorial permanent des banques et du commerce pour examiner le projet de loi.<\/td>\n<\/tr>\n<tr>\n<td><strong>Table ronde de consultation des intervenants de l\u2019industrie de la toiture du CNRC sur les toits r\u00e9sistants aux changements climatiques<\/strong><\/td>\n<td>En d\u00e9cembre 2016, le directeur technique de l\u2019ACEC, Peter Kalinger, a repr\u00e9sent\u00e9 les membres de l\u2019ACEC pour veiller \u00e0 ce que l\u2019industrie de la toiture soit pr\u00eate \u00e0 relever les d\u00e9fis qui l\u2019attendent en raison des changements climatiques.<\/p>\n<p>Lors de cette table ronde, il a donn\u00e9 un aper\u00e7u de la construction de toits r\u00e9sistants aux changements climatiques du point de vue des installateurs de toits. Nous continuerons \u00e0 partager nos connaissances et notre expertise avec le CNRC et d\u2019autres organismes gouvernementaux pour atteindre l\u2019objectif d\u2019adaptation au changement climatique.<\/td>\n<\/tr>\n<tr>\n<td><strong>Coalition pour l\u2019\u00e9quit\u00e9 fiscale envers les petites entreprises<\/strong><\/td>\n<td>http:\/\/equitefiscalepme.ca\/<\/td>\n<\/tr>\n<\/tbody>\n<\/table>\n<\/div>\n","protected":false},"excerpt":{"rendered":"<p>Renseignez-vous sur les r\u00e9sultats du travail de repr\u00e9sentation de l\u2019ACEC. <\/p>\n","protected":false},"author":1,"featured_media":848,"parent":145,"menu_order":1,"comment_status":"closed","ping_status":"closed","template":"","meta":{"_acf_changed":false,"footnotes":""},"class_list":["post-327","page","type-page","status-publish","has-post-thumbnail","hentry"],"acf":[],"yoast_head":"<!-- This site is optimized with the Yoast SEO plugin v27.4 - https:\/\/yoast.com\/product\/yoast-seo-wordpress\/ -->\n<title>R\u00e9alisations de l\u2019ACEC<\/title>\n<meta name=\"description\" content=\"Renseignez-vous sur les r\u00e9alisations de l\u2019ACEC \u2013 les domaines dans lesquels les crit\u00e8res ont progress\u00e9 sur des sujets pr\u00e9occupants pour les membres de l\u2019ACEC.\" \/>\n<meta name=\"robots\" content=\"index, follow, max-snippet:-1, max-image-preview:large, max-video-preview:-1\" \/>\n<link rel=\"canonical\" href=\"https:\/\/roofingcanada.com\/fr\/defense-de-lindustrie-canadienne-de-la-toiture\/realisations\/\" \/>\n<meta property=\"og:locale\" content=\"fr_FR\" \/>\n<meta property=\"og:type\" content=\"article\" \/>\n<meta property=\"og:title\" content=\"R\u00e9alisations de l\u2019ACEC\" \/>\n<meta property=\"og:description\" content=\"Renseignez-vous sur les r\u00e9alisations de l\u2019ACEC \u2013 les domaines dans lesquels les crit\u00e8res ont progress\u00e9 sur des sujets pr\u00e9occupants pour les membres de l\u2019ACEC.\" \/>\n<meta property=\"og:url\" content=\"https:\/\/roofingcanada.com\/fr\/defense-de-lindustrie-canadienne-de-la-toiture\/realisations\/\" \/>\n<meta property=\"og:site_name\" content=\"Canadian Roofing Contractors Association\" \/>\n<meta property=\"article:modified_time\" content=\"2022-04-06T20:54:25+00:00\" \/>\n<meta property=\"og:image\" content=\"https:\/\/zz343f.a2cdn1.secureserver.net\/wp-content\/uploads\/2018\/04\/icon-achievements.png?time=1668446862\" \/>\n\t<meta property=\"og:image:width\" content=\"101\" \/>\n\t<meta property=\"og:image:height\" content=\"101\" \/>\n\t<meta property=\"og:image:type\" content=\"image\/png\" \/>\n<meta name=\"twitter:card\" content=\"summary_large_image\" \/>\n<script type=\"application\/ld+json\" class=\"yoast-schema-graph\">{\"@context\":\"https:\\\/\\\/schema.org\",\"@graph\":[{\"@type\":\"WebPage\",\"@id\":\"https:\\\/\\\/roofingcanada.com\\\/fr\\\/defense-de-lindustrie-canadienne-de-la-toiture\\\/realisations\\\/\",\"url\":\"https:\\\/\\\/roofingcanada.com\\\/fr\\\/defense-de-lindustrie-canadienne-de-la-toiture\\\/realisations\\\/\",\"name\":\"R\u00e9alisations de l\u2019ACEC\",\"isPartOf\":{\"@id\":\"https:\\\/\\\/roofingcanada.com\\\/#website\"},\"primaryImageOfPage\":{\"@id\":\"https:\\\/\\\/roofingcanada.com\\\/fr\\\/defense-de-lindustrie-canadienne-de-la-toiture\\\/realisations\\\/#primaryimage\"},\"image\":{\"@id\":\"https:\\\/\\\/roofingcanada.com\\\/fr\\\/defense-de-lindustrie-canadienne-de-la-toiture\\\/realisations\\\/#primaryimage\"},\"thumbnailUrl\":\"https:\\\/\\\/roofingcanada.com\\\/wp-content\\\/uploads\\\/2018\\\/04\\\/icon-achievements.png\",\"datePublished\":\"2018-03-22T18:16:42+00:00\",\"dateModified\":\"2022-04-06T20:54:25+00:00\",\"description\":\"Renseignez-vous sur les r\u00e9alisations de l\u2019ACEC \u2013 les domaines dans lesquels les crit\u00e8res ont progress\u00e9 sur des sujets pr\u00e9occupants pour les membres de l\u2019ACEC.\",\"breadcrumb\":{\"@id\":\"https:\\\/\\\/roofingcanada.com\\\/fr\\\/defense-de-lindustrie-canadienne-de-la-toiture\\\/realisations\\\/#breadcrumb\"},\"inLanguage\":\"fr-FR\",\"potentialAction\":[{\"@type\":\"ReadAction\",\"target\":[\"https:\\\/\\\/roofingcanada.com\\\/fr\\\/defense-de-lindustrie-canadienne-de-la-toiture\\\/realisations\\\/\"]}]},{\"@type\":\"ImageObject\",\"inLanguage\":\"fr-FR\",\"@id\":\"https:\\\/\\\/roofingcanada.com\\\/fr\\\/defense-de-lindustrie-canadienne-de-la-toiture\\\/realisations\\\/#primaryimage\",\"url\":\"https:\\\/\\\/roofingcanada.com\\\/wp-content\\\/uploads\\\/2018\\\/04\\\/icon-achievements.png\",\"contentUrl\":\"https:\\\/\\\/roofingcanada.com\\\/wp-content\\\/uploads\\\/2018\\\/04\\\/icon-achievements.png\",\"width\":101,\"height\":101},{\"@type\":\"BreadcrumbList\",\"@id\":\"https:\\\/\\\/roofingcanada.com\\\/fr\\\/defense-de-lindustrie-canadienne-de-la-toiture\\\/realisations\\\/#breadcrumb\",\"itemListElement\":[{\"@type\":\"ListItem\",\"position\":1,\"name\":\"D\u00e9fense de l\u2019industrie canadienne de la toiture\",\"item\":\"https:\\\/\\\/roofingcanada.com\\\/fr\\\/defense-de-lindustrie-canadienne-de-la-toiture\\\/\"},{\"@type\":\"ListItem\",\"position\":2,\"name\":\"R\u00e9alisations de l\u2019ACEC\"}]},{\"@type\":\"WebSite\",\"@id\":\"https:\\\/\\\/roofingcanada.com\\\/#website\",\"url\":\"https:\\\/\\\/roofingcanada.com\\\/\",\"name\":\"Canadian Roofing Contractors Association\",\"description\":\"Sous un seul toit\",\"potentialAction\":[{\"@type\":\"SearchAction\",\"target\":{\"@type\":\"EntryPoint\",\"urlTemplate\":\"https:\\\/\\\/roofingcanada.com\\\/?s={search_term_string}\"},\"query-input\":{\"@type\":\"PropertyValueSpecification\",\"valueRequired\":true,\"valueName\":\"search_term_string\"}}],\"inLanguage\":\"fr-FR\"}]}<\/script>\n<!-- \/ Yoast SEO plugin. -->","yoast_head_json":{"title":"R\u00e9alisations de l\u2019ACEC","description":"Renseignez-vous sur les r\u00e9alisations de l\u2019ACEC \u2013 les domaines dans lesquels les crit\u00e8res ont progress\u00e9 sur des sujets pr\u00e9occupants pour les membres de l\u2019ACEC.","robots":{"index":"index","follow":"follow","max-snippet":"max-snippet:-1","max-image-preview":"max-image-preview:large","max-video-preview":"max-video-preview:-1"},"canonical":"https:\/\/roofingcanada.com\/fr\/defense-de-lindustrie-canadienne-de-la-toiture\/realisations\/","og_locale":"fr_FR","og_type":"article","og_title":"R\u00e9alisations de l\u2019ACEC","og_description":"Renseignez-vous sur les r\u00e9alisations de l\u2019ACEC \u2013 les domaines dans lesquels les crit\u00e8res ont progress\u00e9 sur des sujets pr\u00e9occupants pour les membres de l\u2019ACEC.","og_url":"https:\/\/roofingcanada.com\/fr\/defense-de-lindustrie-canadienne-de-la-toiture\/realisations\/","og_site_name":"Canadian Roofing Contractors Association","article_modified_time":"2022-04-06T20:54:25+00:00","og_image":[{"width":101,"height":101,"url":"https:\/\/zz343f.a2cdn1.secureserver.net\/wp-content\/uploads\/2018\/04\/icon-achievements.png?time=1668446862","type":"image\/png"}],"twitter_card":"summary_large_image","schema":{"@context":"https:\/\/schema.org","@graph":[{"@type":"WebPage","@id":"https:\/\/roofingcanada.com\/fr\/defense-de-lindustrie-canadienne-de-la-toiture\/realisations\/","url":"https:\/\/roofingcanada.com\/fr\/defense-de-lindustrie-canadienne-de-la-toiture\/realisations\/","name":"R\u00e9alisations de l\u2019ACEC","isPartOf":{"@id":"https:\/\/roofingcanada.com\/#website"},"primaryImageOfPage":{"@id":"https:\/\/roofingcanada.com\/fr\/defense-de-lindustrie-canadienne-de-la-toiture\/realisations\/#primaryimage"},"image":{"@id":"https:\/\/roofingcanada.com\/fr\/defense-de-lindustrie-canadienne-de-la-toiture\/realisations\/#primaryimage"},"thumbnailUrl":"https:\/\/roofingcanada.com\/wp-content\/uploads\/2018\/04\/icon-achievements.png","datePublished":"2018-03-22T18:16:42+00:00","dateModified":"2022-04-06T20:54:25+00:00","description":"Renseignez-vous sur les r\u00e9alisations de l\u2019ACEC \u2013 les domaines dans lesquels les crit\u00e8res ont progress\u00e9 sur des sujets pr\u00e9occupants pour les membres de l\u2019ACEC.","breadcrumb":{"@id":"https:\/\/roofingcanada.com\/fr\/defense-de-lindustrie-canadienne-de-la-toiture\/realisations\/#breadcrumb"},"inLanguage":"fr-FR","potentialAction":[{"@type":"ReadAction","target":["https:\/\/roofingcanada.com\/fr\/defense-de-lindustrie-canadienne-de-la-toiture\/realisations\/"]}]},{"@type":"ImageObject","inLanguage":"fr-FR","@id":"https:\/\/roofingcanada.com\/fr\/defense-de-lindustrie-canadienne-de-la-toiture\/realisations\/#primaryimage","url":"https:\/\/roofingcanada.com\/wp-content\/uploads\/2018\/04\/icon-achievements.png","contentUrl":"https:\/\/roofingcanada.com\/wp-content\/uploads\/2018\/04\/icon-achievements.png","width":101,"height":101},{"@type":"BreadcrumbList","@id":"https:\/\/roofingcanada.com\/fr\/defense-de-lindustrie-canadienne-de-la-toiture\/realisations\/#breadcrumb","itemListElement":[{"@type":"ListItem","position":1,"name":"D\u00e9fense de l\u2019industrie canadienne de la toiture","item":"https:\/\/roofingcanada.com\/fr\/defense-de-lindustrie-canadienne-de-la-toiture\/"},{"@type":"ListItem","position":2,"name":"R\u00e9alisations de l\u2019ACEC"}]},{"@type":"WebSite","@id":"https:\/\/roofingcanada.com\/#website","url":"https:\/\/roofingcanada.com\/","name":"Canadian Roofing Contractors Association","description":"Sous un seul toit","potentialAction":[{"@type":"SearchAction","target":{"@type":"EntryPoint","urlTemplate":"https:\/\/roofingcanada.com\/?s={search_term_string}"},"query-input":{"@type":"PropertyValueSpecification","valueRequired":true,"valueName":"search_term_string"}}],"inLanguage":"fr-FR"}]}},"_links":{"self":[{"href":"https:\/\/roofingcanada.com\/fr\/wp-json\/wp\/v2\/pages\/327","targetHints":{"allow":["GET"]}}],"collection":[{"href":"https:\/\/roofingcanada.com\/fr\/wp-json\/wp\/v2\/pages"}],"about":[{"href":"https:\/\/roofingcanada.com\/fr\/wp-json\/wp\/v2\/types\/page"}],"author":[{"embeddable":true,"href":"https:\/\/roofingcanada.com\/fr\/wp-json\/wp\/v2\/users\/1"}],"replies":[{"embeddable":true,"href":"https:\/\/roofingcanada.com\/fr\/wp-json\/wp\/v2\/comments?post=327"}],"version-history":[{"count":9,"href":"https:\/\/roofingcanada.com\/fr\/wp-json\/wp\/v2\/pages\/327\/revisions"}],"predecessor-version":[{"id":10979,"href":"https:\/\/roofingcanada.com\/fr\/wp-json\/wp\/v2\/pages\/327\/revisions\/10979"}],"up":[{"embeddable":true,"href":"https:\/\/roofingcanada.com\/fr\/wp-json\/wp\/v2\/pages\/145"}],"wp:featuredmedia":[{"embeddable":true,"href":"https:\/\/roofingcanada.com\/fr\/wp-json\/wp\/v2\/media\/848"}],"wp:attachment":[{"href":"https:\/\/roofingcanada.com\/fr\/wp-json\/wp\/v2\/media?parent=327"}],"curies":[{"name":"wp","href":"https:\/\/api.w.org\/{rel}","templated":true}]}}