{"id":325,"date":"2018-03-22T18:15:07","date_gmt":"2018-03-22T18:15:07","guid":{"rendered":"https:\/\/roofingcanada.com\/?page_id=325"},"modified":"2018-06-22T19:39:38","modified_gmt":"2018-06-22T19:39:38","slug":"initiatives-en-cours","status":"publish","type":"page","link":"https:\/\/roofingcanada.com\/fr\/defense-de-lindustrie-canadienne-de-la-toiture\/initiatives-en-cours\/","title":{"rendered":"Initiatives en cours"},"content":{"rendered":"<p>Le Comit\u00e9 technique de l\u2019ACEC veille \u00e0 ce que les membres de l\u2019ACEC et l\u2019ensemble de l\u2019industrie de la toiture soient au courant des grandes questions techniques, politiques et activit\u00e9s de normalisation. Les initiatives actuelles de l\u2019ACEC comprennent les avis, les projets de recherche, le leadership d\u2019opinion et les activit\u00e9s de repr\u00e9sentation des comit\u00e9s.<\/p>\n<p><strong>Avis et publications<\/strong><\/p>\n<p>Tenir les membres de l\u2019ACEC au courant des questions techniques, r\u00e9glementaires, relatives aux normes et aux politiques est un \u00e9l\u00e9ment important de notre travail de plaidoyer. Nos plus r\u00e9cents travaux dans ce domaine sont les suivants :<\/p>\n<table class=\"data\">\n<tbody>\n<tr>\n<th><strong>Format<\/strong><\/th>\n<th><strong>Sujet<\/strong><\/th>\n<th><strong>\u00c9tat d\u2019avancement<\/strong><\/th>\n<\/tr>\n<tr>\n<td>Bulletin consultatif<\/td>\n<td>Responsabilit\u00e9 des entrepreneurs en couverture et des concepteurs<\/td>\n<td>Publi\u00e9<\/td>\n<\/tr>\n<tr>\n<td>Bulletin consultatif<\/td>\n<td>Consid\u00e9rations relatives \u00e0 la conception des toitures de remplacement<\/td>\n<td>Publi\u00e9<\/td>\n<\/tr>\n<tr>\n<td>Bulletin consultatif<\/td>\n<td>Risques inhabituels<\/td>\n<td>Publi\u00e9<\/td>\n<\/tr>\n<tr>\n<td>Bulletin consultatif<\/td>\n<td>Dangers li\u00e9s aux conduits \u00e9lectriques<\/td>\n<td>Publi\u00e9<\/td>\n<\/tr>\n<tr>\n<td>Programme<\/td>\n<td>Programme national de s\u00e9curit\u00e9 touchant les chalumeaux<\/td>\n<td>R\u00e9vision et mise \u00e0 jour en cours<\/td>\n<\/tr>\n<tr>\n<td>Manuel<\/td>\n<td>Manuel de r\u00e9f\u00e9rence sur les couvertures<\/td>\n<td>R\u00e9vision et mise \u00e0 jour en cours<\/td>\n<\/tr>\n<\/tbody>\n<\/table>\n<h2>Projets de recherche<\/h2>\n<p>L\u2019une des principales activit\u00e9s du personnel technique de l\u2019ACEC consiste \u00e0 assurer la liaison et la coordination de divers projets de recherche de l\u2019industrie. Les initiatives actuelles de l\u2019ACEC dans le domaine de la recherche comprennent ce qui suit :<\/p>\n<table class=\"data\">\n<tbody>\n<tr>\n<th><strong>Project<\/strong><\/th>\n<th><strong>Participation<\/strong><\/th>\n<th><strong>D\u00e9tails<\/strong><\/th>\n<\/tr>\n<tr>\n<td>Projet de recherche du Conseil national de recherches du Canada (CNRC) sur la r\u00e9sistance au vent des toitures v\u00e9g\u00e9talis\u00e9es int\u00e9gr\u00e9es<\/td>\n<td>Gestionnaire de projet<\/td>\n<td>\u00c0 l\u2019appui d\u2019une demande de changement de code que l\u2019ACEC doit pr\u00e9senter \u00e0 la Commission canadienne des codes du b\u00e2timent et de pr\u00e9vention des incendies afin d\u2019inclure une r\u00e9f\u00e9rence \u00e0 la Norme dans la prochaine \u00e9dition du Code national du b\u00e2timent du Canada.<\/td>\n<\/tr>\n<tr>\n<td>Consortium GIEDSC (Groupe d\u2019int\u00e9r\u00eat sp\u00e9cial pour l\u2019\u00e9valuation dynamique des syst\u00e8mes de couverture)<\/td>\n<td>Participant<\/td>\n<td>L\u2019accent est actuellement mis sur l\u2019instrumentation et la surveillance des surcharges de vent dans une grande installation de fabrication dans l\u2019\u00c9tat de l\u2019Iowa, en r\u00e9ponse aux changements de l\u2019ASCE 7, aux \u00c9tats-Unis, qui constituent la base des exigences en mati\u00e8re de surcharges de vent dans les codes du b\u00e2timent am\u00e9ricains et qui influencent grandement nos codes du b\u00e2timent.<\/td>\n<\/tr>\n<tr>\n<td>\u00c9tude de recherche de la NRCA sur les couvertures sur platelages de b\u00e9ton<\/td>\n<td>Entreprise conjointe<\/td>\n<td>Les principaux objectifs de l\u2019\u00e9tude sont de d\u00e9terminer quel niveau d\u2019humidit\u00e9 dans les platelages en b\u00e9ton est appropri\u00e9 pour les op\u00e9rations de couverture dans les nouvelles constructions et r\u00e9fections de toit, et comment nous pouvons d\u00e9velopper des outils pour mesurer rapidement et pr\u00e9cis\u00e9ment les niveaux d\u2019humidit\u00e9 dans les platelages en b\u00e9ton.<\/td>\n<\/tr>\n<tr>\n<td>\u00c9tude du CNRC sur la r\u00e9sistance \u00e9nerg\u00e9tique des toits commerciaux<\/td>\n<td>Participant<\/td>\n<td>Ce projet de recherche est con\u00e7u pour acqu\u00e9rir des donn\u00e9es sur le rendement \u00e9nerg\u00e9tique des syst\u00e8mes de toiture qui sont construits selon les pratiques actuelles. Les donn\u00e9es de recherche serviront de base au d\u00e9veloppement d\u2019indicateurs nationaux de rendement \u00e9nerg\u00e9tique pour les syst\u00e8mes de toiture ICI (\u00e0 faible pente).<\/td>\n<\/tr>\n<tr>\n<td>\u00c9tude du CNRC sur le plissement des syst\u00e8mes de membrane en bitume modifi\u00e9<\/td>\n<td>A command\u00e9 l\u2019\u00e9tude<\/td>\n<td>Ce probl\u00e8me a \u00e9t\u00e9 identifi\u00e9 par le Conseil d\u2019administration et, en r\u00e9ponse, l\u2019ACEC a demand\u00e9 au CNRC d\u2019effectuer des recherches sur le ph\u00e9nom\u00e8ne, de d\u00e9terminer les causes et de proposer des solutions.<\/td>\n<\/tr>\n<\/tbody>\n<\/table>\n<h2>Leadership d\u2019opinion<\/h2>\n<table class=\"data\">\n<tbody>\n<tr>\n<th><strong>Activit\u00e9<\/strong><\/th>\n<th><strong>D\u00e9tails<\/strong><\/th>\n<\/tr>\n<tr>\n<td><strong>Liaison entre les gouvernements et l\u2019industrie<\/strong><\/td>\n<td>Nous communiquons continuellement avec le gouvernement et les organismes de l\u2019industrie, notamment :<\/p>\n<ul>\n<li>Conseil national de recherches du Canada<\/li>\n<li>Ressources naturelles Canada<\/li>\n<li>Industrie Canada<\/li>\n<li>D\u00e9fense nationale<\/li>\n<li>Secr\u00e9tariat du devis directeur national<\/li>\n<li>Travaux publics et Services gouvernementaux Canada<\/li>\n<\/ul>\n<p>Commission canadienne des codes du b\u00e2timent et de pr\u00e9vention des incendies<\/td>\n<\/tr>\n<tr>\n<td><strong>Changements climatiques<\/strong><\/td>\n<td>Le gouvernement du Canada a clairement \u00e9nonc\u00e9 que la r\u00e9ponse aux changements climatiques est une priorit\u00e9 absolue, en particulier en ce qui concerne notre environnement b\u00e2ti. Selon le CNRC, les b\u00e2timents et les infrastructures du pays sont confront\u00e9s \u00e0 une augmentation des ph\u00e9nom\u00e8nes m\u00e9t\u00e9orologiques extr\u00eames tels que des inondations dommageables et des vents violents d\u00e9vastateurs.<\/p>\n<p>En r\u00e9ponse, le Conseil national de recherches (CNRC) et Infrastructure Canada mettent \u00e0 niveau les codes, les sp\u00e9cifications, les lignes directrices et les outils d\u2019\u00e9valuation pour assurer la s\u00e9curit\u00e9 des Canadiens. Les organismes d\u2019\u00e9laboration de normes examinent toutes leurs normes relatives \u00e0 la construction pour s\u2019assurer qu\u2019elles tiennent compte des r\u00e9percussions des changements climatiques.<\/p>\n<p>L\u2019ACEC travaille en \u00e9troite collaboration avec le CNRC pour s\u2019assurer que l\u2019industrie de la toiture est pr\u00eate \u00e0 relever les d\u00e9fis.<\/td>\n<\/tr>\n<\/tbody>\n<\/table>\n<h2>Repr\u00e9sentation au sein des comit\u00e9s<\/h2>\n<p>La participation de l\u2019ACEC aux comit\u00e9s d\u2019\u00e9laboration des normes et des politiques permet de s\u2019assurer que la voix des couvreurs canadiens est entendue lorsque sont prises des d\u00e9cisions les touchant. Les initiatives actuelles de l\u2019ACEC comprennent la participation aux comit\u00e9s suivants :<\/p>\n<ul>\n<li>Comit\u00e9s de l\u2019Association canadienne de normalisation (CSA) :\n<ul>\n<li>Comit\u00e9 technique sur les mati\u00e8res bitumineuses (CSA 123)<\/li>\n<li>CST sur les pratiques recommand\u00e9es pour les installations de panneaux photovolta\u00efques (PV) sur les toits (F900)<\/li>\n<\/ul>\n<\/li>\n<li>Comit\u00e9s des Laboratoires des assureurs du Canada (ULC) :\n<ul>\n<li>Comit\u00e9 des mat\u00e9riaux et des syst\u00e8mes d\u2019isolation thermique (S700A)<\/li>\n<li>Comit\u00e9 sur les membranes et syst\u00e8mes d\u2019\u00e9tanch\u00e9it\u00e9 (S700B)<\/li>\n<\/ul>\n<\/li>\n<li>Comit\u00e9 consultatif canadien du Comit\u00e9 technique 16 de l\u2019ISO sur la performance thermique et la consommation d\u2019\u00e9nergie dans l\u2019environnement b\u00e2ti<\/li>\n<li>Commission canadienne des codes du b\u00e2timent et de pr\u00e9vention des incendies, Groupe de travail mixte sur les normes de couverture, d\u2019hydrofugation et d\u2019\u00e9tanch\u00e9it\u00e9<\/li>\n<li>Groupe d\u2019int\u00e9r\u00eat sp\u00e9cial pour l\u2019\u00e9valuation dynamique des syst\u00e8mes de couverture (GIEDSC)<\/li>\n<li>American Society for Testing and Materials (ASTM)<\/li>\n<li>Office des normes g\u00e9n\u00e9rales du Canada (ONGC)<\/li>\n<li>Consortium sur les normes de r\u00e9sistance au vent des toitures v\u00e9g\u00e9talis\u00e9es<\/li>\n<li>Roof Consultants Institute (RCI)<\/li>\n<li>Comit\u00e9 mixte CIB\/RILEM (International) sur les mat\u00e9riaux et syst\u00e8mes de couverture<\/li>\n<li>Devis de construction Canada (DCC)<\/li>\n<li>Ontario Building Envelope Council (OBEC)<\/li>\n<\/ul>\n<h2>Autres initiatives de plaidoyer<\/h2>\n<ul>\n<li>Projet S-224 de Loi canadienne sur le paiement sans d\u00e9lai<\/li>\n<li>Coalition pour l\u2019\u00e9quit\u00e9 fiscale envers les petites entreprises<\/li>\n<\/ul>\n","protected":false},"excerpt":{"rendered":"<p>Renseignez-vous sur les initiatives et les comit\u00e9s de d\u00e9fense de l\u2019industrie de la toiture auxquels participe l\u2019ACEC. <\/p>\n","protected":false},"author":1,"featured_media":850,"parent":145,"menu_order":2,"comment_status":"closed","ping_status":"closed","template":"","meta":{"_acf_changed":false,"footnotes":""},"class_list":["post-325","page","type-page","status-publish","has-post-thumbnail","hentry"],"acf":[],"yoast_head":"<!-- This site is optimized with the Yoast SEO plugin v27.4 - https:\/\/yoast.com\/product\/yoast-seo-wordpress\/ -->\n<title>Initiatives actuelles de l\u2019ACEC<\/title>\n<meta name=\"description\" content=\"Les initiatives actuelles de l\u2019ACEC comprennent les avis, projets de recherche et activit\u00e9s de repr\u00e9sentation aux comit\u00e9s suivants...\" \/>\n<meta name=\"robots\" content=\"index, follow, max-snippet:-1, max-image-preview:large, max-video-preview:-1\" \/>\n<link rel=\"canonical\" href=\"https:\/\/roofingcanada.com\/fr\/defense-de-lindustrie-canadienne-de-la-toiture\/initiatives-en-cours\/\" \/>\n<meta property=\"og:locale\" content=\"fr_FR\" \/>\n<meta property=\"og:type\" content=\"article\" \/>\n<meta property=\"og:title\" content=\"Initiatives actuelles de l\u2019ACEC\" \/>\n<meta property=\"og:description\" content=\"Les initiatives actuelles de l\u2019ACEC comprennent les avis, projets de recherche et activit\u00e9s de repr\u00e9sentation aux comit\u00e9s suivants...\" \/>\n<meta property=\"og:url\" content=\"https:\/\/roofingcanada.com\/fr\/defense-de-lindustrie-canadienne-de-la-toiture\/initiatives-en-cours\/\" \/>\n<meta property=\"og:site_name\" content=\"Canadian Roofing Contractors Association\" \/>\n<meta property=\"article:modified_time\" content=\"2018-06-22T19:39:38+00:00\" \/>\n<meta property=\"og:image\" content=\"https:\/\/zz343f.a2cdn1.secureserver.net\/wp-content\/uploads\/2018\/04\/icon-initiatives.png?time=1668446862\" \/>\n\t<meta property=\"og:image:width\" content=\"101\" \/>\n\t<meta property=\"og:image:height\" content=\"101\" \/>\n\t<meta property=\"og:image:type\" content=\"image\/png\" \/>\n<meta name=\"twitter:card\" content=\"summary_large_image\" \/>\n<script type=\"application\/ld+json\" class=\"yoast-schema-graph\">{\"@context\":\"https:\\\/\\\/schema.org\",\"@graph\":[{\"@type\":\"WebPage\",\"@id\":\"https:\\\/\\\/roofingcanada.com\\\/fr\\\/defense-de-lindustrie-canadienne-de-la-toiture\\\/initiatives-en-cours\\\/\",\"url\":\"https:\\\/\\\/roofingcanada.com\\\/fr\\\/defense-de-lindustrie-canadienne-de-la-toiture\\\/initiatives-en-cours\\\/\",\"name\":\"Initiatives actuelles de l\u2019ACEC\",\"isPartOf\":{\"@id\":\"https:\\\/\\\/roofingcanada.com\\\/#website\"},\"primaryImageOfPage\":{\"@id\":\"https:\\\/\\\/roofingcanada.com\\\/fr\\\/defense-de-lindustrie-canadienne-de-la-toiture\\\/initiatives-en-cours\\\/#primaryimage\"},\"image\":{\"@id\":\"https:\\\/\\\/roofingcanada.com\\\/fr\\\/defense-de-lindustrie-canadienne-de-la-toiture\\\/initiatives-en-cours\\\/#primaryimage\"},\"thumbnailUrl\":\"https:\\\/\\\/roofingcanada.com\\\/wp-content\\\/uploads\\\/2018\\\/04\\\/icon-initiatives.png\",\"datePublished\":\"2018-03-22T18:15:07+00:00\",\"dateModified\":\"2018-06-22T19:39:38+00:00\",\"description\":\"Les initiatives actuelles de l\u2019ACEC comprennent les avis, projets de recherche et activit\u00e9s de repr\u00e9sentation aux comit\u00e9s suivants...\",\"breadcrumb\":{\"@id\":\"https:\\\/\\\/roofingcanada.com\\\/fr\\\/defense-de-lindustrie-canadienne-de-la-toiture\\\/initiatives-en-cours\\\/#breadcrumb\"},\"inLanguage\":\"fr-FR\",\"potentialAction\":[{\"@type\":\"ReadAction\",\"target\":[\"https:\\\/\\\/roofingcanada.com\\\/fr\\\/defense-de-lindustrie-canadienne-de-la-toiture\\\/initiatives-en-cours\\\/\"]}]},{\"@type\":\"ImageObject\",\"inLanguage\":\"fr-FR\",\"@id\":\"https:\\\/\\\/roofingcanada.com\\\/fr\\\/defense-de-lindustrie-canadienne-de-la-toiture\\\/initiatives-en-cours\\\/#primaryimage\",\"url\":\"https:\\\/\\\/roofingcanada.com\\\/wp-content\\\/uploads\\\/2018\\\/04\\\/icon-initiatives.png\",\"contentUrl\":\"https:\\\/\\\/roofingcanada.com\\\/wp-content\\\/uploads\\\/2018\\\/04\\\/icon-initiatives.png\",\"width\":101,\"height\":101},{\"@type\":\"BreadcrumbList\",\"@id\":\"https:\\\/\\\/roofingcanada.com\\\/fr\\\/defense-de-lindustrie-canadienne-de-la-toiture\\\/initiatives-en-cours\\\/#breadcrumb\",\"itemListElement\":[{\"@type\":\"ListItem\",\"position\":1,\"name\":\"D\u00e9fense de l\u2019industrie canadienne de la toiture\",\"item\":\"https:\\\/\\\/roofingcanada.com\\\/fr\\\/defense-de-lindustrie-canadienne-de-la-toiture\\\/\"},{\"@type\":\"ListItem\",\"position\":2,\"name\":\"Initiatives en cours\"}]},{\"@type\":\"WebSite\",\"@id\":\"https:\\\/\\\/roofingcanada.com\\\/#website\",\"url\":\"https:\\\/\\\/roofingcanada.com\\\/\",\"name\":\"Canadian Roofing Contractors Association\",\"description\":\"Sous un seul toit\",\"potentialAction\":[{\"@type\":\"SearchAction\",\"target\":{\"@type\":\"EntryPoint\",\"urlTemplate\":\"https:\\\/\\\/roofingcanada.com\\\/?s={search_term_string}\"},\"query-input\":{\"@type\":\"PropertyValueSpecification\",\"valueRequired\":true,\"valueName\":\"search_term_string\"}}],\"inLanguage\":\"fr-FR\"}]}<\/script>\n<!-- \/ Yoast SEO plugin. -->","yoast_head_json":{"title":"Initiatives actuelles de l\u2019ACEC","description":"Les initiatives actuelles de l\u2019ACEC comprennent les avis, projets de recherche et activit\u00e9s de repr\u00e9sentation aux comit\u00e9s suivants...","robots":{"index":"index","follow":"follow","max-snippet":"max-snippet:-1","max-image-preview":"max-image-preview:large","max-video-preview":"max-video-preview:-1"},"canonical":"https:\/\/roofingcanada.com\/fr\/defense-de-lindustrie-canadienne-de-la-toiture\/initiatives-en-cours\/","og_locale":"fr_FR","og_type":"article","og_title":"Initiatives actuelles de l\u2019ACEC","og_description":"Les initiatives actuelles de l\u2019ACEC comprennent les avis, projets de recherche et activit\u00e9s de repr\u00e9sentation aux comit\u00e9s suivants...","og_url":"https:\/\/roofingcanada.com\/fr\/defense-de-lindustrie-canadienne-de-la-toiture\/initiatives-en-cours\/","og_site_name":"Canadian Roofing Contractors Association","article_modified_time":"2018-06-22T19:39:38+00:00","og_image":[{"width":101,"height":101,"url":"https:\/\/zz343f.a2cdn1.secureserver.net\/wp-content\/uploads\/2018\/04\/icon-initiatives.png?time=1668446862","type":"image\/png"}],"twitter_card":"summary_large_image","schema":{"@context":"https:\/\/schema.org","@graph":[{"@type":"WebPage","@id":"https:\/\/roofingcanada.com\/fr\/defense-de-lindustrie-canadienne-de-la-toiture\/initiatives-en-cours\/","url":"https:\/\/roofingcanada.com\/fr\/defense-de-lindustrie-canadienne-de-la-toiture\/initiatives-en-cours\/","name":"Initiatives actuelles de l\u2019ACEC","isPartOf":{"@id":"https:\/\/roofingcanada.com\/#website"},"primaryImageOfPage":{"@id":"https:\/\/roofingcanada.com\/fr\/defense-de-lindustrie-canadienne-de-la-toiture\/initiatives-en-cours\/#primaryimage"},"image":{"@id":"https:\/\/roofingcanada.com\/fr\/defense-de-lindustrie-canadienne-de-la-toiture\/initiatives-en-cours\/#primaryimage"},"thumbnailUrl":"https:\/\/roofingcanada.com\/wp-content\/uploads\/2018\/04\/icon-initiatives.png","datePublished":"2018-03-22T18:15:07+00:00","dateModified":"2018-06-22T19:39:38+00:00","description":"Les initiatives actuelles de l\u2019ACEC comprennent les avis, projets de recherche et activit\u00e9s de repr\u00e9sentation aux comit\u00e9s suivants...","breadcrumb":{"@id":"https:\/\/roofingcanada.com\/fr\/defense-de-lindustrie-canadienne-de-la-toiture\/initiatives-en-cours\/#breadcrumb"},"inLanguage":"fr-FR","potentialAction":[{"@type":"ReadAction","target":["https:\/\/roofingcanada.com\/fr\/defense-de-lindustrie-canadienne-de-la-toiture\/initiatives-en-cours\/"]}]},{"@type":"ImageObject","inLanguage":"fr-FR","@id":"https:\/\/roofingcanada.com\/fr\/defense-de-lindustrie-canadienne-de-la-toiture\/initiatives-en-cours\/#primaryimage","url":"https:\/\/roofingcanada.com\/wp-content\/uploads\/2018\/04\/icon-initiatives.png","contentUrl":"https:\/\/roofingcanada.com\/wp-content\/uploads\/2018\/04\/icon-initiatives.png","width":101,"height":101},{"@type":"BreadcrumbList","@id":"https:\/\/roofingcanada.com\/fr\/defense-de-lindustrie-canadienne-de-la-toiture\/initiatives-en-cours\/#breadcrumb","itemListElement":[{"@type":"ListItem","position":1,"name":"D\u00e9fense de l\u2019industrie canadienne de la toiture","item":"https:\/\/roofingcanada.com\/fr\/defense-de-lindustrie-canadienne-de-la-toiture\/"},{"@type":"ListItem","position":2,"name":"Initiatives en cours"}]},{"@type":"WebSite","@id":"https:\/\/roofingcanada.com\/#website","url":"https:\/\/roofingcanada.com\/","name":"Canadian Roofing Contractors Association","description":"Sous un seul toit","potentialAction":[{"@type":"SearchAction","target":{"@type":"EntryPoint","urlTemplate":"https:\/\/roofingcanada.com\/?s={search_term_string}"},"query-input":{"@type":"PropertyValueSpecification","valueRequired":true,"valueName":"search_term_string"}}],"inLanguage":"fr-FR"}]}},"_links":{"self":[{"href":"https:\/\/roofingcanada.com\/fr\/wp-json\/wp\/v2\/pages\/325","targetHints":{"allow":["GET"]}}],"collection":[{"href":"https:\/\/roofingcanada.com\/fr\/wp-json\/wp\/v2\/pages"}],"about":[{"href":"https:\/\/roofingcanada.com\/fr\/wp-json\/wp\/v2\/types\/page"}],"author":[{"embeddable":true,"href":"https:\/\/roofingcanada.com\/fr\/wp-json\/wp\/v2\/users\/1"}],"replies":[{"embeddable":true,"href":"https:\/\/roofingcanada.com\/fr\/wp-json\/wp\/v2\/comments?post=325"}],"version-history":[{"count":14,"href":"https:\/\/roofingcanada.com\/fr\/wp-json\/wp\/v2\/pages\/325\/revisions"}],"predecessor-version":[{"id":3632,"href":"https:\/\/roofingcanada.com\/fr\/wp-json\/wp\/v2\/pages\/325\/revisions\/3632"}],"up":[{"embeddable":true,"href":"https:\/\/roofingcanada.com\/fr\/wp-json\/wp\/v2\/pages\/145"}],"wp:featuredmedia":[{"embeddable":true,"href":"https:\/\/roofingcanada.com\/fr\/wp-json\/wp\/v2\/media\/850"}],"wp:attachment":[{"href":"https:\/\/roofingcanada.com\/fr\/wp-json\/wp\/v2\/media?parent=325"}],"curies":[{"name":"wp","href":"https:\/\/api.w.org\/{rel}","templated":true}]}}