{"id":307,"date":"2018-03-22T17:57:53","date_gmt":"2018-03-22T17:57:53","guid":{"rendered":"https:\/\/roofingcanada.com\/?page_id=307"},"modified":"2018-06-14T16:55:33","modified_gmt":"2018-06-14T16:55:33","slug":"bulletins-consultatifs","status":"publish","type":"page","link":"https:\/\/roofingcanada.com\/fr\/conseils-techniques\/bulletins\/bulletins-consultatifs\/","title":{"rendered":"Bulletins consultatifs"},"content":{"rendered":"<div id=\"lipsum\">\n<p>Les bulletins consultatifs de l\u2019ACEC fournissent de l\u2019information sur les questions techniques qui touchent l\u2019industrie de la toiture imm\u00e9diatement ou pour une p\u00e9riode donn\u00e9e.<\/p>\n<\/div>\n","protected":false},"excerpt":{"rendered":"<p>Questions techniques qui ont des r\u00e9percussions imm\u00e9diates sur l\u2019industrie ou pendant une p\u00e9riode donn\u00e9e.<\/p>\n","protected":false},"author":1,"featured_media":839,"parent":263,"menu_order":2,"comment_status":"closed","ping_status":"closed","template":"page-advisory-bulletins.php","meta":{"_acf_changed":false,"footnotes":""},"class_list":["post-307","page","type-page","status-publish","has-post-thumbnail","hentry"],"acf":[],"yoast_head":"<!-- This site is optimized with the Yoast SEO plugin v27.4 - https:\/\/yoast.com\/product\/yoast-seo-wordpress\/ -->\n<title>Bulletins consultatifs de l\u2019ACEC sur la toiture canadienne<\/title>\n<meta name=\"description\" content=\"Les bulletins consultatifs de l\u2019ACEC fournissent de l\u2019information sur les questions techniques qui touchent l\u2019industrie de la toiture imm\u00e9diatement ou pour une p\u00e9riode donn\u00e9e.\" \/>\n<meta name=\"robots\" content=\"index, follow, max-snippet:-1, max-image-preview:large, max-video-preview:-1\" \/>\n<link rel=\"canonical\" href=\"https:\/\/roofingcanada.com\/fr\/conseils-techniques\/bulletins\/bulletins-consultatifs\/\" \/>\n<meta property=\"og:locale\" content=\"fr_FR\" \/>\n<meta property=\"og:type\" content=\"article\" \/>\n<meta property=\"og:title\" content=\"Bulletins consultatifs de l\u2019ACEC sur la toiture canadienne\" \/>\n<meta property=\"og:description\" content=\"Les bulletins consultatifs de l\u2019ACEC fournissent de l\u2019information sur les questions techniques qui touchent l\u2019industrie de la toiture imm\u00e9diatement ou pour une p\u00e9riode donn\u00e9e.\" \/>\n<meta property=\"og:url\" content=\"https:\/\/roofingcanada.com\/fr\/conseils-techniques\/bulletins\/bulletins-consultatifs\/\" \/>\n<meta property=\"og:site_name\" content=\"Canadian Roofing Contractors Association\" \/>\n<meta property=\"article:modified_time\" content=\"2018-06-14T16:55:33+00:00\" \/>\n<meta property=\"og:image\" content=\"https:\/\/zz343f.a2cdn1.secureserver.net\/wp-content\/uploads\/2018\/04\/icon-bulletins.png?time=1668351568\" \/>\n\t<meta property=\"og:image:width\" content=\"101\" \/>\n\t<meta property=\"og:image:height\" content=\"101\" \/>\n\t<meta property=\"og:image:type\" content=\"image\/png\" \/>\n<meta name=\"twitter:card\" content=\"summary_large_image\" \/>\n<script type=\"application\/ld+json\" class=\"yoast-schema-graph\">{\"@context\":\"https:\\\/\\\/schema.org\",\"@graph\":[{\"@type\":\"WebPage\",\"@id\":\"https:\\\/\\\/roofingcanada.com\\\/fr\\\/conseils-techniques\\\/bulletins\\\/bulletins-consultatifs\\\/\",\"url\":\"https:\\\/\\\/roofingcanada.com\\\/fr\\\/conseils-techniques\\\/bulletins\\\/bulletins-consultatifs\\\/\",\"name\":\"Bulletins consultatifs de l\u2019ACEC sur la toiture canadienne\",\"isPartOf\":{\"@id\":\"https:\\\/\\\/roofingcanada.com\\\/#website\"},\"primaryImageOfPage\":{\"@id\":\"https:\\\/\\\/roofingcanada.com\\\/fr\\\/conseils-techniques\\\/bulletins\\\/bulletins-consultatifs\\\/#primaryimage\"},\"image\":{\"@id\":\"https:\\\/\\\/roofingcanada.com\\\/fr\\\/conseils-techniques\\\/bulletins\\\/bulletins-consultatifs\\\/#primaryimage\"},\"thumbnailUrl\":\"https:\\\/\\\/roofingcanada.com\\\/wp-content\\\/uploads\\\/2018\\\/04\\\/icon-bulletins.png\",\"datePublished\":\"2018-03-22T17:57:53+00:00\",\"dateModified\":\"2018-06-14T16:55:33+00:00\",\"description\":\"Les bulletins consultatifs de l\u2019ACEC fournissent de l\u2019information sur les questions techniques qui touchent l\u2019industrie de la toiture imm\u00e9diatement ou pour une p\u00e9riode donn\u00e9e.\",\"breadcrumb\":{\"@id\":\"https:\\\/\\\/roofingcanada.com\\\/fr\\\/conseils-techniques\\\/bulletins\\\/bulletins-consultatifs\\\/#breadcrumb\"},\"inLanguage\":\"fr-FR\",\"potentialAction\":[{\"@type\":\"ReadAction\",\"target\":[\"https:\\\/\\\/roofingcanada.com\\\/fr\\\/conseils-techniques\\\/bulletins\\\/bulletins-consultatifs\\\/\"]}]},{\"@type\":\"ImageObject\",\"inLanguage\":\"fr-FR\",\"@id\":\"https:\\\/\\\/roofingcanada.com\\\/fr\\\/conseils-techniques\\\/bulletins\\\/bulletins-consultatifs\\\/#primaryimage\",\"url\":\"https:\\\/\\\/roofingcanada.com\\\/wp-content\\\/uploads\\\/2018\\\/04\\\/icon-bulletins.png\",\"contentUrl\":\"https:\\\/\\\/roofingcanada.com\\\/wp-content\\\/uploads\\\/2018\\\/04\\\/icon-bulletins.png\",\"width\":101,\"height\":101},{\"@type\":\"BreadcrumbList\",\"@id\":\"https:\\\/\\\/roofingcanada.com\\\/fr\\\/conseils-techniques\\\/bulletins\\\/bulletins-consultatifs\\\/#breadcrumb\",\"itemListElement\":[{\"@type\":\"ListItem\",\"position\":1,\"name\":\"Conseils techniques sur la toiture de l\u2019ACEC\",\"item\":\"https:\\\/\\\/roofingcanada.com\\\/fr\\\/conseils-techniques\\\/\"},{\"@type\":\"ListItem\",\"position\":2,\"name\":\"Bulletins\",\"item\":\"https:\\\/\\\/roofingcanada.com\\\/fr\\\/conseils-techniques\\\/bulletins\\\/\"},{\"@type\":\"ListItem\",\"position\":3,\"name\":\"Bulletins consultatifs\"}]},{\"@type\":\"WebSite\",\"@id\":\"https:\\\/\\\/roofingcanada.com\\\/#website\",\"url\":\"https:\\\/\\\/roofingcanada.com\\\/\",\"name\":\"Canadian Roofing Contractors Association\",\"description\":\"Sous un seul toit\",\"potentialAction\":[{\"@type\":\"SearchAction\",\"target\":{\"@type\":\"EntryPoint\",\"urlTemplate\":\"https:\\\/\\\/roofingcanada.com\\\/?s={search_term_string}\"},\"query-input\":{\"@type\":\"PropertyValueSpecification\",\"valueRequired\":true,\"valueName\":\"search_term_string\"}}],\"inLanguage\":\"fr-FR\"}]}<\/script>\n<!-- \/ Yoast SEO plugin. -->","yoast_head_json":{"title":"Bulletins consultatifs de l\u2019ACEC sur la toiture canadienne","description":"Les bulletins consultatifs de l\u2019ACEC fournissent de l\u2019information sur les questions techniques qui touchent l\u2019industrie de la toiture imm\u00e9diatement ou pour une p\u00e9riode donn\u00e9e.","robots":{"index":"index","follow":"follow","max-snippet":"max-snippet:-1","max-image-preview":"max-image-preview:large","max-video-preview":"max-video-preview:-1"},"canonical":"https:\/\/roofingcanada.com\/fr\/conseils-techniques\/bulletins\/bulletins-consultatifs\/","og_locale":"fr_FR","og_type":"article","og_title":"Bulletins consultatifs de l\u2019ACEC sur la toiture canadienne","og_description":"Les bulletins consultatifs de l\u2019ACEC fournissent de l\u2019information sur les questions techniques qui touchent l\u2019industrie de la toiture imm\u00e9diatement ou pour une p\u00e9riode donn\u00e9e.","og_url":"https:\/\/roofingcanada.com\/fr\/conseils-techniques\/bulletins\/bulletins-consultatifs\/","og_site_name":"Canadian Roofing Contractors Association","article_modified_time":"2018-06-14T16:55:33+00:00","og_image":[{"width":101,"height":101,"url":"https:\/\/zz343f.a2cdn1.secureserver.net\/wp-content\/uploads\/2018\/04\/icon-bulletins.png?time=1668351568","type":"image\/png"}],"twitter_card":"summary_large_image","schema":{"@context":"https:\/\/schema.org","@graph":[{"@type":"WebPage","@id":"https:\/\/roofingcanada.com\/fr\/conseils-techniques\/bulletins\/bulletins-consultatifs\/","url":"https:\/\/roofingcanada.com\/fr\/conseils-techniques\/bulletins\/bulletins-consultatifs\/","name":"Bulletins consultatifs de l\u2019ACEC sur la toiture canadienne","isPartOf":{"@id":"https:\/\/roofingcanada.com\/#website"},"primaryImageOfPage":{"@id":"https:\/\/roofingcanada.com\/fr\/conseils-techniques\/bulletins\/bulletins-consultatifs\/#primaryimage"},"image":{"@id":"https:\/\/roofingcanada.com\/fr\/conseils-techniques\/bulletins\/bulletins-consultatifs\/#primaryimage"},"thumbnailUrl":"https:\/\/roofingcanada.com\/wp-content\/uploads\/2018\/04\/icon-bulletins.png","datePublished":"2018-03-22T17:57:53+00:00","dateModified":"2018-06-14T16:55:33+00:00","description":"Les bulletins consultatifs de l\u2019ACEC fournissent de l\u2019information sur les questions techniques qui touchent l\u2019industrie de la toiture imm\u00e9diatement ou pour une p\u00e9riode donn\u00e9e.","breadcrumb":{"@id":"https:\/\/roofingcanada.com\/fr\/conseils-techniques\/bulletins\/bulletins-consultatifs\/#breadcrumb"},"inLanguage":"fr-FR","potentialAction":[{"@type":"ReadAction","target":["https:\/\/roofingcanada.com\/fr\/conseils-techniques\/bulletins\/bulletins-consultatifs\/"]}]},{"@type":"ImageObject","inLanguage":"fr-FR","@id":"https:\/\/roofingcanada.com\/fr\/conseils-techniques\/bulletins\/bulletins-consultatifs\/#primaryimage","url":"https:\/\/roofingcanada.com\/wp-content\/uploads\/2018\/04\/icon-bulletins.png","contentUrl":"https:\/\/roofingcanada.com\/wp-content\/uploads\/2018\/04\/icon-bulletins.png","width":101,"height":101},{"@type":"BreadcrumbList","@id":"https:\/\/roofingcanada.com\/fr\/conseils-techniques\/bulletins\/bulletins-consultatifs\/#breadcrumb","itemListElement":[{"@type":"ListItem","position":1,"name":"Conseils techniques sur la toiture de l\u2019ACEC","item":"https:\/\/roofingcanada.com\/fr\/conseils-techniques\/"},{"@type":"ListItem","position":2,"name":"Bulletins","item":"https:\/\/roofingcanada.com\/fr\/conseils-techniques\/bulletins\/"},{"@type":"ListItem","position":3,"name":"Bulletins consultatifs"}]},{"@type":"WebSite","@id":"https:\/\/roofingcanada.com\/#website","url":"https:\/\/roofingcanada.com\/","name":"Canadian Roofing Contractors Association","description":"Sous un seul toit","potentialAction":[{"@type":"SearchAction","target":{"@type":"EntryPoint","urlTemplate":"https:\/\/roofingcanada.com\/?s={search_term_string}"},"query-input":{"@type":"PropertyValueSpecification","valueRequired":true,"valueName":"search_term_string"}}],"inLanguage":"fr-FR"}]}},"_links":{"self":[{"href":"https:\/\/roofingcanada.com\/fr\/wp-json\/wp\/v2\/pages\/307","targetHints":{"allow":["GET"]}}],"collection":[{"href":"https:\/\/roofingcanada.com\/fr\/wp-json\/wp\/v2\/pages"}],"about":[{"href":"https:\/\/roofingcanada.com\/fr\/wp-json\/wp\/v2\/types\/page"}],"author":[{"embeddable":true,"href":"https:\/\/roofingcanada.com\/fr\/wp-json\/wp\/v2\/users\/1"}],"replies":[{"embeddable":true,"href":"https:\/\/roofingcanada.com\/fr\/wp-json\/wp\/v2\/comments?post=307"}],"version-history":[{"count":6,"href":"https:\/\/roofingcanada.com\/fr\/wp-json\/wp\/v2\/pages\/307\/revisions"}],"predecessor-version":[{"id":2458,"href":"https:\/\/roofingcanada.com\/fr\/wp-json\/wp\/v2\/pages\/307\/revisions\/2458"}],"up":[{"embeddable":true,"href":"https:\/\/roofingcanada.com\/fr\/wp-json\/wp\/v2\/pages\/263"}],"wp:featuredmedia":[{"embeddable":true,"href":"https:\/\/roofingcanada.com\/fr\/wp-json\/wp\/v2\/media\/839"}],"wp:attachment":[{"href":"https:\/\/roofingcanada.com\/fr\/wp-json\/wp\/v2\/media?parent=307"}],"curies":[{"name":"wp","href":"https:\/\/api.w.org\/{rel}","templated":true}]}}