{"id":271,"date":"2018-03-22T16:37:00","date_gmt":"2018-03-22T16:37:00","guid":{"rendered":"https:\/\/roofingcanada.com\/?page_id=271"},"modified":"2018-07-10T21:56:02","modified_gmt":"2018-07-10T21:56:02","slug":"collection-complete-de-bulletins","status":"publish","type":"page","link":"https:\/\/roofingcanada.com\/fr\/conseils-techniques\/collection-complete-de-bulletins\/","title":{"rendered":"Collection compl\u00e8te de bulletins"},"content":{"rendered":"<img loading=\"lazy\" decoding=\"async\" class=\"alignnone size-full wp-image-3715\" src=\"https:\/\/roofingcanada.com\/wp-content\/uploads\/2018\/07\/bulletins-FR.png\" alt=\"\" width=\"650\" height=\"300\" srcset=\"https:\/\/roofingcanada.com\/wp-content\/uploads\/2018\/07\/bulletins-FR.png 650w, https:\/\/roofingcanada.com\/wp-content\/uploads\/2018\/07\/bulletins-FR-300x138.png 300w\" sizes=\"auto, (max-width: 650px) 100vw, 650px\" \/>\n<p>La biblioth\u00e8que des Bulletins de l\u2019ACEC en version imprim\u00e9e fournit tous les <a href=\"https:\/\/roofingcanada.com\/fr\/conseils-techniques\/bulletins\/bulletins-techniques\/\">bulletins techniques<\/a> et <a href=\"https:\/\/roofingcanada.com\/fr\/conseils-techniques\/bulletins\/bulletins-consultatifs\/\">bulletins consultatifs<\/a> publi\u00e9s depuis la cr\u00e9ation de l\u2019ACEC. Bien que ces documents soient disponibles gratuitement sur ce site Web, de nombreuses personnes souhaitent les avoir <strong>sous forme imprim\u00e9e<\/strong>.<\/p>\n<p><a class=\"common-btn\" href=\"https:\/\/roofingcanada.com\/fr\/bordereau-de-commande-pour-publication-de-lacec\/\">Commander maintenant<\/a><\/p>\n","protected":false},"excerpt":{"rendered":"<p>L\u2019ACEC publie des bulletins techniques et consultatifs pour informer l&rsquo;industrie des toitures institutionnelles, commerciales et industrielles (ICI) des probl\u00e8mes techniques. Cliquez sur cette section pour commander votre ensemble imprim\u00e9.<\/p>\n","protected":false},"author":1,"featured_media":846,"parent":143,"menu_order":5,"comment_status":"closed","ping_status":"closed","template":"","meta":{"_acf_changed":false,"footnotes":""},"class_list":["post-271","page","type-page","status-publish","has-post-thumbnail","hentry"],"acf":[],"yoast_head":"<!-- This site is optimized with the Yoast SEO plugin v27.5 - https:\/\/yoast.com\/product\/yoast-seo-wordpress\/ -->\n<title>Biblioth\u00e8que des bulletins de l\u2019ACEC en version imprim\u00e9e<\/title>\n<meta name=\"description\" content=\"La biblioth\u00e8que des Bulletins de l\u2019ACEC en version imprim\u00e9e fournit tous les bulletins techniques et bulletins consultatifs publi\u00e9s depuis la cr\u00e9ation de l\u2019ACEC.\" \/>\n<meta name=\"robots\" content=\"index, follow, max-snippet:-1, max-image-preview:large, max-video-preview:-1\" \/>\n<link rel=\"canonical\" href=\"https:\/\/roofingcanada.com\/fr\/conseils-techniques\/collection-complete-de-bulletins\/\" \/>\n<meta property=\"og:locale\" content=\"fr_FR\" \/>\n<meta property=\"og:type\" content=\"article\" \/>\n<meta property=\"og:title\" content=\"Biblioth\u00e8que des bulletins de l\u2019ACEC en version imprim\u00e9e\" \/>\n<meta property=\"og:description\" content=\"La biblioth\u00e8que des Bulletins de l\u2019ACEC en version imprim\u00e9e fournit tous les bulletins techniques et bulletins consultatifs publi\u00e9s depuis la cr\u00e9ation de l\u2019ACEC.\" \/>\n<meta property=\"og:url\" content=\"https:\/\/roofingcanada.com\/fr\/conseils-techniques\/collection-complete-de-bulletins\/\" \/>\n<meta property=\"og:site_name\" content=\"Canadian Roofing Contractors Association\" \/>\n<meta property=\"article:modified_time\" content=\"2018-07-10T21:56:02+00:00\" \/>\n<meta property=\"og:image\" content=\"https:\/\/zz343f.a2cdn1.secureserver.net\/wp-content\/uploads\/2018\/04\/icon-library.png?time=1668446862\" \/>\n\t<meta property=\"og:image:width\" content=\"101\" \/>\n\t<meta property=\"og:image:height\" content=\"101\" \/>\n\t<meta property=\"og:image:type\" content=\"image\/png\" \/>\n<meta name=\"twitter:card\" content=\"summary_large_image\" \/>\n<script type=\"application\/ld+json\" class=\"yoast-schema-graph\">{\"@context\":\"https:\\\/\\\/schema.org\",\"@graph\":[{\"@type\":\"WebPage\",\"@id\":\"https:\\\/\\\/roofingcanada.com\\\/fr\\\/conseils-techniques\\\/collection-complete-de-bulletins\\\/\",\"url\":\"https:\\\/\\\/roofingcanada.com\\\/fr\\\/conseils-techniques\\\/collection-complete-de-bulletins\\\/\",\"name\":\"Biblioth\u00e8que des bulletins de l\u2019ACEC en version imprim\u00e9e\",\"isPartOf\":{\"@id\":\"https:\\\/\\\/roofingcanada.com\\\/#website\"},\"primaryImageOfPage\":{\"@id\":\"https:\\\/\\\/roofingcanada.com\\\/fr\\\/conseils-techniques\\\/collection-complete-de-bulletins\\\/#primaryimage\"},\"image\":{\"@id\":\"https:\\\/\\\/roofingcanada.com\\\/fr\\\/conseils-techniques\\\/collection-complete-de-bulletins\\\/#primaryimage\"},\"thumbnailUrl\":\"https:\\\/\\\/roofingcanada.com\\\/wp-content\\\/uploads\\\/2018\\\/04\\\/icon-library.png\",\"datePublished\":\"2018-03-22T16:37:00+00:00\",\"dateModified\":\"2018-07-10T21:56:02+00:00\",\"description\":\"La biblioth\u00e8que des Bulletins de l\u2019ACEC en version imprim\u00e9e fournit tous les bulletins techniques et bulletins consultatifs publi\u00e9s depuis la cr\u00e9ation de l\u2019ACEC.\",\"breadcrumb\":{\"@id\":\"https:\\\/\\\/roofingcanada.com\\\/fr\\\/conseils-techniques\\\/collection-complete-de-bulletins\\\/#breadcrumb\"},\"inLanguage\":\"fr-FR\",\"potentialAction\":[{\"@type\":\"ReadAction\",\"target\":[\"https:\\\/\\\/roofingcanada.com\\\/fr\\\/conseils-techniques\\\/collection-complete-de-bulletins\\\/\"]}]},{\"@type\":\"ImageObject\",\"inLanguage\":\"fr-FR\",\"@id\":\"https:\\\/\\\/roofingcanada.com\\\/fr\\\/conseils-techniques\\\/collection-complete-de-bulletins\\\/#primaryimage\",\"url\":\"https:\\\/\\\/roofingcanada.com\\\/wp-content\\\/uploads\\\/2018\\\/04\\\/icon-library.png\",\"contentUrl\":\"https:\\\/\\\/roofingcanada.com\\\/wp-content\\\/uploads\\\/2018\\\/04\\\/icon-library.png\",\"width\":101,\"height\":101},{\"@type\":\"BreadcrumbList\",\"@id\":\"https:\\\/\\\/roofingcanada.com\\\/fr\\\/conseils-techniques\\\/collection-complete-de-bulletins\\\/#breadcrumb\",\"itemListElement\":[{\"@type\":\"ListItem\",\"position\":1,\"name\":\"Conseils techniques sur la toiture de l\u2019ACEC\",\"item\":\"https:\\\/\\\/roofingcanada.com\\\/fr\\\/conseils-techniques\\\/\"},{\"@type\":\"ListItem\",\"position\":2,\"name\":\"Collection compl\u00e8te de bulletins\"}]},{\"@type\":\"WebSite\",\"@id\":\"https:\\\/\\\/roofingcanada.com\\\/#website\",\"url\":\"https:\\\/\\\/roofingcanada.com\\\/\",\"name\":\"Canadian Roofing Contractors Association\",\"description\":\"Sous un seul toit\",\"potentialAction\":[{\"@type\":\"SearchAction\",\"target\":{\"@type\":\"EntryPoint\",\"urlTemplate\":\"https:\\\/\\\/roofingcanada.com\\\/?s={search_term_string}\"},\"query-input\":{\"@type\":\"PropertyValueSpecification\",\"valueRequired\":true,\"valueName\":\"search_term_string\"}}],\"inLanguage\":\"fr-FR\"}]}<\/script>\n<!-- \/ Yoast SEO plugin. -->","yoast_head_json":{"title":"Biblioth\u00e8que des bulletins de l\u2019ACEC en version imprim\u00e9e","description":"La biblioth\u00e8que des Bulletins de l\u2019ACEC en version imprim\u00e9e fournit tous les bulletins techniques et bulletins consultatifs publi\u00e9s depuis la cr\u00e9ation de l\u2019ACEC.","robots":{"index":"index","follow":"follow","max-snippet":"max-snippet:-1","max-image-preview":"max-image-preview:large","max-video-preview":"max-video-preview:-1"},"canonical":"https:\/\/roofingcanada.com\/fr\/conseils-techniques\/collection-complete-de-bulletins\/","og_locale":"fr_FR","og_type":"article","og_title":"Biblioth\u00e8que des bulletins de l\u2019ACEC en version imprim\u00e9e","og_description":"La biblioth\u00e8que des Bulletins de l\u2019ACEC en version imprim\u00e9e fournit tous les bulletins techniques et bulletins consultatifs publi\u00e9s depuis la cr\u00e9ation de l\u2019ACEC.","og_url":"https:\/\/roofingcanada.com\/fr\/conseils-techniques\/collection-complete-de-bulletins\/","og_site_name":"Canadian Roofing Contractors Association","article_modified_time":"2018-07-10T21:56:02+00:00","og_image":[{"width":101,"height":101,"url":"https:\/\/zz343f.a2cdn1.secureserver.net\/wp-content\/uploads\/2018\/04\/icon-library.png?time=1668446862","type":"image\/png"}],"twitter_card":"summary_large_image","schema":{"@context":"https:\/\/schema.org","@graph":[{"@type":"WebPage","@id":"https:\/\/roofingcanada.com\/fr\/conseils-techniques\/collection-complete-de-bulletins\/","url":"https:\/\/roofingcanada.com\/fr\/conseils-techniques\/collection-complete-de-bulletins\/","name":"Biblioth\u00e8que des bulletins de l\u2019ACEC en version imprim\u00e9e","isPartOf":{"@id":"https:\/\/roofingcanada.com\/#website"},"primaryImageOfPage":{"@id":"https:\/\/roofingcanada.com\/fr\/conseils-techniques\/collection-complete-de-bulletins\/#primaryimage"},"image":{"@id":"https:\/\/roofingcanada.com\/fr\/conseils-techniques\/collection-complete-de-bulletins\/#primaryimage"},"thumbnailUrl":"https:\/\/roofingcanada.com\/wp-content\/uploads\/2018\/04\/icon-library.png","datePublished":"2018-03-22T16:37:00+00:00","dateModified":"2018-07-10T21:56:02+00:00","description":"La biblioth\u00e8que des Bulletins de l\u2019ACEC en version imprim\u00e9e fournit tous les bulletins techniques et bulletins consultatifs publi\u00e9s depuis la cr\u00e9ation de l\u2019ACEC.","breadcrumb":{"@id":"https:\/\/roofingcanada.com\/fr\/conseils-techniques\/collection-complete-de-bulletins\/#breadcrumb"},"inLanguage":"fr-FR","potentialAction":[{"@type":"ReadAction","target":["https:\/\/roofingcanada.com\/fr\/conseils-techniques\/collection-complete-de-bulletins\/"]}]},{"@type":"ImageObject","inLanguage":"fr-FR","@id":"https:\/\/roofingcanada.com\/fr\/conseils-techniques\/collection-complete-de-bulletins\/#primaryimage","url":"https:\/\/roofingcanada.com\/wp-content\/uploads\/2018\/04\/icon-library.png","contentUrl":"https:\/\/roofingcanada.com\/wp-content\/uploads\/2018\/04\/icon-library.png","width":101,"height":101},{"@type":"BreadcrumbList","@id":"https:\/\/roofingcanada.com\/fr\/conseils-techniques\/collection-complete-de-bulletins\/#breadcrumb","itemListElement":[{"@type":"ListItem","position":1,"name":"Conseils techniques sur la toiture de l\u2019ACEC","item":"https:\/\/roofingcanada.com\/fr\/conseils-techniques\/"},{"@type":"ListItem","position":2,"name":"Collection compl\u00e8te de bulletins"}]},{"@type":"WebSite","@id":"https:\/\/roofingcanada.com\/#website","url":"https:\/\/roofingcanada.com\/","name":"Canadian Roofing Contractors Association","description":"Sous un seul toit","potentialAction":[{"@type":"SearchAction","target":{"@type":"EntryPoint","urlTemplate":"https:\/\/roofingcanada.com\/?s={search_term_string}"},"query-input":{"@type":"PropertyValueSpecification","valueRequired":true,"valueName":"search_term_string"}}],"inLanguage":"fr-FR"}]}},"_links":{"self":[{"href":"https:\/\/roofingcanada.com\/fr\/wp-json\/wp\/v2\/pages\/271","targetHints":{"allow":["GET"]}}],"collection":[{"href":"https:\/\/roofingcanada.com\/fr\/wp-json\/wp\/v2\/pages"}],"about":[{"href":"https:\/\/roofingcanada.com\/fr\/wp-json\/wp\/v2\/types\/page"}],"author":[{"embeddable":true,"href":"https:\/\/roofingcanada.com\/fr\/wp-json\/wp\/v2\/users\/1"}],"replies":[{"embeddable":true,"href":"https:\/\/roofingcanada.com\/fr\/wp-json\/wp\/v2\/comments?post=271"}],"version-history":[{"count":9,"href":"https:\/\/roofingcanada.com\/fr\/wp-json\/wp\/v2\/pages\/271\/revisions"}],"predecessor-version":[{"id":3717,"href":"https:\/\/roofingcanada.com\/fr\/wp-json\/wp\/v2\/pages\/271\/revisions\/3717"}],"up":[{"embeddable":true,"href":"https:\/\/roofingcanada.com\/fr\/wp-json\/wp\/v2\/pages\/143"}],"wp:featuredmedia":[{"embeddable":true,"href":"https:\/\/roofingcanada.com\/fr\/wp-json\/wp\/v2\/media\/846"}],"wp:attachment":[{"href":"https:\/\/roofingcanada.com\/fr\/wp-json\/wp\/v2\/media?parent=271"}],"curies":[{"name":"wp","href":"https:\/\/api.w.org\/{rel}","templated":true}]}}