{"id":264,"date":"2018-03-22T16:36:27","date_gmt":"2018-03-22T16:36:27","guid":{"rendered":"https:\/\/roofingcanada.com\/?page_id=264"},"modified":"2019-05-24T12:30:03","modified_gmt":"2019-05-24T12:30:03","slug":"videos-dinstallation","status":"publish","type":"page","link":"https:\/\/roofingcanada.com\/fr\/conseils-techniques\/videos-dinstallation\/","title":{"rendered":"Vid\u00e9os d&rsquo;installation"},"content":{"rendered":"<p>Ces vid\u00e9os d\u2019installation de toiture ont \u00e9t\u00e9 r\u00e9alis\u00e9es avec l\u2019appui de l\u2019ACEC et de nos membres associ\u00e9s. Elles fournissent de pr\u00e9cieux conseils pour l\u2019installation d\u2019une vaste gamme de syst\u00e8mes de toiture au Canada.<\/p>\n<div class=\"grid-row\">\n<div class=\"grid grid_2\"><iframe loading=\"lazy\" src=\"https:\/\/www.youtube.com\/embed\/DVA2H0pYtZw\" width=\"280\" height=\"157\" frameborder=\"0\" allowfullscreen=\"allowfullscreen\" data-mce-fragment=\"1\"><\/iframe><\/div>\n<div class=\"grid grid_2\"><iframe loading=\"lazy\" src=\"https:\/\/www.youtube.com\/embed\/TlDyFqffozU\" width=\"280\" height=\"157\" frameborder=\"0\" allowfullscreen=\"allowfullscreen\" data-mce-fragment=\"1\"><\/iframe><\/div>\n<\/div>\n<div class=\"grid-row\">\n<div class=\"grid grid_2\"><iframe loading=\"lazy\" src=\"https:\/\/www.youtube.com\/embed\/ln0Gkjggt4E\" width=\"280\" height=\"157\" frameborder=\"0\" allowfullscreen=\"allowfullscreen\" data-mce-fragment=\"1\"><\/iframe><\/div>\n<div class=\"grid grid_2\"><iframe loading=\"lazy\" src=\"https:\/\/www.youtube.com\/embed\/vmOdvxeXioU\" width=\"280\" height=\"157\" frameborder=\"0\" allowfullscreen=\"allowfullscreen\" data-mce-fragment=\"1\"><\/iframe><\/div>\n<\/div>\n<div class=\"grid-row\">\n<div class=\"grid grid_2\"><iframe loading=\"lazy\" src=\"https:\/\/www.youtube.com\/embed\/PPdhX2fE46w\" width=\"280\" height=\"157\" frameborder=\"0\" allowfullscreen=\"allowfullscreen\" data-mce-fragment=\"1\"><\/iframe><\/div>\n<div class=\"grid grid_2\"><iframe loading=\"lazy\" src=\"https:\/\/www.youtube.com\/embed\/Sy4R5RVdg58\" width=\"280\" height=\"157\" frameborder=\"0\" allowfullscreen=\"allowfullscreen\" data-mce-fragment=\"1\"><\/iframe><\/div>\n<\/div>\n","protected":false},"excerpt":{"rendered":"<p>Les vid\u00e9os fournissent un savoir-faire d\u2019installation sur une vari\u00e9t\u00e9 de syst\u00e8mes de toiture pour l\u2019industrie ICI du Canada. <\/p>\n","protected":false},"author":1,"featured_media":844,"parent":143,"menu_order":6,"comment_status":"closed","ping_status":"closed","template":"","meta":{"_acf_changed":false,"footnotes":""},"class_list":["post-264","page","type-page","status-publish","has-post-thumbnail","hentry"],"acf":[],"yoast_head":"<!-- This site is optimized with the Yoast SEO plugin v27.4 - https:\/\/yoast.com\/product\/yoast-seo-wordpress\/ -->\n<title>Vid\u00e9os d\u2019installation de couvertures \u2013 Association canadienne des entrepreneurs en couverture<\/title>\n<meta name=\"description\" content=\"Ces vid\u00e9os d\u2019installation de couvertures ont \u00e9t\u00e9 \u00e9labor\u00e9es avec l\u2019appui de l&#039;Association canadienne des entrepreneurs en couverture.\" \/>\n<meta name=\"robots\" content=\"index, follow, max-snippet:-1, max-image-preview:large, max-video-preview:-1\" \/>\n<link rel=\"canonical\" href=\"https:\/\/roofingcanada.com\/fr\/conseils-techniques\/videos-dinstallation\/\" \/>\n<meta property=\"og:locale\" content=\"fr_FR\" \/>\n<meta property=\"og:type\" content=\"article\" \/>\n<meta property=\"og:title\" content=\"Vid\u00e9os d\u2019installation de couvertures \u2013 Association canadienne des entrepreneurs en couverture\" \/>\n<meta property=\"og:description\" content=\"Ces vid\u00e9os d\u2019installation de couvertures ont \u00e9t\u00e9 \u00e9labor\u00e9es avec l\u2019appui de l&#039;Association canadienne des entrepreneurs en couverture.\" \/>\n<meta property=\"og:url\" content=\"https:\/\/roofingcanada.com\/fr\/conseils-techniques\/videos-dinstallation\/\" \/>\n<meta property=\"og:site_name\" content=\"Canadian Roofing Contractors Association\" \/>\n<meta property=\"article:modified_time\" content=\"2019-05-24T12:30:03+00:00\" \/>\n<meta property=\"og:image\" content=\"https:\/\/zz343f.a2cdn1.secureserver.net\/wp-content\/uploads\/2018\/04\/icon-install-videos.png?time=1668351568\" \/>\n\t<meta property=\"og:image:width\" content=\"101\" \/>\n\t<meta property=\"og:image:height\" content=\"101\" \/>\n\t<meta property=\"og:image:type\" content=\"image\/png\" \/>\n<meta name=\"twitter:card\" content=\"summary_large_image\" \/>\n<script type=\"application\/ld+json\" class=\"yoast-schema-graph\">{\"@context\":\"https:\\\/\\\/schema.org\",\"@graph\":[{\"@type\":\"WebPage\",\"@id\":\"https:\\\/\\\/roofingcanada.com\\\/fr\\\/conseils-techniques\\\/videos-dinstallation\\\/\",\"url\":\"https:\\\/\\\/roofingcanada.com\\\/fr\\\/conseils-techniques\\\/videos-dinstallation\\\/\",\"name\":\"Vid\u00e9os d\u2019installation de couvertures \u2013 Association canadienne des entrepreneurs en couverture\",\"isPartOf\":{\"@id\":\"https:\\\/\\\/roofingcanada.com\\\/#website\"},\"primaryImageOfPage\":{\"@id\":\"https:\\\/\\\/roofingcanada.com\\\/fr\\\/conseils-techniques\\\/videos-dinstallation\\\/#primaryimage\"},\"image\":{\"@id\":\"https:\\\/\\\/roofingcanada.com\\\/fr\\\/conseils-techniques\\\/videos-dinstallation\\\/#primaryimage\"},\"thumbnailUrl\":\"https:\\\/\\\/roofingcanada.com\\\/wp-content\\\/uploads\\\/2018\\\/04\\\/icon-install-videos.png\",\"datePublished\":\"2018-03-22T16:36:27+00:00\",\"dateModified\":\"2019-05-24T12:30:03+00:00\",\"description\":\"Ces vid\u00e9os d\u2019installation de couvertures ont \u00e9t\u00e9 \u00e9labor\u00e9es avec l\u2019appui de l'Association canadienne des entrepreneurs en couverture.\",\"breadcrumb\":{\"@id\":\"https:\\\/\\\/roofingcanada.com\\\/fr\\\/conseils-techniques\\\/videos-dinstallation\\\/#breadcrumb\"},\"inLanguage\":\"fr-FR\",\"potentialAction\":[{\"@type\":\"ReadAction\",\"target\":[\"https:\\\/\\\/roofingcanada.com\\\/fr\\\/conseils-techniques\\\/videos-dinstallation\\\/\"]}]},{\"@type\":\"ImageObject\",\"inLanguage\":\"fr-FR\",\"@id\":\"https:\\\/\\\/roofingcanada.com\\\/fr\\\/conseils-techniques\\\/videos-dinstallation\\\/#primaryimage\",\"url\":\"https:\\\/\\\/roofingcanada.com\\\/wp-content\\\/uploads\\\/2018\\\/04\\\/icon-install-videos.png\",\"contentUrl\":\"https:\\\/\\\/roofingcanada.com\\\/wp-content\\\/uploads\\\/2018\\\/04\\\/icon-install-videos.png\",\"width\":101,\"height\":101},{\"@type\":\"BreadcrumbList\",\"@id\":\"https:\\\/\\\/roofingcanada.com\\\/fr\\\/conseils-techniques\\\/videos-dinstallation\\\/#breadcrumb\",\"itemListElement\":[{\"@type\":\"ListItem\",\"position\":1,\"name\":\"Conseils techniques sur la toiture de l\u2019ACEC\",\"item\":\"https:\\\/\\\/roofingcanada.com\\\/fr\\\/conseils-techniques\\\/\"},{\"@type\":\"ListItem\",\"position\":2,\"name\":\"Vid\u00e9os d&rsquo;installation\"}]},{\"@type\":\"WebSite\",\"@id\":\"https:\\\/\\\/roofingcanada.com\\\/#website\",\"url\":\"https:\\\/\\\/roofingcanada.com\\\/\",\"name\":\"Canadian Roofing Contractors Association\",\"description\":\"Sous un seul toit\",\"potentialAction\":[{\"@type\":\"SearchAction\",\"target\":{\"@type\":\"EntryPoint\",\"urlTemplate\":\"https:\\\/\\\/roofingcanada.com\\\/?s={search_term_string}\"},\"query-input\":{\"@type\":\"PropertyValueSpecification\",\"valueRequired\":true,\"valueName\":\"search_term_string\"}}],\"inLanguage\":\"fr-FR\"}]}<\/script>\n<!-- \/ Yoast SEO plugin. -->","yoast_head_json":{"title":"Vid\u00e9os d\u2019installation de couvertures \u2013 Association canadienne des entrepreneurs en couverture","description":"Ces vid\u00e9os d\u2019installation de couvertures ont \u00e9t\u00e9 \u00e9labor\u00e9es avec l\u2019appui de l'Association canadienne des entrepreneurs en couverture.","robots":{"index":"index","follow":"follow","max-snippet":"max-snippet:-1","max-image-preview":"max-image-preview:large","max-video-preview":"max-video-preview:-1"},"canonical":"https:\/\/roofingcanada.com\/fr\/conseils-techniques\/videos-dinstallation\/","og_locale":"fr_FR","og_type":"article","og_title":"Vid\u00e9os d\u2019installation de couvertures \u2013 Association canadienne des entrepreneurs en couverture","og_description":"Ces vid\u00e9os d\u2019installation de couvertures ont \u00e9t\u00e9 \u00e9labor\u00e9es avec l\u2019appui de l'Association canadienne des entrepreneurs en couverture.","og_url":"https:\/\/roofingcanada.com\/fr\/conseils-techniques\/videos-dinstallation\/","og_site_name":"Canadian Roofing Contractors Association","article_modified_time":"2019-05-24T12:30:03+00:00","og_image":[{"width":101,"height":101,"url":"https:\/\/zz343f.a2cdn1.secureserver.net\/wp-content\/uploads\/2018\/04\/icon-install-videos.png?time=1668351568","type":"image\/png"}],"twitter_card":"summary_large_image","schema":{"@context":"https:\/\/schema.org","@graph":[{"@type":"WebPage","@id":"https:\/\/roofingcanada.com\/fr\/conseils-techniques\/videos-dinstallation\/","url":"https:\/\/roofingcanada.com\/fr\/conseils-techniques\/videos-dinstallation\/","name":"Vid\u00e9os d\u2019installation de couvertures \u2013 Association canadienne des entrepreneurs en couverture","isPartOf":{"@id":"https:\/\/roofingcanada.com\/#website"},"primaryImageOfPage":{"@id":"https:\/\/roofingcanada.com\/fr\/conseils-techniques\/videos-dinstallation\/#primaryimage"},"image":{"@id":"https:\/\/roofingcanada.com\/fr\/conseils-techniques\/videos-dinstallation\/#primaryimage"},"thumbnailUrl":"https:\/\/roofingcanada.com\/wp-content\/uploads\/2018\/04\/icon-install-videos.png","datePublished":"2018-03-22T16:36:27+00:00","dateModified":"2019-05-24T12:30:03+00:00","description":"Ces vid\u00e9os d\u2019installation de couvertures ont \u00e9t\u00e9 \u00e9labor\u00e9es avec l\u2019appui de l'Association canadienne des entrepreneurs en couverture.","breadcrumb":{"@id":"https:\/\/roofingcanada.com\/fr\/conseils-techniques\/videos-dinstallation\/#breadcrumb"},"inLanguage":"fr-FR","potentialAction":[{"@type":"ReadAction","target":["https:\/\/roofingcanada.com\/fr\/conseils-techniques\/videos-dinstallation\/"]}]},{"@type":"ImageObject","inLanguage":"fr-FR","@id":"https:\/\/roofingcanada.com\/fr\/conseils-techniques\/videos-dinstallation\/#primaryimage","url":"https:\/\/roofingcanada.com\/wp-content\/uploads\/2018\/04\/icon-install-videos.png","contentUrl":"https:\/\/roofingcanada.com\/wp-content\/uploads\/2018\/04\/icon-install-videos.png","width":101,"height":101},{"@type":"BreadcrumbList","@id":"https:\/\/roofingcanada.com\/fr\/conseils-techniques\/videos-dinstallation\/#breadcrumb","itemListElement":[{"@type":"ListItem","position":1,"name":"Conseils techniques sur la toiture de l\u2019ACEC","item":"https:\/\/roofingcanada.com\/fr\/conseils-techniques\/"},{"@type":"ListItem","position":2,"name":"Vid\u00e9os d&rsquo;installation"}]},{"@type":"WebSite","@id":"https:\/\/roofingcanada.com\/#website","url":"https:\/\/roofingcanada.com\/","name":"Canadian Roofing Contractors Association","description":"Sous un seul toit","potentialAction":[{"@type":"SearchAction","target":{"@type":"EntryPoint","urlTemplate":"https:\/\/roofingcanada.com\/?s={search_term_string}"},"query-input":{"@type":"PropertyValueSpecification","valueRequired":true,"valueName":"search_term_string"}}],"inLanguage":"fr-FR"}]}},"_links":{"self":[{"href":"https:\/\/roofingcanada.com\/fr\/wp-json\/wp\/v2\/pages\/264","targetHints":{"allow":["GET"]}}],"collection":[{"href":"https:\/\/roofingcanada.com\/fr\/wp-json\/wp\/v2\/pages"}],"about":[{"href":"https:\/\/roofingcanada.com\/fr\/wp-json\/wp\/v2\/types\/page"}],"author":[{"embeddable":true,"href":"https:\/\/roofingcanada.com\/fr\/wp-json\/wp\/v2\/users\/1"}],"replies":[{"embeddable":true,"href":"https:\/\/roofingcanada.com\/fr\/wp-json\/wp\/v2\/comments?post=264"}],"version-history":[{"count":14,"href":"https:\/\/roofingcanada.com\/fr\/wp-json\/wp\/v2\/pages\/264\/revisions"}],"predecessor-version":[{"id":4491,"href":"https:\/\/roofingcanada.com\/fr\/wp-json\/wp\/v2\/pages\/264\/revisions\/4491"}],"up":[{"embeddable":true,"href":"https:\/\/roofingcanada.com\/fr\/wp-json\/wp\/v2\/pages\/143"}],"wp:featuredmedia":[{"embeddable":true,"href":"https:\/\/roofingcanada.com\/fr\/wp-json\/wp\/v2\/media\/844"}],"wp:attachment":[{"href":"https:\/\/roofingcanada.com\/fr\/wp-json\/wp\/v2\/media?parent=264"}],"curies":[{"name":"wp","href":"https:\/\/api.w.org\/{rel}","templated":true}]}}