{"id":262,"date":"2018-03-22T16:34:54","date_gmt":"2018-03-22T16:34:54","guid":{"rendered":"https:\/\/roofingcanada.com\/?page_id=262"},"modified":"2024-11-29T13:05:56","modified_gmt":"2024-11-29T18:05:56","slug":"manuels","status":"publish","type":"page","link":"https:\/\/roofingcanada.com\/fr\/conseils-techniques\/manuels\/","title":{"rendered":"Manuels"},"content":{"rendered":"<p>Les manuels de couverture de l\u2019ACEC sont des ressources reconnues \u00e0 l\u2019\u00e9chelle nationale pour les pratiques exemplaires de toiture au Canada. Ces manuels peuvent \u00eatre command\u00e9s ci-dessous.<\/p>\n<div class=\"media\">\n<div class=\"media-image\"><img loading=\"lazy\" decoding=\"async\" class=\"alignleft size-medium wp-image-2461\" src=\"https:\/\/roofingcanada.com\/wp-content\/uploads\/2018\/05\/FR_preventiftoitures-231x300.jpg\" alt=\"\" width=\"155\" height=\"200\" srcset=\"https:\/\/roofingcanada.com\/wp-content\/uploads\/2018\/05\/FR_preventiftoitures-231x300.jpg 231w, https:\/\/roofingcanada.com\/wp-content\/uploads\/2018\/05\/FR_preventiftoitures.jpg 250w\" sizes=\"auto, (max-width: 155px) 100vw, 155px\" \/><\/div>\n<div class=\"media-body\">\n<h2 class=\"page-title\">Manuel d&rsquo;entretien pr\u00e9ventif toitures<\/h2>\n<h3><em>R\u00e9serv\u00e9 aux membres de l\u2019ACEC. <\/em><\/h3>\n<p>Ce Manuel de maintenance pr\u00e9ventive de l\u2019ACEC fournit des renseignements sur l\u2019entretien d\u2019un toit afin d\u2019obtenir le meilleur rendement tout au long de sa vie utile. Il peut \u00eatre utilis\u00e9 seul ou dans le cadre du <a href=\"https:\/\/roofingcanada.com\/wp-content\/uploads\/2024\/11\/formule-de-garantie-echantillon.pdf\" target=\"_blank\" rel=\"noopener\">Formulaire de garantie standard<\/a>.<\/p>\n<p class=\"product-price\">25 CAD (seulement disponible aux membres de l&rsquo;ACEC)<\/p>\n<p><a class=\"common-btn\" href=\"https:\/\/roofingcanada.com\/fr\/bordereau-de-commande-pour-publication-de-lacec\/\">Commander maintenant<\/a><\/p>\n<\/div>\n<\/div>\n<hr \/>\n<div class=\"media\">\n<div class=\"media-image\"><img loading=\"lazy\" decoding=\"async\" class=\"alignleft size-full wp-image-2462\" src=\"https:\/\/roofingcanada.com\/wp-content\/uploads\/2018\/05\/image-cover-specificationsfr.png\" alt=\"\" width=\"155\" height=\"200\" \/><\/div>\n<div class=\"media-body\">\n<h2 class=\"page-title\">Manuel de devis couvertures<\/h2>\n<h3><em>Id\u00e9al pour les architectes, les ing\u00e9nieurs, les prescripteurs, les propri\u00e9taires d\u2019immeubles, les entrepreneurs et les fabricants. <\/em><\/h3>\n<p>Ce Manuel de devis couvertures de l\u2019ACEC pr\u00e9sente des normes g\u00e9n\u00e9rales \u00e9prouv\u00e9es et acceptables pour les pratiques et proc\u00e9dures de couverture.\u00a0 Il a \u00e9t\u00e9 r\u00e9vis\u00e9 en profondeur pour refl\u00e9ter l\u2019industrie de la toiture d\u2019aujourd\u2019hui, avec maintenant deux fois plus de contenu que l\u2019\u00e9dition pr\u00e9c\u00e9dente. L\u2019\u00e9dition actuelle du manuel comprend :<\/p>\n<ul>\n<li>Manuel papier et CD consultable<\/li>\n<li>Liste exhaustive des toitures fr\u00e9quemment rencontr\u00e9es<\/li>\n<li>Couvertures en pente douce et en pente raide<\/li>\n<li>Couvertures bitumineuses multicouches, bitume modifi\u00e9, EPDM, PVC et TPO<\/li>\n<li>Sp\u00e9cifications distinctes sur les assemblages isol\u00e9s et non isol\u00e9s, les toits \u00e0 membrane prot\u00e9g\u00e9e et les assemblages adh\u00e9rents, fix\u00e9s m\u00e9caniquement et ballast\u00e9s selon le cas.<\/li>\n<li>Une sp\u00e9cification de toiture caoutchout\u00e9e<\/li>\n<\/ul>\n<p class=\"product-price\">150 CAD (non-membre) 100 CAD (membre)<\/p>\n<p><a class=\"common-btn\" href=\"https:\/\/roofingcanada.com\/fr\/bordereau-de-commande-pour-publication-de-lacec\/\">Commander maintenant<\/a><\/p>\n<\/div>\n<\/div>\n<hr \/>\n<div class=\"media\">\n<div class=\"media-image\"><img loading=\"lazy\" decoding=\"async\" class=\"alignleft size-full wp-image-4594\" src=\"https:\/\/roofingcanada.com\/wp-content\/uploads\/2020\/01\/CRCA-binder-cover-FR.jpg\" alt=\"\" width=\"155\" height=\"164\" \/><\/div>\n<div class=\"media-body\">\n<h2 class=\"page-title\">Manuel de r\u00e9f\u00e9rence sur les couvertures au Canada<\/h2>\n<h3><em>Id\u00e9al pour la formation des couvreurs, des compagnons et des apprentis. Aussi utile pour les architectes, les ing\u00e9nieurs, les prescripteurs et les propri\u00e9taires d\u2019immeubles. <\/em><\/h3>\n<p>Ce Manuel de r\u00e9f\u00e9rence de l\u2019ACEC est un manuel national de formation de base et de perfectionnement. Il fournit des informations th\u00e9oriques et techniques n\u00e9cessaires pour accomplir les t\u00e2ches \u00e9nonc\u00e9es dans les normes nationales de formation pour les apprentis et les compagnons. Il compl\u00e8te le mat\u00e9riel de formation sur la toiture et les m\u00e9thodes actuelles.<\/p>\n<p>Le manuel est divis\u00e9 en quatre tomes distincts. Il s\u2019agit d\u2019une r\u00e9f\u00e9rence id\u00e9ale pour l\u2019utilisation sur le lieu de travail et pour compl\u00e9ter d\u2019autres renseignements dont les couvreurs ont besoin pour faire leur travail de fa\u00e7on s\u00e9curitaire, efficace et efficiente.<\/p>\n<p class=\"product-price\">85 CAD<\/p>\n<p><a class=\"common-btn\" href=\"https:\/\/roofingcanada.com\/fr\/bordereau-de-commande-pour-publication-de-lacec\/\">Commander maintenant<\/a><\/p>\n<p class=\"product-price\">Le manuel peut \u00e9galement \u00eatre consult\u00e9 en ligne.<\/p>\n<p><a class=\"common-btn\" href=\"https:\/\/roofingcanada.com\/fr\/conseils-techniques\/manuels\/mrcc-en-ligne\/\">En ligne<\/a><\/p>\n<\/div>\n<\/div>\n<hr \/>\n<div class=\"media\">\n<div class=\"media-image\"><img loading=\"lazy\" decoding=\"async\" class=\"alignleft size-full wp-image-4591\" src=\"https:\/\/roofingcanada.com\/wp-content\/uploads\/2023\/10\/ACEC-IIBEC-NRCA-PSDPSC.jpg\" alt=\"\" width=\"155\" height=\"164\" \/><\/div>\n<div class=\"media-body\">\n<h2 class=\"page-title\">Le protocole de soumission des projets de couverture<\/h2>\n<p><em>Le protocole de soumission des projets de couverture<\/em> est con\u00e7u pour guider la r\u00e9daction des soumissions<br \/>\nde projet. Il pr\u00e9cise la marche \u00e0 suivre pour g\u00e9rer ces dossiers lors des diff\u00e9rentes \u00e9tapes du projet :<br \/>\nconception, pr\u00e9paration de la soumission, soumission, pr\u00e9construction, construction et cl\u00f4ture.<\/p>\n<p class=\"product-price\">Le manuel peut \u00eatre t\u00e9l\u00e9charg\u00e9 gratuitement.<\/p>\n<p><a class=\"common-btn\" href=\"https:\/\/roofingcanada.com\/wp-content\/uploads\/2023\/10\/ACEC-IIBEC-NRCA-PSDPSC.pdf\">T\u00e9l\u00e9charger<\/a><\/p>\n<\/div>\n<\/div>\n","protected":false},"excerpt":{"rendered":"<p>Les manuels et les publications de l\u2019ACEC sont des r\u00e9f\u00e9rences reconnues \u00e0 l\u2019\u00e9chelle nationale sur les pratiques exemplaires, les sp\u00e9cifications et l\u2019entretien des toitures. <\/p>\n","protected":false},"author":1,"featured_media":3697,"parent":143,"menu_order":4,"comment_status":"closed","ping_status":"closed","template":"","meta":{"_acf_changed":false,"footnotes":""},"class_list":["post-262","page","type-page","status-publish","has-post-thumbnail","hentry"],"acf":[],"yoast_head":"<!-- This site is optimized with the Yoast SEO plugin v27.4 - https:\/\/yoast.com\/product\/yoast-seo-wordpress\/ -->\n<title>Manuels de couverture de l\u2019ACEC et pratiques exemplaires canadiennes<\/title>\n<meta name=\"robots\" content=\"index, follow, max-snippet:-1, max-image-preview:large, max-video-preview:-1\" \/>\n<link rel=\"canonical\" href=\"https:\/\/roofingcanada.com\/fr\/conseils-techniques\/manuels\/\" \/>\n<meta property=\"og:locale\" content=\"fr_FR\" \/>\n<meta property=\"og:type\" content=\"article\" \/>\n<meta property=\"og:title\" content=\"Manuels de couverture de l\u2019ACEC et pratiques exemplaires canadiennes\" \/>\n<meta property=\"og:description\" content=\"Les manuels et les publications de l\u2019ACEC sont des r\u00e9f\u00e9rences reconnues \u00e0 l\u2019\u00e9chelle nationale sur les pratiques exemplaires, les sp\u00e9cifications et l\u2019entretien des toitures.\" \/>\n<meta property=\"og:url\" content=\"https:\/\/roofingcanada.com\/fr\/conseils-techniques\/manuels\/\" \/>\n<meta property=\"og:site_name\" content=\"Canadian Roofing Contractors Association\" \/>\n<meta property=\"article:modified_time\" content=\"2024-11-29T18:05:56+00:00\" \/>\n<meta property=\"og:image\" content=\"https:\/\/roofingcanada.com\/wp-content\/uploads\/2018\/04\/icon-manuals.png\" \/>\n\t<meta property=\"og:image:width\" content=\"101\" \/>\n\t<meta property=\"og:image:height\" content=\"101\" \/>\n\t<meta property=\"og:image:type\" content=\"image\/png\" \/>\n<meta name=\"twitter:card\" content=\"summary_large_image\" \/>\n<script type=\"application\/ld+json\" class=\"yoast-schema-graph\">{\"@context\":\"https:\\\/\\\/schema.org\",\"@graph\":[{\"@type\":\"WebPage\",\"@id\":\"https:\\\/\\\/roofingcanada.com\\\/fr\\\/conseils-techniques\\\/manuels\\\/\",\"url\":\"https:\\\/\\\/roofingcanada.com\\\/fr\\\/conseils-techniques\\\/manuels\\\/\",\"name\":\"Manuels de couverture de l\u2019ACEC et pratiques exemplaires canadiennes\",\"isPartOf\":{\"@id\":\"https:\\\/\\\/roofingcanada.com\\\/#website\"},\"primaryImageOfPage\":{\"@id\":\"https:\\\/\\\/roofingcanada.com\\\/fr\\\/conseils-techniques\\\/manuels\\\/#primaryimage\"},\"image\":{\"@id\":\"https:\\\/\\\/roofingcanada.com\\\/fr\\\/conseils-techniques\\\/manuels\\\/#primaryimage\"},\"thumbnailUrl\":\"https:\\\/\\\/roofingcanada.com\\\/wp-content\\\/uploads\\\/2018\\\/04\\\/icon-manuals.png\",\"datePublished\":\"2018-03-22T16:34:54+00:00\",\"dateModified\":\"2024-11-29T18:05:56+00:00\",\"breadcrumb\":{\"@id\":\"https:\\\/\\\/roofingcanada.com\\\/fr\\\/conseils-techniques\\\/manuels\\\/#breadcrumb\"},\"inLanguage\":\"fr-FR\",\"potentialAction\":[{\"@type\":\"ReadAction\",\"target\":[\"https:\\\/\\\/roofingcanada.com\\\/fr\\\/conseils-techniques\\\/manuels\\\/\"]}]},{\"@type\":\"ImageObject\",\"inLanguage\":\"fr-FR\",\"@id\":\"https:\\\/\\\/roofingcanada.com\\\/fr\\\/conseils-techniques\\\/manuels\\\/#primaryimage\",\"url\":\"https:\\\/\\\/roofingcanada.com\\\/wp-content\\\/uploads\\\/2018\\\/04\\\/icon-manuals.png\",\"contentUrl\":\"https:\\\/\\\/roofingcanada.com\\\/wp-content\\\/uploads\\\/2018\\\/04\\\/icon-manuals.png\",\"width\":101,\"height\":101},{\"@type\":\"BreadcrumbList\",\"@id\":\"https:\\\/\\\/roofingcanada.com\\\/fr\\\/conseils-techniques\\\/manuels\\\/#breadcrumb\",\"itemListElement\":[{\"@type\":\"ListItem\",\"position\":1,\"name\":\"Conseils techniques sur la toiture de l\u2019ACEC\",\"item\":\"https:\\\/\\\/roofingcanada.com\\\/fr\\\/conseils-techniques\\\/\"},{\"@type\":\"ListItem\",\"position\":2,\"name\":\"Manuels\"}]},{\"@type\":\"WebSite\",\"@id\":\"https:\\\/\\\/roofingcanada.com\\\/#website\",\"url\":\"https:\\\/\\\/roofingcanada.com\\\/\",\"name\":\"Canadian Roofing Contractors Association\",\"description\":\"Sous un seul toit\",\"potentialAction\":[{\"@type\":\"SearchAction\",\"target\":{\"@type\":\"EntryPoint\",\"urlTemplate\":\"https:\\\/\\\/roofingcanada.com\\\/?s={search_term_string}\"},\"query-input\":{\"@type\":\"PropertyValueSpecification\",\"valueRequired\":true,\"valueName\":\"search_term_string\"}}],\"inLanguage\":\"fr-FR\"}]}<\/script>\n<!-- \/ Yoast SEO plugin. -->","yoast_head_json":{"title":"Manuels de couverture de l\u2019ACEC et pratiques exemplaires canadiennes","robots":{"index":"index","follow":"follow","max-snippet":"max-snippet:-1","max-image-preview":"max-image-preview:large","max-video-preview":"max-video-preview:-1"},"canonical":"https:\/\/roofingcanada.com\/fr\/conseils-techniques\/manuels\/","og_locale":"fr_FR","og_type":"article","og_title":"Manuels de couverture de l\u2019ACEC et pratiques exemplaires canadiennes","og_description":"Les manuels et les publications de l\u2019ACEC sont des r\u00e9f\u00e9rences reconnues \u00e0 l\u2019\u00e9chelle nationale sur les pratiques exemplaires, les sp\u00e9cifications et l\u2019entretien des toitures.","og_url":"https:\/\/roofingcanada.com\/fr\/conseils-techniques\/manuels\/","og_site_name":"Canadian Roofing Contractors Association","article_modified_time":"2024-11-29T18:05:56+00:00","og_image":[{"width":101,"height":101,"url":"https:\/\/roofingcanada.com\/wp-content\/uploads\/2018\/04\/icon-manuals.png","type":"image\/png"}],"twitter_card":"summary_large_image","schema":{"@context":"https:\/\/schema.org","@graph":[{"@type":"WebPage","@id":"https:\/\/roofingcanada.com\/fr\/conseils-techniques\/manuels\/","url":"https:\/\/roofingcanada.com\/fr\/conseils-techniques\/manuels\/","name":"Manuels de couverture de l\u2019ACEC et pratiques exemplaires canadiennes","isPartOf":{"@id":"https:\/\/roofingcanada.com\/#website"},"primaryImageOfPage":{"@id":"https:\/\/roofingcanada.com\/fr\/conseils-techniques\/manuels\/#primaryimage"},"image":{"@id":"https:\/\/roofingcanada.com\/fr\/conseils-techniques\/manuels\/#primaryimage"},"thumbnailUrl":"https:\/\/roofingcanada.com\/wp-content\/uploads\/2018\/04\/icon-manuals.png","datePublished":"2018-03-22T16:34:54+00:00","dateModified":"2024-11-29T18:05:56+00:00","breadcrumb":{"@id":"https:\/\/roofingcanada.com\/fr\/conseils-techniques\/manuels\/#breadcrumb"},"inLanguage":"fr-FR","potentialAction":[{"@type":"ReadAction","target":["https:\/\/roofingcanada.com\/fr\/conseils-techniques\/manuels\/"]}]},{"@type":"ImageObject","inLanguage":"fr-FR","@id":"https:\/\/roofingcanada.com\/fr\/conseils-techniques\/manuels\/#primaryimage","url":"https:\/\/roofingcanada.com\/wp-content\/uploads\/2018\/04\/icon-manuals.png","contentUrl":"https:\/\/roofingcanada.com\/wp-content\/uploads\/2018\/04\/icon-manuals.png","width":101,"height":101},{"@type":"BreadcrumbList","@id":"https:\/\/roofingcanada.com\/fr\/conseils-techniques\/manuels\/#breadcrumb","itemListElement":[{"@type":"ListItem","position":1,"name":"Conseils techniques sur la toiture de l\u2019ACEC","item":"https:\/\/roofingcanada.com\/fr\/conseils-techniques\/"},{"@type":"ListItem","position":2,"name":"Manuels"}]},{"@type":"WebSite","@id":"https:\/\/roofingcanada.com\/#website","url":"https:\/\/roofingcanada.com\/","name":"Canadian Roofing Contractors Association","description":"Sous un seul toit","potentialAction":[{"@type":"SearchAction","target":{"@type":"EntryPoint","urlTemplate":"https:\/\/roofingcanada.com\/?s={search_term_string}"},"query-input":{"@type":"PropertyValueSpecification","valueRequired":true,"valueName":"search_term_string"}}],"inLanguage":"fr-FR"}]}},"_links":{"self":[{"href":"https:\/\/roofingcanada.com\/fr\/wp-json\/wp\/v2\/pages\/262","targetHints":{"allow":["GET"]}}],"collection":[{"href":"https:\/\/roofingcanada.com\/fr\/wp-json\/wp\/v2\/pages"}],"about":[{"href":"https:\/\/roofingcanada.com\/fr\/wp-json\/wp\/v2\/types\/page"}],"author":[{"embeddable":true,"href":"https:\/\/roofingcanada.com\/fr\/wp-json\/wp\/v2\/users\/1"}],"replies":[{"embeddable":true,"href":"https:\/\/roofingcanada.com\/fr\/wp-json\/wp\/v2\/comments?post=262"}],"version-history":[{"count":27,"href":"https:\/\/roofingcanada.com\/fr\/wp-json\/wp\/v2\/pages\/262\/revisions"}],"predecessor-version":[{"id":12352,"href":"https:\/\/roofingcanada.com\/fr\/wp-json\/wp\/v2\/pages\/262\/revisions\/12352"}],"up":[{"embeddable":true,"href":"https:\/\/roofingcanada.com\/fr\/wp-json\/wp\/v2\/pages\/143"}],"wp:featuredmedia":[{"embeddable":true,"href":"https:\/\/roofingcanada.com\/fr\/wp-json\/wp\/v2\/media\/3697"}],"wp:attachment":[{"href":"https:\/\/roofingcanada.com\/fr\/wp-json\/wp\/v2\/media?parent=262"}],"curies":[{"name":"wp","href":"https:\/\/api.w.org\/{rel}","templated":true}]}}