{"id":248,"date":"2018-03-22T16:14:16","date_gmt":"2018-03-22T16:14:16","guid":{"rendered":"https:\/\/roofingcanada.com\/?page_id=248"},"modified":"2025-10-01T15:55:26","modified_gmt":"2025-10-01T19:55:26","slug":"soutien-aux-membres","status":"publish","type":"page","link":"https:\/\/roofingcanada.com\/fr\/conseils-techniques\/service-technique-de-lacec\/soutien-aux-membres\/","title":{"rendered":"Soutien aux membres"},"content":{"rendered":"<div id=\"lipsum\">\n<p>Les membres de l\u2019ACEC ont acc\u00e8s \u00e0 notre Service technique par t\u00e9l\u00e9phone et par courriel. Nous fournissons des renseignements g\u00e9n\u00e9raux sur les sujets suivants :<\/p>\n<ul>\n<li>Conception de toit;<\/li>\n<li>Rendement technique de la toiture;<\/li>\n<li>Normes, codes et exigences r\u00e9glementaires applicables \u00e0 la construction de toits.<\/li>\n<\/ul>\n<p><strong>Veuillez noter que l\u2019ACEC n\u2019est pas un consultant en toiture<\/strong>. Nous fournissons des renseignements techniques fond\u00e9s sur notre expertise et notre compr\u00e9hension commune des pratiques exemplaires de l\u2019industrie. <strong>Nous ne sommes pas une autorit\u00e9 sur les normes<\/strong>. Cependant, nous savons comment les normes ont \u00e9t\u00e9 \u00e9labor\u00e9es, comment elles s\u2019appliquent et comment elles \u00e9voluent.<\/p>\n<p><strong>Vous devez communiquer avec un expert-conseil en toiture si vous avez besoin d\u2019un des services suivants :<\/strong><\/p>\n<ul>\n<li>Comment construire un toit;<\/li>\n<li>Plaintes au sujet de la construction de toits;<\/li>\n<li>Inspection des toits.<\/li>\n<\/ul>\n<h2>Personnes-ressources<\/h2>\n<p><strong>Troy Ferreira<\/strong><br \/>\nDirecteur technique<br \/>\nT\u00e9l : (343)341-6493<br \/>\n<a href=\"mailto:ferreira@roofingcanada.com\">courriel<\/a><\/p>\n<p><strong>Wendy Fraser<\/strong><br \/>\nGestionnaire technique<br \/>\nT\u00e9l : (343)341-6495<br \/>\n<a href=\"mailto:fraser@roofingcanada.com\">courriel<\/a><\/p>\n<p>T\u00e9l : (613) 232.6724<\/p>\n<\/div>\n","protected":false},"excerpt":{"rendered":"<p>Pour les membres de l\u2019ACEC qui ont besoin d\u2019information g\u00e9n\u00e9rale sur la construction de toits et les normes.<\/p>\n","protected":false},"author":1,"featured_media":847,"parent":239,"menu_order":1,"comment_status":"closed","ping_status":"closed","template":"","meta":{"_acf_changed":false,"footnotes":""},"class_list":["post-248","page","type-page","status-publish","has-post-thumbnail","hentry"],"acf":[],"yoast_head":"<!-- This site is optimized with the Yoast SEO plugin v27.4 - https:\/\/yoast.com\/product\/yoast-seo-wordpress\/ -->\n<title>Soutien technique en couverture pour les membres de l\u2019ACEC<\/title>\n<meta name=\"description\" content=\"Les membres r\u00e9guliers et membres directs de l&#039;ACEC ont acc\u00e8s \u00e0 notre Service technique par t\u00e9l\u00e9phone et par courriel.\" \/>\n<meta name=\"robots\" content=\"index, follow, max-snippet:-1, max-image-preview:large, max-video-preview:-1\" \/>\n<link rel=\"canonical\" href=\"https:\/\/roofingcanada.com\/fr\/conseils-techniques\/service-technique-de-lacec\/soutien-aux-membres\/\" \/>\n<meta property=\"og:locale\" content=\"fr_FR\" \/>\n<meta property=\"og:type\" content=\"article\" \/>\n<meta property=\"og:title\" content=\"Soutien technique en couverture pour les membres de l\u2019ACEC\" \/>\n<meta property=\"og:description\" content=\"Les membres r\u00e9guliers et membres directs de l&#039;ACEC ont acc\u00e8s \u00e0 notre Service technique par t\u00e9l\u00e9phone et par courriel.\" \/>\n<meta property=\"og:url\" content=\"https:\/\/roofingcanada.com\/fr\/conseils-techniques\/service-technique-de-lacec\/soutien-aux-membres\/\" \/>\n<meta property=\"og:site_name\" content=\"Canadian Roofing Contractors Association\" \/>\n<meta property=\"article:modified_time\" content=\"2025-10-01T19:55:26+00:00\" \/>\n<meta property=\"og:image\" content=\"https:\/\/roofingcanada.com\/wp-content\/uploads\/2018\/04\/icon-member-support.png\" \/>\n\t<meta property=\"og:image:width\" content=\"101\" \/>\n\t<meta property=\"og:image:height\" content=\"101\" \/>\n\t<meta property=\"og:image:type\" content=\"image\/png\" \/>\n<meta name=\"twitter:card\" content=\"summary_large_image\" \/>\n<script type=\"application\/ld+json\" class=\"yoast-schema-graph\">{\"@context\":\"https:\\\/\\\/schema.org\",\"@graph\":[{\"@type\":\"WebPage\",\"@id\":\"https:\\\/\\\/roofingcanada.com\\\/fr\\\/conseils-techniques\\\/service-technique-de-lacec\\\/soutien-aux-membres\\\/\",\"url\":\"https:\\\/\\\/roofingcanada.com\\\/fr\\\/conseils-techniques\\\/service-technique-de-lacec\\\/soutien-aux-membres\\\/\",\"name\":\"Soutien technique en couverture pour les membres de l\u2019ACEC\",\"isPartOf\":{\"@id\":\"https:\\\/\\\/roofingcanada.com\\\/#website\"},\"primaryImageOfPage\":{\"@id\":\"https:\\\/\\\/roofingcanada.com\\\/fr\\\/conseils-techniques\\\/service-technique-de-lacec\\\/soutien-aux-membres\\\/#primaryimage\"},\"image\":{\"@id\":\"https:\\\/\\\/roofingcanada.com\\\/fr\\\/conseils-techniques\\\/service-technique-de-lacec\\\/soutien-aux-membres\\\/#primaryimage\"},\"thumbnailUrl\":\"https:\\\/\\\/roofingcanada.com\\\/wp-content\\\/uploads\\\/2018\\\/04\\\/icon-member-support.png\",\"datePublished\":\"2018-03-22T16:14:16+00:00\",\"dateModified\":\"2025-10-01T19:55:26+00:00\",\"description\":\"Les membres r\u00e9guliers et membres directs de l'ACEC ont acc\u00e8s \u00e0 notre Service technique par t\u00e9l\u00e9phone et par courriel.\",\"breadcrumb\":{\"@id\":\"https:\\\/\\\/roofingcanada.com\\\/fr\\\/conseils-techniques\\\/service-technique-de-lacec\\\/soutien-aux-membres\\\/#breadcrumb\"},\"inLanguage\":\"fr-FR\",\"potentialAction\":[{\"@type\":\"ReadAction\",\"target\":[\"https:\\\/\\\/roofingcanada.com\\\/fr\\\/conseils-techniques\\\/service-technique-de-lacec\\\/soutien-aux-membres\\\/\"]}]},{\"@type\":\"ImageObject\",\"inLanguage\":\"fr-FR\",\"@id\":\"https:\\\/\\\/roofingcanada.com\\\/fr\\\/conseils-techniques\\\/service-technique-de-lacec\\\/soutien-aux-membres\\\/#primaryimage\",\"url\":\"https:\\\/\\\/roofingcanada.com\\\/wp-content\\\/uploads\\\/2018\\\/04\\\/icon-member-support.png\",\"contentUrl\":\"https:\\\/\\\/roofingcanada.com\\\/wp-content\\\/uploads\\\/2018\\\/04\\\/icon-member-support.png\",\"width\":101,\"height\":101},{\"@type\":\"BreadcrumbList\",\"@id\":\"https:\\\/\\\/roofingcanada.com\\\/fr\\\/conseils-techniques\\\/service-technique-de-lacec\\\/soutien-aux-membres\\\/#breadcrumb\",\"itemListElement\":[{\"@type\":\"ListItem\",\"position\":1,\"name\":\"Conseils techniques sur la toiture de l\u2019ACEC\",\"item\":\"https:\\\/\\\/roofingcanada.com\\\/fr\\\/conseils-techniques\\\/\"},{\"@type\":\"ListItem\",\"position\":2,\"name\":\"Service technique de l&rsquo;ACEC\",\"item\":\"https:\\\/\\\/roofingcanada.com\\\/fr\\\/conseils-techniques\\\/service-technique-de-lacec\\\/\"},{\"@type\":\"ListItem\",\"position\":3,\"name\":\"Soutien aux membres\"}]},{\"@type\":\"WebSite\",\"@id\":\"https:\\\/\\\/roofingcanada.com\\\/#website\",\"url\":\"https:\\\/\\\/roofingcanada.com\\\/\",\"name\":\"Canadian Roofing Contractors Association\",\"description\":\"Sous un seul toit\",\"potentialAction\":[{\"@type\":\"SearchAction\",\"target\":{\"@type\":\"EntryPoint\",\"urlTemplate\":\"https:\\\/\\\/roofingcanada.com\\\/?s={search_term_string}\"},\"query-input\":{\"@type\":\"PropertyValueSpecification\",\"valueRequired\":true,\"valueName\":\"search_term_string\"}}],\"inLanguage\":\"fr-FR\"}]}<\/script>\n<!-- \/ Yoast SEO plugin. -->","yoast_head_json":{"title":"Soutien technique en couverture pour les membres de l\u2019ACEC","description":"Les membres r\u00e9guliers et membres directs de l'ACEC ont acc\u00e8s \u00e0 notre Service technique par t\u00e9l\u00e9phone et par courriel.","robots":{"index":"index","follow":"follow","max-snippet":"max-snippet:-1","max-image-preview":"max-image-preview:large","max-video-preview":"max-video-preview:-1"},"canonical":"https:\/\/roofingcanada.com\/fr\/conseils-techniques\/service-technique-de-lacec\/soutien-aux-membres\/","og_locale":"fr_FR","og_type":"article","og_title":"Soutien technique en couverture pour les membres de l\u2019ACEC","og_description":"Les membres r\u00e9guliers et membres directs de l'ACEC ont acc\u00e8s \u00e0 notre Service technique par t\u00e9l\u00e9phone et par courriel.","og_url":"https:\/\/roofingcanada.com\/fr\/conseils-techniques\/service-technique-de-lacec\/soutien-aux-membres\/","og_site_name":"Canadian Roofing Contractors Association","article_modified_time":"2025-10-01T19:55:26+00:00","og_image":[{"width":101,"height":101,"url":"https:\/\/roofingcanada.com\/wp-content\/uploads\/2018\/04\/icon-member-support.png","type":"image\/png"}],"twitter_card":"summary_large_image","schema":{"@context":"https:\/\/schema.org","@graph":[{"@type":"WebPage","@id":"https:\/\/roofingcanada.com\/fr\/conseils-techniques\/service-technique-de-lacec\/soutien-aux-membres\/","url":"https:\/\/roofingcanada.com\/fr\/conseils-techniques\/service-technique-de-lacec\/soutien-aux-membres\/","name":"Soutien technique en couverture pour les membres de l\u2019ACEC","isPartOf":{"@id":"https:\/\/roofingcanada.com\/#website"},"primaryImageOfPage":{"@id":"https:\/\/roofingcanada.com\/fr\/conseils-techniques\/service-technique-de-lacec\/soutien-aux-membres\/#primaryimage"},"image":{"@id":"https:\/\/roofingcanada.com\/fr\/conseils-techniques\/service-technique-de-lacec\/soutien-aux-membres\/#primaryimage"},"thumbnailUrl":"https:\/\/roofingcanada.com\/wp-content\/uploads\/2018\/04\/icon-member-support.png","datePublished":"2018-03-22T16:14:16+00:00","dateModified":"2025-10-01T19:55:26+00:00","description":"Les membres r\u00e9guliers et membres directs de l'ACEC ont acc\u00e8s \u00e0 notre Service technique par t\u00e9l\u00e9phone et par courriel.","breadcrumb":{"@id":"https:\/\/roofingcanada.com\/fr\/conseils-techniques\/service-technique-de-lacec\/soutien-aux-membres\/#breadcrumb"},"inLanguage":"fr-FR","potentialAction":[{"@type":"ReadAction","target":["https:\/\/roofingcanada.com\/fr\/conseils-techniques\/service-technique-de-lacec\/soutien-aux-membres\/"]}]},{"@type":"ImageObject","inLanguage":"fr-FR","@id":"https:\/\/roofingcanada.com\/fr\/conseils-techniques\/service-technique-de-lacec\/soutien-aux-membres\/#primaryimage","url":"https:\/\/roofingcanada.com\/wp-content\/uploads\/2018\/04\/icon-member-support.png","contentUrl":"https:\/\/roofingcanada.com\/wp-content\/uploads\/2018\/04\/icon-member-support.png","width":101,"height":101},{"@type":"BreadcrumbList","@id":"https:\/\/roofingcanada.com\/fr\/conseils-techniques\/service-technique-de-lacec\/soutien-aux-membres\/#breadcrumb","itemListElement":[{"@type":"ListItem","position":1,"name":"Conseils techniques sur la toiture de l\u2019ACEC","item":"https:\/\/roofingcanada.com\/fr\/conseils-techniques\/"},{"@type":"ListItem","position":2,"name":"Service technique de l&rsquo;ACEC","item":"https:\/\/roofingcanada.com\/fr\/conseils-techniques\/service-technique-de-lacec\/"},{"@type":"ListItem","position":3,"name":"Soutien aux membres"}]},{"@type":"WebSite","@id":"https:\/\/roofingcanada.com\/#website","url":"https:\/\/roofingcanada.com\/","name":"Canadian Roofing Contractors Association","description":"Sous un seul toit","potentialAction":[{"@type":"SearchAction","target":{"@type":"EntryPoint","urlTemplate":"https:\/\/roofingcanada.com\/?s={search_term_string}"},"query-input":{"@type":"PropertyValueSpecification","valueRequired":true,"valueName":"search_term_string"}}],"inLanguage":"fr-FR"}]}},"_links":{"self":[{"href":"https:\/\/roofingcanada.com\/fr\/wp-json\/wp\/v2\/pages\/248","targetHints":{"allow":["GET"]}}],"collection":[{"href":"https:\/\/roofingcanada.com\/fr\/wp-json\/wp\/v2\/pages"}],"about":[{"href":"https:\/\/roofingcanada.com\/fr\/wp-json\/wp\/v2\/types\/page"}],"author":[{"embeddable":true,"href":"https:\/\/roofingcanada.com\/fr\/wp-json\/wp\/v2\/users\/1"}],"replies":[{"embeddable":true,"href":"https:\/\/roofingcanada.com\/fr\/wp-json\/wp\/v2\/comments?post=248"}],"version-history":[{"count":12,"href":"https:\/\/roofingcanada.com\/fr\/wp-json\/wp\/v2\/pages\/248\/revisions"}],"predecessor-version":[{"id":12826,"href":"https:\/\/roofingcanada.com\/fr\/wp-json\/wp\/v2\/pages\/248\/revisions\/12826"}],"up":[{"embeddable":true,"href":"https:\/\/roofingcanada.com\/fr\/wp-json\/wp\/v2\/pages\/239"}],"wp:featuredmedia":[{"embeddable":true,"href":"https:\/\/roofingcanada.com\/fr\/wp-json\/wp\/v2\/media\/847"}],"wp:attachment":[{"href":"https:\/\/roofingcanada.com\/fr\/wp-json\/wp\/v2\/media?parent=248"}],"curies":[{"name":"wp","href":"https:\/\/api.w.org\/{rel}","templated":true}]}}