{"id":244,"date":"2018-03-22T16:08:25","date_gmt":"2018-03-22T16:08:25","guid":{"rendered":"https:\/\/roofingcanada.com\/?page_id=244"},"modified":"2024-11-29T12:55:09","modified_gmt":"2024-11-29T17:55:09","slug":"garantie-de-lacec","status":"publish","type":"page","link":"https:\/\/roofingcanada.com\/fr\/conseils-techniques\/garantie-de-lacec\/","title":{"rendered":"Garantie de l&rsquo;ACEC"},"content":{"rendered":"<div id=\"lipsum\">\n<p>Le Formulaire de garantie standard de l\u2019ACEC donne aux propri\u00e9taires l\u2019assurance que leur nouveau toit a \u00e9t\u00e9 install\u00e9 avec un <strong>travail de haute qualit\u00e9<\/strong>.<\/p>\n<p>La garantie offre la protection suivante pendant <strong>deux ans<\/strong> :<\/p>\n<ul>\n<li>L\u2019application de toiture a \u00e9t\u00e9 effectu\u00e9e en conformit\u00e9 avec les plans, les sp\u00e9cifications et les changements approuv\u00e9s.<\/li>\n<li>L\u2019entreprise de toiture r\u00e9parera, sans frais pour le propri\u00e9taire, toute d\u00e9fectuosit\u00e9 r\u00e9sultant de probl\u00e8mes dans la qualit\u00e9 d\u2019ex\u00e9cution des travaux.<\/li>\n<\/ul>\n<p><em>Seuls les membres r\u00e9guliers et membres directs de l\u2019ACEC peuvent offrir \u00e0 leurs clients le Formulaire de garantie standard de l\u2019ACEC.<\/em><\/p>\n<\/div>\n","protected":false},"excerpt":{"rendered":"<p>Seuls les membres actifs et membres directs de l\u2019ACEC peuvent offrir \u00e0 leurs clients le formulaire de garantie normalis\u00e9 de l\u2019ACEC.<\/p>\n","protected":false},"author":1,"featured_media":3822,"parent":143,"menu_order":1,"comment_status":"closed","ping_status":"closed","template":"","meta":{"_acf_changed":false,"footnotes":""},"class_list":["post-244","page","type-page","status-publish","has-post-thumbnail","hentry"],"acf":[],"yoast_head":"<!-- This site is optimized with the Yoast SEO plugin v27.5 - https:\/\/yoast.com\/product\/yoast-seo-wordpress\/ -->\n<title>Formulaire de garantie standard de l\u2019ACEC<\/title>\n<meta name=\"description\" content=\"Seuls les membres r\u00e9guliers et membres directs de l\u2019ACEC peuvent offrir \u00e0 leurs clients le formulaire de garantie standard de l\u2019ACEC. En savoir plus...\" \/>\n<meta name=\"robots\" content=\"index, follow, max-snippet:-1, max-image-preview:large, max-video-preview:-1\" \/>\n<link rel=\"canonical\" href=\"https:\/\/roofingcanada.com\/fr\/conseils-techniques\/garantie-de-lacec\/\" \/>\n<meta property=\"og:locale\" content=\"fr_FR\" \/>\n<meta property=\"og:type\" content=\"article\" \/>\n<meta property=\"og:title\" content=\"Formulaire de garantie standard de l\u2019ACEC\" \/>\n<meta property=\"og:description\" content=\"Seuls les membres r\u00e9guliers et membres directs de l\u2019ACEC peuvent offrir \u00e0 leurs clients le formulaire de garantie standard de l\u2019ACEC. En savoir plus...\" \/>\n<meta property=\"og:url\" content=\"https:\/\/roofingcanada.com\/fr\/conseils-techniques\/garantie-de-lacec\/\" \/>\n<meta property=\"og:site_name\" content=\"Canadian Roofing Contractors Association\" \/>\n<meta property=\"article:modified_time\" content=\"2024-11-29T17:55:09+00:00\" \/>\n<meta property=\"og:image\" content=\"https:\/\/roofingcanada.com\/wp-content\/uploads\/2018\/04\/icon-warranty.png\" \/>\n\t<meta property=\"og:image:width\" content=\"101\" \/>\n\t<meta property=\"og:image:height\" content=\"101\" \/>\n\t<meta property=\"og:image:type\" content=\"image\/png\" \/>\n<meta name=\"twitter:card\" content=\"summary_large_image\" \/>\n<script type=\"application\/ld+json\" class=\"yoast-schema-graph\">{\"@context\":\"https:\\\/\\\/schema.org\",\"@graph\":[{\"@type\":\"WebPage\",\"@id\":\"https:\\\/\\\/roofingcanada.com\\\/fr\\\/conseils-techniques\\\/garantie-de-lacec\\\/\",\"url\":\"https:\\\/\\\/roofingcanada.com\\\/fr\\\/conseils-techniques\\\/garantie-de-lacec\\\/\",\"name\":\"Formulaire de garantie standard de l\u2019ACEC\",\"isPartOf\":{\"@id\":\"https:\\\/\\\/roofingcanada.com\\\/#website\"},\"primaryImageOfPage\":{\"@id\":\"https:\\\/\\\/roofingcanada.com\\\/fr\\\/conseils-techniques\\\/garantie-de-lacec\\\/#primaryimage\"},\"image\":{\"@id\":\"https:\\\/\\\/roofingcanada.com\\\/fr\\\/conseils-techniques\\\/garantie-de-lacec\\\/#primaryimage\"},\"thumbnailUrl\":\"https:\\\/\\\/roofingcanada.com\\\/wp-content\\\/uploads\\\/2018\\\/04\\\/icon-warranty.png\",\"datePublished\":\"2018-03-22T16:08:25+00:00\",\"dateModified\":\"2024-11-29T17:55:09+00:00\",\"description\":\"Seuls les membres r\u00e9guliers et membres directs de l\u2019ACEC peuvent offrir \u00e0 leurs clients le formulaire de garantie standard de l\u2019ACEC. En savoir plus...\",\"breadcrumb\":{\"@id\":\"https:\\\/\\\/roofingcanada.com\\\/fr\\\/conseils-techniques\\\/garantie-de-lacec\\\/#breadcrumb\"},\"inLanguage\":\"fr-FR\",\"potentialAction\":[{\"@type\":\"ReadAction\",\"target\":[\"https:\\\/\\\/roofingcanada.com\\\/fr\\\/conseils-techniques\\\/garantie-de-lacec\\\/\"]}]},{\"@type\":\"ImageObject\",\"inLanguage\":\"fr-FR\",\"@id\":\"https:\\\/\\\/roofingcanada.com\\\/fr\\\/conseils-techniques\\\/garantie-de-lacec\\\/#primaryimage\",\"url\":\"https:\\\/\\\/roofingcanada.com\\\/wp-content\\\/uploads\\\/2018\\\/04\\\/icon-warranty.png\",\"contentUrl\":\"https:\\\/\\\/roofingcanada.com\\\/wp-content\\\/uploads\\\/2018\\\/04\\\/icon-warranty.png\",\"width\":101,\"height\":101},{\"@type\":\"BreadcrumbList\",\"@id\":\"https:\\\/\\\/roofingcanada.com\\\/fr\\\/conseils-techniques\\\/garantie-de-lacec\\\/#breadcrumb\",\"itemListElement\":[{\"@type\":\"ListItem\",\"position\":1,\"name\":\"Conseils techniques sur la toiture de l\u2019ACEC\",\"item\":\"https:\\\/\\\/roofingcanada.com\\\/fr\\\/conseils-techniques\\\/\"},{\"@type\":\"ListItem\",\"position\":2,\"name\":\"Garantie de l&#8217;ACEC\"}]},{\"@type\":\"WebSite\",\"@id\":\"https:\\\/\\\/roofingcanada.com\\\/#website\",\"url\":\"https:\\\/\\\/roofingcanada.com\\\/\",\"name\":\"Canadian Roofing Contractors Association\",\"description\":\"Sous un seul toit\",\"potentialAction\":[{\"@type\":\"SearchAction\",\"target\":{\"@type\":\"EntryPoint\",\"urlTemplate\":\"https:\\\/\\\/roofingcanada.com\\\/?s={search_term_string}\"},\"query-input\":{\"@type\":\"PropertyValueSpecification\",\"valueRequired\":true,\"valueName\":\"search_term_string\"}}],\"inLanguage\":\"fr-FR\"}]}<\/script>\n<!-- \/ Yoast SEO plugin. -->","yoast_head_json":{"title":"Formulaire de garantie standard de l\u2019ACEC","description":"Seuls les membres r\u00e9guliers et membres directs de l\u2019ACEC peuvent offrir \u00e0 leurs clients le formulaire de garantie standard de l\u2019ACEC. En savoir plus...","robots":{"index":"index","follow":"follow","max-snippet":"max-snippet:-1","max-image-preview":"max-image-preview:large","max-video-preview":"max-video-preview:-1"},"canonical":"https:\/\/roofingcanada.com\/fr\/conseils-techniques\/garantie-de-lacec\/","og_locale":"fr_FR","og_type":"article","og_title":"Formulaire de garantie standard de l\u2019ACEC","og_description":"Seuls les membres r\u00e9guliers et membres directs de l\u2019ACEC peuvent offrir \u00e0 leurs clients le formulaire de garantie standard de l\u2019ACEC. En savoir plus...","og_url":"https:\/\/roofingcanada.com\/fr\/conseils-techniques\/garantie-de-lacec\/","og_site_name":"Canadian Roofing Contractors Association","article_modified_time":"2024-11-29T17:55:09+00:00","og_image":[{"width":101,"height":101,"url":"https:\/\/roofingcanada.com\/wp-content\/uploads\/2018\/04\/icon-warranty.png","type":"image\/png"}],"twitter_card":"summary_large_image","schema":{"@context":"https:\/\/schema.org","@graph":[{"@type":"WebPage","@id":"https:\/\/roofingcanada.com\/fr\/conseils-techniques\/garantie-de-lacec\/","url":"https:\/\/roofingcanada.com\/fr\/conseils-techniques\/garantie-de-lacec\/","name":"Formulaire de garantie standard de l\u2019ACEC","isPartOf":{"@id":"https:\/\/roofingcanada.com\/#website"},"primaryImageOfPage":{"@id":"https:\/\/roofingcanada.com\/fr\/conseils-techniques\/garantie-de-lacec\/#primaryimage"},"image":{"@id":"https:\/\/roofingcanada.com\/fr\/conseils-techniques\/garantie-de-lacec\/#primaryimage"},"thumbnailUrl":"https:\/\/roofingcanada.com\/wp-content\/uploads\/2018\/04\/icon-warranty.png","datePublished":"2018-03-22T16:08:25+00:00","dateModified":"2024-11-29T17:55:09+00:00","description":"Seuls les membres r\u00e9guliers et membres directs de l\u2019ACEC peuvent offrir \u00e0 leurs clients le formulaire de garantie standard de l\u2019ACEC. En savoir plus...","breadcrumb":{"@id":"https:\/\/roofingcanada.com\/fr\/conseils-techniques\/garantie-de-lacec\/#breadcrumb"},"inLanguage":"fr-FR","potentialAction":[{"@type":"ReadAction","target":["https:\/\/roofingcanada.com\/fr\/conseils-techniques\/garantie-de-lacec\/"]}]},{"@type":"ImageObject","inLanguage":"fr-FR","@id":"https:\/\/roofingcanada.com\/fr\/conseils-techniques\/garantie-de-lacec\/#primaryimage","url":"https:\/\/roofingcanada.com\/wp-content\/uploads\/2018\/04\/icon-warranty.png","contentUrl":"https:\/\/roofingcanada.com\/wp-content\/uploads\/2018\/04\/icon-warranty.png","width":101,"height":101},{"@type":"BreadcrumbList","@id":"https:\/\/roofingcanada.com\/fr\/conseils-techniques\/garantie-de-lacec\/#breadcrumb","itemListElement":[{"@type":"ListItem","position":1,"name":"Conseils techniques sur la toiture de l\u2019ACEC","item":"https:\/\/roofingcanada.com\/fr\/conseils-techniques\/"},{"@type":"ListItem","position":2,"name":"Garantie de l&#8217;ACEC"}]},{"@type":"WebSite","@id":"https:\/\/roofingcanada.com\/#website","url":"https:\/\/roofingcanada.com\/","name":"Canadian Roofing Contractors Association","description":"Sous un seul toit","potentialAction":[{"@type":"SearchAction","target":{"@type":"EntryPoint","urlTemplate":"https:\/\/roofingcanada.com\/?s={search_term_string}"},"query-input":{"@type":"PropertyValueSpecification","valueRequired":true,"valueName":"search_term_string"}}],"inLanguage":"fr-FR"}]}},"_links":{"self":[{"href":"https:\/\/roofingcanada.com\/fr\/wp-json\/wp\/v2\/pages\/244","targetHints":{"allow":["GET"]}}],"collection":[{"href":"https:\/\/roofingcanada.com\/fr\/wp-json\/wp\/v2\/pages"}],"about":[{"href":"https:\/\/roofingcanada.com\/fr\/wp-json\/wp\/v2\/types\/page"}],"author":[{"embeddable":true,"href":"https:\/\/roofingcanada.com\/fr\/wp-json\/wp\/v2\/users\/1"}],"replies":[{"embeddable":true,"href":"https:\/\/roofingcanada.com\/fr\/wp-json\/wp\/v2\/comments?post=244"}],"version-history":[{"count":8,"href":"https:\/\/roofingcanada.com\/fr\/wp-json\/wp\/v2\/pages\/244\/revisions"}],"predecessor-version":[{"id":12346,"href":"https:\/\/roofingcanada.com\/fr\/wp-json\/wp\/v2\/pages\/244\/revisions\/12346"}],"up":[{"embeddable":true,"href":"https:\/\/roofingcanada.com\/fr\/wp-json\/wp\/v2\/pages\/143"}],"wp:featuredmedia":[{"embeddable":true,"href":"https:\/\/roofingcanada.com\/fr\/wp-json\/wp\/v2\/media\/3822"}],"wp:attachment":[{"href":"https:\/\/roofingcanada.com\/fr\/wp-json\/wp\/v2\/media?parent=244"}],"curies":[{"name":"wp","href":"https:\/\/api.w.org\/{rel}","templated":true}]}}