{"id":2411,"date":"2018-05-23T18:37:18","date_gmt":"2018-05-23T18:37:18","guid":{"rendered":"https:\/\/roofingcanada.com\/?page_id=2411"},"modified":"2018-07-04T18:20:19","modified_gmt":"2018-07-04T18:20:19","slug":"membres-associes","status":"publish","type":"page","link":"https:\/\/roofingcanada.com\/fr\/membres\/repertoire-des-membres\/membres-associes\/","title":{"rendered":"Membres associ\u00e9s"},"content":{"rendered":"<p>Les membres associ\u00e9s sont des entreprises qui fabriquent ou vendent du mat\u00e9riel, de l&rsquo;\u00e9quipement, des accessoires ou des magazines utilis\u00e9s dans n&rsquo;importe quel cr\u00e9neau de l&rsquo;industrie de la toiture et de la t\u00f4lerie.<\/p>\n","protected":false},"excerpt":{"rendered":"<p>Les membres associ\u00e9s sont des entreprises qui fabriquent ou vendent du mat\u00e9riel, de l&rsquo;\u00e9quipement, des accessoires ou des magazines utilis\u00e9s dans n&rsquo;importe quel cr\u00e9neau de l&rsquo;industrie de la toiture et de la t\u00f4lerie.<\/p>\n","protected":false},"author":1,"featured_media":0,"parent":226,"menu_order":3,"comment_status":"closed","ping_status":"closed","template":"page-associate-members.php","meta":{"_acf_changed":false,"footnotes":""},"class_list":["post-2411","page","type-page","status-publish","hentry"],"acf":[],"yoast_head":"<!-- This site is optimized with the Yoast SEO plugin v27.4 - https:\/\/yoast.com\/product\/yoast-seo-wordpress\/ -->\n<title>Membres associ\u00e9s - Canadian Roofing Contractors Association<\/title>\n<meta name=\"robots\" content=\"index, follow, max-snippet:-1, max-image-preview:large, max-video-preview:-1\" \/>\n<link rel=\"canonical\" href=\"https:\/\/roofingcanada.com\/fr\/membres\/repertoire-des-membres\/membres-associes\/\" \/>\n<meta property=\"og:locale\" content=\"fr_FR\" \/>\n<meta property=\"og:type\" content=\"article\" \/>\n<meta property=\"og:title\" content=\"Membres associ\u00e9s - Canadian Roofing Contractors Association\" \/>\n<meta property=\"og:description\" content=\"Les membres associ\u00e9s sont des entreprises qui fabriquent ou vendent du mat\u00e9riel, de l&#039;\u00e9quipement, des accessoires ou des magazines utilis\u00e9s dans n&#039;importe quel cr\u00e9neau de l&#039;industrie de la toiture et de la t\u00f4lerie.\" \/>\n<meta property=\"og:url\" content=\"https:\/\/roofingcanada.com\/fr\/membres\/repertoire-des-membres\/membres-associes\/\" \/>\n<meta property=\"og:site_name\" content=\"Canadian Roofing Contractors Association\" \/>\n<meta property=\"article:modified_time\" content=\"2018-07-04T18:20:19+00:00\" \/>\n<meta name=\"twitter:card\" content=\"summary_large_image\" \/>\n<script type=\"application\/ld+json\" class=\"yoast-schema-graph\">{\"@context\":\"https:\\\/\\\/schema.org\",\"@graph\":[{\"@type\":\"WebPage\",\"@id\":\"https:\\\/\\\/roofingcanada.com\\\/fr\\\/membres\\\/repertoire-des-membres\\\/membres-associes\\\/\",\"url\":\"https:\\\/\\\/roofingcanada.com\\\/fr\\\/membres\\\/repertoire-des-membres\\\/membres-associes\\\/\",\"name\":\"Membres associ\u00e9s - Canadian Roofing Contractors Association\",\"isPartOf\":{\"@id\":\"https:\\\/\\\/roofingcanada.com\\\/#website\"},\"datePublished\":\"2018-05-23T18:37:18+00:00\",\"dateModified\":\"2018-07-04T18:20:19+00:00\",\"breadcrumb\":{\"@id\":\"https:\\\/\\\/roofingcanada.com\\\/fr\\\/membres\\\/repertoire-des-membres\\\/membres-associes\\\/#breadcrumb\"},\"inLanguage\":\"fr-FR\",\"potentialAction\":[{\"@type\":\"ReadAction\",\"target\":[\"https:\\\/\\\/roofingcanada.com\\\/fr\\\/membres\\\/repertoire-des-membres\\\/membres-associes\\\/\"]}]},{\"@type\":\"BreadcrumbList\",\"@id\":\"https:\\\/\\\/roofingcanada.com\\\/fr\\\/membres\\\/repertoire-des-membres\\\/membres-associes\\\/#breadcrumb\",\"itemListElement\":[{\"@type\":\"ListItem\",\"position\":1,\"name\":\"Membres\",\"item\":\"https:\\\/\\\/roofingcanada.com\\\/fr\\\/membres\\\/\"},{\"@type\":\"ListItem\",\"position\":2,\"name\":\"R\u00e9pertoire des membres\",\"item\":\"https:\\\/\\\/roofingcanada.com\\\/fr\\\/membres\\\/repertoire-des-membres\\\/\"},{\"@type\":\"ListItem\",\"position\":3,\"name\":\"Membres associ\u00e9s\"}]},{\"@type\":\"WebSite\",\"@id\":\"https:\\\/\\\/roofingcanada.com\\\/#website\",\"url\":\"https:\\\/\\\/roofingcanada.com\\\/\",\"name\":\"Canadian Roofing Contractors Association\",\"description\":\"Sous un seul toit\",\"potentialAction\":[{\"@type\":\"SearchAction\",\"target\":{\"@type\":\"EntryPoint\",\"urlTemplate\":\"https:\\\/\\\/roofingcanada.com\\\/?s={search_term_string}\"},\"query-input\":{\"@type\":\"PropertyValueSpecification\",\"valueRequired\":true,\"valueName\":\"search_term_string\"}}],\"inLanguage\":\"fr-FR\"}]}<\/script>\n<!-- \/ Yoast SEO plugin. -->","yoast_head_json":{"title":"Membres associ\u00e9s - Canadian Roofing Contractors Association","robots":{"index":"index","follow":"follow","max-snippet":"max-snippet:-1","max-image-preview":"max-image-preview:large","max-video-preview":"max-video-preview:-1"},"canonical":"https:\/\/roofingcanada.com\/fr\/membres\/repertoire-des-membres\/membres-associes\/","og_locale":"fr_FR","og_type":"article","og_title":"Membres associ\u00e9s - Canadian Roofing Contractors Association","og_description":"Les membres associ\u00e9s sont des entreprises qui fabriquent ou vendent du mat\u00e9riel, de l'\u00e9quipement, des accessoires ou des magazines utilis\u00e9s dans n'importe quel cr\u00e9neau de l'industrie de la toiture et de la t\u00f4lerie.","og_url":"https:\/\/roofingcanada.com\/fr\/membres\/repertoire-des-membres\/membres-associes\/","og_site_name":"Canadian Roofing Contractors Association","article_modified_time":"2018-07-04T18:20:19+00:00","twitter_card":"summary_large_image","schema":{"@context":"https:\/\/schema.org","@graph":[{"@type":"WebPage","@id":"https:\/\/roofingcanada.com\/fr\/membres\/repertoire-des-membres\/membres-associes\/","url":"https:\/\/roofingcanada.com\/fr\/membres\/repertoire-des-membres\/membres-associes\/","name":"Membres associ\u00e9s - Canadian Roofing Contractors Association","isPartOf":{"@id":"https:\/\/roofingcanada.com\/#website"},"datePublished":"2018-05-23T18:37:18+00:00","dateModified":"2018-07-04T18:20:19+00:00","breadcrumb":{"@id":"https:\/\/roofingcanada.com\/fr\/membres\/repertoire-des-membres\/membres-associes\/#breadcrumb"},"inLanguage":"fr-FR","potentialAction":[{"@type":"ReadAction","target":["https:\/\/roofingcanada.com\/fr\/membres\/repertoire-des-membres\/membres-associes\/"]}]},{"@type":"BreadcrumbList","@id":"https:\/\/roofingcanada.com\/fr\/membres\/repertoire-des-membres\/membres-associes\/#breadcrumb","itemListElement":[{"@type":"ListItem","position":1,"name":"Membres","item":"https:\/\/roofingcanada.com\/fr\/membres\/"},{"@type":"ListItem","position":2,"name":"R\u00e9pertoire des membres","item":"https:\/\/roofingcanada.com\/fr\/membres\/repertoire-des-membres\/"},{"@type":"ListItem","position":3,"name":"Membres associ\u00e9s"}]},{"@type":"WebSite","@id":"https:\/\/roofingcanada.com\/#website","url":"https:\/\/roofingcanada.com\/","name":"Canadian Roofing Contractors Association","description":"Sous un seul toit","potentialAction":[{"@type":"SearchAction","target":{"@type":"EntryPoint","urlTemplate":"https:\/\/roofingcanada.com\/?s={search_term_string}"},"query-input":{"@type":"PropertyValueSpecification","valueRequired":true,"valueName":"search_term_string"}}],"inLanguage":"fr-FR"}]}},"_links":{"self":[{"href":"https:\/\/roofingcanada.com\/fr\/wp-json\/wp\/v2\/pages\/2411","targetHints":{"allow":["GET"]}}],"collection":[{"href":"https:\/\/roofingcanada.com\/fr\/wp-json\/wp\/v2\/pages"}],"about":[{"href":"https:\/\/roofingcanada.com\/fr\/wp-json\/wp\/v2\/types\/page"}],"author":[{"embeddable":true,"href":"https:\/\/roofingcanada.com\/fr\/wp-json\/wp\/v2\/users\/1"}],"replies":[{"embeddable":true,"href":"https:\/\/roofingcanada.com\/fr\/wp-json\/wp\/v2\/comments?post=2411"}],"version-history":[{"count":8,"href":"https:\/\/roofingcanada.com\/fr\/wp-json\/wp\/v2\/pages\/2411\/revisions"}],"predecessor-version":[{"id":3692,"href":"https:\/\/roofingcanada.com\/fr\/wp-json\/wp\/v2\/pages\/2411\/revisions\/3692"}],"up":[{"embeddable":true,"href":"https:\/\/roofingcanada.com\/fr\/wp-json\/wp\/v2\/pages\/226"}],"wp:attachment":[{"href":"https:\/\/roofingcanada.com\/fr\/wp-json\/wp\/v2\/media?parent=2411"}],"curies":[{"name":"wp","href":"https:\/\/api.w.org\/{rel}","templated":true}]}}