{"id":239,"date":"2018-03-22T16:05:48","date_gmt":"2018-03-22T16:05:48","guid":{"rendered":"https:\/\/roofingcanada.com\/?page_id=239"},"modified":"2018-06-21T01:07:54","modified_gmt":"2018-06-21T01:07:54","slug":"service-technique-de-lacec","status":"publish","type":"page","link":"https:\/\/roofingcanada.com\/fr\/conseils-techniques\/service-technique-de-lacec\/","title":{"rendered":"Service technique de l&rsquo;ACEC"},"content":{"rendered":"<p>Notre Service technique est au service des membres de l\u2019ACEC. Le Service technique <a href=\"https:\/\/roofingcanada.com\/fr\/defense-de-lindustrie-canadienne-de-la-toiture\/\">d\u00e9fend<\/a> inlassablement les int\u00e9r\u00eats des membres de l\u2019ACEC en les repr\u00e9sentant au sein de nombreux comit\u00e9s et organismes de normalisation. Cette \u00e9quipe est \u00e9galement responsable de ce qui suit :<\/p>\n<ul>\n<li>Fournir de l\u2019information sur des questions techniques aux membres de l\u2019ACEC et \u00e0 l\u2019ensemble de l\u2019industrie, y compris par des articles, des pr\u00e9sentations et des s\u00e9minaires;<\/li>\n<li>Fournir un <a href=\"https:\/\/roofingcanada.com\/fr\/conseils-techniques\/service-technique-de-lacec\/soutien-aux-membres\/\">soutien technique<\/a> aux membres de l\u2019ACEC;<\/li>\n<li>R\u00e9diger et tenir \u00e0 jour les <a href=\"https:\/\/roofingcanada.com\/fr\/conseils-techniques\/manuels\/\">publications de l\u2019ACEC<\/a> : manuels et bulletins;<\/li>\n<li>Fournir un soutien technique au <a href=\"https:\/\/roofingcanada.com\/fr\/profil-de-lacec\/comites\/comites-techniques-nationaux\/\">Comit\u00e9 technique national<\/a>;<\/li>\n<li>Assurer la liaison et la coordination de divers <a href=\"https:\/\/roofingcanada.com\/fr\/plaidoyer\/initiatives-en-cours\/\">projets de recherche<\/a> de l\u2019industrie;<\/li>\n<li>Fournir des conseils techniques aux autorit\u00e9s, aux propri\u00e9taires et gestionnaires d\u2019immeubles, aux organismes de r\u00e9glementation et au grand public.<\/li>\n<\/ul>\n","protected":false},"excerpt":{"rendered":"<p>Notre Service technique repr\u00e9sente les membres de l\u2019ACEC dans de nombreux comit\u00e9s et dossiers de politique, en plus de fournir un soutien technique. <\/p>\n","protected":false},"author":1,"featured_media":842,"parent":143,"menu_order":2,"comment_status":"closed","ping_status":"closed","template":"page-about-no.php","meta":{"_acf_changed":false,"footnotes":""},"class_list":["post-239","page","type-page","status-publish","has-post-thumbnail","hentry"],"acf":[],"yoast_head":"<!-- This site is optimized with the Yoast SEO plugin v27.5 - https:\/\/yoast.com\/product\/yoast-seo-wordpress\/ -->\n<title>Service technique \u2013 Association canadienne des entrepreneurs en couverture<\/title>\n<meta name=\"description\" content=\"Le Service technique de l\u2019ACEC repr\u00e9sente les membres au sein de nombreux comit\u00e9s et dans plusieurs dossiers, en plus de fournir un soutien technique.\" \/>\n<meta name=\"robots\" content=\"index, follow, max-snippet:-1, max-image-preview:large, max-video-preview:-1\" \/>\n<link rel=\"canonical\" href=\"https:\/\/roofingcanada.com\/fr\/conseils-techniques\/service-technique-de-lacec\/\" \/>\n<meta property=\"og:locale\" content=\"fr_FR\" \/>\n<meta property=\"og:type\" content=\"article\" \/>\n<meta property=\"og:title\" content=\"Service technique \u2013 Association canadienne des entrepreneurs en couverture\" \/>\n<meta property=\"og:description\" content=\"Le Service technique de l\u2019ACEC repr\u00e9sente les membres au sein de nombreux comit\u00e9s et dans plusieurs dossiers, en plus de fournir un soutien technique.\" \/>\n<meta property=\"og:url\" content=\"https:\/\/roofingcanada.com\/fr\/conseils-techniques\/service-technique-de-lacec\/\" \/>\n<meta property=\"og:site_name\" content=\"Canadian Roofing Contractors Association\" \/>\n<meta property=\"article:modified_time\" content=\"2018-06-21T01:07:54+00:00\" \/>\n<meta property=\"og:image\" content=\"https:\/\/roofingcanada.com\/wp-content\/uploads\/2018\/04\/icon-technical.png\" \/>\n\t<meta property=\"og:image:width\" content=\"101\" \/>\n\t<meta property=\"og:image:height\" content=\"101\" \/>\n\t<meta property=\"og:image:type\" content=\"image\/png\" \/>\n<meta name=\"twitter:card\" content=\"summary_large_image\" \/>\n<script type=\"application\/ld+json\" class=\"yoast-schema-graph\">{\"@context\":\"https:\\\/\\\/schema.org\",\"@graph\":[{\"@type\":\"WebPage\",\"@id\":\"https:\\\/\\\/roofingcanada.com\\\/fr\\\/conseils-techniques\\\/service-technique-de-lacec\\\/\",\"url\":\"https:\\\/\\\/roofingcanada.com\\\/fr\\\/conseils-techniques\\\/service-technique-de-lacec\\\/\",\"name\":\"Service technique \u2013 Association canadienne des entrepreneurs en couverture\",\"isPartOf\":{\"@id\":\"https:\\\/\\\/roofingcanada.com\\\/#website\"},\"primaryImageOfPage\":{\"@id\":\"https:\\\/\\\/roofingcanada.com\\\/fr\\\/conseils-techniques\\\/service-technique-de-lacec\\\/#primaryimage\"},\"image\":{\"@id\":\"https:\\\/\\\/roofingcanada.com\\\/fr\\\/conseils-techniques\\\/service-technique-de-lacec\\\/#primaryimage\"},\"thumbnailUrl\":\"https:\\\/\\\/roofingcanada.com\\\/wp-content\\\/uploads\\\/2018\\\/04\\\/icon-technical.png\",\"datePublished\":\"2018-03-22T16:05:48+00:00\",\"dateModified\":\"2018-06-21T01:07:54+00:00\",\"description\":\"Le Service technique de l\u2019ACEC repr\u00e9sente les membres au sein de nombreux comit\u00e9s et dans plusieurs dossiers, en plus de fournir un soutien technique.\",\"breadcrumb\":{\"@id\":\"https:\\\/\\\/roofingcanada.com\\\/fr\\\/conseils-techniques\\\/service-technique-de-lacec\\\/#breadcrumb\"},\"inLanguage\":\"fr-FR\",\"potentialAction\":[{\"@type\":\"ReadAction\",\"target\":[\"https:\\\/\\\/roofingcanada.com\\\/fr\\\/conseils-techniques\\\/service-technique-de-lacec\\\/\"]}]},{\"@type\":\"ImageObject\",\"inLanguage\":\"fr-FR\",\"@id\":\"https:\\\/\\\/roofingcanada.com\\\/fr\\\/conseils-techniques\\\/service-technique-de-lacec\\\/#primaryimage\",\"url\":\"https:\\\/\\\/roofingcanada.com\\\/wp-content\\\/uploads\\\/2018\\\/04\\\/icon-technical.png\",\"contentUrl\":\"https:\\\/\\\/roofingcanada.com\\\/wp-content\\\/uploads\\\/2018\\\/04\\\/icon-technical.png\",\"width\":101,\"height\":101},{\"@type\":\"BreadcrumbList\",\"@id\":\"https:\\\/\\\/roofingcanada.com\\\/fr\\\/conseils-techniques\\\/service-technique-de-lacec\\\/#breadcrumb\",\"itemListElement\":[{\"@type\":\"ListItem\",\"position\":1,\"name\":\"Conseils techniques sur la toiture de l\u2019ACEC\",\"item\":\"https:\\\/\\\/roofingcanada.com\\\/fr\\\/conseils-techniques\\\/\"},{\"@type\":\"ListItem\",\"position\":2,\"name\":\"Service technique de l&rsquo;ACEC\"}]},{\"@type\":\"WebSite\",\"@id\":\"https:\\\/\\\/roofingcanada.com\\\/#website\",\"url\":\"https:\\\/\\\/roofingcanada.com\\\/\",\"name\":\"Canadian Roofing Contractors Association\",\"description\":\"Sous un seul toit\",\"potentialAction\":[{\"@type\":\"SearchAction\",\"target\":{\"@type\":\"EntryPoint\",\"urlTemplate\":\"https:\\\/\\\/roofingcanada.com\\\/?s={search_term_string}\"},\"query-input\":{\"@type\":\"PropertyValueSpecification\",\"valueRequired\":true,\"valueName\":\"search_term_string\"}}],\"inLanguage\":\"fr-FR\"}]}<\/script>\n<!-- \/ Yoast SEO plugin. -->","yoast_head_json":{"title":"Service technique \u2013 Association canadienne des entrepreneurs en couverture","description":"Le Service technique de l\u2019ACEC repr\u00e9sente les membres au sein de nombreux comit\u00e9s et dans plusieurs dossiers, en plus de fournir un soutien technique.","robots":{"index":"index","follow":"follow","max-snippet":"max-snippet:-1","max-image-preview":"max-image-preview:large","max-video-preview":"max-video-preview:-1"},"canonical":"https:\/\/roofingcanada.com\/fr\/conseils-techniques\/service-technique-de-lacec\/","og_locale":"fr_FR","og_type":"article","og_title":"Service technique \u2013 Association canadienne des entrepreneurs en couverture","og_description":"Le Service technique de l\u2019ACEC repr\u00e9sente les membres au sein de nombreux comit\u00e9s et dans plusieurs dossiers, en plus de fournir un soutien technique.","og_url":"https:\/\/roofingcanada.com\/fr\/conseils-techniques\/service-technique-de-lacec\/","og_site_name":"Canadian Roofing Contractors Association","article_modified_time":"2018-06-21T01:07:54+00:00","og_image":[{"width":101,"height":101,"url":"https:\/\/roofingcanada.com\/wp-content\/uploads\/2018\/04\/icon-technical.png","type":"image\/png"}],"twitter_card":"summary_large_image","schema":{"@context":"https:\/\/schema.org","@graph":[{"@type":"WebPage","@id":"https:\/\/roofingcanada.com\/fr\/conseils-techniques\/service-technique-de-lacec\/","url":"https:\/\/roofingcanada.com\/fr\/conseils-techniques\/service-technique-de-lacec\/","name":"Service technique \u2013 Association canadienne des entrepreneurs en couverture","isPartOf":{"@id":"https:\/\/roofingcanada.com\/#website"},"primaryImageOfPage":{"@id":"https:\/\/roofingcanada.com\/fr\/conseils-techniques\/service-technique-de-lacec\/#primaryimage"},"image":{"@id":"https:\/\/roofingcanada.com\/fr\/conseils-techniques\/service-technique-de-lacec\/#primaryimage"},"thumbnailUrl":"https:\/\/roofingcanada.com\/wp-content\/uploads\/2018\/04\/icon-technical.png","datePublished":"2018-03-22T16:05:48+00:00","dateModified":"2018-06-21T01:07:54+00:00","description":"Le Service technique de l\u2019ACEC repr\u00e9sente les membres au sein de nombreux comit\u00e9s et dans plusieurs dossiers, en plus de fournir un soutien technique.","breadcrumb":{"@id":"https:\/\/roofingcanada.com\/fr\/conseils-techniques\/service-technique-de-lacec\/#breadcrumb"},"inLanguage":"fr-FR","potentialAction":[{"@type":"ReadAction","target":["https:\/\/roofingcanada.com\/fr\/conseils-techniques\/service-technique-de-lacec\/"]}]},{"@type":"ImageObject","inLanguage":"fr-FR","@id":"https:\/\/roofingcanada.com\/fr\/conseils-techniques\/service-technique-de-lacec\/#primaryimage","url":"https:\/\/roofingcanada.com\/wp-content\/uploads\/2018\/04\/icon-technical.png","contentUrl":"https:\/\/roofingcanada.com\/wp-content\/uploads\/2018\/04\/icon-technical.png","width":101,"height":101},{"@type":"BreadcrumbList","@id":"https:\/\/roofingcanada.com\/fr\/conseils-techniques\/service-technique-de-lacec\/#breadcrumb","itemListElement":[{"@type":"ListItem","position":1,"name":"Conseils techniques sur la toiture de l\u2019ACEC","item":"https:\/\/roofingcanada.com\/fr\/conseils-techniques\/"},{"@type":"ListItem","position":2,"name":"Service technique de l&rsquo;ACEC"}]},{"@type":"WebSite","@id":"https:\/\/roofingcanada.com\/#website","url":"https:\/\/roofingcanada.com\/","name":"Canadian Roofing Contractors Association","description":"Sous un seul toit","potentialAction":[{"@type":"SearchAction","target":{"@type":"EntryPoint","urlTemplate":"https:\/\/roofingcanada.com\/?s={search_term_string}"},"query-input":{"@type":"PropertyValueSpecification","valueRequired":true,"valueName":"search_term_string"}}],"inLanguage":"fr-FR"}]}},"_links":{"self":[{"href":"https:\/\/roofingcanada.com\/fr\/wp-json\/wp\/v2\/pages\/239","targetHints":{"allow":["GET"]}}],"collection":[{"href":"https:\/\/roofingcanada.com\/fr\/wp-json\/wp\/v2\/pages"}],"about":[{"href":"https:\/\/roofingcanada.com\/fr\/wp-json\/wp\/v2\/types\/page"}],"author":[{"embeddable":true,"href":"https:\/\/roofingcanada.com\/fr\/wp-json\/wp\/v2\/users\/1"}],"replies":[{"embeddable":true,"href":"https:\/\/roofingcanada.com\/fr\/wp-json\/wp\/v2\/comments?post=239"}],"version-history":[{"count":8,"href":"https:\/\/roofingcanada.com\/fr\/wp-json\/wp\/v2\/pages\/239\/revisions"}],"predecessor-version":[{"id":3623,"href":"https:\/\/roofingcanada.com\/fr\/wp-json\/wp\/v2\/pages\/239\/revisions\/3623"}],"up":[{"embeddable":true,"href":"https:\/\/roofingcanada.com\/fr\/wp-json\/wp\/v2\/pages\/143"}],"wp:featuredmedia":[{"embeddable":true,"href":"https:\/\/roofingcanada.com\/fr\/wp-json\/wp\/v2\/media\/842"}],"wp:attachment":[{"href":"https:\/\/roofingcanada.com\/fr\/wp-json\/wp\/v2\/media?parent=239"}],"curies":[{"name":"wp","href":"https:\/\/api.w.org\/{rel}","templated":true}]}}