{"id":236,"date":"2018-03-22T16:04:26","date_gmt":"2018-03-22T16:04:26","guid":{"rendered":"https:\/\/roofingcanada.com\/?page_id=236"},"modified":"2018-07-04T18:19:35","modified_gmt":"2018-07-04T18:19:35","slug":"trouver-un-membre","status":"publish","type":"page","link":"https:\/\/roofingcanada.com\/fr\/membres\/repertoire-des-membres\/trouver-un-membre\/","title":{"rendered":"Trouver un membre"},"content":{"rendered":"<p>Consultez le r\u00e9pertoire de nos membres actifs et entrepreneurs en couverture ICI du Canada.<\/p>\n<p>Les r\u00e9sultats de recherche comprendront les nom et adresse du membre de m\u00eame que ses coordonn\u00e9es et un hyperlien menant \u00e0 son site Web, s&rsquo;il en a un.<\/p>\n<p><strong>Mots cl\u00e9s :<\/strong><\/p>\n","protected":false},"excerpt":{"rendered":"<p>Consultez le r\u00e9pertoire de nos membres actifs et entrepreneurs en couverture ICI du Canada.<\/p>\n","protected":false},"author":1,"featured_media":0,"parent":226,"menu_order":1,"comment_status":"closed","ping_status":"closed","template":"page-find-member.php","meta":{"_acf_changed":false,"footnotes":""},"class_list":["post-236","page","type-page","status-publish","hentry"],"acf":[],"yoast_head":"<!-- This site is optimized with the Yoast SEO plugin v27.5 - https:\/\/yoast.com\/product\/yoast-seo-wordpress\/ -->\n<title>Ma\u00eetres-couvreurs commerciaux pr\u00e8s de chez moi : R\u00e9pertoire canadien<\/title>\n<meta name=\"description\" content=\"Qui sont les ma\u00eetres-couvreurs commerciaux pr\u00e8s de chez moi? Recherche d\u2019entrepreneurs en couverture ICI au Canada et d\u2019autres membres de l&#039;Association canadienne des entrepreneurs en couverture.\" \/>\n<meta name=\"robots\" content=\"index, follow, max-snippet:-1, max-image-preview:large, max-video-preview:-1\" \/>\n<link rel=\"canonical\" href=\"https:\/\/roofingcanada.com\/fr\/membres\/repertoire-des-membres\/trouver-un-membre\/\" \/>\n<meta property=\"og:locale\" content=\"fr_FR\" \/>\n<meta property=\"og:type\" content=\"article\" \/>\n<meta property=\"og:title\" content=\"Ma\u00eetres-couvreurs commerciaux pr\u00e8s de chez moi : R\u00e9pertoire canadien\" \/>\n<meta property=\"og:description\" content=\"Qui sont les ma\u00eetres-couvreurs commerciaux pr\u00e8s de chez moi? Recherche d\u2019entrepreneurs en couverture ICI au Canada et d\u2019autres membres de l&#039;Association canadienne des entrepreneurs en couverture.\" \/>\n<meta property=\"og:url\" content=\"https:\/\/roofingcanada.com\/fr\/membres\/repertoire-des-membres\/trouver-un-membre\/\" \/>\n<meta property=\"og:site_name\" content=\"Canadian Roofing Contractors Association\" \/>\n<meta property=\"article:modified_time\" content=\"2018-07-04T18:19:35+00:00\" \/>\n<meta name=\"twitter:card\" content=\"summary_large_image\" \/>\n<script type=\"application\/ld+json\" class=\"yoast-schema-graph\">{\"@context\":\"https:\\\/\\\/schema.org\",\"@graph\":[{\"@type\":\"WebPage\",\"@id\":\"https:\\\/\\\/roofingcanada.com\\\/fr\\\/membres\\\/repertoire-des-membres\\\/trouver-un-membre\\\/\",\"url\":\"https:\\\/\\\/roofingcanada.com\\\/fr\\\/membres\\\/repertoire-des-membres\\\/trouver-un-membre\\\/\",\"name\":\"Ma\u00eetres-couvreurs commerciaux pr\u00e8s de chez moi : R\u00e9pertoire canadien\",\"isPartOf\":{\"@id\":\"https:\\\/\\\/roofingcanada.com\\\/#website\"},\"datePublished\":\"2018-03-22T16:04:26+00:00\",\"dateModified\":\"2018-07-04T18:19:35+00:00\",\"description\":\"Qui sont les ma\u00eetres-couvreurs commerciaux pr\u00e8s de chez moi? Recherche d\u2019entrepreneurs en couverture ICI au Canada et d\u2019autres membres de l'Association canadienne des entrepreneurs en couverture.\",\"breadcrumb\":{\"@id\":\"https:\\\/\\\/roofingcanada.com\\\/fr\\\/membres\\\/repertoire-des-membres\\\/trouver-un-membre\\\/#breadcrumb\"},\"inLanguage\":\"fr-FR\",\"potentialAction\":[{\"@type\":\"ReadAction\",\"target\":[\"https:\\\/\\\/roofingcanada.com\\\/fr\\\/membres\\\/repertoire-des-membres\\\/trouver-un-membre\\\/\"]}]},{\"@type\":\"BreadcrumbList\",\"@id\":\"https:\\\/\\\/roofingcanada.com\\\/fr\\\/membres\\\/repertoire-des-membres\\\/trouver-un-membre\\\/#breadcrumb\",\"itemListElement\":[{\"@type\":\"ListItem\",\"position\":1,\"name\":\"Membres\",\"item\":\"https:\\\/\\\/roofingcanada.com\\\/fr\\\/membres\\\/\"},{\"@type\":\"ListItem\",\"position\":2,\"name\":\"R\u00e9pertoire des membres\",\"item\":\"https:\\\/\\\/roofingcanada.com\\\/fr\\\/membres\\\/repertoire-des-membres\\\/\"},{\"@type\":\"ListItem\",\"position\":3,\"name\":\"Trouver un membre\"}]},{\"@type\":\"WebSite\",\"@id\":\"https:\\\/\\\/roofingcanada.com\\\/#website\",\"url\":\"https:\\\/\\\/roofingcanada.com\\\/\",\"name\":\"Canadian Roofing Contractors Association\",\"description\":\"Sous un seul toit\",\"potentialAction\":[{\"@type\":\"SearchAction\",\"target\":{\"@type\":\"EntryPoint\",\"urlTemplate\":\"https:\\\/\\\/roofingcanada.com\\\/?s={search_term_string}\"},\"query-input\":{\"@type\":\"PropertyValueSpecification\",\"valueRequired\":true,\"valueName\":\"search_term_string\"}}],\"inLanguage\":\"fr-FR\"}]}<\/script>\n<!-- \/ Yoast SEO plugin. -->","yoast_head_json":{"title":"Ma\u00eetres-couvreurs commerciaux pr\u00e8s de chez moi : R\u00e9pertoire canadien","description":"Qui sont les ma\u00eetres-couvreurs commerciaux pr\u00e8s de chez moi? Recherche d\u2019entrepreneurs en couverture ICI au Canada et d\u2019autres membres de l'Association canadienne des entrepreneurs en couverture.","robots":{"index":"index","follow":"follow","max-snippet":"max-snippet:-1","max-image-preview":"max-image-preview:large","max-video-preview":"max-video-preview:-1"},"canonical":"https:\/\/roofingcanada.com\/fr\/membres\/repertoire-des-membres\/trouver-un-membre\/","og_locale":"fr_FR","og_type":"article","og_title":"Ma\u00eetres-couvreurs commerciaux pr\u00e8s de chez moi : R\u00e9pertoire canadien","og_description":"Qui sont les ma\u00eetres-couvreurs commerciaux pr\u00e8s de chez moi? Recherche d\u2019entrepreneurs en couverture ICI au Canada et d\u2019autres membres de l'Association canadienne des entrepreneurs en couverture.","og_url":"https:\/\/roofingcanada.com\/fr\/membres\/repertoire-des-membres\/trouver-un-membre\/","og_site_name":"Canadian Roofing Contractors Association","article_modified_time":"2018-07-04T18:19:35+00:00","twitter_card":"summary_large_image","schema":{"@context":"https:\/\/schema.org","@graph":[{"@type":"WebPage","@id":"https:\/\/roofingcanada.com\/fr\/membres\/repertoire-des-membres\/trouver-un-membre\/","url":"https:\/\/roofingcanada.com\/fr\/membres\/repertoire-des-membres\/trouver-un-membre\/","name":"Ma\u00eetres-couvreurs commerciaux pr\u00e8s de chez moi : R\u00e9pertoire canadien","isPartOf":{"@id":"https:\/\/roofingcanada.com\/#website"},"datePublished":"2018-03-22T16:04:26+00:00","dateModified":"2018-07-04T18:19:35+00:00","description":"Qui sont les ma\u00eetres-couvreurs commerciaux pr\u00e8s de chez moi? Recherche d\u2019entrepreneurs en couverture ICI au Canada et d\u2019autres membres de l'Association canadienne des entrepreneurs en couverture.","breadcrumb":{"@id":"https:\/\/roofingcanada.com\/fr\/membres\/repertoire-des-membres\/trouver-un-membre\/#breadcrumb"},"inLanguage":"fr-FR","potentialAction":[{"@type":"ReadAction","target":["https:\/\/roofingcanada.com\/fr\/membres\/repertoire-des-membres\/trouver-un-membre\/"]}]},{"@type":"BreadcrumbList","@id":"https:\/\/roofingcanada.com\/fr\/membres\/repertoire-des-membres\/trouver-un-membre\/#breadcrumb","itemListElement":[{"@type":"ListItem","position":1,"name":"Membres","item":"https:\/\/roofingcanada.com\/fr\/membres\/"},{"@type":"ListItem","position":2,"name":"R\u00e9pertoire des membres","item":"https:\/\/roofingcanada.com\/fr\/membres\/repertoire-des-membres\/"},{"@type":"ListItem","position":3,"name":"Trouver un membre"}]},{"@type":"WebSite","@id":"https:\/\/roofingcanada.com\/#website","url":"https:\/\/roofingcanada.com\/","name":"Canadian Roofing Contractors Association","description":"Sous un seul toit","potentialAction":[{"@type":"SearchAction","target":{"@type":"EntryPoint","urlTemplate":"https:\/\/roofingcanada.com\/?s={search_term_string}"},"query-input":{"@type":"PropertyValueSpecification","valueRequired":true,"valueName":"search_term_string"}}],"inLanguage":"fr-FR"}]}},"_links":{"self":[{"href":"https:\/\/roofingcanada.com\/fr\/wp-json\/wp\/v2\/pages\/236","targetHints":{"allow":["GET"]}}],"collection":[{"href":"https:\/\/roofingcanada.com\/fr\/wp-json\/wp\/v2\/pages"}],"about":[{"href":"https:\/\/roofingcanada.com\/fr\/wp-json\/wp\/v2\/types\/page"}],"author":[{"embeddable":true,"href":"https:\/\/roofingcanada.com\/fr\/wp-json\/wp\/v2\/users\/1"}],"replies":[{"embeddable":true,"href":"https:\/\/roofingcanada.com\/fr\/wp-json\/wp\/v2\/comments?post=236"}],"version-history":[{"count":12,"href":"https:\/\/roofingcanada.com\/fr\/wp-json\/wp\/v2\/pages\/236\/revisions"}],"predecessor-version":[{"id":3690,"href":"https:\/\/roofingcanada.com\/fr\/wp-json\/wp\/v2\/pages\/236\/revisions\/3690"}],"up":[{"embeddable":true,"href":"https:\/\/roofingcanada.com\/fr\/wp-json\/wp\/v2\/pages\/226"}],"wp:attachment":[{"href":"https:\/\/roofingcanada.com\/fr\/wp-json\/wp\/v2\/media?parent=236"}],"curies":[{"name":"wp","href":"https:\/\/api.w.org\/{rel}","templated":true}]}}