{"id":2262,"date":"2018-05-22T18:02:28","date_gmt":"2018-05-22T18:02:28","guid":{"rendered":"https:\/\/roofingcanada.com\/?page_id=2262"},"modified":"2024-11-18T08:47:12","modified_gmt":"2024-11-18T13:47:12","slug":"membres","status":"publish","type":"page","link":"https:\/\/roofingcanada.com\/fr\/profil-de-lacec\/comites\/comites-techniques-nationaux\/membres\/","title":{"rendered":"Membres"},"content":{"rendered":"<p>Voici les membres actuels du CTN de l&rsquo;ACEC :<\/p>\n<div class=\"grid-row\">\n<div class=\"grid grid_2\">\n<h2>Saskatchewan<\/h2>\n<p><strong>Jason Baptist &#8211; Pr\u00e9sident<\/strong><br \/>\nCentury Roofing &amp; Sheet Metal Ltd.<br \/>\n2430 Dudley Street<br \/>\nSaskatoon, SK S7M 3Z7<br \/>\nT\u00e9l : 306-382-2944<br \/>\nT\u00e9l\u00e9c : 306-2445666<a href=\"jasonbaptist@centuryroofingsk.ca\"><br \/>\njasonbaptist@centuryroofingsk.ca<\/a><\/p>\n<\/div>\n<\/div>\n<p>&nbsp;<\/p>\n<p><strong>Vice (vacant)<\/strong><\/p>\n<div class=\"grid-row\">\n<div class=\"grid grid_2\">\n<h2>Alberta<\/h2>\n<p><strong>Alan Roberts <\/strong><br \/>\nC &amp; H Roofing Ltd.<br \/>\n600 30 Street North<br \/>\nLethbridge AB T1H 5G6<br \/>\nT\u00e9l : 403-328-3380<br \/>\nT\u00e9l\u00e9c : 403-331-2488<br \/>\n<a href=\"mailto:alan.roberts@candhroofingltd.com\">alan.roberts@candhroofingltd.com<\/a><\/p>\n<\/div>\n<div class=\"grid grid_2\">\n<h2>Colombie-Britannique<\/h2>\n<p><strong>Scott Goldie<\/strong><br \/>\nAdmiral Roofing Ltd.<br \/>\n4214 Cowart Road<br \/>\nPrince George, BC V2N 6H9<br \/>\nT\u00e9l : 250-561-1230<br \/>\n<a href=\"mailto:scott@admiralroofing.ca\">scott@admiralroofing.ca<\/a><\/p>\n<\/div>\n<\/div>\n<div class=\"grid-row\">\n<div class=\"grid grid_2\">\n<h2>Manitoba<\/h2>\n<p><strong>Ed Gallos <\/strong><br \/>\nMaster Roofing Ltd.<br \/>\n302 Lizzie Street<br \/>\nWinnipeg MB R3A 0Y5<br \/>\nT\u00e9l : 204-942-4503<br \/>\nT\u00e9l\u00e9c : 204-949-0246<br \/>\n<a href=\"mailto:edgallos@masterroofing.net\">edgallos@masterroofing.net<\/a><\/p>\n<\/div>\n<div class=\"grid grid_2\">\n<h2>Nouveau-Brunswick<\/h2>\n<p><strong>Justin Martin<\/strong><br \/>\nA-Tech Roofing Ltd.<br \/>\n672 rue Babin<br \/>\nDieppe, NB E1A 5M1<br \/>\nT\u00e9l : 506-859-4343<br \/>\n<a href=\"mailto:jmartin@atechroofing.ca\">jmartin@atechroofing.ca<\/a><\/p>\n<\/div>\n<\/div>\n<div class=\"grid-row\">\n<div class=\"grid grid_2\">\n<h2>Nouvelle \u00c9cosse<\/h2>\n<p><strong>John Harrington Jr. <\/strong><br \/>\nPMC Roofing Ltd.<br \/>\n350 Oak Island Road<br \/>\nAvonport NS B0P 1B0<br \/>\nT\u00e9l : 902-662-3250<br \/>\nT\u00e9l\u00e9c : 902-662-2016<br \/>\n<a href=\"mailto:pmcroofing@bellaliant.com\">pmcroofing@bellaliant.com<\/a><\/p>\n<\/div>\n<div class=\"grid grid_2\">\n<h2>Ontario<\/h2>\n<p><strong>David Uglow <\/strong><br \/>\nProvincial Industrial Roofing<br \/>\n166 Bowes Road<br \/>\nConcord ON L4K 1J6<br \/>\nT\u00e9l : 905-669-2569<br \/>\nT\u00e9l\u00e9c : 905-669-6118<br \/>\n<a href=\"mailto:duglow@provincialroofing.com\">duglow@provincialroofing.com<\/a><\/p>\n<\/div>\n<\/div>\n<div class=\"grid-row\">\n<div class=\"grid grid_2\">\n<h2>Quebec<\/h2>\n<p><strong>Isabelle Morissette<\/strong><br \/>\nGroupe Pentagone<br \/>\n20550 chemin de la C\u00f4te-Nord<br \/>\nMirabel, Quebec J7J 2B7<br \/>\nTel: 450-430-7900<br \/>\n<a href=\"imorissette@groupepentagone.com\">imorissette@groupepentagone.com<\/a><\/p>\n<\/div>\n<div class=\"grid grid_2\"><\/div>\n<\/div>\n<hr \/>\n<h2>Membres Associ\u00e9s<\/h2>\n<div class=\"grid-row\">\n<div class=\"grid grid_2\">\n<h3>Monocouche<\/h3>\n<p><strong>John Mills<br \/>\n<\/strong>Tremco Roofing &amp; Building Maintenance<br \/>\n215 Wicksteed Avenue<br \/>\nToronto, ON M4H 1G7<br \/>\nT\u00e9l : 416-206-8929<br \/>\n<a href=\"jmills@tremco.ca\">jmills@tremco.ca<\/a><\/p>\n<\/div>\n<div class=\"grid grid_2\">\n<h3>Isolant<\/h3>\n<p><strong>Chris Da Costa<\/strong><br \/>\nNorth 49 Alliance<br \/>\nT\u00e9l : 416-574-5868<br \/>\n<a href=\"cdacosta@north49all.com\">cdacosta@north49all.com<\/a><\/p>\n<\/div>\n<\/div>\n<div class=\"grid-row\">\n<div class=\"grid grid_2\">\n<h3>Produits connexes<\/h3>\n<p><strong>Matthew Del Fiacco<br \/>\n<\/strong>Royal Adhesives and Sealants<br \/>\n266 Humberline Dr<br \/>\nEtobicoke ON M9W 5T6<br \/>\nT\u00e9l : 416-679-5676<br \/>\n<a href=\"mailto:matthew.delfiacco@hbfuller.com\">matthew.delfiacco@hbfuller.com<\/a><\/p>\n<\/div>\n<div class=\"grid grid_2\">\n<h3>Membranes bitumineuses<\/h3>\n<p><strong>Jeremy Del Duca<br \/>\n<\/strong>Polyglass<br \/>\n7 Laycock Street<br \/>\nBrantford, ON N3S 0A2<br \/>\nT\u00e9l : 519-755-4935<br \/>\n<a href=\"jdelduca@polyglass.com\">jdelduca@polyglass.com<\/a><\/p>\n<\/div>\n<\/div>\n<hr \/>\n<h2>Suppl\u00e9ants<\/h2>\n<div class=\"grid-row\">\n<div class=\"grid grid_2\">\n<h3>Monocouche<\/h3>\n<p><strong>Pierre Provost<br \/>\n<\/strong>John Manville<br \/>\n3330 Marleau Avenue<br \/>\nCornwall, ON K6H 6B5<br \/>\nT\u00e9l : 514-234-7787<br \/>\n<a href=\"pierre.provost@jm.com\">pierre.provost@jm.com<\/a><\/p>\n<\/div>\n<div class=\"grid grid_2\">\n<h3>Isolant<\/h3>\n<p><b>Vacant<\/b><\/p>\n<\/div>\n<\/div>\n<div class=\"grid-row\">\n<div class=\"grid grid_2\">\n<h3>Produits connexes<\/h3>\n<div class=\"grid grid_2\">\n<p><strong>Joel Pelts<\/strong><br \/>\nLexsuco Corporation<br \/>\n3275 Orlando Drive<br \/>\nMississauga ON L4V 1C5<br \/>\nT\u00e9l : 905-792-8800<br \/>\nT\u00e9l\u00e9c :905-792-8801<br \/>\n<a href=\"mailto:jpelts@lexsucocorp.com\">jpelts@lexsucocorp.com<\/a><\/p>\n<\/div>\n<\/div>\n<div class=\"grid grid_2\">\n<h3>Membranes bitumineuses<\/h3>\n<p><strong>Aaron Hatch<\/strong><br \/>\nIKO Industries<br \/>\n1900 Minnesota Ct., Suite 200<br \/>\nMississauga, ON L5N 1P8<br \/>\nT\u00e9l : 905-457-2880<br \/>\n<a href=\"mailto:aaron.hatch@iko.com\" target=\"_blank\" rel=\"noopener noreferrer\">aaron.hatch@iko.com<\/a><\/p>\n<\/div>\n<\/div>\n<hr \/>\n<h2>Membres d&rsquo;office<\/h2>\n<div class=\"grid-row\">\n<div class=\"grid grid_2\"><strong style=\"font-size: 16px;\">Kevin Kramers<\/strong><br \/>\nARCA<br \/>\n2380 Pegasus Rd. NE<br \/>\nCalgary AB T2E 8G8<br \/>\nT\u00e9l : 403-250-7055<br \/>\nT\u00e9l\u00e9c : 403-250-1702<br \/>\n<a href=\"mailto:technical@arcaonline.ca\">technical@arcaonline.ca<\/a><\/div>\n<div class=\"grid grid_2\"><strong>Dr. Suda Molleti<\/strong><br \/>\nNational Research Council<br \/>\nNRC Construction Portfolio<br \/>\nBldgM-24, 1200 Montreal Rd.<br \/>\nOttawa ON K1A 0R<br \/>\nT\u00e9l : 613-993-9673<br \/>\nT\u00e9l\u00e9c : 613-998-6802<br \/>\n<a href=\"mailto:sudhakar.molleti@nrc-cnrc.gc.ca\">sudhakar.molleti@nrc-cnrc.gc.ca<\/a><\/div>\n<\/div>\n<div class=\"grid-row\">\n<div class=\"grid grid_2\"><strong>Mauricio Chavez<\/strong><br \/>\nNational Research Council<br \/>\nBldg. M-24, 1200 Montreal Rd.<br \/>\nOttawa, ON K1A 0R6<br \/>\nT\u00e9l : 613-990-0437<br \/>\n<a href=\"mailto:mauricio.chevez@nrc-cnrc.gc.ca\">mauricio.chevez@nrc-cnrc.gc.ca<\/a><\/div>\n<div class=\"grid grid_2\"><strong>Mark Graham<\/strong><br \/>\nNRCA<br \/>\n10255 W. Higgins Road, Suite 600<br \/>\nRosemont Il 600185607<br \/>\nT\u00e9l : 847-299-9070<br \/>\nT\u00e9l\u00e9c : 847-299-1183<br \/>\n<a href=\"mailto:mgraham@nrca.net\">mgraham@nrca.net<\/a><\/div>\n<\/div>\n<div class=\"grid-row\">\n<div class=\"grid grid_2\"><strong>Laurence Matzek <\/strong><br \/>\nRCABC<br \/>\n9734 201St Street<br \/>\nLangley BC V1M 3E8<br \/>\nT\u00e9l : 604-882-9734<br \/>\nT\u00e9l\u00e9c : 604-882-1744<br \/>\n<a href=\"mailto:laurence@rcabc.org\">laurence@rcabc.org<\/a><\/div>\n<div class=\"grid grid_2\"><strong>Jamie Slipp<\/strong><br \/>\nNBRCA<br \/>\nPO Box 7242<br \/>\nSaint John NB E2L 4S6<br \/>\nT\u00e9l : 506-652-7003<br \/>\nT\u00e9l\u00e9c : 506-696-0380<br \/>\n<a href=\"mailto:jslipp@nbrca.ca\">jslipp@nbrca.ca<\/a><\/div>\n<\/div>\n<div class=\"grid-row\">\n<div class=\"grid grid_2\"><strong>Don Marks<\/strong><br \/>\nOIRCA<br \/>\n940 The East Mall, Suite 301<br \/>\nEtobicoke ON M9B 6J7<br \/>\nT\u00e9l : 416-695-4114<br \/>\nT\u00e9l\u00e9c : 416-695-9920<br \/>\n<a href=\"mailto:donmarks@ontarioroofing.com\">donmarks@ontarioroofing.com<\/a><\/div>\n<div class=\"grid grid_2\"><strong>Guy Lalonde \/ Vincent Chartier<\/strong><br \/>\nAMCQ<br \/>\n3001, Boul. Tessier<br \/>\nLaval QC H7S 2M1<br \/>\nT\u00e9l: 888-973-2322<br \/>\nT\u00e9l\u00e9c : 450-973-2321<br \/>\n<a href=\"mailto:mjoubert@amcq.qc.ca\">mjoubert@amcq.qc.ca<\/a><\/div>\n<\/div>\n<div class=\"grid-row\">\n<div class=\"grid grid_2\"><strong>Matthew Raetsen<\/strong><br \/>\nRCAM<br \/>\n1447 Waverley Street<br \/>\nWinnipeg, MB R3T 0P7<br \/>\nTel: 204-783-6365<br \/>\n<a href=\"matthew@rcam.ca\">matthew@rcam.ca<\/a><\/div>\n<div class=\"grid grid_2\"><strong>Juanita MacDonald<\/strong><br \/>\nRCANS<br \/>\n3805 Mont Blanc Terrace, Suite 109<br \/>\nHalifax, NS B3K 6S3<br \/>\n<a href=\"contact@rcans.ca\">contact@rcans.ca<\/a><\/div>\n<\/div>\n<h2>Secr\u00e9taire<\/h2>\n<div class=\"grid-row\">\n<div class=\"grid grid_2\">\n<strong>Troy Ferreira<\/strong><br \/>\nCRCA\/ACEC<br \/>\n100 &#8211; 2430 Don Reid Drive<br \/>\nOttawa ON K1H 1E1<br \/>\nT\u00e9l: 613-232-6724<br \/>\nT\u00e9l\u00e9c : 613-232-2893<br \/>\n<a href=\"mailto:ferreira@roofingcanada.com\">ferreira@roofingcanada.com<\/a><\/p>\n<\/div>\n<div class=\"grid grid_2\">\n<strong>Wendy Fraser<\/strong><br \/>\nCRCA\/ACEC<br \/>\n100 &#8211; 2430 Don Reid Drive<br \/>\nOttawa ON K1H 1E1<br \/>\nT\u00e9l: 613-232-6724<br \/>\nT\u00e9l\u00e9c : 613-232-2893<br \/>\n<a href=\"mailto:fraser@roofingcanada.com\">fraser@roofingcanada.com<\/a><\/div>\n<\/div>\n","protected":false},"excerpt":{"rendered":"<p>Voici les membres actuels du CTN de l&rsquo;ACEC : Saskatchewan Jason Baptist &#8211; Pr\u00e9sident Century Roofing &amp; Sheet Metal Ltd. 2430 Dudley Street Saskatoon, SK S7M 3Z7 T\u00e9l : 306-382-2944 T\u00e9l\u00e9c : 306-2445666 jasonbaptist@centuryroofingsk.ca &nbsp; Vice (vacant) Alberta Alan Roberts C &amp; H Roofing Ltd. 600 30 Street North Lethbridge AB T1H 5G6 T\u00e9l :&#8230;  <a class=\"excerpt-read-more\" href=\"https:\/\/roofingcanada.com\/fr\/profil-de-lacec\/comites\/comites-techniques-nationaux\/membres\/\" title=\"ReadMembres\">En savoir plus \u00bb<\/a><\/p>\n","protected":false},"author":1,"featured_media":0,"parent":539,"menu_order":0,"comment_status":"closed","ping_status":"closed","template":"page-about.php","meta":{"_acf_changed":false,"footnotes":""},"class_list":["post-2262","page","type-page","status-publish","hentry"],"acf":[],"yoast_head":"<!-- This site is optimized with the Yoast SEO plugin v27.4 - https:\/\/yoast.com\/product\/yoast-seo-wordpress\/ -->\n<title>Membres du CTN de l\u2019ACEC<\/title>\n<meta name=\"description\" content=\"Voici une liste \u00e0 jour des membres du CTN de l\u2019ACEC (Comit\u00e9 technique national).\" \/>\n<meta name=\"robots\" content=\"index, follow, max-snippet:-1, max-image-preview:large, max-video-preview:-1\" \/>\n<link rel=\"canonical\" href=\"https:\/\/roofingcanada.com\/fr\/profil-de-lacec\/comites\/comites-techniques-nationaux\/membres\/\" \/>\n<meta property=\"og:locale\" content=\"fr_FR\" \/>\n<meta property=\"og:type\" content=\"article\" \/>\n<meta property=\"og:title\" content=\"Membres du CTN de l\u2019ACEC\" \/>\n<meta property=\"og:description\" content=\"Voici une liste \u00e0 jour des membres du CTN de l\u2019ACEC (Comit\u00e9 technique national).\" \/>\n<meta property=\"og:url\" content=\"https:\/\/roofingcanada.com\/fr\/profil-de-lacec\/comites\/comites-techniques-nationaux\/membres\/\" \/>\n<meta property=\"og:site_name\" content=\"Canadian Roofing Contractors Association\" \/>\n<meta property=\"article:modified_time\" content=\"2024-11-18T13:47:12+00:00\" \/>\n<meta name=\"twitter:card\" content=\"summary_large_image\" \/>\n<script type=\"application\/ld+json\" class=\"yoast-schema-graph\">{\"@context\":\"https:\\\/\\\/schema.org\",\"@graph\":[{\"@type\":\"WebPage\",\"@id\":\"https:\\\/\\\/roofingcanada.com\\\/fr\\\/profil-de-lacec\\\/comites\\\/comites-techniques-nationaux\\\/membres\\\/\",\"url\":\"https:\\\/\\\/roofingcanada.com\\\/fr\\\/profil-de-lacec\\\/comites\\\/comites-techniques-nationaux\\\/membres\\\/\",\"name\":\"Membres du CTN de l\u2019ACEC\",\"isPartOf\":{\"@id\":\"https:\\\/\\\/roofingcanada.com\\\/#website\"},\"datePublished\":\"2018-05-22T18:02:28+00:00\",\"dateModified\":\"2024-11-18T13:47:12+00:00\",\"description\":\"Voici une liste \u00e0 jour des membres du CTN de l\u2019ACEC (Comit\u00e9 technique national).\",\"breadcrumb\":{\"@id\":\"https:\\\/\\\/roofingcanada.com\\\/fr\\\/profil-de-lacec\\\/comites\\\/comites-techniques-nationaux\\\/membres\\\/#breadcrumb\"},\"inLanguage\":\"fr-FR\",\"potentialAction\":[{\"@type\":\"ReadAction\",\"target\":[\"https:\\\/\\\/roofingcanada.com\\\/fr\\\/profil-de-lacec\\\/comites\\\/comites-techniques-nationaux\\\/membres\\\/\"]}]},{\"@type\":\"BreadcrumbList\",\"@id\":\"https:\\\/\\\/roofingcanada.com\\\/fr\\\/profil-de-lacec\\\/comites\\\/comites-techniques-nationaux\\\/membres\\\/#breadcrumb\",\"itemListElement\":[{\"@type\":\"ListItem\",\"position\":1,\"name\":\"Profil de l&rsquo;ACEC\",\"item\":\"https:\\\/\\\/roofingcanada.com\\\/fr\\\/profil-de-lacec\\\/\"},{\"@type\":\"ListItem\",\"position\":2,\"name\":\"Comit\u00e9s\",\"item\":\"https:\\\/\\\/roofingcanada.com\\\/fr\\\/profil-de-lacec\\\/comites\\\/\"},{\"@type\":\"ListItem\",\"position\":3,\"name\":\"Comit\u00e9s techniques nationaux\",\"item\":\"https:\\\/\\\/roofingcanada.com\\\/fr\\\/profil-de-lacec\\\/comites\\\/comites-techniques-nationaux\\\/\"},{\"@type\":\"ListItem\",\"position\":4,\"name\":\"Membres\"}]},{\"@type\":\"WebSite\",\"@id\":\"https:\\\/\\\/roofingcanada.com\\\/#website\",\"url\":\"https:\\\/\\\/roofingcanada.com\\\/\",\"name\":\"Canadian Roofing Contractors Association\",\"description\":\"Sous un seul toit\",\"potentialAction\":[{\"@type\":\"SearchAction\",\"target\":{\"@type\":\"EntryPoint\",\"urlTemplate\":\"https:\\\/\\\/roofingcanada.com\\\/?s={search_term_string}\"},\"query-input\":{\"@type\":\"PropertyValueSpecification\",\"valueRequired\":true,\"valueName\":\"search_term_string\"}}],\"inLanguage\":\"fr-FR\"}]}<\/script>\n<!-- \/ Yoast SEO plugin. -->","yoast_head_json":{"title":"Membres du CTN de l\u2019ACEC","description":"Voici une liste \u00e0 jour des membres du CTN de l\u2019ACEC (Comit\u00e9 technique national).","robots":{"index":"index","follow":"follow","max-snippet":"max-snippet:-1","max-image-preview":"max-image-preview:large","max-video-preview":"max-video-preview:-1"},"canonical":"https:\/\/roofingcanada.com\/fr\/profil-de-lacec\/comites\/comites-techniques-nationaux\/membres\/","og_locale":"fr_FR","og_type":"article","og_title":"Membres du CTN de l\u2019ACEC","og_description":"Voici une liste \u00e0 jour des membres du CTN de l\u2019ACEC (Comit\u00e9 technique national).","og_url":"https:\/\/roofingcanada.com\/fr\/profil-de-lacec\/comites\/comites-techniques-nationaux\/membres\/","og_site_name":"Canadian Roofing Contractors Association","article_modified_time":"2024-11-18T13:47:12+00:00","twitter_card":"summary_large_image","schema":{"@context":"https:\/\/schema.org","@graph":[{"@type":"WebPage","@id":"https:\/\/roofingcanada.com\/fr\/profil-de-lacec\/comites\/comites-techniques-nationaux\/membres\/","url":"https:\/\/roofingcanada.com\/fr\/profil-de-lacec\/comites\/comites-techniques-nationaux\/membres\/","name":"Membres du CTN de l\u2019ACEC","isPartOf":{"@id":"https:\/\/roofingcanada.com\/#website"},"datePublished":"2018-05-22T18:02:28+00:00","dateModified":"2024-11-18T13:47:12+00:00","description":"Voici une liste \u00e0 jour des membres du CTN de l\u2019ACEC (Comit\u00e9 technique national).","breadcrumb":{"@id":"https:\/\/roofingcanada.com\/fr\/profil-de-lacec\/comites\/comites-techniques-nationaux\/membres\/#breadcrumb"},"inLanguage":"fr-FR","potentialAction":[{"@type":"ReadAction","target":["https:\/\/roofingcanada.com\/fr\/profil-de-lacec\/comites\/comites-techniques-nationaux\/membres\/"]}]},{"@type":"BreadcrumbList","@id":"https:\/\/roofingcanada.com\/fr\/profil-de-lacec\/comites\/comites-techniques-nationaux\/membres\/#breadcrumb","itemListElement":[{"@type":"ListItem","position":1,"name":"Profil de l&rsquo;ACEC","item":"https:\/\/roofingcanada.com\/fr\/profil-de-lacec\/"},{"@type":"ListItem","position":2,"name":"Comit\u00e9s","item":"https:\/\/roofingcanada.com\/fr\/profil-de-lacec\/comites\/"},{"@type":"ListItem","position":3,"name":"Comit\u00e9s techniques nationaux","item":"https:\/\/roofingcanada.com\/fr\/profil-de-lacec\/comites\/comites-techniques-nationaux\/"},{"@type":"ListItem","position":4,"name":"Membres"}]},{"@type":"WebSite","@id":"https:\/\/roofingcanada.com\/#website","url":"https:\/\/roofingcanada.com\/","name":"Canadian Roofing Contractors Association","description":"Sous un seul toit","potentialAction":[{"@type":"SearchAction","target":{"@type":"EntryPoint","urlTemplate":"https:\/\/roofingcanada.com\/?s={search_term_string}"},"query-input":{"@type":"PropertyValueSpecification","valueRequired":true,"valueName":"search_term_string"}}],"inLanguage":"fr-FR"}]}},"_links":{"self":[{"href":"https:\/\/roofingcanada.com\/fr\/wp-json\/wp\/v2\/pages\/2262","targetHints":{"allow":["GET"]}}],"collection":[{"href":"https:\/\/roofingcanada.com\/fr\/wp-json\/wp\/v2\/pages"}],"about":[{"href":"https:\/\/roofingcanada.com\/fr\/wp-json\/wp\/v2\/types\/page"}],"author":[{"embeddable":true,"href":"https:\/\/roofingcanada.com\/fr\/wp-json\/wp\/v2\/users\/1"}],"replies":[{"embeddable":true,"href":"https:\/\/roofingcanada.com\/fr\/wp-json\/wp\/v2\/comments?post=2262"}],"version-history":[{"count":74,"href":"https:\/\/roofingcanada.com\/fr\/wp-json\/wp\/v2\/pages\/2262\/revisions"}],"predecessor-version":[{"id":12337,"href":"https:\/\/roofingcanada.com\/fr\/wp-json\/wp\/v2\/pages\/2262\/revisions\/12337"}],"up":[{"embeddable":true,"href":"https:\/\/roofingcanada.com\/fr\/wp-json\/wp\/v2\/pages\/539"}],"wp:attachment":[{"href":"https:\/\/roofingcanada.com\/fr\/wp-json\/wp\/v2\/media?parent=2262"}],"curies":[{"name":"wp","href":"https:\/\/api.w.org\/{rel}","templated":true}]}}