{"id":222,"date":"2018-03-22T15:51:05","date_gmt":"2018-03-22T15:51:05","guid":{"rendered":"https:\/\/roofingcanada.com\/?page_id=222"},"modified":"2026-02-04T15:55:51","modified_gmt":"2026-02-04T20:55:51","slug":"adhesion","status":"publish","type":"page","link":"https:\/\/roofingcanada.com\/fr\/membres\/adhesion\/","title":{"rendered":"Devenir membre"},"content":{"rendered":"<p>Les couvreurs industriels, commerciaux et institutionnels (ICI) du Canada doivent d\u2019abord \u00eatre membres de leur <a href=\"https:\/\/roofingcanada.com\/fr\/profil-de-lacec\/alliances\/\">association provinciale d\u2019entrepreneurs en couverture<\/a> avant d\u2019\u00eatre accept\u00e9s comme membres de l\u2019ACEC. Dans les provinces o\u00f9 il n\u2019y a pas d\u2019association, les couvreurs ICI peuvent pr\u00e9senter une demande d\u2019adh\u00e9sion directe \u00e0 l\u2019ACEC. Nous accueillons \u00e9galement d\u2019autres membres de l\u2019industrie, y compris des fabricants, des fournisseurs et des personnes int\u00e9ress\u00e9es \u00e0 en apprendre davantage sur l\u2019industrie de la toiture.<\/p>\n<p>Pour adh\u00e9rer \u00e0 l\u2019ACEC, veuillez s\u00e9lectionner votre type d\u2019adh\u00e9sion et remplir la demande en ligne ci-dessous. Au besoin, vous pouvez <a href=\"https:\/\/roofingcanada.com\/fr\/profil-de-lacec\/nous-joindre\/\">demander<\/a> que le formulaire de demande vous soit t\u00e9l\u00e9copi\u00e9 ou envoy\u00e9 par courriel.<\/p>\n<hr \/>\n<h2>Actif<\/h2>\n<p>Entrepreneurs de toiture membres d\u2019une association provinciale<\/p>\n<ul>\n<li>\u00catre une entreprise qui travaille activement au Canada dans le secteur de la toiture et de la t\u00f4lerie.<\/li>\n<li>\u00catre membre en r\u00e8gle d\u2019une association provinciale reconnue affili\u00e9e \u00e0 l\u2019ACEC, dans la province o\u00f9 se trouve le membre actif.<\/li>\n<\/ul>\n<p>Payer les frais d\u2019adh\u00e9sion fond\u00e9s sur le chiffre d\u2019affaires annuel.<\/p>\n<hr \/>\n<h2>Actif direct<\/h2>\n<p>Entrepreneurs de toiture <em>sans<\/em> association provinciale<\/p>\n<ul>\n<li>\u00catre une entreprise qui travaille activement au Canada dans le secteur de la toiture et de la t\u00f4lerie.<\/li>\n<li>Op\u00e9rer dans une province o\u00f9 n\u2019existe aucune association provinciale.<\/li>\n<li>Demander l\u2019adh\u00e9sion \u00e0 l\u2019ACEC<\/li>\n<\/ul>\n<p>Payer les frais d\u2019adh\u00e9sion fond\u00e9s sur le chiffre d\u2019affaires annuel.<\/p>\n<p><a href=\"https:\/\/roofingcanada.com\/wp-content\/uploads\/2026\/02\/At-Large-Association-Application-French-2026.pdf\" target=\"_blank\" rel=\"noopener\">T\u00e9l\u00e9charger le formulaire de demande (PDF) &gt;<\/a><u><br \/>\n<\/u><a href=\"https:\/\/roofingcanada.com\/wp-content\/uploads\/2018\/05\/active-at-large-criteria.pdf\" target=\"_blank\" rel=\"noopener noreferrer\">T\u00e9l\u00e9charger le formulaire de crit\u00e8res (PDF) &gt;<\/a><u><br \/>\n<\/u><a href=\"https:\/\/roofingcanada.com\/wp-content\/uploads\/2018\/05\/active-at-large-qualification.pdf\" target=\"_blank\" rel=\"noopener noreferrer\">T\u00e9l\u00e9charger le formulaire de qualification (PDF) &gt;<\/a><\/p>\n<hr \/>\n<h2>Associ\u00e9<\/h2>\n<p>Fabricants et fournisseurs<\/p>\n<ul>\n<li>\u00catre une entreprise qui fabrique ou fournit des mat\u00e9riaux, de l\u2019\u00e9quipement, des accessoires ou des magazines utilis\u00e9s dans toute branche de l\u2019industrie de la toiture et de la t\u00f4le.<\/li>\n<li>Demander l\u2019adh\u00e9sion \u00e0 l\u2019ACEC<\/li>\n<li>Payer les frais d\u2019adh\u00e9sion fond\u00e9s sur le chiffre d\u2019affaires annuel.<\/li>\n<\/ul>\n<p><a href=\"https:\/\/roofingcanada.com\/wp-content\/uploads\/2026\/02\/Associate-Application-French-2026.pdf\" target=\"_blank\" rel=\"noopener\">T\u00e9l\u00e9charger le formulaire de demande d\u2019adh\u00e9sion (PDF) &gt;<\/a><\/p>\n<hr \/>\n<h2>Industrie<\/h2>\n<p>Ing\u00e9nieurs et consultants<\/p>\n<ul>\n<li>\u00catre une personne int\u00e9ress\u00e9e par la documentation de l\u2019Association sur l\u2019industrie.<\/li>\n<li>A droit \u00e0 tous les privil\u00e8ges d\u2019adh\u00e9sion, <em>sauf<\/em> ceux de titulaire d\u2019une charge \u00e9lective.<\/li>\n<li>Se conformer aux statuts de l\u2019Association.<\/li>\n<li>Les frais d\u2019adh\u00e9sion sont de 520.00 $, plus taxes applicables.<\/li>\n<\/ul>\n<p><a href=\"https:\/\/roofingcanada.com\/wp-content\/uploads\/2026\/02\/DEMANDE-DADHESION-A-LINDUSTRIE-2026.pdf\" target=\"_blank\" rel=\"noopener\">T\u00e9l\u00e9charger le formulaire de demande d\u2019adh\u00e9sion (PDF) &gt;<\/a><\/p>\n<hr \/>\n<h2>International<\/h2>\n<p>Entreprises \u00e9trang\u00e8res engag\u00e9es dans l\u2019industrie de la toiture<\/p>\n<ul>\n<li>\u00catre une entreprise engag\u00e9e dans le domaine de la toiture et de la t\u00f4le \u00e0 l\u2019ext\u00e9rieur du Canada.<\/li>\n<li>A droit \u00e0 tous les privil\u00e8ges d\u2019adh\u00e9sion \u00e0 l\u2019Association, <em>sauf<\/em> ceux d\u2019occuper un poste \u00e9lectif et d\u2019\u00e9mettre une garantie de l\u2019Association canadienne des entrepreneurs en couverture.<\/li>\n<li>Se conformer aux statuts de l\u2019Association.<\/li>\n<li>Veuillez contacter l&rsquo;ACEC pour le montant des cotisations de l\u2019ann\u00e9e en cours.<\/li>\n<\/ul>\n<p><a href=\"https:\/\/roofingcanada.com\/wp-content\/uploads\/2026\/02\/International-Membership-Application-French.pdf\" target=\"_blank\" rel=\"noopener\">T\u00e9l\u00e9charger le formulaire de demande d\u2019adh\u00e9sion (PDF) &gt;<\/a><\/p>\n","protected":false},"excerpt":{"rendered":"<p>Renseignez-vous sur les diff\u00e9rents types de membres de l\u2019ACEC et sur la fa\u00e7on de devenir membre.<\/p>\n","protected":false},"author":1,"featured_media":3805,"parent":141,"menu_order":2,"comment_status":"closed","ping_status":"closed","template":"","meta":{"_acf_changed":false,"footnotes":""},"class_list":["post-222","page","type-page","status-publish","has-post-thumbnail","hentry"],"acf":[],"yoast_head":"<!-- This site is optimized with the Yoast SEO plugin v27.4 - https:\/\/yoast.com\/product\/yoast-seo-wordpress\/ -->\n<title>Renseignez-vous sur l\u2019adh\u00e9sion \u00e0 l\u2019ACEC et devenez membre.<\/title>\n<meta name=\"description\" content=\"Dans les provinces o\u00f9 il n\u2019y a pas d\u2019association, les couvreurs ICI peuvent pr\u00e9senter une demande d&#039;adh\u00e9sion directe \u00e0 l\u2019ACEC. Nous accueillons \u00e9galement les autres membres de l\u2019industrie...\" \/>\n<meta name=\"robots\" content=\"index, follow, max-snippet:-1, max-image-preview:large, max-video-preview:-1\" \/>\n<link rel=\"canonical\" href=\"https:\/\/roofingcanada.com\/fr\/membres\/adhesion\/\" \/>\n<meta property=\"og:locale\" content=\"fr_FR\" \/>\n<meta property=\"og:type\" content=\"article\" \/>\n<meta property=\"og:title\" content=\"Renseignez-vous sur l\u2019adh\u00e9sion \u00e0 l\u2019ACEC et devenez membre.\" \/>\n<meta property=\"og:description\" content=\"Dans les provinces o\u00f9 il n\u2019y a pas d\u2019association, les couvreurs ICI peuvent pr\u00e9senter une demande d&#039;adh\u00e9sion directe \u00e0 l\u2019ACEC. Nous accueillons \u00e9galement les autres membres de l\u2019industrie...\" \/>\n<meta property=\"og:url\" content=\"https:\/\/roofingcanada.com\/fr\/membres\/adhesion\/\" \/>\n<meta property=\"og:site_name\" content=\"Canadian Roofing Contractors Association\" \/>\n<meta property=\"article:modified_time\" content=\"2026-02-04T20:55:51+00:00\" \/>\n<meta property=\"og:image\" content=\"https:\/\/roofingcanada.com\/wp-content\/uploads\/2018\/03\/icon-member.png\" \/>\n\t<meta property=\"og:image:width\" content=\"101\" \/>\n\t<meta property=\"og:image:height\" content=\"101\" \/>\n\t<meta property=\"og:image:type\" content=\"image\/png\" \/>\n<meta name=\"twitter:card\" content=\"summary_large_image\" \/>\n<script type=\"application\/ld+json\" class=\"yoast-schema-graph\">{\"@context\":\"https:\\\/\\\/schema.org\",\"@graph\":[{\"@type\":\"WebPage\",\"@id\":\"https:\\\/\\\/roofingcanada.com\\\/fr\\\/membres\\\/adhesion\\\/\",\"url\":\"https:\\\/\\\/roofingcanada.com\\\/fr\\\/membres\\\/adhesion\\\/\",\"name\":\"Renseignez-vous sur l\u2019adh\u00e9sion \u00e0 l\u2019ACEC et devenez membre.\",\"isPartOf\":{\"@id\":\"https:\\\/\\\/roofingcanada.com\\\/#website\"},\"primaryImageOfPage\":{\"@id\":\"https:\\\/\\\/roofingcanada.com\\\/fr\\\/membres\\\/adhesion\\\/#primaryimage\"},\"image\":{\"@id\":\"https:\\\/\\\/roofingcanada.com\\\/fr\\\/membres\\\/adhesion\\\/#primaryimage\"},\"thumbnailUrl\":\"https:\\\/\\\/roofingcanada.com\\\/wp-content\\\/uploads\\\/2018\\\/03\\\/icon-member.png\",\"datePublished\":\"2018-03-22T15:51:05+00:00\",\"dateModified\":\"2026-02-04T20:55:51+00:00\",\"description\":\"Dans les provinces o\u00f9 il n\u2019y a pas d\u2019association, les couvreurs ICI peuvent pr\u00e9senter une demande d'adh\u00e9sion directe \u00e0 l\u2019ACEC. Nous accueillons \u00e9galement les autres membres de l\u2019industrie...\",\"breadcrumb\":{\"@id\":\"https:\\\/\\\/roofingcanada.com\\\/fr\\\/membres\\\/adhesion\\\/#breadcrumb\"},\"inLanguage\":\"fr-FR\",\"potentialAction\":[{\"@type\":\"ReadAction\",\"target\":[\"https:\\\/\\\/roofingcanada.com\\\/fr\\\/membres\\\/adhesion\\\/\"]}]},{\"@type\":\"ImageObject\",\"inLanguage\":\"fr-FR\",\"@id\":\"https:\\\/\\\/roofingcanada.com\\\/fr\\\/membres\\\/adhesion\\\/#primaryimage\",\"url\":\"https:\\\/\\\/roofingcanada.com\\\/wp-content\\\/uploads\\\/2018\\\/03\\\/icon-member.png\",\"contentUrl\":\"https:\\\/\\\/roofingcanada.com\\\/wp-content\\\/uploads\\\/2018\\\/03\\\/icon-member.png\",\"width\":101,\"height\":101},{\"@type\":\"BreadcrumbList\",\"@id\":\"https:\\\/\\\/roofingcanada.com\\\/fr\\\/membres\\\/adhesion\\\/#breadcrumb\",\"itemListElement\":[{\"@type\":\"ListItem\",\"position\":1,\"name\":\"Membres\",\"item\":\"https:\\\/\\\/roofingcanada.com\\\/fr\\\/membres\\\/\"},{\"@type\":\"ListItem\",\"position\":2,\"name\":\"Devenir membre\"}]},{\"@type\":\"WebSite\",\"@id\":\"https:\\\/\\\/roofingcanada.com\\\/#website\",\"url\":\"https:\\\/\\\/roofingcanada.com\\\/\",\"name\":\"Canadian Roofing Contractors Association\",\"description\":\"Sous un seul toit\",\"potentialAction\":[{\"@type\":\"SearchAction\",\"target\":{\"@type\":\"EntryPoint\",\"urlTemplate\":\"https:\\\/\\\/roofingcanada.com\\\/?s={search_term_string}\"},\"query-input\":{\"@type\":\"PropertyValueSpecification\",\"valueRequired\":true,\"valueName\":\"search_term_string\"}}],\"inLanguage\":\"fr-FR\"}]}<\/script>\n<!-- \/ Yoast SEO plugin. -->","yoast_head_json":{"title":"Renseignez-vous sur l\u2019adh\u00e9sion \u00e0 l\u2019ACEC et devenez membre.","description":"Dans les provinces o\u00f9 il n\u2019y a pas d\u2019association, les couvreurs ICI peuvent pr\u00e9senter une demande d'adh\u00e9sion directe \u00e0 l\u2019ACEC. Nous accueillons \u00e9galement les autres membres de l\u2019industrie...","robots":{"index":"index","follow":"follow","max-snippet":"max-snippet:-1","max-image-preview":"max-image-preview:large","max-video-preview":"max-video-preview:-1"},"canonical":"https:\/\/roofingcanada.com\/fr\/membres\/adhesion\/","og_locale":"fr_FR","og_type":"article","og_title":"Renseignez-vous sur l\u2019adh\u00e9sion \u00e0 l\u2019ACEC et devenez membre.","og_description":"Dans les provinces o\u00f9 il n\u2019y a pas d\u2019association, les couvreurs ICI peuvent pr\u00e9senter une demande d'adh\u00e9sion directe \u00e0 l\u2019ACEC. Nous accueillons \u00e9galement les autres membres de l\u2019industrie...","og_url":"https:\/\/roofingcanada.com\/fr\/membres\/adhesion\/","og_site_name":"Canadian Roofing Contractors Association","article_modified_time":"2026-02-04T20:55:51+00:00","og_image":[{"width":101,"height":101,"url":"https:\/\/roofingcanada.com\/wp-content\/uploads\/2018\/03\/icon-member.png","type":"image\/png"}],"twitter_card":"summary_large_image","schema":{"@context":"https:\/\/schema.org","@graph":[{"@type":"WebPage","@id":"https:\/\/roofingcanada.com\/fr\/membres\/adhesion\/","url":"https:\/\/roofingcanada.com\/fr\/membres\/adhesion\/","name":"Renseignez-vous sur l\u2019adh\u00e9sion \u00e0 l\u2019ACEC et devenez membre.","isPartOf":{"@id":"https:\/\/roofingcanada.com\/#website"},"primaryImageOfPage":{"@id":"https:\/\/roofingcanada.com\/fr\/membres\/adhesion\/#primaryimage"},"image":{"@id":"https:\/\/roofingcanada.com\/fr\/membres\/adhesion\/#primaryimage"},"thumbnailUrl":"https:\/\/roofingcanada.com\/wp-content\/uploads\/2018\/03\/icon-member.png","datePublished":"2018-03-22T15:51:05+00:00","dateModified":"2026-02-04T20:55:51+00:00","description":"Dans les provinces o\u00f9 il n\u2019y a pas d\u2019association, les couvreurs ICI peuvent pr\u00e9senter une demande d'adh\u00e9sion directe \u00e0 l\u2019ACEC. Nous accueillons \u00e9galement les autres membres de l\u2019industrie...","breadcrumb":{"@id":"https:\/\/roofingcanada.com\/fr\/membres\/adhesion\/#breadcrumb"},"inLanguage":"fr-FR","potentialAction":[{"@type":"ReadAction","target":["https:\/\/roofingcanada.com\/fr\/membres\/adhesion\/"]}]},{"@type":"ImageObject","inLanguage":"fr-FR","@id":"https:\/\/roofingcanada.com\/fr\/membres\/adhesion\/#primaryimage","url":"https:\/\/roofingcanada.com\/wp-content\/uploads\/2018\/03\/icon-member.png","contentUrl":"https:\/\/roofingcanada.com\/wp-content\/uploads\/2018\/03\/icon-member.png","width":101,"height":101},{"@type":"BreadcrumbList","@id":"https:\/\/roofingcanada.com\/fr\/membres\/adhesion\/#breadcrumb","itemListElement":[{"@type":"ListItem","position":1,"name":"Membres","item":"https:\/\/roofingcanada.com\/fr\/membres\/"},{"@type":"ListItem","position":2,"name":"Devenir membre"}]},{"@type":"WebSite","@id":"https:\/\/roofingcanada.com\/#website","url":"https:\/\/roofingcanada.com\/","name":"Canadian Roofing Contractors Association","description":"Sous un seul toit","potentialAction":[{"@type":"SearchAction","target":{"@type":"EntryPoint","urlTemplate":"https:\/\/roofingcanada.com\/?s={search_term_string}"},"query-input":{"@type":"PropertyValueSpecification","valueRequired":true,"valueName":"search_term_string"}}],"inLanguage":"fr-FR"}]}},"_links":{"self":[{"href":"https:\/\/roofingcanada.com\/fr\/wp-json\/wp\/v2\/pages\/222","targetHints":{"allow":["GET"]}}],"collection":[{"href":"https:\/\/roofingcanada.com\/fr\/wp-json\/wp\/v2\/pages"}],"about":[{"href":"https:\/\/roofingcanada.com\/fr\/wp-json\/wp\/v2\/types\/page"}],"author":[{"embeddable":true,"href":"https:\/\/roofingcanada.com\/fr\/wp-json\/wp\/v2\/users\/1"}],"replies":[{"embeddable":true,"href":"https:\/\/roofingcanada.com\/fr\/wp-json\/wp\/v2\/comments?post=222"}],"version-history":[{"count":39,"href":"https:\/\/roofingcanada.com\/fr\/wp-json\/wp\/v2\/pages\/222\/revisions"}],"predecessor-version":[{"id":13079,"href":"https:\/\/roofingcanada.com\/fr\/wp-json\/wp\/v2\/pages\/222\/revisions\/13079"}],"up":[{"embeddable":true,"href":"https:\/\/roofingcanada.com\/fr\/wp-json\/wp\/v2\/pages\/141"}],"wp:featuredmedia":[{"embeddable":true,"href":"https:\/\/roofingcanada.com\/fr\/wp-json\/wp\/v2\/media\/3805"}],"wp:attachment":[{"href":"https:\/\/roofingcanada.com\/fr\/wp-json\/wp\/v2\/media?parent=222"}],"curies":[{"name":"wp","href":"https:\/\/api.w.org\/{rel}","templated":true}]}}