{"id":220,"date":"2018-03-22T15:50:01","date_gmt":"2018-03-22T15:50:01","guid":{"rendered":"https:\/\/roofingcanada.com\/?page_id=220"},"modified":"2023-09-26T08:45:56","modified_gmt":"2023-09-26T12:45:56","slug":"services-aux-membres-et-avantages","status":"publish","type":"page","link":"https:\/\/roofingcanada.com\/fr\/membres\/services-aux-membres-et-avantages\/","title":{"rendered":"Services aux membres et avantages"},"content":{"rendered":"<p>Les couvreurs industriels, commerciaux et institutionnels (ICI), les fabricants, les fournisseurs et ceux qui s\u2019int\u00e9ressent \u00e0 l\u2019industrie de la toiture peuvent \u00eatre membres de l\u2019ACEC. En tant que membres, ils ont acc\u00e8s \u00e0 une vari\u00e9t\u00e9 de services et d\u2019avantages pr\u00e9cieux. Voici quelques exemples :<\/p>\n<h2>Repr\u00e9sentation<\/h2>\n<p>L\u2019ACEC repr\u00e9sente les int\u00e9r\u00eats sup\u00e9rieurs de ses membres sur les plans national et international. <a href=\"https:\/\/roofingcanada.com\/fr\/defense-de-lindustrie-canadienne-de-la-toiture\/\">En savoir plus &gt;<\/a><\/p>\n<h2>Soutien technique<\/h2>\n<p>L\u2019ACEC offre un soutien technique exceptionnel aux couvreurs, aux concepteurs, aux sp\u00e9cialistes et \u00e0 d\u2019autres personnes. Ce soutien comprend l\u2019assistance t\u00e9l\u00e9phonique ainsi que les <a href=\"https:\/\/roofingcanada.com\/fr\/conseils-techniques\/bulletins\/\">bulletins<\/a>, les <a href=\"https:\/\/roofingcanada.com\/fr\/conseils-techniques\/manuels\/\">normes et les manuels<\/a>.<\/p>\n<h2>Pratiques commerciales<\/h2>\n<p>Nous nous effor\u00e7ons d\u2019aider les couvreurs locaux \u00e0 r\u00e9ussir en leur fournissant de l\u2019information et du soutien sur les pratiques d\u2019affaires exemplaires. Voici ce que nous offrons :<\/p>\n<ul>\n<li>Bulletin trimestriel r\u00e9serv\u00e9 aux membres<\/li>\n<li>Revue <em>Couvertures Canada<\/em> et bulletin \u00e9lectronique bihebdomadaire<\/li>\n<li>Mises \u00e0 jour, nouvelles et bulletins de l\u2019industrie<\/li>\n<\/ul>\n<h2>Assistance juridique<\/h2>\n<p>Les membres de l\u2019ACEC auront acc\u00e8s \u00e0 30 minutes par mois d\u2019assistance juridique gratuite de Cotney Construction Law et 15 minutes par mois d\u2019assistance op\u00e9rationnelle gratuite de Cotney Consulting Group. <a href=\"https:\/\/roofingcanada.com\/fr\/membres\/services-aux-membres-et-avantages\/services-juridiques\/\">En savoir plus &gt;<\/a><\/p>\n<h2>Informations sur l\u2019industrie et r\u00e9seautage<\/h2>\n<p>L\u2019ACEC se tient au courant de l\u2019information sur l\u2019industrie de la toiture et tient ses membres au courant par l\u2019entremise du pr\u00e9sent site Web, de <a href=\"https:\/\/roofingcanada.com\/fr\/conseils-techniques\/bulletins\/\">bulletins<\/a>, de <a href=\"https:\/\/roofingcanada.com\/fr\/profil-de-lacec\/nouvelles\/\">nouvelles<\/a>, <a href=\"https:\/\/roofingcanada.com\/fr\/activites\/\">d\u2019activit\u00e9s<\/a> et de la <a href=\"https:\/\/roofingcanada.com\/fr\/revue-couvertures-canada\/\">revue <em>Couvertures Canada<\/em><\/a>. Parmi les principales activit\u00e9s :<\/p>\n<ul>\n<li>Le <a href=\"https:\/\/roofingcanada.com\/fr\/activites\/acec-64e-congres-annuel-et-assemblee-generale\/\">congr\u00e8s et l\u2019AGA de l\u2019ACEC<\/a><\/li>\n<li><a href=\"https:\/\/roofingcanada.com\/fr\/crca_events\/palais-des-congres-de-montreal-montreal-qc\/\">TOITech<\/a>, l\u2019exposition canadienne de toiture<\/li>\n<li>Participation \u00e0 une vaste gamme d\u2019autres <a href=\"https:\/\/roofingcanada.com\/fr\/activites\/\">activit\u00e9s<\/a> de l\u2019industrie de la toiture.<\/li>\n<\/ul>\n<h2>Revue <em>Couvertures Canada<\/em><\/h2>\n<p>Les couvreurs locaux qui sont membres de l\u2019ACEC re\u00e7oivent automatiquement un abonnement \u00e0 la revue <a href=\"https:\/\/roofingcanada.com\/fr\/revue-couvertures-canada\/\"><em>Couvertures Canada<\/em><\/a>.<\/p>\n<h2>Rabais du programme de fid\u00e9lit\u00e9<\/h2>\n<p>Les membres de l\u2019ACEC ont acc\u00e8s \u00e0 des rabais exclusifs sur les programmes approuv\u00e9s par l\u2019ACEC, y compris les \u00e9conomies sur les nouveaux v\u00e9hicules, la gestion du parc automobile, les outils de gestion des ressources humaines, les h\u00f4tels et la location de voitures. Les programmes de fid\u00e9lit\u00e9 permettent aux couvreurs locaux d\u2019\u00e9conomiser de l\u2019argent et d\u2019accro\u00eetre leurs b\u00e9n\u00e9fices. <a href=\"https:\/\/roofingcanada.com\/fr\/membres\/services-aux-membres-et-avantages\/programmes-de-fidelite\/\">En savoir plus &gt;<\/a><\/p>\n<h2>Prix<\/h2>\n<p>Les prix de l\u2019ACEC reconnaissent les r\u00e9alisations des personnes, des entreprises et des membres de l\u2019industrie canadienne de la toiture. <a href=\"https:\/\/roofingcanada.com\/fr\/prix\/\">Renseignez-vous sur nos programmes de prix &gt;<\/a><\/p>\n","protected":false},"excerpt":{"rendered":"<p>Renseignez-vous sur les services et les avantages dont seuls les membres de l\u2019ACEC b\u00e9n\u00e9ficient.<\/p>\n","protected":false},"author":1,"featured_media":3807,"parent":141,"menu_order":1,"comment_status":"closed","ping_status":"closed","template":"","meta":{"_acf_changed":false,"footnotes":""},"class_list":["post-220","page","type-page","status-publish","has-post-thumbnail","hentry"],"acf":[],"yoast_head":"<!-- This site is optimized with the Yoast SEO plugin v27.5 - https:\/\/yoast.com\/product\/yoast-seo-wordpress\/ -->\n<title>Soutien aux ma\u00eetres-couvreurs, fabricants et fournisseurs locaux<\/title>\n<meta name=\"description\" content=\"L\u2019ACEC appuie les ma\u00eetres-couvreurs locaux et tous les autres membres par le plaidoyer, le soutien technique, le soutien \u00e0 la pratique des affaires, le r\u00e9seautage, l\u2019information et bien plus encore...\" \/>\n<meta name=\"robots\" content=\"index, follow, max-snippet:-1, max-image-preview:large, max-video-preview:-1\" \/>\n<link rel=\"canonical\" href=\"https:\/\/roofingcanada.com\/fr\/membres\/services-aux-membres-et-avantages\/\" \/>\n<meta property=\"og:locale\" content=\"fr_FR\" \/>\n<meta property=\"og:type\" content=\"article\" \/>\n<meta property=\"og:title\" content=\"Soutien aux ma\u00eetres-couvreurs, fabricants et fournisseurs locaux\" \/>\n<meta property=\"og:description\" content=\"L\u2019ACEC appuie les ma\u00eetres-couvreurs locaux et tous les autres membres par le plaidoyer, le soutien technique, le soutien \u00e0 la pratique des affaires, le r\u00e9seautage, l\u2019information et bien plus encore...\" \/>\n<meta property=\"og:url\" content=\"https:\/\/roofingcanada.com\/fr\/membres\/services-aux-membres-et-avantages\/\" \/>\n<meta property=\"og:site_name\" content=\"Canadian Roofing Contractors Association\" \/>\n<meta property=\"article:modified_time\" content=\"2023-09-26T12:45:56+00:00\" \/>\n<meta property=\"og:image\" content=\"https:\/\/roofingcanada.com\/wp-content\/uploads\/2018\/03\/icon-star.png\" \/>\n\t<meta property=\"og:image:width\" content=\"101\" \/>\n\t<meta property=\"og:image:height\" content=\"101\" \/>\n\t<meta property=\"og:image:type\" content=\"image\/png\" \/>\n<meta name=\"twitter:card\" content=\"summary_large_image\" \/>\n<script type=\"application\/ld+json\" class=\"yoast-schema-graph\">{\"@context\":\"https:\\\/\\\/schema.org\",\"@graph\":[{\"@type\":\"WebPage\",\"@id\":\"https:\\\/\\\/roofingcanada.com\\\/fr\\\/membres\\\/services-aux-membres-et-avantages\\\/\",\"url\":\"https:\\\/\\\/roofingcanada.com\\\/fr\\\/membres\\\/services-aux-membres-et-avantages\\\/\",\"name\":\"Soutien aux ma\u00eetres-couvreurs, fabricants et fournisseurs locaux\",\"isPartOf\":{\"@id\":\"https:\\\/\\\/roofingcanada.com\\\/#website\"},\"primaryImageOfPage\":{\"@id\":\"https:\\\/\\\/roofingcanada.com\\\/fr\\\/membres\\\/services-aux-membres-et-avantages\\\/#primaryimage\"},\"image\":{\"@id\":\"https:\\\/\\\/roofingcanada.com\\\/fr\\\/membres\\\/services-aux-membres-et-avantages\\\/#primaryimage\"},\"thumbnailUrl\":\"https:\\\/\\\/roofingcanada.com\\\/wp-content\\\/uploads\\\/2018\\\/03\\\/icon-star.png\",\"datePublished\":\"2018-03-22T15:50:01+00:00\",\"dateModified\":\"2023-09-26T12:45:56+00:00\",\"description\":\"L\u2019ACEC appuie les ma\u00eetres-couvreurs locaux et tous les autres membres par le plaidoyer, le soutien technique, le soutien \u00e0 la pratique des affaires, le r\u00e9seautage, l\u2019information et bien plus encore...\",\"breadcrumb\":{\"@id\":\"https:\\\/\\\/roofingcanada.com\\\/fr\\\/membres\\\/services-aux-membres-et-avantages\\\/#breadcrumb\"},\"inLanguage\":\"fr-FR\",\"potentialAction\":[{\"@type\":\"ReadAction\",\"target\":[\"https:\\\/\\\/roofingcanada.com\\\/fr\\\/membres\\\/services-aux-membres-et-avantages\\\/\"]}]},{\"@type\":\"ImageObject\",\"inLanguage\":\"fr-FR\",\"@id\":\"https:\\\/\\\/roofingcanada.com\\\/fr\\\/membres\\\/services-aux-membres-et-avantages\\\/#primaryimage\",\"url\":\"https:\\\/\\\/roofingcanada.com\\\/wp-content\\\/uploads\\\/2018\\\/03\\\/icon-star.png\",\"contentUrl\":\"https:\\\/\\\/roofingcanada.com\\\/wp-content\\\/uploads\\\/2018\\\/03\\\/icon-star.png\",\"width\":101,\"height\":101},{\"@type\":\"BreadcrumbList\",\"@id\":\"https:\\\/\\\/roofingcanada.com\\\/fr\\\/membres\\\/services-aux-membres-et-avantages\\\/#breadcrumb\",\"itemListElement\":[{\"@type\":\"ListItem\",\"position\":1,\"name\":\"Membres\",\"item\":\"https:\\\/\\\/roofingcanada.com\\\/fr\\\/membres\\\/\"},{\"@type\":\"ListItem\",\"position\":2,\"name\":\"Services aux membres et avantages\"}]},{\"@type\":\"WebSite\",\"@id\":\"https:\\\/\\\/roofingcanada.com\\\/#website\",\"url\":\"https:\\\/\\\/roofingcanada.com\\\/\",\"name\":\"Canadian Roofing Contractors Association\",\"description\":\"Sous un seul toit\",\"potentialAction\":[{\"@type\":\"SearchAction\",\"target\":{\"@type\":\"EntryPoint\",\"urlTemplate\":\"https:\\\/\\\/roofingcanada.com\\\/?s={search_term_string}\"},\"query-input\":{\"@type\":\"PropertyValueSpecification\",\"valueRequired\":true,\"valueName\":\"search_term_string\"}}],\"inLanguage\":\"fr-FR\"}]}<\/script>\n<!-- \/ Yoast SEO plugin. -->","yoast_head_json":{"title":"Soutien aux ma\u00eetres-couvreurs, fabricants et fournisseurs locaux","description":"L\u2019ACEC appuie les ma\u00eetres-couvreurs locaux et tous les autres membres par le plaidoyer, le soutien technique, le soutien \u00e0 la pratique des affaires, le r\u00e9seautage, l\u2019information et bien plus encore...","robots":{"index":"index","follow":"follow","max-snippet":"max-snippet:-1","max-image-preview":"max-image-preview:large","max-video-preview":"max-video-preview:-1"},"canonical":"https:\/\/roofingcanada.com\/fr\/membres\/services-aux-membres-et-avantages\/","og_locale":"fr_FR","og_type":"article","og_title":"Soutien aux ma\u00eetres-couvreurs, fabricants et fournisseurs locaux","og_description":"L\u2019ACEC appuie les ma\u00eetres-couvreurs locaux et tous les autres membres par le plaidoyer, le soutien technique, le soutien \u00e0 la pratique des affaires, le r\u00e9seautage, l\u2019information et bien plus encore...","og_url":"https:\/\/roofingcanada.com\/fr\/membres\/services-aux-membres-et-avantages\/","og_site_name":"Canadian Roofing Contractors Association","article_modified_time":"2023-09-26T12:45:56+00:00","og_image":[{"width":101,"height":101,"url":"https:\/\/roofingcanada.com\/wp-content\/uploads\/2018\/03\/icon-star.png","type":"image\/png"}],"twitter_card":"summary_large_image","schema":{"@context":"https:\/\/schema.org","@graph":[{"@type":"WebPage","@id":"https:\/\/roofingcanada.com\/fr\/membres\/services-aux-membres-et-avantages\/","url":"https:\/\/roofingcanada.com\/fr\/membres\/services-aux-membres-et-avantages\/","name":"Soutien aux ma\u00eetres-couvreurs, fabricants et fournisseurs locaux","isPartOf":{"@id":"https:\/\/roofingcanada.com\/#website"},"primaryImageOfPage":{"@id":"https:\/\/roofingcanada.com\/fr\/membres\/services-aux-membres-et-avantages\/#primaryimage"},"image":{"@id":"https:\/\/roofingcanada.com\/fr\/membres\/services-aux-membres-et-avantages\/#primaryimage"},"thumbnailUrl":"https:\/\/roofingcanada.com\/wp-content\/uploads\/2018\/03\/icon-star.png","datePublished":"2018-03-22T15:50:01+00:00","dateModified":"2023-09-26T12:45:56+00:00","description":"L\u2019ACEC appuie les ma\u00eetres-couvreurs locaux et tous les autres membres par le plaidoyer, le soutien technique, le soutien \u00e0 la pratique des affaires, le r\u00e9seautage, l\u2019information et bien plus encore...","breadcrumb":{"@id":"https:\/\/roofingcanada.com\/fr\/membres\/services-aux-membres-et-avantages\/#breadcrumb"},"inLanguage":"fr-FR","potentialAction":[{"@type":"ReadAction","target":["https:\/\/roofingcanada.com\/fr\/membres\/services-aux-membres-et-avantages\/"]}]},{"@type":"ImageObject","inLanguage":"fr-FR","@id":"https:\/\/roofingcanada.com\/fr\/membres\/services-aux-membres-et-avantages\/#primaryimage","url":"https:\/\/roofingcanada.com\/wp-content\/uploads\/2018\/03\/icon-star.png","contentUrl":"https:\/\/roofingcanada.com\/wp-content\/uploads\/2018\/03\/icon-star.png","width":101,"height":101},{"@type":"BreadcrumbList","@id":"https:\/\/roofingcanada.com\/fr\/membres\/services-aux-membres-et-avantages\/#breadcrumb","itemListElement":[{"@type":"ListItem","position":1,"name":"Membres","item":"https:\/\/roofingcanada.com\/fr\/membres\/"},{"@type":"ListItem","position":2,"name":"Services aux membres et avantages"}]},{"@type":"WebSite","@id":"https:\/\/roofingcanada.com\/#website","url":"https:\/\/roofingcanada.com\/","name":"Canadian Roofing Contractors Association","description":"Sous un seul toit","potentialAction":[{"@type":"SearchAction","target":{"@type":"EntryPoint","urlTemplate":"https:\/\/roofingcanada.com\/?s={search_term_string}"},"query-input":{"@type":"PropertyValueSpecification","valueRequired":true,"valueName":"search_term_string"}}],"inLanguage":"fr-FR"}]}},"_links":{"self":[{"href":"https:\/\/roofingcanada.com\/fr\/wp-json\/wp\/v2\/pages\/220","targetHints":{"allow":["GET"]}}],"collection":[{"href":"https:\/\/roofingcanada.com\/fr\/wp-json\/wp\/v2\/pages"}],"about":[{"href":"https:\/\/roofingcanada.com\/fr\/wp-json\/wp\/v2\/types\/page"}],"author":[{"embeddable":true,"href":"https:\/\/roofingcanada.com\/fr\/wp-json\/wp\/v2\/users\/1"}],"replies":[{"embeddable":true,"href":"https:\/\/roofingcanada.com\/fr\/wp-json\/wp\/v2\/comments?post=220"}],"version-history":[{"count":23,"href":"https:\/\/roofingcanada.com\/fr\/wp-json\/wp\/v2\/pages\/220\/revisions"}],"predecessor-version":[{"id":11746,"href":"https:\/\/roofingcanada.com\/fr\/wp-json\/wp\/v2\/pages\/220\/revisions\/11746"}],"up":[{"embeddable":true,"href":"https:\/\/roofingcanada.com\/fr\/wp-json\/wp\/v2\/pages\/141"}],"wp:featuredmedia":[{"embeddable":true,"href":"https:\/\/roofingcanada.com\/fr\/wp-json\/wp\/v2\/media\/3807"}],"wp:attachment":[{"href":"https:\/\/roofingcanada.com\/fr\/wp-json\/wp\/v2\/media?parent=220"}],"curies":[{"name":"wp","href":"https:\/\/api.w.org\/{rel}","templated":true}]}}