{"id":218,"date":"2018-03-22T15:47:49","date_gmt":"2018-03-22T15:47:49","guid":{"rendered":"https:\/\/roofingcanada.com\/?page_id=218"},"modified":"2025-11-11T15:41:03","modified_gmt":"2025-11-11T20:41:03","slug":"programmes-de-fidelite","status":"publish","type":"page","link":"https:\/\/roofingcanada.com\/fr\/membres\/services-aux-membres-et-avantages\/programmes-de-fidelite\/","title":{"rendered":"Programmes de fid\u00e9lit\u00e9"},"content":{"rendered":"<p>Les membres de l\u2019ACEC peuvent avoir acc\u00e8s \u00e0 des rabais en vertu de leur adh\u00e9sion. Seuls les membres de l\u2019ACEC (et, dans la plupart des cas, leur personnel) peuvent profiter des programmes de fid\u00e9lit\u00e9 suivants\u00a0:<\/p>\n<h2>Immigration et ebauche<\/h2>\n<p><img loading=\"lazy\" decoding=\"async\" class=\"alignright size-full wp-image-12308\" src=\"https:\/\/roofingcanada.com\/wp-content\/uploads\/2024\/11\/TBB-logo.png\" alt=\"\" width=\"195\" height=\"47\" \/>L\u2019ACEC et Talent Beyond Boundaries (TBB) se sont associ\u00e9s pour offrir aux entreprises membres un acc\u00e8s \u00e0 la main-d\u2019\u0153uvre dont elles ont grand besoin. Le TBB aidera les membres de l\u2019ACEC \u00e0 combler les lacunes en mati\u00e8re de main-d\u2019\u0153uvre et \u00e0 amener au Canada des refuges qualifi\u00e9s pour la possibilit\u00e9 d\u2019un emploi bien r\u00e9mun\u00e9r\u00e9 dans le secteur des couvertures industrielles, commerciales et institutionnelles\/des enveloppes de b\u00e2timents gr\u00e2ce au Projet pilote sur la voie d\u2019acc\u00e8s \u00e0 la mobilit\u00e9 \u00e9conomique.\u00a0 <a href=\"https:\/\/www.talentbeyondboundaries.org\/crca-hire\" target=\"_blank\" rel=\"noopener\">Cliquez ici pour plus d\u2019informations<\/a>.<\/p>\n<h2>S\u00e9curit\u00e9<\/h2>\n<p><img loading=\"lazy\" decoding=\"async\" class=\"alignright size-full wp-image-12310\" src=\"https:\/\/roofingcanada.com\/wp-content\/uploads\/2024\/11\/1Life-Logo.png\" alt=\"\" width=\"160\" height=\"96\" \/>L\u2019ACEC s\u2019est associ\u00e9 \u00e0 1Life pour offrir le programme de s\u00e9curit\u00e9 ROI. Ce programme est un syst\u00e8me de gestion de la s\u00e9curit\u00e9 complet con\u00e7u pour aider les membres \u00e0 prot\u00e9ger leurs employ\u00e9s, \u00e0 r\u00e9duire les risques, \u00e0 am\u00e9liorer la s\u00e9curit\u00e9 des effectifs et, en fin de compte, \u00e0 faire cro\u00eetre leur entreprise. La plateforme de s\u00e9curit\u00e9 permet aux utilisateurs de remplir sans effort les documents de s\u00e9curit\u00e9, d\u2019attribuer des mesures correctives, de prendre et de t\u00e9l\u00e9charger des photos, de suivre les GPS et d\u2019ajouter des signatures. Le programme permet \u00e9galement aux membres de cr\u00e9er et d\u2019optimiser des plans d\u2019int\u00e9gration et de formation. <a href=\"https:\/\/1lifesoftware.com\/crca\/\" target=\"_blank\" rel=\"noopener\">Cliquez ici pour plus d\u2019informations<\/a>.<\/p>\n<h2>Enterprise Fleet Management<\/h2>\n<p><img loading=\"lazy\" decoding=\"async\" class=\"wp-image-11636 alignright\" src=\"https:\/\/roofingcanada.com\/wp-content\/uploads\/2023\/07\/New-Enterprise-Logo-700x193-1.png\" alt=\"\" width=\"192\" height=\"53\" srcset=\"https:\/\/roofingcanada.com\/wp-content\/uploads\/2023\/07\/New-Enterprise-Logo-700x193-1.png 700w, https:\/\/roofingcanada.com\/wp-content\/uploads\/2023\/07\/New-Enterprise-Logo-700x193-1-300x83.png 300w\" sizes=\"auto, (max-width: 192px) 100vw, 192px\" \/>Quelque 70 parcs de v\u00e9hicules appartenant \u00e0 des membres de l\u2019ACEC sont maintenant g\u00e9r\u00e9s par l\u2019\u00e9quipe d&rsquo;<strong>Enterprise Fleet Management<\/strong>. Cette soci\u00e9t\u00e9 veille \u00e0 l\u2019acquisition des v\u00e9hicules (toutes marques et mod\u00e8les), aux programmes de financement, aux rapports, \u00e0 la revente des v\u00e9hicules, aux programmes de maintenance, \u00e0 la gestion du carburant, aux cartes de cr\u00e9dit et aux GPS. En moyenne, ces membres ont r\u00e9duit de 15 % les co\u00fbts op\u00e9rationnels de leur parc de v\u00e9hicules. <a href=\"https:\/\/roofingcanada.com\/wp-content\/uploads\/2018\/07\/EnterpriseserviceFR.pdf\" target=\"_blank\" rel=\"noopener noreferrer\">D\u00e9tails du programme (PDF) &gt;<\/a><\/p>\n<p>L&rsquo;entreprise de couverture r\u00e9alise <a href=\"https:\/\/roofingcanada.com\/wp-content\/uploads\/2018\/07\/CRCA-Case-Study-Crawford-Roofing_FRN.pdf\" target=\"_blank\" rel=\"noopener noreferrer\">plus de 157 000 $ d&rsquo;\u00e9conomies<\/a> en modifiant sa strat\u00e9gie de parc automobile.<\/p>\n<h2>Rabais sur l\u2019achat et la location de v\u00e9hicules de GM Canada<\/h2>\n<p><img loading=\"lazy\" decoding=\"async\" class=\" wp-image-11649 alignright\" src=\"https:\/\/roofingcanada.com\/wp-content\/uploads\/2023\/08\/General_Motors_logo_with_wordmark_horizontal.svg_.png\" alt=\"\" width=\"195\" height=\"52\" \/>Les membres de l\u2019ACEC ont \u00e9galement droit \u00e0 un rabais de <strong>GM Canada<\/strong> sur l\u2019achat ou la location de v\u00e9hicules directement de n\u2019importe quel concessionnaire GM au Canada. Plus de 750 nouveaux v\u00e9hicules ont \u00e9t\u00e9 livr\u00e9s ou command\u00e9s par EFM ou GM pour des membres de l\u2019ACEC. Il est int\u00e9ressant de noter qu\u2019\u00e0 une remise moyenne de 8 000 $ par v\u00e9hicule, les membres de l\u2019ACEC ont \u00e9conomis\u00e9 plus de 6 millions de dollars sur les co\u00fbts d\u2019acquisition.<br \/>\n<a href=\"https:\/\/roofingcanada.com\/wp-content\/uploads\/2025\/07\/General-Motors-of-Canada-Limited-2026-Model-Year-Competitive-Assistance-Program-July-2025-french.pdf\" target=\"_blank\" rel=\"noopener\">D\u00e9tails du programme 2026 (PDF) &gt;<\/a><br \/>\n<a href=\"https:\/\/roofingcanada.com\/wp-content\/uploads\/2025\/07\/GM-Canada-Fleet-Newsletter-July-2025.pdf\" target=\"_blank\" rel=\"noopener\">GM Implique (Flotte) Bulletin \u2013 juillet 2025 (PDF) &gt;<\/a> (Disponible en anglais uniquement)<\/p>\n<h2>SuperPass de Petro-Canada<\/h2>\n<p><img loading=\"lazy\" decoding=\"async\" class=\"alignright wp-image-11629\" src=\"https:\/\/roofingcanada.com\/wp-content\/uploads\/2023\/07\/petro-canada-superpass-logo-vector.png\" alt=\"\" width=\"190\" height=\"31\" srcset=\"https:\/\/roofingcanada.com\/wp-content\/uploads\/2023\/07\/petro-canada-superpass-logo-vector.png 888w, https:\/\/roofingcanada.com\/wp-content\/uploads\/2023\/07\/petro-canada-superpass-logo-vector-300x49.png 300w, https:\/\/roofingcanada.com\/wp-content\/uploads\/2023\/07\/petro-canada-superpass-logo-vector-768x126.png 768w\" sizes=\"auto, (max-width: 190px) 100vw, 190px\" \/>Les membres de l\u2019ACEC peuvent s\u2019abonner au programme <strong>SuperPass de Petro-Canada<\/strong>. Cette carte de carburant sans frais offre la flexibilit\u00e9 compl\u00e8te, le contr\u00f4le, la s\u00e9curit\u00e9, la gestion des co\u00fbts et, surtout, un rabais sur tous vos achats avec la carte de carburant SuperPass. Les membres de l\u2019ACEC ont droit aux r\u00e9ductions suivantes sur l\u2019achat de carburant au d\u00e9tail\u00a0:<\/p>\n<ul>\n<li>Toutes cat\u00e9gories d\u2019essence et de diesel\u00a0: 3,0 cents le litre<\/li>\n<li>Lavage de voiture\u00a0: 20 %<\/li>\n<\/ul>\n<p>Les cartes SuperPass donnent \u00e0 vos conducteurs acc\u00e8s aux stations de vente au d\u00e9tail de Petro-Canada et au site Petro-Pass Card-Lock (contactez Petro Canada pour des prix Petro-Pass Card-Lock concurrentiels). Chaque carte SuperPass Petro-Canada comprend un num\u00e9ro d\u2019identification personnel (NIP) confidentiel qui aide \u00e0 pr\u00e9venir l\u2019utilisation non autoris\u00e9e. <a href=\"https:\/\/roofingcanada.com\/wp-content\/uploads\/2024\/04\/CRCA-Petro-Canada-SuperPass-program-information-French.pdf\" target=\"_blank\" rel=\"noopener\">Cliquez ici pour plus d\u2019informations &gt;<\/a>. \u00cates-vous pr\u00eat \u00e0 poser votre candidature? <a href=\"https:\/\/roofingcanada.com\/wp-content\/uploads\/2021\/03\/CRCA-Petro-Canada-SuperPass-credit-card-application-French.pdf\" target=\"_blank\" rel=\"noopener\">Cliquez ici pour acc\u00e9der \u00e0 la demande de carte de cr\u00e9dit &gt;<\/a>.<\/p>\n<h2>Magasins de d\u00e9tail l\u2019\u00c9quipeur<\/h2>\n<p><img loading=\"lazy\" decoding=\"async\" class=\"alignright wp-image-11624\" src=\"https:\/\/roofingcanada.com\/wp-content\/uploads\/2023\/07\/lequipeur_Plan-de-travail-1-1024x214.png\" alt=\"\" width=\"192\" height=\"40\" srcset=\"https:\/\/roofingcanada.com\/wp-content\/uploads\/2023\/07\/lequipeur_Plan-de-travail-1-1024x214.png 1024w, https:\/\/roofingcanada.com\/wp-content\/uploads\/2023\/07\/lequipeur_Plan-de-travail-1-300x63.png 300w, https:\/\/roofingcanada.com\/wp-content\/uploads\/2023\/07\/lequipeur_Plan-de-travail-1-768x161.png 768w, https:\/\/roofingcanada.com\/wp-content\/uploads\/2023\/07\/lequipeur_Plan-de-travail-1.png 1395w\" sizes=\"auto, (max-width: 192px) 100vw, 192px\" \/>L\u2019ACEC est heureuse de s\u2019associer aux magasins de d\u00e9tail l\u2019\u00c9quipeur partout au Canada pour vous offrir notre plus r\u00e9cent programme de r\u00e9duction des affinit\u00e9s. Les membres de l\u2019ACEC, leurs employ\u00e9s et leur famille peuvent maintenant profiter d\u2019une r\u00e9duction de 10\u00a0% sur tous les achats (voir les conditions sur la carte). Veuillez <a href=\"https:\/\/roofingcanada.com\/wp-content\/uploads\/2025\/06\/444923-0030333-Canadian-Roofing-Contractors-Association-FR-D-PYG.jpg\" target=\"_blank\" rel=\"noopener\">cliquer ici pour t\u00e9l\u00e9charger votre carte de r\u00e9duction num\u00e9rique<\/a> qui doit \u00eatre pr\u00e9sent\u00e9e au moment de l\u2019achat pour obtenir votre rabais sur les marchandises.<\/p>\n<h2>Association canadienne des entrepreneurs en couverture<br \/>\nR\u00e9servent et \u00e9conomisent sur le stationnement d\u2019a\u00e9roport<\/h2>\n<p><img loading=\"lazy\" decoding=\"async\" class=\"alignright size-full wp-image-12486\" src=\"https:\/\/roofingcanada.com\/wp-content\/uploads\/2025\/05\/PNF_50_HOR_ENG_COL.png\" alt=\"\" width=\"192\" height=\"28\" \/>Avec un r\u00e9seau qui s\u2019\u00e9tend d\u2019un oc\u00e9an \u00e0 l\u2019autre, Park&rsquo;N Fly s\u2019efforce d\u2019offrir \u00e0 ses clients des options de stationnement rentables tout en profitant d\u2019une exp\u00e9rience de stationnement agr\u00e9able \u00e0 chaque s\u00e9jour. Pour plus d\u2019informations, veuillez <a href=\"https:\/\/roofingcanada.com\/wp-content\/uploads\/2025\/05\/ParkN-Fly-French.pdf\" target=\"_blank\" rel=\"noopener\">cliquer sur le lien &gt;<\/a>.<\/p>\n<h2>Avantage exclusif pour les membres de l&rsquo;ACEC &#8211; Gracieuset\u00e9 de Cotney Consulting Group Canada.<\/h2>\n<p><img loading=\"lazy\" decoding=\"async\" class=\" wp-image-11642 alignright\" src=\"https:\/\/roofingcanada.com\/wp-content\/uploads\/2023\/07\/cotne-consulting-logo-forum-e1762893210812.png\" alt=\"\" width=\"200\" height=\"49\" srcset=\"https:\/\/roofingcanada.com\/wp-content\/uploads\/2023\/07\/cotne-consulting-logo-forum-e1762893210812.png 990w, https:\/\/roofingcanada.com\/wp-content\/uploads\/2023\/07\/cotne-consulting-logo-forum-e1762893210812-300x73.png 300w, https:\/\/roofingcanada.com\/wp-content\/uploads\/2023\/07\/cotne-consulting-logo-forum-e1762893210812-768x188.png 768w, https:\/\/roofingcanada.com\/wp-content\/uploads\/2023\/07\/cotne-consulting-logo-forum-e1762893210812-600x150.png 600w\" sizes=\"auto, (max-width: 200px) 100vw, 200px\" \/>En tant que membre estim\u00e9 de l\u2019ACEC, vous avez droit \u00e0 15 minutes de consultation op\u00e9rationnelle mensuelle gratuite de la part de Cotney Consulting Group Canada.<\/p>\n<p>Que vous cherchiez des conseils d\u2019experts sur :<\/p>\n<ul>\n<li>Rationaliser votre processus d\u2019estimation<\/li>\n<li>Am\u00e9liorer vos op\u00e9rations quotidiennes<\/li>\n<li>Am\u00e9liorer votre strat\u00e9gie marketing<\/li>\n<li>Ou r\u00e9soudre un d\u00e9fi commercial sp\u00e9cifique<\/li>\n<\/ul>\n<p>Nous sommes l\u00e0 pour vous aider, avec des connaissances \u00e9tay\u00e9es par des d\u00e9cennies d\u2019exp\u00e9rience pratique dans l\u2019industrie de la toiture.<\/p>\n<p>Pour r\u00e9clamer votre support mensuel gratuit, contactez <strong>John Kenney<\/strong> \u00e0 <a href=\"mailto:jkenney@cotneyconsulting.com\" target=\"_blank\" rel=\"noopener\">jkenney@cotneyconsulting.com<\/a>.<\/p>\n<p>Travaillons ensemble pour renforcer votre entreprise\u2014une conversation \u00e0 la fois.<\/p>\n","protected":false},"excerpt":{"rendered":"<p>Suspendisse eu rutrum ipsum. Orci varius natoque penatibus et magnis dis parturient montes, nascetur ridiculus mus. Aenean interdum risus vitae euismod dignissim<\/p>\n","protected":false},"author":1,"featured_media":4138,"parent":220,"menu_order":0,"comment_status":"closed","ping_status":"closed","template":"","meta":{"_acf_changed":false,"footnotes":""},"class_list":["post-218","page","type-page","status-publish","has-post-thumbnail","hentry"],"acf":[],"yoast_head":"<!-- This site is optimized with the Yoast SEO plugin v27.5 - https:\/\/yoast.com\/product\/yoast-seo-wordpress\/ -->\n<title>Programmes de fid\u00e9lit\u00e9 pour les membres de l\u2019ACEC<\/title>\n<meta name=\"description\" content=\"Les membres de l\u2019ACEC peuvent avoir acc\u00e8s \u00e0 des rabais en vertu de leur adh\u00e9sion. Seuls les membres de l\u2019ACEC profitent de ces programmes de fid\u00e9lit\u00e9...\" \/>\n<meta name=\"robots\" content=\"index, follow, max-snippet:-1, max-image-preview:large, max-video-preview:-1\" \/>\n<link rel=\"canonical\" href=\"https:\/\/roofingcanada.com\/fr\/membres\/services-aux-membres-et-avantages\/programmes-de-fidelite\/\" \/>\n<meta property=\"og:locale\" content=\"fr_FR\" \/>\n<meta property=\"og:type\" content=\"article\" \/>\n<meta property=\"og:title\" content=\"Programmes de fid\u00e9lit\u00e9 pour les membres de l\u2019ACEC\" \/>\n<meta property=\"og:description\" content=\"Les membres de l\u2019ACEC peuvent avoir acc\u00e8s \u00e0 des rabais en vertu de leur adh\u00e9sion. Seuls les membres de l\u2019ACEC profitent de ces programmes de fid\u00e9lit\u00e9...\" \/>\n<meta property=\"og:url\" content=\"https:\/\/roofingcanada.com\/fr\/membres\/services-aux-membres-et-avantages\/programmes-de-fidelite\/\" \/>\n<meta property=\"og:site_name\" content=\"Canadian Roofing Contractors Association\" \/>\n<meta property=\"article:modified_time\" content=\"2025-11-11T20:41:03+00:00\" \/>\n<meta property=\"og:image\" content=\"https:\/\/roofingcanada.com\/wp-content\/uploads\/2018\/05\/icon-affinity.png\" \/>\n\t<meta property=\"og:image:width\" content=\"101\" \/>\n\t<meta property=\"og:image:height\" content=\"101\" \/>\n\t<meta property=\"og:image:type\" content=\"image\/png\" \/>\n<meta name=\"twitter:card\" content=\"summary_large_image\" \/>\n<script type=\"application\/ld+json\" class=\"yoast-schema-graph\">{\"@context\":\"https:\\\/\\\/schema.org\",\"@graph\":[{\"@type\":\"WebPage\",\"@id\":\"https:\\\/\\\/roofingcanada.com\\\/fr\\\/membres\\\/services-aux-membres-et-avantages\\\/programmes-de-fidelite\\\/\",\"url\":\"https:\\\/\\\/roofingcanada.com\\\/fr\\\/membres\\\/services-aux-membres-et-avantages\\\/programmes-de-fidelite\\\/\",\"name\":\"Programmes de fid\u00e9lit\u00e9 pour les membres de l\u2019ACEC\",\"isPartOf\":{\"@id\":\"https:\\\/\\\/roofingcanada.com\\\/#website\"},\"primaryImageOfPage\":{\"@id\":\"https:\\\/\\\/roofingcanada.com\\\/fr\\\/membres\\\/services-aux-membres-et-avantages\\\/programmes-de-fidelite\\\/#primaryimage\"},\"image\":{\"@id\":\"https:\\\/\\\/roofingcanada.com\\\/fr\\\/membres\\\/services-aux-membres-et-avantages\\\/programmes-de-fidelite\\\/#primaryimage\"},\"thumbnailUrl\":\"https:\\\/\\\/roofingcanada.com\\\/wp-content\\\/uploads\\\/2018\\\/05\\\/icon-affinity.png\",\"datePublished\":\"2018-03-22T15:47:49+00:00\",\"dateModified\":\"2025-11-11T20:41:03+00:00\",\"description\":\"Les membres de l\u2019ACEC peuvent avoir acc\u00e8s \u00e0 des rabais en vertu de leur adh\u00e9sion. Seuls les membres de l\u2019ACEC profitent de ces programmes de fid\u00e9lit\u00e9...\",\"breadcrumb\":{\"@id\":\"https:\\\/\\\/roofingcanada.com\\\/fr\\\/membres\\\/services-aux-membres-et-avantages\\\/programmes-de-fidelite\\\/#breadcrumb\"},\"inLanguage\":\"fr-FR\",\"potentialAction\":[{\"@type\":\"ReadAction\",\"target\":[\"https:\\\/\\\/roofingcanada.com\\\/fr\\\/membres\\\/services-aux-membres-et-avantages\\\/programmes-de-fidelite\\\/\"]}]},{\"@type\":\"ImageObject\",\"inLanguage\":\"fr-FR\",\"@id\":\"https:\\\/\\\/roofingcanada.com\\\/fr\\\/membres\\\/services-aux-membres-et-avantages\\\/programmes-de-fidelite\\\/#primaryimage\",\"url\":\"https:\\\/\\\/roofingcanada.com\\\/wp-content\\\/uploads\\\/2018\\\/05\\\/icon-affinity.png\",\"contentUrl\":\"https:\\\/\\\/roofingcanada.com\\\/wp-content\\\/uploads\\\/2018\\\/05\\\/icon-affinity.png\",\"width\":101,\"height\":101},{\"@type\":\"BreadcrumbList\",\"@id\":\"https:\\\/\\\/roofingcanada.com\\\/fr\\\/membres\\\/services-aux-membres-et-avantages\\\/programmes-de-fidelite\\\/#breadcrumb\",\"itemListElement\":[{\"@type\":\"ListItem\",\"position\":1,\"name\":\"Membres\",\"item\":\"https:\\\/\\\/roofingcanada.com\\\/fr\\\/membres\\\/\"},{\"@type\":\"ListItem\",\"position\":2,\"name\":\"Services aux membres et avantages\",\"item\":\"https:\\\/\\\/roofingcanada.com\\\/fr\\\/membres\\\/services-aux-membres-et-avantages\\\/\"},{\"@type\":\"ListItem\",\"position\":3,\"name\":\"Programmes de fid\u00e9lit\u00e9\"}]},{\"@type\":\"WebSite\",\"@id\":\"https:\\\/\\\/roofingcanada.com\\\/#website\",\"url\":\"https:\\\/\\\/roofingcanada.com\\\/\",\"name\":\"Canadian Roofing Contractors Association\",\"description\":\"Sous un seul toit\",\"potentialAction\":[{\"@type\":\"SearchAction\",\"target\":{\"@type\":\"EntryPoint\",\"urlTemplate\":\"https:\\\/\\\/roofingcanada.com\\\/?s={search_term_string}\"},\"query-input\":{\"@type\":\"PropertyValueSpecification\",\"valueRequired\":true,\"valueName\":\"search_term_string\"}}],\"inLanguage\":\"fr-FR\"}]}<\/script>\n<!-- \/ Yoast SEO plugin. -->","yoast_head_json":{"title":"Programmes de fid\u00e9lit\u00e9 pour les membres de l\u2019ACEC","description":"Les membres de l\u2019ACEC peuvent avoir acc\u00e8s \u00e0 des rabais en vertu de leur adh\u00e9sion. Seuls les membres de l\u2019ACEC profitent de ces programmes de fid\u00e9lit\u00e9...","robots":{"index":"index","follow":"follow","max-snippet":"max-snippet:-1","max-image-preview":"max-image-preview:large","max-video-preview":"max-video-preview:-1"},"canonical":"https:\/\/roofingcanada.com\/fr\/membres\/services-aux-membres-et-avantages\/programmes-de-fidelite\/","og_locale":"fr_FR","og_type":"article","og_title":"Programmes de fid\u00e9lit\u00e9 pour les membres de l\u2019ACEC","og_description":"Les membres de l\u2019ACEC peuvent avoir acc\u00e8s \u00e0 des rabais en vertu de leur adh\u00e9sion. Seuls les membres de l\u2019ACEC profitent de ces programmes de fid\u00e9lit\u00e9...","og_url":"https:\/\/roofingcanada.com\/fr\/membres\/services-aux-membres-et-avantages\/programmes-de-fidelite\/","og_site_name":"Canadian Roofing Contractors Association","article_modified_time":"2025-11-11T20:41:03+00:00","og_image":[{"width":101,"height":101,"url":"https:\/\/roofingcanada.com\/wp-content\/uploads\/2018\/05\/icon-affinity.png","type":"image\/png"}],"twitter_card":"summary_large_image","schema":{"@context":"https:\/\/schema.org","@graph":[{"@type":"WebPage","@id":"https:\/\/roofingcanada.com\/fr\/membres\/services-aux-membres-et-avantages\/programmes-de-fidelite\/","url":"https:\/\/roofingcanada.com\/fr\/membres\/services-aux-membres-et-avantages\/programmes-de-fidelite\/","name":"Programmes de fid\u00e9lit\u00e9 pour les membres de l\u2019ACEC","isPartOf":{"@id":"https:\/\/roofingcanada.com\/#website"},"primaryImageOfPage":{"@id":"https:\/\/roofingcanada.com\/fr\/membres\/services-aux-membres-et-avantages\/programmes-de-fidelite\/#primaryimage"},"image":{"@id":"https:\/\/roofingcanada.com\/fr\/membres\/services-aux-membres-et-avantages\/programmes-de-fidelite\/#primaryimage"},"thumbnailUrl":"https:\/\/roofingcanada.com\/wp-content\/uploads\/2018\/05\/icon-affinity.png","datePublished":"2018-03-22T15:47:49+00:00","dateModified":"2025-11-11T20:41:03+00:00","description":"Les membres de l\u2019ACEC peuvent avoir acc\u00e8s \u00e0 des rabais en vertu de leur adh\u00e9sion. Seuls les membres de l\u2019ACEC profitent de ces programmes de fid\u00e9lit\u00e9...","breadcrumb":{"@id":"https:\/\/roofingcanada.com\/fr\/membres\/services-aux-membres-et-avantages\/programmes-de-fidelite\/#breadcrumb"},"inLanguage":"fr-FR","potentialAction":[{"@type":"ReadAction","target":["https:\/\/roofingcanada.com\/fr\/membres\/services-aux-membres-et-avantages\/programmes-de-fidelite\/"]}]},{"@type":"ImageObject","inLanguage":"fr-FR","@id":"https:\/\/roofingcanada.com\/fr\/membres\/services-aux-membres-et-avantages\/programmes-de-fidelite\/#primaryimage","url":"https:\/\/roofingcanada.com\/wp-content\/uploads\/2018\/05\/icon-affinity.png","contentUrl":"https:\/\/roofingcanada.com\/wp-content\/uploads\/2018\/05\/icon-affinity.png","width":101,"height":101},{"@type":"BreadcrumbList","@id":"https:\/\/roofingcanada.com\/fr\/membres\/services-aux-membres-et-avantages\/programmes-de-fidelite\/#breadcrumb","itemListElement":[{"@type":"ListItem","position":1,"name":"Membres","item":"https:\/\/roofingcanada.com\/fr\/membres\/"},{"@type":"ListItem","position":2,"name":"Services aux membres et avantages","item":"https:\/\/roofingcanada.com\/fr\/membres\/services-aux-membres-et-avantages\/"},{"@type":"ListItem","position":3,"name":"Programmes de fid\u00e9lit\u00e9"}]},{"@type":"WebSite","@id":"https:\/\/roofingcanada.com\/#website","url":"https:\/\/roofingcanada.com\/","name":"Canadian Roofing Contractors Association","description":"Sous un seul toit","potentialAction":[{"@type":"SearchAction","target":{"@type":"EntryPoint","urlTemplate":"https:\/\/roofingcanada.com\/?s={search_term_string}"},"query-input":{"@type":"PropertyValueSpecification","valueRequired":true,"valueName":"search_term_string"}}],"inLanguage":"fr-FR"}]}},"_links":{"self":[{"href":"https:\/\/roofingcanada.com\/fr\/wp-json\/wp\/v2\/pages\/218","targetHints":{"allow":["GET"]}}],"collection":[{"href":"https:\/\/roofingcanada.com\/fr\/wp-json\/wp\/v2\/pages"}],"about":[{"href":"https:\/\/roofingcanada.com\/fr\/wp-json\/wp\/v2\/types\/page"}],"author":[{"embeddable":true,"href":"https:\/\/roofingcanada.com\/fr\/wp-json\/wp\/v2\/users\/1"}],"replies":[{"embeddable":true,"href":"https:\/\/roofingcanada.com\/fr\/wp-json\/wp\/v2\/comments?post=218"}],"version-history":[{"count":63,"href":"https:\/\/roofingcanada.com\/fr\/wp-json\/wp\/v2\/pages\/218\/revisions"}],"predecessor-version":[{"id":11628,"href":"https:\/\/roofingcanada.com\/fr\/wp-json\/wp\/v2\/pages\/218\/revisions\/11628"}],"up":[{"embeddable":true,"href":"https:\/\/roofingcanada.com\/fr\/wp-json\/wp\/v2\/pages\/220"}],"wp:featuredmedia":[{"embeddable":true,"href":"https:\/\/roofingcanada.com\/fr\/wp-json\/wp\/v2\/media\/4138"}],"wp:attachment":[{"href":"https:\/\/roofingcanada.com\/fr\/wp-json\/wp\/v2\/media?parent=218"}],"curies":[{"name":"wp","href":"https:\/\/api.w.org\/{rel}","templated":true}]}}