{"id":151,"date":"2018-03-09T01:41:22","date_gmt":"2018-03-09T01:41:22","guid":{"rendered":"https:\/\/roofingcanada.com\/?page_id=151"},"modified":"2018-06-05T14:45:29","modified_gmt":"2018-06-05T14:45:29","slug":"revue-couvertures-canada","status":"publish","type":"page","link":"https:\/\/roofingcanada.com\/fr\/revue-couvertures-canada\/","title":{"rendered":"Revue Couvertures Canada"},"content":{"rendered":"<p>La revue Couvertures Canada est la seule publication professionnelle canadienne ax\u00e9e sur l\u2019industrie de la toiture. L\u2019ACEC la publie deux fois par ann\u00e9e, pour un lectorat bilingue de plus de 6 000 personnes.<\/p>\n<p>De plus, les abonn\u00e9s re\u00e7oivent des mises \u00e0 jour par courriel toutes les deux semaines.<\/p>\n<p>Vous pouvez compter sur la revue Couvertures Canada pour obtenir des renseignements g\u00e9n\u00e9raux sur les enjeux, les renseignements techniques, les tendances et les sujets d\u2019int\u00e9r\u00eat g\u00e9n\u00e9ral pour l\u2019industrie de la toiture.<\/p>\n<h2>Coordonn\u00e9es<\/h2>\n<p>Pour communiquer avec la revue <em>Couvertures Canada<\/em>, veuillez envoyer un courriel \u00e0 <a href=\"mailto:crca@roofingcanada.com\">crca@roofingcanada.com<\/a>.<\/p>\n","protected":false},"excerpt":{"rendered":"<p>La revue Couvertures Canada est la seule publication professionnelle canadienne ax\u00e9e sur l\u2019industrie de la toiture. L\u2019ACEC la publie deux fois par ann\u00e9e, pour un lectorat bilingue de plus de 6 000 personnes. De plus, les abonn\u00e9s re\u00e7oivent des mises \u00e0 jour par courriel toutes les deux semaines. Vous pouvez compter sur la revue Couvertures&#8230;  <a class=\"excerpt-read-more\" href=\"https:\/\/roofingcanada.com\/fr\/revue-couvertures-canada\/\" title=\"ReadRevue Couvertures Canada\">En savoir plus \u00bb<\/a><\/p>\n","protected":false},"author":1,"featured_media":0,"parent":0,"menu_order":7,"comment_status":"closed","ping_status":"closed","template":"page-magazine.php","meta":{"_acf_changed":false,"footnotes":""},"class_list":["post-151","page","type-page","status-publish","hentry"],"acf":[],"yoast_head":"<!-- This site is optimized with the Yoast SEO plugin v27.5 - https:\/\/yoast.com\/product\/yoast-seo-wordpress\/ -->\n<title>Revue Couvertures Canada<\/title>\n<meta name=\"description\" content=\"La revue Couvertures Canada est la seule publication professionnelle canadienne ax\u00e9e sur l\u2019industrie de la toiture. L\u2019ACEC publie deux num\u00e9ros par ann\u00e9e.\" \/>\n<meta name=\"robots\" content=\"index, follow, max-snippet:-1, max-image-preview:large, max-video-preview:-1\" \/>\n<link rel=\"canonical\" href=\"https:\/\/roofingcanada.com\/fr\/revue-couvertures-canada\/\" \/>\n<meta property=\"og:locale\" content=\"fr_FR\" \/>\n<meta property=\"og:type\" content=\"article\" \/>\n<meta property=\"og:title\" content=\"Revue Couvertures Canada\" \/>\n<meta property=\"og:description\" content=\"La revue Couvertures Canada est la seule publication professionnelle canadienne ax\u00e9e sur l\u2019industrie de la toiture. L\u2019ACEC publie deux num\u00e9ros par ann\u00e9e.\" \/>\n<meta property=\"og:url\" content=\"https:\/\/roofingcanada.com\/fr\/revue-couvertures-canada\/\" \/>\n<meta property=\"og:site_name\" content=\"Canadian Roofing Contractors Association\" \/>\n<meta property=\"article:modified_time\" content=\"2018-06-05T14:45:29+00:00\" \/>\n<meta name=\"twitter:card\" content=\"summary_large_image\" \/>\n<script type=\"application\/ld+json\" class=\"yoast-schema-graph\">{\"@context\":\"https:\\\/\\\/schema.org\",\"@graph\":[{\"@type\":\"WebPage\",\"@id\":\"https:\\\/\\\/roofingcanada.com\\\/fr\\\/revue-couvertures-canada\\\/\",\"url\":\"https:\\\/\\\/roofingcanada.com\\\/fr\\\/revue-couvertures-canada\\\/\",\"name\":\"Revue Couvertures Canada\",\"isPartOf\":{\"@id\":\"https:\\\/\\\/roofingcanada.com\\\/#website\"},\"datePublished\":\"2018-03-09T01:41:22+00:00\",\"dateModified\":\"2018-06-05T14:45:29+00:00\",\"description\":\"La revue Couvertures Canada est la seule publication professionnelle canadienne ax\u00e9e sur l\u2019industrie de la toiture. L\u2019ACEC publie deux num\u00e9ros par ann\u00e9e.\",\"inLanguage\":\"fr-FR\",\"potentialAction\":[{\"@type\":\"ReadAction\",\"target\":[\"https:\\\/\\\/roofingcanada.com\\\/fr\\\/revue-couvertures-canada\\\/\"]}]},{\"@type\":\"WebSite\",\"@id\":\"https:\\\/\\\/roofingcanada.com\\\/#website\",\"url\":\"https:\\\/\\\/roofingcanada.com\\\/\",\"name\":\"Canadian Roofing Contractors Association\",\"description\":\"Sous un seul toit\",\"potentialAction\":[{\"@type\":\"SearchAction\",\"target\":{\"@type\":\"EntryPoint\",\"urlTemplate\":\"https:\\\/\\\/roofingcanada.com\\\/?s={search_term_string}\"},\"query-input\":{\"@type\":\"PropertyValueSpecification\",\"valueRequired\":true,\"valueName\":\"search_term_string\"}}],\"inLanguage\":\"fr-FR\"}]}<\/script>\n<!-- \/ Yoast SEO plugin. -->","yoast_head_json":{"title":"Revue Couvertures Canada","description":"La revue Couvertures Canada est la seule publication professionnelle canadienne ax\u00e9e sur l\u2019industrie de la toiture. L\u2019ACEC publie deux num\u00e9ros par ann\u00e9e.","robots":{"index":"index","follow":"follow","max-snippet":"max-snippet:-1","max-image-preview":"max-image-preview:large","max-video-preview":"max-video-preview:-1"},"canonical":"https:\/\/roofingcanada.com\/fr\/revue-couvertures-canada\/","og_locale":"fr_FR","og_type":"article","og_title":"Revue Couvertures Canada","og_description":"La revue Couvertures Canada est la seule publication professionnelle canadienne ax\u00e9e sur l\u2019industrie de la toiture. L\u2019ACEC publie deux num\u00e9ros par ann\u00e9e.","og_url":"https:\/\/roofingcanada.com\/fr\/revue-couvertures-canada\/","og_site_name":"Canadian Roofing Contractors Association","article_modified_time":"2018-06-05T14:45:29+00:00","twitter_card":"summary_large_image","schema":{"@context":"https:\/\/schema.org","@graph":[{"@type":"WebPage","@id":"https:\/\/roofingcanada.com\/fr\/revue-couvertures-canada\/","url":"https:\/\/roofingcanada.com\/fr\/revue-couvertures-canada\/","name":"Revue Couvertures Canada","isPartOf":{"@id":"https:\/\/roofingcanada.com\/#website"},"datePublished":"2018-03-09T01:41:22+00:00","dateModified":"2018-06-05T14:45:29+00:00","description":"La revue Couvertures Canada est la seule publication professionnelle canadienne ax\u00e9e sur l\u2019industrie de la toiture. L\u2019ACEC publie deux num\u00e9ros par ann\u00e9e.","inLanguage":"fr-FR","potentialAction":[{"@type":"ReadAction","target":["https:\/\/roofingcanada.com\/fr\/revue-couvertures-canada\/"]}]},{"@type":"WebSite","@id":"https:\/\/roofingcanada.com\/#website","url":"https:\/\/roofingcanada.com\/","name":"Canadian Roofing Contractors Association","description":"Sous un seul toit","potentialAction":[{"@type":"SearchAction","target":{"@type":"EntryPoint","urlTemplate":"https:\/\/roofingcanada.com\/?s={search_term_string}"},"query-input":{"@type":"PropertyValueSpecification","valueRequired":true,"valueName":"search_term_string"}}],"inLanguage":"fr-FR"}]}},"_links":{"self":[{"href":"https:\/\/roofingcanada.com\/fr\/wp-json\/wp\/v2\/pages\/151","targetHints":{"allow":["GET"]}}],"collection":[{"href":"https:\/\/roofingcanada.com\/fr\/wp-json\/wp\/v2\/pages"}],"about":[{"href":"https:\/\/roofingcanada.com\/fr\/wp-json\/wp\/v2\/types\/page"}],"author":[{"embeddable":true,"href":"https:\/\/roofingcanada.com\/fr\/wp-json\/wp\/v2\/users\/1"}],"replies":[{"embeddable":true,"href":"https:\/\/roofingcanada.com\/fr\/wp-json\/wp\/v2\/comments?post=151"}],"version-history":[{"count":19,"href":"https:\/\/roofingcanada.com\/fr\/wp-json\/wp\/v2\/pages\/151\/revisions"}],"predecessor-version":[{"id":3195,"href":"https:\/\/roofingcanada.com\/fr\/wp-json\/wp\/v2\/pages\/151\/revisions\/3195"}],"wp:attachment":[{"href":"https:\/\/roofingcanada.com\/fr\/wp-json\/wp\/v2\/media?parent=151"}],"curies":[{"name":"wp","href":"https:\/\/api.w.org\/{rel}","templated":true}]}}