{"id":149,"date":"2018-03-09T01:40:57","date_gmt":"2018-03-09T01:40:57","guid":{"rendered":"https:\/\/roofingcanada.com\/?page_id=149"},"modified":"2023-09-11T09:17:43","modified_gmt":"2023-09-11T13:17:43","slug":"carrieres","status":"publish","type":"page","link":"https:\/\/roofingcanada.com\/fr\/carrieres\/","title":{"rendered":"Carri\u00e8res dans l\u2019industrie canadienne de la toiture"},"content":{"rendered":"<p>L\u2019industrie de la toiture du Canada est novatrice, dynamique, respect\u00e9e et prosp\u00e8re. Elle suit les normes techniques professionnelles les plus rigoureuses.<\/p>\n<p>Pour en savoir plus sur les carri\u00e8res en toiture au Canada :<\/p>\n<h2>Profil du Secteur canadien de la toiture<\/h2>\n<p>Le secteur canadien de la toiture est un \u00e9l\u00e9ment dynamique de l\u2019industrie de la construction institutionnelle, commerciale et industrielle (ICI). Non seulement les toits prot\u00e8gent les b\u00e2timents, mais ils font aussi partie int\u00e9grante de leur structure.<\/p>\n<p>L\u2019innovation dans les nouvelles conceptions, technologies et les m\u00e9thodes d\u2019installation de couverture se poursuit. Le secteur canadien de la toiture \u00e9volue constamment pour relever les d\u00e9fis des changements climatiques \u00e0 long terme.<\/p>\n<h2>Travail \u00e0 l\u2019ext\u00e9rieur<\/h2>\n<p>Les couvreurs \u2013 en particulier ceux qui travaillent dans l\u2019industrie ICI \u2013 ont besoin de force, d\u2019agilit\u00e9 et de r\u00e9sistance au vertige! Le travail dans des conditions m\u00e9t\u00e9orologiques extr\u00eames est souvent n\u00e9cessaire.<\/p>\n<h2>Joignez-vous \u00e0 une \u00e9quipe<\/h2>\n<p>Les couvreurs travaillent en \u00e9quipe, habituellement de cinq \u00e0 huit personnes avec un contrema\u00eetre, des compagnons, des manutentionnaires et des <a href=\"http:\/\/www.apprenticetrades.ca\/\">apprentis<\/a>.<\/p>\n<h2>Un travail utile<\/h2>\n<p>Travailler comme couvreur dans l\u2019industrie ICI, c\u2019est participer \u00e0 la construction ou \u00e0 la r\u00e9novation d\u2019immeubles qui r\u00e9sisteront \u00e0 l\u2019\u00e9preuve du temps. Les b\u00e2timents ICI soutiennent l\u2019activit\u00e9 \u00e9conomique du Canada, qu\u2019il s\u2019agisse de petites entreprises, de soci\u00e9t\u00e9s, d\u2019\u00e9tablissements d\u2019enseignement, d\u2019h\u00f4pitaux, d\u2019installations de divertissement, de centres de donn\u00e9es, de si\u00e8ges au gouvernement ou d\u2019autres installations importantes.<\/p>\n<h2>Description de poste<\/h2>\n<p>Selon Emploi-Avenir de DRHC, les couvreurs commerciaux installent, r\u00e9parent ou remplacent des toits plats et des bardeaux ou d\u2019autres tuiles sur des toits en pente. Ils travaillent pour des entrepreneurs en toiture et des entrepreneurs g\u00e9n\u00e9raux, ou ils peuvent \u00eatre des travailleurs autonomes.<\/p>\n<p>Voici les principales fonctions du poste :<\/p>\n<ul>\n<li>Installer, r\u00e9parer ou remplacer des syst\u00e8mes de toiture construits \u00e0 l\u2019aide de mat\u00e9riaux tels que des feutres satur\u00e9s d\u2019asphalte et de l\u2019asphalte chaud et du gravier;<\/li>\n<li>Installer, r\u00e9parer ou remplacer un syst\u00e8me de toiture monocouche \u00e0 l\u2019aide de mat\u00e9riaux en feuille imperm\u00e9ables tels que des plastiques modifi\u00e9s, de l\u2019\u00e9lastom\u00e8re ou d\u2019autres compositions asphaltiques;<\/li>\n<li>Installer, r\u00e9parer ou remplacer des bardeaux et d\u2019autres tuiles sur des toitures en pente;<\/li>\n<li>Installer des solins en m\u00e9tal;<\/li>\n<li>Appliquer des rev\u00eatements imperm\u00e9ables sur des surfaces en b\u00e9ton ou en ma\u00e7onnerie au-dessous ou au-dessus du niveau du sol;<\/li>\n<li>Installer et r\u00e9parer des toitures en m\u00e9tal \u00e0 l\u2019aide d\u2019outils manuels et \u00e9lectriques;<\/li>\n<li>Installer des \u00e9chafaudages pour assurer un acc\u00e8s s\u00e9curitaire aux toits;<\/li>\n<li>Estimer, s\u2019il y a lieu, les mat\u00e9riaux n\u00e9cessaires et les co\u00fbts de l\u2019estimation.<\/li>\n<\/ul>\n<p>La plupart des employeurs canadiens du secteur de la toiture exigeront ce qui suit :<\/p>\n<ul>\n<li>Un dipl\u00f4me d\u2019\u00e9tudes secondaires est habituellement exig\u00e9;<\/li>\n<li>Dans le cas des couvreurs, l\u2019ach\u00e8vement d\u2019un programme d\u2019apprentissage de deux \u00e0 trois ans OU plus de trois ans d\u2019exp\u00e9rience de travail dans le m\u00e9tier sont habituellement exig\u00e9s pour \u00eatre admissible au certificat de qualification;<\/li>\n<li>Le certificat de qualification de couvreur est obligatoire au Qu\u00e9bec et en Colombie-Britannique et est offert, mais facultatif, \u00e0 Terre-Neuve, en Nouvelle-\u00c9cosse, \u00e0 l\u2019\u00cele-du-Prince-\u00c9douard, au Nouveau-Brunswick, en Ontario, au Manitoba, en Saskatchewan, en Alberta, au Yukon et dans les Territoires du Nord-Ouest;<\/li>\n<li>Le certificat de qualification des couvreurs r\u00e9sidentiels de toits \u00e0 forte pente est offert, mais facultatif, en Colombie-Britannique;<\/li>\n<li>Les couvreurs qualifi\u00e9s peuvent \u00e9galement obtenir le Sceau rouge de qualification interprovinciale.<\/li>\n<\/ul>\n<h2>Du travail partout au Canada<\/h2>\n<p>Pour travailler d\u2019une province \u00e0 l\u2019autre dans le secteur canadien de la toiture, on exige la <a href=\"https:\/\/www.red-seal.ca\/eng\/w.2lc.4m.2.shtml\">certification Sceau Rouge<\/a>.<\/p>\n<h2>Connaissances techniques<\/h2>\n<p>Il existe de nombreux types de syst\u00e8mes de toiture, et ceux-ci font constamment l\u2019objet d\u2019innovations. Au Canada, plus sp\u00e9cialement, de nouvelles technologies et m\u00e9thodes sont mises au point pour r\u00e9pondre aux besoins des nouvelles conceptions et des conditions m\u00e9t\u00e9orologiques saisonni\u00e8res. La connaissance de divers types de syst\u00e8mes de couverture est essentielle \u00e0 une carri\u00e8re fructueuse.<\/p>\n<h2>Faites vos d\u00e9buts dans le secteur de la toiture<\/h2>\n<p>Pour savoir comment commencer faire vos d\u00e9buts dans le secteur canadien de la toiture, visitez le site Web <a href=\"http:\/\/www.apprenticetrades.ca\/\">metiersspecialises.ca<\/a>\u00a0 et consultez l\u2019information pour votre province ou territoire.<\/p>\n<p>Vous pouvez \u00e9galement visiter le site Web complet du gouvernement du Canada qui offre un r\u00e9pertoire national unique d&rsquo;information sur les m\u00e9tiers sp\u00e9cialis\u00e9s <a href=\"https:\/\/www.canada.ca\/fr\/emploi-developpement-social\/campagne\/metiers-specialises.html\" target=\"_blank\" rel=\"noopener\">https:\/\/www.canada.ca\/fr\/emploi-developpement-social\/campagne\/metiers-specialises.html<\/a>. Le site vise \u00e0 aider les jeunes Canadiens \u00e0 se renseigner sur plus de 300 m\u00e9tiers sp\u00e9cialis\u00e9s au Canada et sur la d\u00e9signation de m\u00e9tier Sceau rouge. Le site met \u00e9galement en \u00e9vidence les m\u00e9tiers en demande dans chaque r\u00e9gion et le soutien financier disponible offert par le gouvernement.<\/p>\n<p>Le <a href=\"https:\/\/roofingcanada.com\/fr\/news\/lacec-lance-un-manuel-de-devis-couvertures-a-la-fine-pointe\/\">Manuel de r\u00e9f\u00e9rence sur les couvertures au Canada<\/a> est un manuel national de formation de base et de perfectionnement. Il fournit des informations th\u00e9oriques et techniques n\u00e9cessaires pour accomplir les t\u00e2ches \u00e9nonc\u00e9es dans les normes nationales de formation pour les apprentis et les compagnons. Si vous \u00eates tr\u00e8s int\u00e9ress\u00e9 par le m\u00e9tier de couvreur, l\u2019\u00e9tude de ce manuel peut vous donner une longueur d\u2019avance dans une nouvelle carri\u00e8re.<\/p>\n","protected":false},"excerpt":{"rendered":"<p>L\u2019industrie de la toiture du Canada est novatrice, dynamique, respect\u00e9e et prosp\u00e8re. Elle suit les normes techniques professionnelles les plus rigoureuses. Pour en savoir plus sur les carri\u00e8res en toiture au Canada : Profil du Secteur canadien de la toiture Le secteur canadien de la toiture est un \u00e9l\u00e9ment dynamique de l\u2019industrie de la construction&#8230;  <a class=\"excerpt-read-more\" href=\"https:\/\/roofingcanada.com\/fr\/carrieres\/\" title=\"ReadCarri\u00e8res dans l\u2019industrie canadienne de la toiture\">En savoir plus \u00bb<\/a><\/p>\n","protected":false},"author":1,"featured_media":0,"parent":0,"menu_order":6,"comment_status":"closed","ping_status":"closed","template":"","meta":{"_acf_changed":false,"footnotes":""},"class_list":["post-149","page","type-page","status-publish","hentry"],"acf":[],"yoast_head":"<!-- This site is optimized with the Yoast SEO plugin v27.4 - https:\/\/yoast.com\/product\/yoast-seo-wordpress\/ -->\n<title>Carri\u00e8res en toiture au Canada<\/title>\n<meta name=\"description\" content=\"&quot;L\u2019industrie de la toiture du Canada est novatrice, dynamique, respect\u00e9e et prosp\u00e8re. Pour en savoir plus sur les carri\u00e8res en toiture au Canada... &quot;\" \/>\n<meta name=\"robots\" content=\"index, follow, max-snippet:-1, max-image-preview:large, max-video-preview:-1\" \/>\n<link rel=\"canonical\" href=\"https:\/\/roofingcanada.com\/fr\/carrieres\/\" \/>\n<meta property=\"og:locale\" content=\"fr_FR\" \/>\n<meta property=\"og:type\" content=\"article\" \/>\n<meta property=\"og:title\" content=\"Carri\u00e8res en toiture au Canada\" \/>\n<meta property=\"og:description\" content=\"&quot;L\u2019industrie de la toiture du Canada est novatrice, dynamique, respect\u00e9e et prosp\u00e8re. Pour en savoir plus sur les carri\u00e8res en toiture au Canada... &quot;\" \/>\n<meta property=\"og:url\" content=\"https:\/\/roofingcanada.com\/fr\/carrieres\/\" \/>\n<meta property=\"og:site_name\" content=\"Canadian Roofing Contractors Association\" \/>\n<meta property=\"article:modified_time\" content=\"2023-09-11T13:17:43+00:00\" \/>\n<meta name=\"twitter:card\" content=\"summary_large_image\" \/>\n<script type=\"application\/ld+json\" class=\"yoast-schema-graph\">{\"@context\":\"https:\\\/\\\/schema.org\",\"@graph\":[{\"@type\":\"WebPage\",\"@id\":\"https:\\\/\\\/roofingcanada.com\\\/fr\\\/carrieres\\\/\",\"url\":\"https:\\\/\\\/roofingcanada.com\\\/fr\\\/carrieres\\\/\",\"name\":\"Carri\u00e8res en toiture au Canada\",\"isPartOf\":{\"@id\":\"https:\\\/\\\/roofingcanada.com\\\/#website\"},\"datePublished\":\"2018-03-09T01:40:57+00:00\",\"dateModified\":\"2023-09-11T13:17:43+00:00\",\"description\":\"\\\"L\u2019industrie de la toiture du Canada est novatrice, dynamique, respect\u00e9e et prosp\u00e8re. Pour en savoir plus sur les carri\u00e8res en toiture au Canada... \\\"\",\"inLanguage\":\"fr-FR\",\"potentialAction\":[{\"@type\":\"ReadAction\",\"target\":[\"https:\\\/\\\/roofingcanada.com\\\/fr\\\/carrieres\\\/\"]}]},{\"@type\":\"WebSite\",\"@id\":\"https:\\\/\\\/roofingcanada.com\\\/#website\",\"url\":\"https:\\\/\\\/roofingcanada.com\\\/\",\"name\":\"Canadian Roofing Contractors Association\",\"description\":\"Sous un seul toit\",\"potentialAction\":[{\"@type\":\"SearchAction\",\"target\":{\"@type\":\"EntryPoint\",\"urlTemplate\":\"https:\\\/\\\/roofingcanada.com\\\/?s={search_term_string}\"},\"query-input\":{\"@type\":\"PropertyValueSpecification\",\"valueRequired\":true,\"valueName\":\"search_term_string\"}}],\"inLanguage\":\"fr-FR\"}]}<\/script>\n<!-- \/ Yoast SEO plugin. -->","yoast_head_json":{"title":"Carri\u00e8res en toiture au Canada","description":"\"L\u2019industrie de la toiture du Canada est novatrice, dynamique, respect\u00e9e et prosp\u00e8re. Pour en savoir plus sur les carri\u00e8res en toiture au Canada... \"","robots":{"index":"index","follow":"follow","max-snippet":"max-snippet:-1","max-image-preview":"max-image-preview:large","max-video-preview":"max-video-preview:-1"},"canonical":"https:\/\/roofingcanada.com\/fr\/carrieres\/","og_locale":"fr_FR","og_type":"article","og_title":"Carri\u00e8res en toiture au Canada","og_description":"\"L\u2019industrie de la toiture du Canada est novatrice, dynamique, respect\u00e9e et prosp\u00e8re. Pour en savoir plus sur les carri\u00e8res en toiture au Canada... \"","og_url":"https:\/\/roofingcanada.com\/fr\/carrieres\/","og_site_name":"Canadian Roofing Contractors Association","article_modified_time":"2023-09-11T13:17:43+00:00","twitter_card":"summary_large_image","schema":{"@context":"https:\/\/schema.org","@graph":[{"@type":"WebPage","@id":"https:\/\/roofingcanada.com\/fr\/carrieres\/","url":"https:\/\/roofingcanada.com\/fr\/carrieres\/","name":"Carri\u00e8res en toiture au Canada","isPartOf":{"@id":"https:\/\/roofingcanada.com\/#website"},"datePublished":"2018-03-09T01:40:57+00:00","dateModified":"2023-09-11T13:17:43+00:00","description":"\"L\u2019industrie de la toiture du Canada est novatrice, dynamique, respect\u00e9e et prosp\u00e8re. Pour en savoir plus sur les carri\u00e8res en toiture au Canada... \"","inLanguage":"fr-FR","potentialAction":[{"@type":"ReadAction","target":["https:\/\/roofingcanada.com\/fr\/carrieres\/"]}]},{"@type":"WebSite","@id":"https:\/\/roofingcanada.com\/#website","url":"https:\/\/roofingcanada.com\/","name":"Canadian Roofing Contractors Association","description":"Sous un seul toit","potentialAction":[{"@type":"SearchAction","target":{"@type":"EntryPoint","urlTemplate":"https:\/\/roofingcanada.com\/?s={search_term_string}"},"query-input":{"@type":"PropertyValueSpecification","valueRequired":true,"valueName":"search_term_string"}}],"inLanguage":"fr-FR"}]}},"_links":{"self":[{"href":"https:\/\/roofingcanada.com\/fr\/wp-json\/wp\/v2\/pages\/149","targetHints":{"allow":["GET"]}}],"collection":[{"href":"https:\/\/roofingcanada.com\/fr\/wp-json\/wp\/v2\/pages"}],"about":[{"href":"https:\/\/roofingcanada.com\/fr\/wp-json\/wp\/v2\/types\/page"}],"author":[{"embeddable":true,"href":"https:\/\/roofingcanada.com\/fr\/wp-json\/wp\/v2\/users\/1"}],"replies":[{"embeddable":true,"href":"https:\/\/roofingcanada.com\/fr\/wp-json\/wp\/v2\/comments?post=149"}],"version-history":[{"count":16,"href":"https:\/\/roofingcanada.com\/fr\/wp-json\/wp\/v2\/pages\/149\/revisions"}],"predecessor-version":[{"id":11716,"href":"https:\/\/roofingcanada.com\/fr\/wp-json\/wp\/v2\/pages\/149\/revisions\/11716"}],"wp:attachment":[{"href":"https:\/\/roofingcanada.com\/fr\/wp-json\/wp\/v2\/media?parent=149"}],"curies":[{"name":"wp","href":"https:\/\/api.w.org\/{rel}","templated":true}]}}