{"id":145,"date":"2018-03-09T01:39:56","date_gmt":"2018-03-09T01:39:56","guid":{"rendered":"https:\/\/roofingcanada.com\/?page_id=145"},"modified":"2018-06-05T14:39:26","modified_gmt":"2018-06-05T14:39:26","slug":"defense-de-lindustrie-canadienne-de-la-toiture","status":"publish","type":"page","link":"https:\/\/roofingcanada.com\/fr\/defense-de-lindustrie-canadienne-de-la-toiture\/","title":{"rendered":"D\u00e9fense de l\u2019industrie canadienne de la toiture"},"content":{"rendered":"<p>La d\u00e9fense des int\u00e9r\u00eats de l\u2019industrie de la toiture est au c\u0153ur de notre travail au nom des membres. Nous d\u00e9fendons la valeur et le traitement \u00e9quitable des entrepreneurs en couverture dans l\u2019industrie canadienne de la construction. Notre activit\u00e9 de plaidoyer comprend la repr\u00e9sentation et la participation active \u00e0 pr\u00e8s de 15 comit\u00e9s partout au Canada.<\/p>\n<p>Informez-vous :<\/p>\n","protected":false},"excerpt":{"rendered":"<p>La d\u00e9fense des int\u00e9r\u00eats de l\u2019industrie de la toiture est au c\u0153ur de notre travail au nom des membres. Nous d\u00e9fendons la valeur et le traitement \u00e9quitable des entrepreneurs en couverture dans l\u2019industrie canadienne de la construction. Notre activit\u00e9 de plaidoyer comprend la repr\u00e9sentation et la participation active \u00e0 pr\u00e8s de 15 comit\u00e9s partout au&#8230;  <a class=\"excerpt-read-more\" href=\"https:\/\/roofingcanada.com\/fr\/defense-de-lindustrie-canadienne-de-la-toiture\/\" title=\"ReadD\u00e9fense de l\u2019industrie canadienne de la toiture\">En savoir plus \u00bb<\/a><\/p>\n","protected":false},"author":1,"featured_media":0,"parent":0,"menu_order":3,"comment_status":"closed","ping_status":"closed","template":"","meta":{"_acf_changed":false,"footnotes":""},"class_list":["post-145","page","type-page","status-publish","hentry"],"acf":[],"yoast_head":"<!-- This site is optimized with the Yoast SEO plugin v27.4 - https:\/\/yoast.com\/product\/yoast-seo-wordpress\/ -->\n<title>Repr\u00e9sentation de l\u2019industrie de la toiture par l\u2019ACEC<\/title>\n<meta name=\"description\" content=\"La d\u00e9fense des int\u00e9r\u00eats de l\u2019industrie de la toiture est au c\u0153ur du travail de l\u2019ACEC au nom des membres.\" \/>\n<meta name=\"robots\" content=\"index, follow, max-snippet:-1, max-image-preview:large, max-video-preview:-1\" \/>\n<link rel=\"canonical\" href=\"https:\/\/roofingcanada.com\/fr\/defense-de-lindustrie-canadienne-de-la-toiture\/\" \/>\n<meta property=\"og:locale\" content=\"fr_FR\" \/>\n<meta property=\"og:type\" content=\"article\" \/>\n<meta property=\"og:title\" content=\"Repr\u00e9sentation de l\u2019industrie de la toiture par l\u2019ACEC\" \/>\n<meta property=\"og:description\" content=\"La d\u00e9fense des int\u00e9r\u00eats de l\u2019industrie de la toiture est au c\u0153ur du travail de l\u2019ACEC au nom des membres.\" \/>\n<meta property=\"og:url\" content=\"https:\/\/roofingcanada.com\/fr\/defense-de-lindustrie-canadienne-de-la-toiture\/\" \/>\n<meta property=\"og:site_name\" content=\"Canadian Roofing Contractors Association\" \/>\n<meta property=\"article:modified_time\" content=\"2018-06-05T14:39:26+00:00\" \/>\n<meta name=\"twitter:card\" content=\"summary_large_image\" \/>\n<script type=\"application\/ld+json\" class=\"yoast-schema-graph\">{\"@context\":\"https:\\\/\\\/schema.org\",\"@graph\":[{\"@type\":\"WebPage\",\"@id\":\"https:\\\/\\\/roofingcanada.com\\\/fr\\\/defense-de-lindustrie-canadienne-de-la-toiture\\\/\",\"url\":\"https:\\\/\\\/roofingcanada.com\\\/fr\\\/defense-de-lindustrie-canadienne-de-la-toiture\\\/\",\"name\":\"Repr\u00e9sentation de l\u2019industrie de la toiture par l\u2019ACEC\",\"isPartOf\":{\"@id\":\"https:\\\/\\\/roofingcanada.com\\\/#website\"},\"datePublished\":\"2018-03-09T01:39:56+00:00\",\"dateModified\":\"2018-06-05T14:39:26+00:00\",\"description\":\"La d\u00e9fense des int\u00e9r\u00eats de l\u2019industrie de la toiture est au c\u0153ur du travail de l\u2019ACEC au nom des membres.\",\"inLanguage\":\"fr-FR\",\"potentialAction\":[{\"@type\":\"ReadAction\",\"target\":[\"https:\\\/\\\/roofingcanada.com\\\/fr\\\/defense-de-lindustrie-canadienne-de-la-toiture\\\/\"]}]},{\"@type\":\"WebSite\",\"@id\":\"https:\\\/\\\/roofingcanada.com\\\/#website\",\"url\":\"https:\\\/\\\/roofingcanada.com\\\/\",\"name\":\"Canadian Roofing Contractors Association\",\"description\":\"Sous un seul toit\",\"potentialAction\":[{\"@type\":\"SearchAction\",\"target\":{\"@type\":\"EntryPoint\",\"urlTemplate\":\"https:\\\/\\\/roofingcanada.com\\\/?s={search_term_string}\"},\"query-input\":{\"@type\":\"PropertyValueSpecification\",\"valueRequired\":true,\"valueName\":\"search_term_string\"}}],\"inLanguage\":\"fr-FR\"}]}<\/script>\n<!-- \/ Yoast SEO plugin. -->","yoast_head_json":{"title":"Repr\u00e9sentation de l\u2019industrie de la toiture par l\u2019ACEC","description":"La d\u00e9fense des int\u00e9r\u00eats de l\u2019industrie de la toiture est au c\u0153ur du travail de l\u2019ACEC au nom des membres.","robots":{"index":"index","follow":"follow","max-snippet":"max-snippet:-1","max-image-preview":"max-image-preview:large","max-video-preview":"max-video-preview:-1"},"canonical":"https:\/\/roofingcanada.com\/fr\/defense-de-lindustrie-canadienne-de-la-toiture\/","og_locale":"fr_FR","og_type":"article","og_title":"Repr\u00e9sentation de l\u2019industrie de la toiture par l\u2019ACEC","og_description":"La d\u00e9fense des int\u00e9r\u00eats de l\u2019industrie de la toiture est au c\u0153ur du travail de l\u2019ACEC au nom des membres.","og_url":"https:\/\/roofingcanada.com\/fr\/defense-de-lindustrie-canadienne-de-la-toiture\/","og_site_name":"Canadian Roofing Contractors Association","article_modified_time":"2018-06-05T14:39:26+00:00","twitter_card":"summary_large_image","schema":{"@context":"https:\/\/schema.org","@graph":[{"@type":"WebPage","@id":"https:\/\/roofingcanada.com\/fr\/defense-de-lindustrie-canadienne-de-la-toiture\/","url":"https:\/\/roofingcanada.com\/fr\/defense-de-lindustrie-canadienne-de-la-toiture\/","name":"Repr\u00e9sentation de l\u2019industrie de la toiture par l\u2019ACEC","isPartOf":{"@id":"https:\/\/roofingcanada.com\/#website"},"datePublished":"2018-03-09T01:39:56+00:00","dateModified":"2018-06-05T14:39:26+00:00","description":"La d\u00e9fense des int\u00e9r\u00eats de l\u2019industrie de la toiture est au c\u0153ur du travail de l\u2019ACEC au nom des membres.","inLanguage":"fr-FR","potentialAction":[{"@type":"ReadAction","target":["https:\/\/roofingcanada.com\/fr\/defense-de-lindustrie-canadienne-de-la-toiture\/"]}]},{"@type":"WebSite","@id":"https:\/\/roofingcanada.com\/#website","url":"https:\/\/roofingcanada.com\/","name":"Canadian Roofing Contractors Association","description":"Sous un seul toit","potentialAction":[{"@type":"SearchAction","target":{"@type":"EntryPoint","urlTemplate":"https:\/\/roofingcanada.com\/?s={search_term_string}"},"query-input":{"@type":"PropertyValueSpecification","valueRequired":true,"valueName":"search_term_string"}}],"inLanguage":"fr-FR"}]}},"_links":{"self":[{"href":"https:\/\/roofingcanada.com\/fr\/wp-json\/wp\/v2\/pages\/145","targetHints":{"allow":["GET"]}}],"collection":[{"href":"https:\/\/roofingcanada.com\/fr\/wp-json\/wp\/v2\/pages"}],"about":[{"href":"https:\/\/roofingcanada.com\/fr\/wp-json\/wp\/v2\/types\/page"}],"author":[{"embeddable":true,"href":"https:\/\/roofingcanada.com\/fr\/wp-json\/wp\/v2\/users\/1"}],"replies":[{"embeddable":true,"href":"https:\/\/roofingcanada.com\/fr\/wp-json\/wp\/v2\/comments?post=145"}],"version-history":[{"count":5,"href":"https:\/\/roofingcanada.com\/fr\/wp-json\/wp\/v2\/pages\/145\/revisions"}],"predecessor-version":[{"id":3146,"href":"https:\/\/roofingcanada.com\/fr\/wp-json\/wp\/v2\/pages\/145\/revisions\/3146"}],"wp:attachment":[{"href":"https:\/\/roofingcanada.com\/fr\/wp-json\/wp\/v2\/media?parent=145"}],"curies":[{"name":"wp","href":"https:\/\/api.w.org\/{rel}","templated":true}]}}