{"id":143,"date":"2018-03-09T01:39:08","date_gmt":"2018-03-09T01:39:08","guid":{"rendered":"https:\/\/roofingcanada.com\/?page_id=143"},"modified":"2018-06-05T14:22:44","modified_gmt":"2018-06-05T14:22:44","slug":"conseils-techniques","status":"publish","type":"page","link":"https:\/\/roofingcanada.com\/fr\/conseils-techniques\/","title":{"rendered":"Conseils techniques sur la toiture de l\u2019ACEC"},"content":{"rendered":"<p>L\u2019un de nos principaux mandats strat\u00e9giques est de fournir des connaissances \u00e0 nos membres. Les connaissances actuelles aident nos membres \u00e0 s\u2019assurer que l\u2019industrie canadienne de la toiture est \u00e0 l\u2019avant-garde et bien inform\u00e9e.<\/p>\n<p>Notre Service technique fournit des conseils techniques sur la toiture aux membres et \u00e0 l\u2019ensemble de l\u2019industrie. Nous le faisons de diverses fa\u00e7ons, notamment :<\/p>\n","protected":false},"excerpt":{"rendered":"<p>L\u2019un de nos principaux mandats strat\u00e9giques est de fournir des connaissances \u00e0 nos membres. Les connaissances actuelles aident nos membres \u00e0 s\u2019assurer que l\u2019industrie canadienne de la toiture est \u00e0 l\u2019avant-garde et bien inform\u00e9e. Notre Service technique fournit des conseils techniques sur la toiture aux membres et \u00e0 l\u2019ensemble de l\u2019industrie. Nous le faisons de&#8230;  <a class=\"excerpt-read-more\" href=\"https:\/\/roofingcanada.com\/fr\/conseils-techniques\/\" title=\"ReadConseils techniques sur la toiture de l\u2019ACEC\">En savoir plus \u00bb<\/a><\/p>\n","protected":false},"author":1,"featured_media":0,"parent":0,"menu_order":7,"comment_status":"closed","ping_status":"closed","template":"","meta":{"_acf_changed":false,"footnotes":""},"class_list":["post-143","page","type-page","status-publish","hentry"],"acf":[],"yoast_head":"<!-- This site is optimized with the Yoast SEO plugin v27.4 - https:\/\/yoast.com\/product\/yoast-seo-wordpress\/ -->\n<title>Conseils techniques en couverture de l&#039;ACEC<\/title>\n<meta name=\"description\" content=\"L\u2019Association canadienne des entrepreneurs en couverture fournit des conseils techniques aux membres et \u00e0 l\u2019industrie dans son ensemble.\" \/>\n<meta name=\"robots\" content=\"index, follow, max-snippet:-1, max-image-preview:large, max-video-preview:-1\" \/>\n<link rel=\"canonical\" href=\"https:\/\/roofingcanada.com\/fr\/conseils-techniques\/\" \/>\n<meta property=\"og:locale\" content=\"fr_FR\" \/>\n<meta property=\"og:type\" content=\"article\" \/>\n<meta property=\"og:title\" content=\"Conseils techniques en couverture de l&#039;ACEC\" \/>\n<meta property=\"og:description\" content=\"L\u2019Association canadienne des entrepreneurs en couverture fournit des conseils techniques aux membres et \u00e0 l\u2019industrie dans son ensemble.\" \/>\n<meta property=\"og:url\" content=\"https:\/\/roofingcanada.com\/fr\/conseils-techniques\/\" \/>\n<meta property=\"og:site_name\" content=\"Canadian Roofing Contractors Association\" \/>\n<meta property=\"article:modified_time\" content=\"2018-06-05T14:22:44+00:00\" \/>\n<meta name=\"twitter:card\" content=\"summary_large_image\" \/>\n<script type=\"application\/ld+json\" class=\"yoast-schema-graph\">{\"@context\":\"https:\\\/\\\/schema.org\",\"@graph\":[{\"@type\":\"WebPage\",\"@id\":\"https:\\\/\\\/roofingcanada.com\\\/fr\\\/conseils-techniques\\\/\",\"url\":\"https:\\\/\\\/roofingcanada.com\\\/fr\\\/conseils-techniques\\\/\",\"name\":\"Conseils techniques en couverture de l'ACEC\",\"isPartOf\":{\"@id\":\"https:\\\/\\\/roofingcanada.com\\\/#website\"},\"datePublished\":\"2018-03-09T01:39:08+00:00\",\"dateModified\":\"2018-06-05T14:22:44+00:00\",\"description\":\"L\u2019Association canadienne des entrepreneurs en couverture fournit des conseils techniques aux membres et \u00e0 l\u2019industrie dans son ensemble.\",\"inLanguage\":\"fr-FR\",\"potentialAction\":[{\"@type\":\"ReadAction\",\"target\":[\"https:\\\/\\\/roofingcanada.com\\\/fr\\\/conseils-techniques\\\/\"]}]},{\"@type\":\"WebSite\",\"@id\":\"https:\\\/\\\/roofingcanada.com\\\/#website\",\"url\":\"https:\\\/\\\/roofingcanada.com\\\/\",\"name\":\"Canadian Roofing Contractors Association\",\"description\":\"Sous un seul toit\",\"potentialAction\":[{\"@type\":\"SearchAction\",\"target\":{\"@type\":\"EntryPoint\",\"urlTemplate\":\"https:\\\/\\\/roofingcanada.com\\\/?s={search_term_string}\"},\"query-input\":{\"@type\":\"PropertyValueSpecification\",\"valueRequired\":true,\"valueName\":\"search_term_string\"}}],\"inLanguage\":\"fr-FR\"}]}<\/script>\n<!-- \/ Yoast SEO plugin. -->","yoast_head_json":{"title":"Conseils techniques en couverture de l'ACEC","description":"L\u2019Association canadienne des entrepreneurs en couverture fournit des conseils techniques aux membres et \u00e0 l\u2019industrie dans son ensemble.","robots":{"index":"index","follow":"follow","max-snippet":"max-snippet:-1","max-image-preview":"max-image-preview:large","max-video-preview":"max-video-preview:-1"},"canonical":"https:\/\/roofingcanada.com\/fr\/conseils-techniques\/","og_locale":"fr_FR","og_type":"article","og_title":"Conseils techniques en couverture de l'ACEC","og_description":"L\u2019Association canadienne des entrepreneurs en couverture fournit des conseils techniques aux membres et \u00e0 l\u2019industrie dans son ensemble.","og_url":"https:\/\/roofingcanada.com\/fr\/conseils-techniques\/","og_site_name":"Canadian Roofing Contractors Association","article_modified_time":"2018-06-05T14:22:44+00:00","twitter_card":"summary_large_image","schema":{"@context":"https:\/\/schema.org","@graph":[{"@type":"WebPage","@id":"https:\/\/roofingcanada.com\/fr\/conseils-techniques\/","url":"https:\/\/roofingcanada.com\/fr\/conseils-techniques\/","name":"Conseils techniques en couverture de l'ACEC","isPartOf":{"@id":"https:\/\/roofingcanada.com\/#website"},"datePublished":"2018-03-09T01:39:08+00:00","dateModified":"2018-06-05T14:22:44+00:00","description":"L\u2019Association canadienne des entrepreneurs en couverture fournit des conseils techniques aux membres et \u00e0 l\u2019industrie dans son ensemble.","inLanguage":"fr-FR","potentialAction":[{"@type":"ReadAction","target":["https:\/\/roofingcanada.com\/fr\/conseils-techniques\/"]}]},{"@type":"WebSite","@id":"https:\/\/roofingcanada.com\/#website","url":"https:\/\/roofingcanada.com\/","name":"Canadian Roofing Contractors Association","description":"Sous un seul toit","potentialAction":[{"@type":"SearchAction","target":{"@type":"EntryPoint","urlTemplate":"https:\/\/roofingcanada.com\/?s={search_term_string}"},"query-input":{"@type":"PropertyValueSpecification","valueRequired":true,"valueName":"search_term_string"}}],"inLanguage":"fr-FR"}]}},"_links":{"self":[{"href":"https:\/\/roofingcanada.com\/fr\/wp-json\/wp\/v2\/pages\/143","targetHints":{"allow":["GET"]}}],"collection":[{"href":"https:\/\/roofingcanada.com\/fr\/wp-json\/wp\/v2\/pages"}],"about":[{"href":"https:\/\/roofingcanada.com\/fr\/wp-json\/wp\/v2\/types\/page"}],"author":[{"embeddable":true,"href":"https:\/\/roofingcanada.com\/fr\/wp-json\/wp\/v2\/users\/1"}],"replies":[{"embeddable":true,"href":"https:\/\/roofingcanada.com\/fr\/wp-json\/wp\/v2\/comments?post=143"}],"version-history":[{"count":7,"href":"https:\/\/roofingcanada.com\/fr\/wp-json\/wp\/v2\/pages\/143\/revisions"}],"predecessor-version":[{"id":2437,"href":"https:\/\/roofingcanada.com\/fr\/wp-json\/wp\/v2\/pages\/143\/revisions\/2437"}],"wp:attachment":[{"href":"https:\/\/roofingcanada.com\/fr\/wp-json\/wp\/v2\/media?parent=143"}],"curies":[{"name":"wp","href":"https:\/\/api.w.org\/{rel}","templated":true}]}}