{"id":141,"date":"2018-03-09T01:38:36","date_gmt":"2018-03-09T01:38:36","guid":{"rendered":"https:\/\/roofingcanada.com\/?page_id=141"},"modified":"2018-06-05T14:19:15","modified_gmt":"2018-06-05T14:19:15","slug":"membres","status":"publish","type":"page","link":"https:\/\/roofingcanada.com\/fr\/membres\/","title":{"rendered":"Membres"},"content":{"rendered":"<p>Les membres de l\u2019ACEC sont les entreprises, les fabricants, les fournisseurs, les ing\u00e9nieurs et les consultants en toiture les plus comp\u00e9tents au Canada. Nous sommes d\u00e9termin\u00e9s \u00e0 garder nos membres bien inform\u00e9s et bien soutenus. Seuls nos membres ont acc\u00e8s aux <a href=\"https:\/\/roofingcanada.com\/fr\/membres\/services-aux-membres-et-avantages\/\">services et aux avantages<\/a> offerts par l\u2019ACEC.<\/p>\n<p><strong>Pour en savoir plus :<\/strong><\/p>\n","protected":false},"excerpt":{"rendered":"<p>Les membres de l\u2019ACEC sont les entreprises, les fabricants, les fournisseurs, les ing\u00e9nieurs et les consultants en toiture les plus comp\u00e9tents au Canada.<\/p>\n","protected":false},"author":1,"featured_media":0,"parent":0,"menu_order":2,"comment_status":"closed","ping_status":"closed","template":"","meta":{"_acf_changed":false,"footnotes":""},"class_list":["post-141","page","type-page","status-publish","hentry"],"acf":[],"yoast_head":"<!-- This site is optimized with the Yoast SEO plugin v27.4 - https:\/\/yoast.com\/product\/yoast-seo-wordpress\/ -->\n<title>Adh\u00e9sion des entreprises, fabricants et fournisseurs de toitures canadiens<\/title>\n<meta name=\"description\" content=\"Les membres de l\u2019ACEC sont les entreprises, les fabricants, les fournisseurs, les ing\u00e9nieurs et les consultants en toiture les plus comp\u00e9tents au Canada.\" \/>\n<meta name=\"robots\" content=\"index, follow, max-snippet:-1, max-image-preview:large, max-video-preview:-1\" \/>\n<link rel=\"canonical\" href=\"https:\/\/roofingcanada.com\/fr\/membres\/\" \/>\n<meta property=\"og:locale\" content=\"fr_FR\" \/>\n<meta property=\"og:type\" content=\"article\" \/>\n<meta property=\"og:title\" content=\"Adh\u00e9sion des entreprises, fabricants et fournisseurs de toitures canadiens\" \/>\n<meta property=\"og:description\" content=\"Les membres de l\u2019ACEC sont les entreprises, les fabricants, les fournisseurs, les ing\u00e9nieurs et les consultants en toiture les plus comp\u00e9tents au Canada.\" \/>\n<meta property=\"og:url\" content=\"https:\/\/roofingcanada.com\/fr\/membres\/\" \/>\n<meta property=\"og:site_name\" content=\"Canadian Roofing Contractors Association\" \/>\n<meta property=\"article:modified_time\" content=\"2018-06-05T14:19:15+00:00\" \/>\n<meta name=\"twitter:card\" content=\"summary_large_image\" \/>\n<script type=\"application\/ld+json\" class=\"yoast-schema-graph\">{\"@context\":\"https:\\\/\\\/schema.org\",\"@graph\":[{\"@type\":\"WebPage\",\"@id\":\"https:\\\/\\\/roofingcanada.com\\\/fr\\\/membres\\\/\",\"url\":\"https:\\\/\\\/roofingcanada.com\\\/fr\\\/membres\\\/\",\"name\":\"Adh\u00e9sion des entreprises, fabricants et fournisseurs de toitures canadiens\",\"isPartOf\":{\"@id\":\"https:\\\/\\\/roofingcanada.com\\\/#website\"},\"datePublished\":\"2018-03-09T01:38:36+00:00\",\"dateModified\":\"2018-06-05T14:19:15+00:00\",\"description\":\"Les membres de l\u2019ACEC sont les entreprises, les fabricants, les fournisseurs, les ing\u00e9nieurs et les consultants en toiture les plus comp\u00e9tents au Canada.\",\"inLanguage\":\"fr-FR\",\"potentialAction\":[{\"@type\":\"ReadAction\",\"target\":[\"https:\\\/\\\/roofingcanada.com\\\/fr\\\/membres\\\/\"]}]},{\"@type\":\"WebSite\",\"@id\":\"https:\\\/\\\/roofingcanada.com\\\/#website\",\"url\":\"https:\\\/\\\/roofingcanada.com\\\/\",\"name\":\"Canadian Roofing Contractors Association\",\"description\":\"Sous un seul toit\",\"potentialAction\":[{\"@type\":\"SearchAction\",\"target\":{\"@type\":\"EntryPoint\",\"urlTemplate\":\"https:\\\/\\\/roofingcanada.com\\\/?s={search_term_string}\"},\"query-input\":{\"@type\":\"PropertyValueSpecification\",\"valueRequired\":true,\"valueName\":\"search_term_string\"}}],\"inLanguage\":\"fr-FR\"}]}<\/script>\n<!-- \/ Yoast SEO plugin. -->","yoast_head_json":{"title":"Adh\u00e9sion des entreprises, fabricants et fournisseurs de toitures canadiens","description":"Les membres de l\u2019ACEC sont les entreprises, les fabricants, les fournisseurs, les ing\u00e9nieurs et les consultants en toiture les plus comp\u00e9tents au Canada.","robots":{"index":"index","follow":"follow","max-snippet":"max-snippet:-1","max-image-preview":"max-image-preview:large","max-video-preview":"max-video-preview:-1"},"canonical":"https:\/\/roofingcanada.com\/fr\/membres\/","og_locale":"fr_FR","og_type":"article","og_title":"Adh\u00e9sion des entreprises, fabricants et fournisseurs de toitures canadiens","og_description":"Les membres de l\u2019ACEC sont les entreprises, les fabricants, les fournisseurs, les ing\u00e9nieurs et les consultants en toiture les plus comp\u00e9tents au Canada.","og_url":"https:\/\/roofingcanada.com\/fr\/membres\/","og_site_name":"Canadian Roofing Contractors Association","article_modified_time":"2018-06-05T14:19:15+00:00","twitter_card":"summary_large_image","schema":{"@context":"https:\/\/schema.org","@graph":[{"@type":"WebPage","@id":"https:\/\/roofingcanada.com\/fr\/membres\/","url":"https:\/\/roofingcanada.com\/fr\/membres\/","name":"Adh\u00e9sion des entreprises, fabricants et fournisseurs de toitures canadiens","isPartOf":{"@id":"https:\/\/roofingcanada.com\/#website"},"datePublished":"2018-03-09T01:38:36+00:00","dateModified":"2018-06-05T14:19:15+00:00","description":"Les membres de l\u2019ACEC sont les entreprises, les fabricants, les fournisseurs, les ing\u00e9nieurs et les consultants en toiture les plus comp\u00e9tents au Canada.","inLanguage":"fr-FR","potentialAction":[{"@type":"ReadAction","target":["https:\/\/roofingcanada.com\/fr\/membres\/"]}]},{"@type":"WebSite","@id":"https:\/\/roofingcanada.com\/#website","url":"https:\/\/roofingcanada.com\/","name":"Canadian Roofing Contractors Association","description":"Sous un seul toit","potentialAction":[{"@type":"SearchAction","target":{"@type":"EntryPoint","urlTemplate":"https:\/\/roofingcanada.com\/?s={search_term_string}"},"query-input":{"@type":"PropertyValueSpecification","valueRequired":true,"valueName":"search_term_string"}}],"inLanguage":"fr-FR"}]}},"_links":{"self":[{"href":"https:\/\/roofingcanada.com\/fr\/wp-json\/wp\/v2\/pages\/141","targetHints":{"allow":["GET"]}}],"collection":[{"href":"https:\/\/roofingcanada.com\/fr\/wp-json\/wp\/v2\/pages"}],"about":[{"href":"https:\/\/roofingcanada.com\/fr\/wp-json\/wp\/v2\/types\/page"}],"author":[{"embeddable":true,"href":"https:\/\/roofingcanada.com\/fr\/wp-json\/wp\/v2\/users\/1"}],"replies":[{"embeddable":true,"href":"https:\/\/roofingcanada.com\/fr\/wp-json\/wp\/v2\/comments?post=141"}],"version-history":[{"count":9,"href":"https:\/\/roofingcanada.com\/fr\/wp-json\/wp\/v2\/pages\/141\/revisions"}],"predecessor-version":[{"id":2384,"href":"https:\/\/roofingcanada.com\/fr\/wp-json\/wp\/v2\/pages\/141\/revisions\/2384"}],"wp:attachment":[{"href":"https:\/\/roofingcanada.com\/fr\/wp-json\/wp\/v2\/media?parent=141"}],"curies":[{"name":"wp","href":"https:\/\/api.w.org\/{rel}","templated":true}]}}