{"id":139,"date":"2018-03-09T01:37:54","date_gmt":"2018-03-09T01:37:54","guid":{"rendered":"https:\/\/roofingcanada.com\/?page_id=139"},"modified":"2018-06-05T14:43:22","modified_gmt":"2018-06-05T14:43:22","slug":"activites","status":"publish","type":"page","link":"https:\/\/roofingcanada.com\/fr\/activites\/","title":{"rendered":"Activit\u00e9s de l\u2019industrie canadienne de la toiture"},"content":{"rendered":"<p>La tenue d\u2019activit\u00e9s sectorielles est l\u2019un des moyens par lesquels l\u2019ACEC sert ses membres. Nous offrons des occasions de r\u00e9seautage et de formation, et nous repr\u00e9sentons nos membres \u00e0 des \u00e9v\u00e9nements partout au pays.<\/p>\n<p>Pour en savoir plus sur les activit\u00e9s de l\u2019industrie de la toiture au Canada :<\/p>\n","protected":false},"excerpt":{"rendered":"<p>La tenue d\u2019activit\u00e9s sectorielles est l\u2019un des moyens par lesquels l\u2019ACEC sert ses membres. Nous offrons des occasions de r\u00e9seautage et de formation, et nous repr\u00e9sentons nos membres \u00e0 des \u00e9v\u00e9nements partout au pays. Pour en savoir plus sur les activit\u00e9s de l\u2019industrie de la toiture au Canada :<\/p>\n","protected":false},"author":1,"featured_media":0,"parent":0,"menu_order":5,"comment_status":"closed","ping_status":"closed","template":"","meta":{"_acf_changed":false,"footnotes":""},"class_list":["post-139","page","type-page","status-publish","hentry"],"acf":[],"yoast_head":"<!-- This site is optimized with the Yoast SEO plugin v27.4 - https:\/\/yoast.com\/product\/yoast-seo-wordpress\/ -->\n<title>Activit\u00e9s de l&#039;industrie canadienne de la toiture<\/title>\n<meta name=\"description\" content=\"En organisant et en assistant \u00e0 des activit\u00e9s de l&#039;industrie de la toiture au Canada, l\u2019ACEC offre des occasions de r\u00e9seautage et de formation et repr\u00e9sente des membres partout au Canada.\" \/>\n<meta name=\"robots\" content=\"index, follow, max-snippet:-1, max-image-preview:large, max-video-preview:-1\" \/>\n<link rel=\"canonical\" href=\"https:\/\/roofingcanada.com\/fr\/activites\/\" \/>\n<meta property=\"og:locale\" content=\"fr_FR\" \/>\n<meta property=\"og:type\" content=\"article\" \/>\n<meta property=\"og:title\" content=\"Activit\u00e9s de l&#039;industrie canadienne de la toiture\" \/>\n<meta property=\"og:description\" content=\"En organisant et en assistant \u00e0 des activit\u00e9s de l&#039;industrie de la toiture au Canada, l\u2019ACEC offre des occasions de r\u00e9seautage et de formation et repr\u00e9sente des membres partout au Canada.\" \/>\n<meta property=\"og:url\" content=\"https:\/\/roofingcanada.com\/fr\/activites\/\" \/>\n<meta property=\"og:site_name\" content=\"Canadian Roofing Contractors Association\" \/>\n<meta property=\"article:modified_time\" content=\"2018-06-05T14:43:22+00:00\" \/>\n<meta name=\"twitter:card\" content=\"summary_large_image\" \/>\n<script type=\"application\/ld+json\" class=\"yoast-schema-graph\">{\"@context\":\"https:\\\/\\\/schema.org\",\"@graph\":[{\"@type\":\"WebPage\",\"@id\":\"https:\\\/\\\/roofingcanada.com\\\/fr\\\/activites\\\/\",\"url\":\"https:\\\/\\\/roofingcanada.com\\\/fr\\\/activites\\\/\",\"name\":\"Activit\u00e9s de l'industrie canadienne de la toiture\",\"isPartOf\":{\"@id\":\"https:\\\/\\\/roofingcanada.com\\\/#website\"},\"datePublished\":\"2018-03-09T01:37:54+00:00\",\"dateModified\":\"2018-06-05T14:43:22+00:00\",\"description\":\"En organisant et en assistant \u00e0 des activit\u00e9s de l'industrie de la toiture au Canada, l\u2019ACEC offre des occasions de r\u00e9seautage et de formation et repr\u00e9sente des membres partout au Canada.\",\"inLanguage\":\"fr-FR\",\"potentialAction\":[{\"@type\":\"ReadAction\",\"target\":[\"https:\\\/\\\/roofingcanada.com\\\/fr\\\/activites\\\/\"]}]},{\"@type\":\"WebSite\",\"@id\":\"https:\\\/\\\/roofingcanada.com\\\/#website\",\"url\":\"https:\\\/\\\/roofingcanada.com\\\/\",\"name\":\"Canadian Roofing Contractors Association\",\"description\":\"Sous un seul toit\",\"potentialAction\":[{\"@type\":\"SearchAction\",\"target\":{\"@type\":\"EntryPoint\",\"urlTemplate\":\"https:\\\/\\\/roofingcanada.com\\\/?s={search_term_string}\"},\"query-input\":{\"@type\":\"PropertyValueSpecification\",\"valueRequired\":true,\"valueName\":\"search_term_string\"}}],\"inLanguage\":\"fr-FR\"}]}<\/script>\n<!-- \/ Yoast SEO plugin. -->","yoast_head_json":{"title":"Activit\u00e9s de l'industrie canadienne de la toiture","description":"En organisant et en assistant \u00e0 des activit\u00e9s de l'industrie de la toiture au Canada, l\u2019ACEC offre des occasions de r\u00e9seautage et de formation et repr\u00e9sente des membres partout au Canada.","robots":{"index":"index","follow":"follow","max-snippet":"max-snippet:-1","max-image-preview":"max-image-preview:large","max-video-preview":"max-video-preview:-1"},"canonical":"https:\/\/roofingcanada.com\/fr\/activites\/","og_locale":"fr_FR","og_type":"article","og_title":"Activit\u00e9s de l'industrie canadienne de la toiture","og_description":"En organisant et en assistant \u00e0 des activit\u00e9s de l'industrie de la toiture au Canada, l\u2019ACEC offre des occasions de r\u00e9seautage et de formation et repr\u00e9sente des membres partout au Canada.","og_url":"https:\/\/roofingcanada.com\/fr\/activites\/","og_site_name":"Canadian Roofing Contractors Association","article_modified_time":"2018-06-05T14:43:22+00:00","twitter_card":"summary_large_image","schema":{"@context":"https:\/\/schema.org","@graph":[{"@type":"WebPage","@id":"https:\/\/roofingcanada.com\/fr\/activites\/","url":"https:\/\/roofingcanada.com\/fr\/activites\/","name":"Activit\u00e9s de l'industrie canadienne de la toiture","isPartOf":{"@id":"https:\/\/roofingcanada.com\/#website"},"datePublished":"2018-03-09T01:37:54+00:00","dateModified":"2018-06-05T14:43:22+00:00","description":"En organisant et en assistant \u00e0 des activit\u00e9s de l'industrie de la toiture au Canada, l\u2019ACEC offre des occasions de r\u00e9seautage et de formation et repr\u00e9sente des membres partout au Canada.","inLanguage":"fr-FR","potentialAction":[{"@type":"ReadAction","target":["https:\/\/roofingcanada.com\/fr\/activites\/"]}]},{"@type":"WebSite","@id":"https:\/\/roofingcanada.com\/#website","url":"https:\/\/roofingcanada.com\/","name":"Canadian Roofing Contractors Association","description":"Sous un seul toit","potentialAction":[{"@type":"SearchAction","target":{"@type":"EntryPoint","urlTemplate":"https:\/\/roofingcanada.com\/?s={search_term_string}"},"query-input":{"@type":"PropertyValueSpecification","valueRequired":true,"valueName":"search_term_string"}}],"inLanguage":"fr-FR"}]}},"_links":{"self":[{"href":"https:\/\/roofingcanada.com\/fr\/wp-json\/wp\/v2\/pages\/139","targetHints":{"allow":["GET"]}}],"collection":[{"href":"https:\/\/roofingcanada.com\/fr\/wp-json\/wp\/v2\/pages"}],"about":[{"href":"https:\/\/roofingcanada.com\/fr\/wp-json\/wp\/v2\/types\/page"}],"author":[{"embeddable":true,"href":"https:\/\/roofingcanada.com\/fr\/wp-json\/wp\/v2\/users\/1"}],"replies":[{"embeddable":true,"href":"https:\/\/roofingcanada.com\/fr\/wp-json\/wp\/v2\/comments?post=139"}],"version-history":[{"count":8,"href":"https:\/\/roofingcanada.com\/fr\/wp-json\/wp\/v2\/pages\/139\/revisions"}],"predecessor-version":[{"id":2594,"href":"https:\/\/roofingcanada.com\/fr\/wp-json\/wp\/v2\/pages\/139\/revisions\/2594"}],"wp:attachment":[{"href":"https:\/\/roofingcanada.com\/fr\/wp-json\/wp\/v2\/media?parent=139"}],"curies":[{"name":"wp","href":"https:\/\/api.w.org\/{rel}","templated":true}]}}