{"id":130,"date":"2018-03-09T01:33:14","date_gmt":"2018-03-09T01:33:14","guid":{"rendered":"https:\/\/roofingcanada.com\/?page_id=130"},"modified":"2018-06-05T14:06:12","modified_gmt":"2018-06-05T14:06:12","slug":"profil-de-lacec","status":"publish","type":"page","link":"https:\/\/roofingcanada.com\/fr\/profil-de-lacec\/","title":{"rendered":"Profil de l&rsquo;ACEC"},"content":{"rendered":"<p>Les membres de l\u2019ACEC, l\u2019Association canadienne des entrepreneurs en couverture, sont les entrepreneurs en couverture, les fabricants et les fournisseurs de toiture les plus comp\u00e9tents au Canada. Nous d\u00e9fendons les int\u00e9r\u00eats de nos membres et nous les tenons au courant des enjeux d\u2019int\u00e9r\u00eat national et international.<\/p>\n<p>En tant que porte-parole de l\u2019industrie canadienne de la toiture depuis 1960, l\u2019ACEC favorise la collaboration au sein de l\u2019industrie d\u2019un oc\u00e9an \u00e0 l\u2019autre. Nous repr\u00e9sentons et d\u00e9fendons \u00e9galement les int\u00e9r\u00eats de nos membres, et nous les aidons \u00e0 exceller dans les affaires, tant sur le plan professionnel que technique.<\/p>\n<p>Pour en savoir plus :<\/p>\n","protected":false},"excerpt":{"rendered":"<p>Les membres de l\u2019ACEC, l\u2019Association canadienne des entrepreneurs en couverture, sont les entrepreneurs en couverture, les fabricants et les fournisseurs de toiture les plus comp\u00e9tents au Canada. Nous d\u00e9fendons les int\u00e9r\u00eats de nos membres et nous les tenons au courant des enjeux d\u2019int\u00e9r\u00eat national et international. En tant que porte-parole de l\u2019industrie canadienne de la&#8230;  <a class=\"excerpt-read-more\" href=\"https:\/\/roofingcanada.com\/fr\/profil-de-lacec\/\" title=\"ReadProfil de l&rsquo;ACEC\">En savoir plus \u00bb<\/a><\/p>\n","protected":false},"author":1,"featured_media":0,"parent":0,"menu_order":100,"comment_status":"closed","ping_status":"closed","template":"page-about.php","meta":{"_acf_changed":false,"footnotes":""},"class_list":["post-130","page","type-page","status-publish","hentry"],"acf":[],"yoast_head":"<!-- This site is optimized with the Yoast SEO plugin v27.4 - https:\/\/yoast.com\/product\/yoast-seo-wordpress\/ -->\n<title>Profil de l&#039;Association canadienne des entrepreneurs en couverture (ACEC)<\/title>\n<meta name=\"description\" content=\"L\u2019ACEC repr\u00e9sente les entrepreneurs en couverture, les fabricants, les fournisseurs, les ing\u00e9nieurs et les consultants canadiens dans les deux langues officielles. En savoir plus...\" \/>\n<meta name=\"robots\" content=\"index, follow, max-snippet:-1, max-image-preview:large, max-video-preview:-1\" \/>\n<link rel=\"canonical\" href=\"https:\/\/roofingcanada.com\/fr\/profil-de-lacec\/\" \/>\n<meta property=\"og:locale\" content=\"fr_FR\" \/>\n<meta property=\"og:type\" content=\"article\" \/>\n<meta property=\"og:title\" content=\"Profil de l&#039;Association canadienne des entrepreneurs en couverture (ACEC)\" \/>\n<meta property=\"og:description\" content=\"L\u2019ACEC repr\u00e9sente les entrepreneurs en couverture, les fabricants, les fournisseurs, les ing\u00e9nieurs et les consultants canadiens dans les deux langues officielles. En savoir plus...\" \/>\n<meta property=\"og:url\" content=\"https:\/\/roofingcanada.com\/fr\/profil-de-lacec\/\" \/>\n<meta property=\"og:site_name\" content=\"Canadian Roofing Contractors Association\" \/>\n<meta property=\"article:modified_time\" content=\"2018-06-05T14:06:12+00:00\" \/>\n<meta name=\"twitter:card\" content=\"summary_large_image\" \/>\n<script type=\"application\/ld+json\" class=\"yoast-schema-graph\">{\"@context\":\"https:\\\/\\\/schema.org\",\"@graph\":[{\"@type\":\"WebPage\",\"@id\":\"https:\\\/\\\/roofingcanada.com\\\/fr\\\/profil-de-lacec\\\/\",\"url\":\"https:\\\/\\\/roofingcanada.com\\\/fr\\\/profil-de-lacec\\\/\",\"name\":\"Profil de l'Association canadienne des entrepreneurs en couverture (ACEC)\",\"isPartOf\":{\"@id\":\"https:\\\/\\\/roofingcanada.com\\\/#website\"},\"datePublished\":\"2018-03-09T01:33:14+00:00\",\"dateModified\":\"2018-06-05T14:06:12+00:00\",\"description\":\"L\u2019ACEC repr\u00e9sente les entrepreneurs en couverture, les fabricants, les fournisseurs, les ing\u00e9nieurs et les consultants canadiens dans les deux langues officielles. En savoir plus...\",\"inLanguage\":\"fr-FR\",\"potentialAction\":[{\"@type\":\"ReadAction\",\"target\":[\"https:\\\/\\\/roofingcanada.com\\\/fr\\\/profil-de-lacec\\\/\"]}]},{\"@type\":\"WebSite\",\"@id\":\"https:\\\/\\\/roofingcanada.com\\\/#website\",\"url\":\"https:\\\/\\\/roofingcanada.com\\\/\",\"name\":\"Canadian Roofing Contractors Association\",\"description\":\"Sous un seul toit\",\"potentialAction\":[{\"@type\":\"SearchAction\",\"target\":{\"@type\":\"EntryPoint\",\"urlTemplate\":\"https:\\\/\\\/roofingcanada.com\\\/?s={search_term_string}\"},\"query-input\":{\"@type\":\"PropertyValueSpecification\",\"valueRequired\":true,\"valueName\":\"search_term_string\"}}],\"inLanguage\":\"fr-FR\"}]}<\/script>\n<!-- \/ Yoast SEO plugin. -->","yoast_head_json":{"title":"Profil de l'Association canadienne des entrepreneurs en couverture (ACEC)","description":"L\u2019ACEC repr\u00e9sente les entrepreneurs en couverture, les fabricants, les fournisseurs, les ing\u00e9nieurs et les consultants canadiens dans les deux langues officielles. En savoir plus...","robots":{"index":"index","follow":"follow","max-snippet":"max-snippet:-1","max-image-preview":"max-image-preview:large","max-video-preview":"max-video-preview:-1"},"canonical":"https:\/\/roofingcanada.com\/fr\/profil-de-lacec\/","og_locale":"fr_FR","og_type":"article","og_title":"Profil de l'Association canadienne des entrepreneurs en couverture (ACEC)","og_description":"L\u2019ACEC repr\u00e9sente les entrepreneurs en couverture, les fabricants, les fournisseurs, les ing\u00e9nieurs et les consultants canadiens dans les deux langues officielles. En savoir plus...","og_url":"https:\/\/roofingcanada.com\/fr\/profil-de-lacec\/","og_site_name":"Canadian Roofing Contractors Association","article_modified_time":"2018-06-05T14:06:12+00:00","twitter_card":"summary_large_image","schema":{"@context":"https:\/\/schema.org","@graph":[{"@type":"WebPage","@id":"https:\/\/roofingcanada.com\/fr\/profil-de-lacec\/","url":"https:\/\/roofingcanada.com\/fr\/profil-de-lacec\/","name":"Profil de l'Association canadienne des entrepreneurs en couverture (ACEC)","isPartOf":{"@id":"https:\/\/roofingcanada.com\/#website"},"datePublished":"2018-03-09T01:33:14+00:00","dateModified":"2018-06-05T14:06:12+00:00","description":"L\u2019ACEC repr\u00e9sente les entrepreneurs en couverture, les fabricants, les fournisseurs, les ing\u00e9nieurs et les consultants canadiens dans les deux langues officielles. En savoir plus...","inLanguage":"fr-FR","potentialAction":[{"@type":"ReadAction","target":["https:\/\/roofingcanada.com\/fr\/profil-de-lacec\/"]}]},{"@type":"WebSite","@id":"https:\/\/roofingcanada.com\/#website","url":"https:\/\/roofingcanada.com\/","name":"Canadian Roofing Contractors Association","description":"Sous un seul toit","potentialAction":[{"@type":"SearchAction","target":{"@type":"EntryPoint","urlTemplate":"https:\/\/roofingcanada.com\/?s={search_term_string}"},"query-input":{"@type":"PropertyValueSpecification","valueRequired":true,"valueName":"search_term_string"}}],"inLanguage":"fr-FR"}]}},"_links":{"self":[{"href":"https:\/\/roofingcanada.com\/fr\/wp-json\/wp\/v2\/pages\/130","targetHints":{"allow":["GET"]}}],"collection":[{"href":"https:\/\/roofingcanada.com\/fr\/wp-json\/wp\/v2\/pages"}],"about":[{"href":"https:\/\/roofingcanada.com\/fr\/wp-json\/wp\/v2\/types\/page"}],"author":[{"embeddable":true,"href":"https:\/\/roofingcanada.com\/fr\/wp-json\/wp\/v2\/users\/1"}],"replies":[{"embeddable":true,"href":"https:\/\/roofingcanada.com\/fr\/wp-json\/wp\/v2\/comments?post=130"}],"version-history":[{"count":9,"href":"https:\/\/roofingcanada.com\/fr\/wp-json\/wp\/v2\/pages\/130\/revisions"}],"predecessor-version":[{"id":2239,"href":"https:\/\/roofingcanada.com\/fr\/wp-json\/wp\/v2\/pages\/130\/revisions\/2239"}],"wp:attachment":[{"href":"https:\/\/roofingcanada.com\/fr\/wp-json\/wp\/v2\/media?parent=130"}],"curies":[{"name":"wp","href":"https:\/\/api.w.org\/{rel}","templated":true}]}}