{"id":12696,"date":"2025-06-12T15:19:06","date_gmt":"2025-06-12T19:19:06","guid":{"rendered":"https:\/\/roofingcanada.com\/?page_id=12696"},"modified":"2026-02-03T10:42:55","modified_gmt":"2026-02-03T15:42:55","slug":"tournoi-de-golf-annuel-de-lacec","status":"publish","type":"page","link":"https:\/\/roofingcanada.com\/fr\/activites\/tournoi-de-golf-annuel-de-lacec\/","title":{"rendered":"Tournoi de golf annuel de l&rsquo;ACEC"},"content":{"rendered":"<img loading=\"lazy\" decoding=\"async\" class=\"alignnone size-full wp-image-13047\" src=\"https:\/\/roofingcanada.com\/wp-content\/uploads\/2026\/02\/golf-fr.jpg\" alt=\"\" width=\"605\" height=\"328\" srcset=\"https:\/\/roofingcanada.com\/wp-content\/uploads\/2026\/02\/golf-fr.jpg 605w, https:\/\/roofingcanada.com\/wp-content\/uploads\/2026\/02\/golf-fr-300x163.jpg 300w\" sizes=\"auto, (max-width: 605px) 100vw, 605px\" \/>\n<h2>Marquez vos calendriers !<\/h2>\n<p>Nous sommes heureux de vous informer que le 2<sup>e<\/sup> tournoi de golf annuel de l\u2019ACEC arrive bient\u00f4t. Que vous soyez un golfeur exp\u00e9riment\u00e9 ou que vous souhaitiez simplement passer une journ\u00e9e relaxante sur le parcours, cet \u00e9v\u00e9nement offre une atmosph\u00e8re amusante, une comp\u00e9tition amicale et une excellente occasion de r\u00e9seauter avec d\u2019autres professionnels dans l\u2019industrie de la toiture.<\/p>\n<h2>D\u00e9tails de l\u2019\u00e9v\u00e9nement<\/h2>\n<ul>\n<li>\n<div><b>Date<\/b>\u00a0: mardi 15 septembre 2026<\/div>\n<div><b>Lieu<\/b>\u00a0: Falcon Ridge Golf Club, 4740 High, Ottawa, ON<\/div>\n<\/li>\n<\/ul>\n<div role=\"presentation\">\n<div>Restez \u00e0 l\u2019\u00e9coute pour les d\u00e9tails d\u2019inscription et de commanditaire bient\u00f4t. Nous sommes impatients de vous voir sur le parcours. Marquez votre calendrier et surveillez les mises \u00e0 jour<\/div>\n<\/div>\n","protected":false},"excerpt":{"rendered":"<p>L\u2019ACEC aimerait remercier tout le monde d\u2019avoir particip\u00e9 \u00e0 notre premier tournoi de golf annuel. <\/p>\n","protected":false},"author":1,"featured_media":12705,"parent":139,"menu_order":2,"comment_status":"closed","ping_status":"closed","template":"","meta":{"_acf_changed":false,"footnotes":""},"class_list":["post-12696","page","type-page","status-publish","has-post-thumbnail","hentry"],"acf":[],"yoast_head":"<!-- This site is optimized with the Yoast SEO plugin v27.4 - https:\/\/yoast.com\/product\/yoast-seo-wordpress\/ -->\n<title>Tournoi de golf annuel de l&#039;ACEC - Canadian Roofing Contractors Association<\/title>\n<meta name=\"robots\" content=\"index, follow, max-snippet:-1, max-image-preview:large, max-video-preview:-1\" \/>\n<link rel=\"canonical\" href=\"https:\/\/roofingcanada.com\/fr\/activites\/tournoi-de-golf-annuel-de-lacec\/\" \/>\n<meta property=\"og:locale\" content=\"fr_FR\" \/>\n<meta property=\"og:type\" content=\"article\" \/>\n<meta property=\"og:title\" content=\"Tournoi de golf annuel de l&#039;ACEC - Canadian Roofing Contractors Association\" \/>\n<meta property=\"og:description\" content=\"L\u2019ACEC aimerait remercier tout le monde d\u2019avoir particip\u00e9 \u00e0 notre premier tournoi de golf annuel.\" \/>\n<meta property=\"og:url\" content=\"https:\/\/roofingcanada.com\/fr\/activites\/tournoi-de-golf-annuel-de-lacec\/\" \/>\n<meta property=\"og:site_name\" content=\"Canadian Roofing Contractors Association\" \/>\n<meta property=\"article:modified_time\" content=\"2026-02-03T15:42:55+00:00\" \/>\n<meta property=\"og:image\" content=\"https:\/\/roofingcanada.com\/wp-content\/uploads\/2025\/06\/icon-golf.png\" \/>\n\t<meta property=\"og:image:width\" content=\"101\" \/>\n\t<meta property=\"og:image:height\" content=\"101\" \/>\n\t<meta property=\"og:image:type\" content=\"image\/png\" \/>\n<meta name=\"twitter:card\" content=\"summary_large_image\" \/>\n<script type=\"application\/ld+json\" class=\"yoast-schema-graph\">{\"@context\":\"https:\\\/\\\/schema.org\",\"@graph\":[{\"@type\":\"WebPage\",\"@id\":\"https:\\\/\\\/roofingcanada.com\\\/fr\\\/activites\\\/tournoi-de-golf-annuel-de-lacec\\\/\",\"url\":\"https:\\\/\\\/roofingcanada.com\\\/fr\\\/activites\\\/tournoi-de-golf-annuel-de-lacec\\\/\",\"name\":\"Tournoi de golf annuel de l'ACEC - Canadian Roofing Contractors Association\",\"isPartOf\":{\"@id\":\"https:\\\/\\\/roofingcanada.com\\\/#website\"},\"primaryImageOfPage\":{\"@id\":\"https:\\\/\\\/roofingcanada.com\\\/fr\\\/activites\\\/tournoi-de-golf-annuel-de-lacec\\\/#primaryimage\"},\"image\":{\"@id\":\"https:\\\/\\\/roofingcanada.com\\\/fr\\\/activites\\\/tournoi-de-golf-annuel-de-lacec\\\/#primaryimage\"},\"thumbnailUrl\":\"https:\\\/\\\/roofingcanada.com\\\/wp-content\\\/uploads\\\/2025\\\/06\\\/icon-golf.png\",\"datePublished\":\"2025-06-12T19:19:06+00:00\",\"dateModified\":\"2026-02-03T15:42:55+00:00\",\"breadcrumb\":{\"@id\":\"https:\\\/\\\/roofingcanada.com\\\/fr\\\/activites\\\/tournoi-de-golf-annuel-de-lacec\\\/#breadcrumb\"},\"inLanguage\":\"fr-FR\",\"potentialAction\":[{\"@type\":\"ReadAction\",\"target\":[\"https:\\\/\\\/roofingcanada.com\\\/fr\\\/activites\\\/tournoi-de-golf-annuel-de-lacec\\\/\"]}]},{\"@type\":\"ImageObject\",\"inLanguage\":\"fr-FR\",\"@id\":\"https:\\\/\\\/roofingcanada.com\\\/fr\\\/activites\\\/tournoi-de-golf-annuel-de-lacec\\\/#primaryimage\",\"url\":\"https:\\\/\\\/roofingcanada.com\\\/wp-content\\\/uploads\\\/2025\\\/06\\\/icon-golf.png\",\"contentUrl\":\"https:\\\/\\\/roofingcanada.com\\\/wp-content\\\/uploads\\\/2025\\\/06\\\/icon-golf.png\",\"width\":101,\"height\":101},{\"@type\":\"BreadcrumbList\",\"@id\":\"https:\\\/\\\/roofingcanada.com\\\/fr\\\/activites\\\/tournoi-de-golf-annuel-de-lacec\\\/#breadcrumb\",\"itemListElement\":[{\"@type\":\"ListItem\",\"position\":1,\"name\":\"Activit\u00e9s de l\u2019industrie canadienne de la toiture\",\"item\":\"https:\\\/\\\/roofingcanada.com\\\/fr\\\/activites\\\/\"},{\"@type\":\"ListItem\",\"position\":2,\"name\":\"Tournoi de golf annuel de l&#8217;ACEC\"}]},{\"@type\":\"WebSite\",\"@id\":\"https:\\\/\\\/roofingcanada.com\\\/#website\",\"url\":\"https:\\\/\\\/roofingcanada.com\\\/\",\"name\":\"Canadian Roofing Contractors Association\",\"description\":\"Sous un seul toit\",\"potentialAction\":[{\"@type\":\"SearchAction\",\"target\":{\"@type\":\"EntryPoint\",\"urlTemplate\":\"https:\\\/\\\/roofingcanada.com\\\/?s={search_term_string}\"},\"query-input\":{\"@type\":\"PropertyValueSpecification\",\"valueRequired\":true,\"valueName\":\"search_term_string\"}}],\"inLanguage\":\"fr-FR\"}]}<\/script>\n<!-- \/ Yoast SEO plugin. -->","yoast_head_json":{"title":"Tournoi de golf annuel de l'ACEC - Canadian Roofing Contractors Association","robots":{"index":"index","follow":"follow","max-snippet":"max-snippet:-1","max-image-preview":"max-image-preview:large","max-video-preview":"max-video-preview:-1"},"canonical":"https:\/\/roofingcanada.com\/fr\/activites\/tournoi-de-golf-annuel-de-lacec\/","og_locale":"fr_FR","og_type":"article","og_title":"Tournoi de golf annuel de l'ACEC - Canadian Roofing Contractors Association","og_description":"L\u2019ACEC aimerait remercier tout le monde d\u2019avoir particip\u00e9 \u00e0 notre premier tournoi de golf annuel.","og_url":"https:\/\/roofingcanada.com\/fr\/activites\/tournoi-de-golf-annuel-de-lacec\/","og_site_name":"Canadian Roofing Contractors Association","article_modified_time":"2026-02-03T15:42:55+00:00","og_image":[{"width":101,"height":101,"url":"https:\/\/roofingcanada.com\/wp-content\/uploads\/2025\/06\/icon-golf.png","type":"image\/png"}],"twitter_card":"summary_large_image","schema":{"@context":"https:\/\/schema.org","@graph":[{"@type":"WebPage","@id":"https:\/\/roofingcanada.com\/fr\/activites\/tournoi-de-golf-annuel-de-lacec\/","url":"https:\/\/roofingcanada.com\/fr\/activites\/tournoi-de-golf-annuel-de-lacec\/","name":"Tournoi de golf annuel de l'ACEC - Canadian Roofing Contractors Association","isPartOf":{"@id":"https:\/\/roofingcanada.com\/#website"},"primaryImageOfPage":{"@id":"https:\/\/roofingcanada.com\/fr\/activites\/tournoi-de-golf-annuel-de-lacec\/#primaryimage"},"image":{"@id":"https:\/\/roofingcanada.com\/fr\/activites\/tournoi-de-golf-annuel-de-lacec\/#primaryimage"},"thumbnailUrl":"https:\/\/roofingcanada.com\/wp-content\/uploads\/2025\/06\/icon-golf.png","datePublished":"2025-06-12T19:19:06+00:00","dateModified":"2026-02-03T15:42:55+00:00","breadcrumb":{"@id":"https:\/\/roofingcanada.com\/fr\/activites\/tournoi-de-golf-annuel-de-lacec\/#breadcrumb"},"inLanguage":"fr-FR","potentialAction":[{"@type":"ReadAction","target":["https:\/\/roofingcanada.com\/fr\/activites\/tournoi-de-golf-annuel-de-lacec\/"]}]},{"@type":"ImageObject","inLanguage":"fr-FR","@id":"https:\/\/roofingcanada.com\/fr\/activites\/tournoi-de-golf-annuel-de-lacec\/#primaryimage","url":"https:\/\/roofingcanada.com\/wp-content\/uploads\/2025\/06\/icon-golf.png","contentUrl":"https:\/\/roofingcanada.com\/wp-content\/uploads\/2025\/06\/icon-golf.png","width":101,"height":101},{"@type":"BreadcrumbList","@id":"https:\/\/roofingcanada.com\/fr\/activites\/tournoi-de-golf-annuel-de-lacec\/#breadcrumb","itemListElement":[{"@type":"ListItem","position":1,"name":"Activit\u00e9s de l\u2019industrie canadienne de la toiture","item":"https:\/\/roofingcanada.com\/fr\/activites\/"},{"@type":"ListItem","position":2,"name":"Tournoi de golf annuel de l&#8217;ACEC"}]},{"@type":"WebSite","@id":"https:\/\/roofingcanada.com\/#website","url":"https:\/\/roofingcanada.com\/","name":"Canadian Roofing Contractors Association","description":"Sous un seul toit","potentialAction":[{"@type":"SearchAction","target":{"@type":"EntryPoint","urlTemplate":"https:\/\/roofingcanada.com\/?s={search_term_string}"},"query-input":{"@type":"PropertyValueSpecification","valueRequired":true,"valueName":"search_term_string"}}],"inLanguage":"fr-FR"}]}},"_links":{"self":[{"href":"https:\/\/roofingcanada.com\/fr\/wp-json\/wp\/v2\/pages\/12696","targetHints":{"allow":["GET"]}}],"collection":[{"href":"https:\/\/roofingcanada.com\/fr\/wp-json\/wp\/v2\/pages"}],"about":[{"href":"https:\/\/roofingcanada.com\/fr\/wp-json\/wp\/v2\/types\/page"}],"author":[{"embeddable":true,"href":"https:\/\/roofingcanada.com\/fr\/wp-json\/wp\/v2\/users\/1"}],"replies":[{"embeddable":true,"href":"https:\/\/roofingcanada.com\/fr\/wp-json\/wp\/v2\/comments?post=12696"}],"version-history":[{"count":8,"href":"https:\/\/roofingcanada.com\/fr\/wp-json\/wp\/v2\/pages\/12696\/revisions"}],"predecessor-version":[{"id":13061,"href":"https:\/\/roofingcanada.com\/fr\/wp-json\/wp\/v2\/pages\/12696\/revisions\/13061"}],"up":[{"embeddable":true,"href":"https:\/\/roofingcanada.com\/fr\/wp-json\/wp\/v2\/pages\/139"}],"wp:featuredmedia":[{"embeddable":true,"href":"https:\/\/roofingcanada.com\/fr\/wp-json\/wp\/v2\/media\/12705"}],"wp:attachment":[{"href":"https:\/\/roofingcanada.com\/fr\/wp-json\/wp\/v2\/media?parent=12696"}],"curies":[{"name":"wp","href":"https:\/\/api.w.org\/{rel}","templated":true}]}}