{"id":12231,"date":"2024-09-25T08:36:57","date_gmt":"2024-09-25T12:36:57","guid":{"rendered":"https:\/\/roofingcanada.com\/?page_id=12231"},"modified":"2024-09-25T08:47:14","modified_gmt":"2024-09-25T12:47:14","slug":"dan-nosaty-msr","status":"publish","type":"page","link":"https:\/\/roofingcanada.com\/fr\/dan-nosaty-msr\/","title":{"rendered":"Dan Nosaty, MSR"},"content":{"rendered":"<p>Dan Nosaty a commenc\u00e9 sa carri\u00e8re de couvreur chez Oakwood Roofing &amp; Sheet Metal, \u00e0 Winnipeg (Manitoba), o\u00f9 il travaille depuis pr\u00e8s de 30 ans. Il a commenc\u00e9 comme ouvrier, a obtenu billet de couvreur, est devenu superviseur et est finalement devenu gestionnaire de projet. Dan est maintenant directeur g\u00e9n\u00e9ral chez Oakwood Roofing &amp; Sheet Metal Co.<\/p>\n<p>Dan a particip\u00e9 activement \u00e0 l\u2019apprentissage au Manitoba et a contribu\u00e9 \u00e0 l\u2019\u00e9laboration des normes professionnelles du Sceau rouge pour les couvreurs en 2020. De plus, il a contribu\u00e9 \u00e0 l\u2019\u00e9laboration des d\u00e9finitions des m\u00e9tiers sp\u00e9cialis\u00e9s du Manitoba en 2019 et 2021.<\/p>\n<p>Le but de Dan est de sensibiliser les gens \u00e0 l\u2019industrie des couvertures et de souligner les avantages et les possibilit\u00e9s offertes aux gens de m\u00e9tier sp\u00e9cialis\u00e9s en couverture \u00e0 obtenir leur <strong>mention Sceau rouge<\/strong>.<\/p>\n","protected":false},"excerpt":{"rendered":"<p>Dan Nosaty a commenc\u00e9 sa carri\u00e8re de couvreur chez Oakwood Roofing &amp; Sheet Metal, \u00e0 Winnipeg (Manitoba), o\u00f9 il travaille depuis pr\u00e8s de 30 ans. Il a commenc\u00e9 comme ouvrier, a obtenu billet de couvreur, est devenu superviseur et est finalement devenu gestionnaire de projet. Dan est maintenant directeur g\u00e9n\u00e9ral chez Oakwood Roofing &amp; Sheet&#8230;  <a class=\"excerpt-read-more\" href=\"https:\/\/roofingcanada.com\/fr\/dan-nosaty-msr\/\" title=\"ReadDan Nosaty, MSR\">En savoir plus \u00bb<\/a><\/p>\n","protected":false},"author":1,"featured_media":0,"parent":0,"menu_order":0,"comment_status":"closed","ping_status":"closed","template":"","meta":{"_acf_changed":false,"footnotes":""},"class_list":["post-12231","page","type-page","status-publish","hentry"],"acf":[],"yoast_head":"<!-- This site is optimized with the Yoast SEO plugin v27.4 - https:\/\/yoast.com\/product\/yoast-seo-wordpress\/ -->\n<title>Dan Nosaty, MSR - Canadian Roofing Contractors Association<\/title>\n<meta name=\"robots\" content=\"index, follow, max-snippet:-1, max-image-preview:large, max-video-preview:-1\" \/>\n<link rel=\"canonical\" href=\"https:\/\/roofingcanada.com\/fr\/dan-nosaty-msr\/\" \/>\n<meta property=\"og:locale\" content=\"fr_FR\" \/>\n<meta property=\"og:type\" content=\"article\" \/>\n<meta property=\"og:title\" content=\"Dan Nosaty, MSR - Canadian Roofing Contractors Association\" \/>\n<meta property=\"og:description\" content=\"Dan Nosaty a commenc\u00e9 sa carri\u00e8re de couvreur chez Oakwood Roofing &amp; Sheet Metal, \u00e0 Winnipeg (Manitoba), o\u00f9 il travaille depuis pr\u00e8s de 30 ans. Il a commenc\u00e9 comme ouvrier, a obtenu billet de couvreur, est devenu superviseur et est finalement devenu gestionnaire de projet. Dan est maintenant directeur g\u00e9n\u00e9ral chez Oakwood Roofing &amp; Sheet... En savoir plus \u00bb\" \/>\n<meta property=\"og:url\" content=\"https:\/\/roofingcanada.com\/fr\/dan-nosaty-msr\/\" \/>\n<meta property=\"og:site_name\" content=\"Canadian Roofing Contractors Association\" \/>\n<meta property=\"article:modified_time\" content=\"2024-09-25T12:47:14+00:00\" \/>\n<meta name=\"twitter:card\" content=\"summary_large_image\" \/>\n<script type=\"application\/ld+json\" class=\"yoast-schema-graph\">{\"@context\":\"https:\\\/\\\/schema.org\",\"@graph\":[{\"@type\":\"WebPage\",\"@id\":\"https:\\\/\\\/roofingcanada.com\\\/fr\\\/dan-nosaty-msr\\\/\",\"url\":\"https:\\\/\\\/roofingcanada.com\\\/fr\\\/dan-nosaty-msr\\\/\",\"name\":\"Dan Nosaty, MSR - Canadian Roofing Contractors Association\",\"isPartOf\":{\"@id\":\"https:\\\/\\\/roofingcanada.com\\\/#website\"},\"datePublished\":\"2024-09-25T12:36:57+00:00\",\"dateModified\":\"2024-09-25T12:47:14+00:00\",\"inLanguage\":\"fr-FR\",\"potentialAction\":[{\"@type\":\"ReadAction\",\"target\":[\"https:\\\/\\\/roofingcanada.com\\\/fr\\\/dan-nosaty-msr\\\/\"]}]},{\"@type\":\"WebSite\",\"@id\":\"https:\\\/\\\/roofingcanada.com\\\/#website\",\"url\":\"https:\\\/\\\/roofingcanada.com\\\/\",\"name\":\"Canadian Roofing Contractors Association\",\"description\":\"Sous un seul toit\",\"potentialAction\":[{\"@type\":\"SearchAction\",\"target\":{\"@type\":\"EntryPoint\",\"urlTemplate\":\"https:\\\/\\\/roofingcanada.com\\\/?s={search_term_string}\"},\"query-input\":{\"@type\":\"PropertyValueSpecification\",\"valueRequired\":true,\"valueName\":\"search_term_string\"}}],\"inLanguage\":\"fr-FR\"}]}<\/script>\n<!-- \/ Yoast SEO plugin. -->","yoast_head_json":{"title":"Dan Nosaty, MSR - Canadian Roofing Contractors Association","robots":{"index":"index","follow":"follow","max-snippet":"max-snippet:-1","max-image-preview":"max-image-preview:large","max-video-preview":"max-video-preview:-1"},"canonical":"https:\/\/roofingcanada.com\/fr\/dan-nosaty-msr\/","og_locale":"fr_FR","og_type":"article","og_title":"Dan Nosaty, MSR - Canadian Roofing Contractors Association","og_description":"Dan Nosaty a commenc\u00e9 sa carri\u00e8re de couvreur chez Oakwood Roofing &amp; Sheet Metal, \u00e0 Winnipeg (Manitoba), o\u00f9 il travaille depuis pr\u00e8s de 30 ans. Il a commenc\u00e9 comme ouvrier, a obtenu billet de couvreur, est devenu superviseur et est finalement devenu gestionnaire de projet. Dan est maintenant directeur g\u00e9n\u00e9ral chez Oakwood Roofing &amp; Sheet... En savoir plus \u00bb","og_url":"https:\/\/roofingcanada.com\/fr\/dan-nosaty-msr\/","og_site_name":"Canadian Roofing Contractors Association","article_modified_time":"2024-09-25T12:47:14+00:00","twitter_card":"summary_large_image","schema":{"@context":"https:\/\/schema.org","@graph":[{"@type":"WebPage","@id":"https:\/\/roofingcanada.com\/fr\/dan-nosaty-msr\/","url":"https:\/\/roofingcanada.com\/fr\/dan-nosaty-msr\/","name":"Dan Nosaty, MSR - Canadian Roofing Contractors Association","isPartOf":{"@id":"https:\/\/roofingcanada.com\/#website"},"datePublished":"2024-09-25T12:36:57+00:00","dateModified":"2024-09-25T12:47:14+00:00","inLanguage":"fr-FR","potentialAction":[{"@type":"ReadAction","target":["https:\/\/roofingcanada.com\/fr\/dan-nosaty-msr\/"]}]},{"@type":"WebSite","@id":"https:\/\/roofingcanada.com\/#website","url":"https:\/\/roofingcanada.com\/","name":"Canadian Roofing Contractors Association","description":"Sous un seul toit","potentialAction":[{"@type":"SearchAction","target":{"@type":"EntryPoint","urlTemplate":"https:\/\/roofingcanada.com\/?s={search_term_string}"},"query-input":{"@type":"PropertyValueSpecification","valueRequired":true,"valueName":"search_term_string"}}],"inLanguage":"fr-FR"}]}},"_links":{"self":[{"href":"https:\/\/roofingcanada.com\/fr\/wp-json\/wp\/v2\/pages\/12231","targetHints":{"allow":["GET"]}}],"collection":[{"href":"https:\/\/roofingcanada.com\/fr\/wp-json\/wp\/v2\/pages"}],"about":[{"href":"https:\/\/roofingcanada.com\/fr\/wp-json\/wp\/v2\/types\/page"}],"author":[{"embeddable":true,"href":"https:\/\/roofingcanada.com\/fr\/wp-json\/wp\/v2\/users\/1"}],"replies":[{"embeddable":true,"href":"https:\/\/roofingcanada.com\/fr\/wp-json\/wp\/v2\/comments?post=12231"}],"version-history":[{"count":3,"href":"https:\/\/roofingcanada.com\/fr\/wp-json\/wp\/v2\/pages\/12231\/revisions"}],"predecessor-version":[{"id":12236,"href":"https:\/\/roofingcanada.com\/fr\/wp-json\/wp\/v2\/pages\/12231\/revisions\/12236"}],"wp:attachment":[{"href":"https:\/\/roofingcanada.com\/fr\/wp-json\/wp\/v2\/media?parent=12231"}],"curies":[{"name":"wp","href":"https:\/\/api.w.org\/{rel}","templated":true}]}}