{"id":11884,"date":"2024-02-24T08:00:21","date_gmt":"2024-02-24T13:00:21","guid":{"rendered":"https:\/\/roofingcanada.com\/?page_id=11884"},"modified":"2024-09-06T09:04:48","modified_gmt":"2024-09-06T13:04:48","slug":"publications-de-reference","status":"publish","type":"page","link":"https:\/\/roofingcanada.com\/fr\/conseils-techniques\/publications-de-reference\/","title":{"rendered":"Publications de r\u00e9f\u00e9rence"},"content":{"rendered":"<p class=\"LC20lb MBeuO DKV0Md\">Les publications de r\u00e9f\u00e9rence peuvent \u00eatre t\u00e9l\u00e9charg\u00e9 ci-dessous.<\/p>\n<div class=\"media\">\n<div class=\"media-image\"><img loading=\"lazy\" decoding=\"async\" class=\"alignleft wp-image-202\" src=\"https:\/\/roofingcanada.com\/wp-content\/uploads\/2024\/01\/image-CCA-Q2-2024ICIC-Quarterly-Insights.png\" alt=\"\" width=\"155\" height=\"200\" \/><\/div>\n<div class=\"media-body\">\n<h2 class=\"page-title\">Analyse trimestrielle du secteur de la construction ICITC<\/h2>\n<h3><em>Publi\u00e9 en janvier 2024<br \/>\n<\/em><\/h3>\n<p>Ce rapport (en anglais) a \u00e9t\u00e9 pr\u00e9par\u00e9 par l\u2019Association canadienne de la construction (ACC) pour donner un aper\u00e7u du dernier trimestre, de la sant\u00e9 \u00e9conomique actuelle de l\u2019industrie et de ses r\u00e9percussions pour les entreprises membres.<\/p>\n<p><a class=\"common-btn\" href=\"https:\/\/roofingcanada.com\/wp-content\/uploads\/2024\/01\/CCA-Q2-2024ICIC-Quarterly-Insights-Q3-E.pdf\" target=\"_blank\" rel=\"noopener\">T\u00e9l\u00e9charger<\/a><\/p>\n<\/div>\n<\/div>\n<hr \/>\n<div class=\"media\">\n<div class=\"media-image\"><img loading=\"lazy\" decoding=\"async\" class=\"alignleft wp-image-202\" src=\"https:\/\/roofingcanada.com\/wp-content\/uploads\/2024\/03\/BFC-IMM-Report_FR.jpg\" alt=\"\" width=\"155\" height=\"120\" \/><\/div>\n<div class=\"media-body\">\n<h2 class=\"page-title\">Mise \u00e0 jour du rapport<br \/>\nsur l\u2019immigration<\/h2>\n<h3><em>Publi\u00e9 en mars 2024<br \/>\n<\/em><\/h3>\n<p>Ce rapport, pr\u00e9par\u00e9 par ConstruForce, examine l\u2019\u00e9tat actuel des politiques d\u2019immigration \u00e0 l\u2019\u00e9chelle nationale et dans l\u2019ensemble des provinces et territoires du Canada, et recommande l\u2019adoption d\u2019une s\u00e9rie de principes consensuels afin que le secteur de la construction puisse mieux acc\u00e9der aux travailleurs qualifi\u00e9s \u00e9trangers en vue de rem\u00e9dier aux p\u00e9nuries de main-d\u2019\u0153uvre qualifi\u00e9e pr\u00e9vues occasionn\u00e9es par la demande croissante dans le secteur de la construction ainsi que par les changements d\u00e9mographiques.<\/p>\n<p><a class=\"common-btn\" href=\"https:\/\/roofingcanada.com\/wp-content\/uploads\/2024\/03\/BFC-IMM-Report_FR.pdf\" target=\"_blank\" rel=\"noopener\">T\u00e9l\u00e9charger<\/a><\/p>\n<\/div>\n<\/div>\n<hr \/>\n<div class=\"media\">\n<div class=\"media-image\"><img loading=\"lazy\" decoding=\"async\" class=\"alignleft wp-image-202\" src=\"https:\/\/roofingcanada.com\/wp-content\/uploads\/2024\/08\/Greening-Government-Strategy-June-5-2024-CRCA-Summary-1.jpg\" alt=\"\" width=\"155\" height=\"201\" \/><\/div>\n<div class=\"media-body\">\n<h2><b>Am\u00e9lioration de la strat\u00e9gie d\u2019\u00e9cologisation du gouvernement<\/b><\/h2>\n<h3><em>Publi\u00e9 en juillet 2024<\/em><\/h3>\n<p>Le 5 juin 2024, l\u2019honorable Anita Anand, pr\u00e9sidente du Conseil du Tr\u00e9sor, a annonc\u00e9 des am\u00e9liorations \u00e0 la Strat\u00e9gie pour un gouvernement vert (SGV). Ces am\u00e9liorations aideront \u00e0 r\u00e9duire l\u2019empreinte carbone des op\u00e9rations gouvernementales. Elles soutiendront aussi la transition continue du Canada vers une \u00e9conomie \u00e0 faibles \u00e9missions de carbone.<\/p>\n<p><a class=\"common-btn\" href=\"https:\/\/roofingcanada.com\/wp-content\/uploads\/2024\/08\/Greening-Government-Strategy-June-5-2024-CRCA-Summary_FRN_.pdf\" target=\"_blank\" rel=\"noopener\">T\u00e9l\u00e9charger<\/a><\/p>\n<\/div>\n<\/div>\n<hr \/>\n<div class=\"media\">\n<div class=\"media-image\"><img loading=\"lazy\" decoding=\"async\" class=\"alignleft wp-image-202\" src=\"https:\/\/roofingcanada.com\/wp-content\/uploads\/2024\/08\/2024-Federal-Government-Green-Building-Strategy-EN-1.jpg\" alt=\"\" width=\"155\" height=\"201\" \/><\/div>\n<div class=\"media-body\">\n<h2><b>Strat\u00e9gie de construction \u00e9cologique du gouvernement f\u00e9d\u00e9ral pour 2024 \u2014 Vue d\u2019ensemble<\/b><\/h2>\n<h3><em>Publi\u00e9 en juillet 2024<\/em><\/h3>\n<p>Le 16 juillet 2024, le ministre f\u00e9d\u00e9ral de l\u2019\u00c9nergie et des Ressources naturelles a publi\u00e9 la nouvelle Strat\u00e9gie canadienne pour les b\u00e2timents verts (SCBV) du gouvernement. Le gouvernement du Canada s\u2019appuiera sur l\u2019avantage de la fabrication propre au Canada pour d\u00e9velopper une fondation durable pour les ann\u00e9es \u00e0 venir. La nouvelle approche d\u2019achat propre soutient une transition vers des mat\u00e9riaux et une conception \u00e0 faible \u00e9mission de carbone. Les achats de construction f\u00e9d\u00e9raux et les investissements dans des infrastructures publiques r\u00e9duisent le cycle de vie complet des \u00e9missions provenant des mat\u00e9riaux de construction et des projets. Cette approche favorise la comp\u00e9titivit\u00e9 de la fabrication et cr\u00e9e des emplois.<\/p>\n<p><a class=\"common-btn\" href=\"https:\/\/roofingcanada.com\/wp-content\/uploads\/2024\/08\/2024-Federal-Government-Green-Building-Strategy_FRN.pdf\" target=\"_blank\" rel=\"noopener\">T\u00e9l\u00e9charger<\/a><\/p>\n<\/div>\n<\/div>\n<hr \/>\n<div class=\"media\">\n<div class=\"media-image\"><img loading=\"lazy\" decoding=\"async\" class=\"alignleft wp-image-202\" src=\"https:\/\/roofingcanada.com\/wp-content\/uploads\/2024\/09\/Plans-dentreprise-du-gouvernement-federal-2024-2025.jpg\" alt=\"\" width=\"155\" height=\"201\" \/><\/div>\n<div class=\"media-body\">\n<h2><b>Plans d\u2019entreprise du gouvernement f\u00e9d\u00e9ral (2024 \u2013 2025) Budget principal des d\u00e9penses Partie III \u2013 Septembre 2024<\/b><\/h2>\n<h3><em>Publi\u00e9 en septembre 2024<\/em><\/h3>\n<p>Chaque ann\u00e9e, le gouvernement f\u00e9d\u00e9ral publie un ensemble de documents d\u00e9taill\u00e9s appel\u00e9s \u00ab\u00a0Famille des documents budg\u00e9taires\u00a0\u00bb.<\/p>\n<p>Nous avons pr\u00e9par\u00e9 un r\u00e9sum\u00e9 des 12 plans minist\u00e9riels de la partie III du minist\u00e8re qui, selon nous, ont des priorit\u00e9s li\u00e9es \u00e0 la construction.<\/p>\n<p>Le but est double\u00a0: il nous aide \u00e0 comprendre et \u00e0 repr\u00e9senter les membres de l\u2019ACEC aupr\u00e8s du gouvernement f\u00e9d\u00e9ral, et nous esp\u00e9rons que cela vous fournira des renseignements pertinents sur la politique f\u00e9d\u00e9rale en mati\u00e8re de construction et les plans de d\u00e9penses.<\/p>\n<p><a class=\"common-btn\" href=\"https:\/\/roofingcanada.com\/wp-content\/uploads\/2024\/09\/Plans-dentreprise-du-gouvernement-federal-2024-\u2013-2025-Budget-principal-des-depenses-Partie-III-\u2013-Septembre-2024.pdf\" target=\"_blank\" rel=\"noopener\">T\u00e9l\u00e9charger<\/a><\/p>\n<\/div>\n<\/div>\n","protected":false},"excerpt":{"rendered":"<p>Ce rapport (en anglais) a \u00e9t\u00e9 pr\u00e9par\u00e9 par l\u2019Association canadienne de la construction (ACC) pour donner un aper\u00e7u du dernier trimestre, de la sant\u00e9 \u00e9conomique actuelle de l\u2019industrie et de ses r\u00e9percussions pour les entreprises membres.<\/p>\n","protected":false},"author":1,"featured_media":11850,"parent":143,"menu_order":5,"comment_status":"closed","ping_status":"closed","template":"","meta":{"_acf_changed":false,"footnotes":""},"class_list":["post-11884","page","type-page","status-publish","has-post-thumbnail","hentry"],"acf":[],"yoast_head":"<!-- This site is optimized with the Yoast SEO plugin v27.4 - https:\/\/yoast.com\/product\/yoast-seo-wordpress\/ -->\n<title>Publications de r\u00e9f\u00e9rence - Canadian Roofing Contractors Association<\/title>\n<meta name=\"robots\" content=\"index, follow, max-snippet:-1, max-image-preview:large, max-video-preview:-1\" \/>\n<link rel=\"canonical\" href=\"https:\/\/roofingcanada.com\/fr\/conseils-techniques\/publications-de-reference\/\" \/>\n<meta property=\"og:locale\" content=\"fr_FR\" \/>\n<meta property=\"og:type\" content=\"article\" \/>\n<meta property=\"og:title\" content=\"Publications de r\u00e9f\u00e9rence - Canadian Roofing Contractors Association\" \/>\n<meta property=\"og:description\" content=\"Ce rapport (en anglais) a \u00e9t\u00e9 pr\u00e9par\u00e9 par l\u2019Association canadienne de la construction (ACC) pour donner un aper\u00e7u du dernier trimestre, de la sant\u00e9 \u00e9conomique actuelle de l\u2019industrie et de ses r\u00e9percussions pour les entreprises membres.\" \/>\n<meta property=\"og:url\" content=\"https:\/\/roofingcanada.com\/fr\/conseils-techniques\/publications-de-reference\/\" \/>\n<meta property=\"og:site_name\" content=\"Canadian Roofing Contractors Association\" \/>\n<meta property=\"article:modified_time\" content=\"2024-09-06T13:04:48+00:00\" \/>\n<meta property=\"og:image\" content=\"https:\/\/roofingcanada.com\/wp-content\/uploads\/2024\/01\/icon-refrence.png\" \/>\n\t<meta property=\"og:image:width\" content=\"101\" \/>\n\t<meta property=\"og:image:height\" content=\"101\" \/>\n\t<meta property=\"og:image:type\" content=\"image\/png\" \/>\n<meta name=\"twitter:card\" content=\"summary_large_image\" \/>\n<script type=\"application\/ld+json\" class=\"yoast-schema-graph\">{\"@context\":\"https:\\\/\\\/schema.org\",\"@graph\":[{\"@type\":\"WebPage\",\"@id\":\"https:\\\/\\\/roofingcanada.com\\\/fr\\\/conseils-techniques\\\/publications-de-reference\\\/\",\"url\":\"https:\\\/\\\/roofingcanada.com\\\/fr\\\/conseils-techniques\\\/publications-de-reference\\\/\",\"name\":\"Publications de r\u00e9f\u00e9rence - Canadian Roofing Contractors Association\",\"isPartOf\":{\"@id\":\"https:\\\/\\\/roofingcanada.com\\\/#website\"},\"primaryImageOfPage\":{\"@id\":\"https:\\\/\\\/roofingcanada.com\\\/fr\\\/conseils-techniques\\\/publications-de-reference\\\/#primaryimage\"},\"image\":{\"@id\":\"https:\\\/\\\/roofingcanada.com\\\/fr\\\/conseils-techniques\\\/publications-de-reference\\\/#primaryimage\"},\"thumbnailUrl\":\"https:\\\/\\\/roofingcanada.com\\\/wp-content\\\/uploads\\\/2024\\\/01\\\/icon-refrence.png\",\"datePublished\":\"2024-02-24T13:00:21+00:00\",\"dateModified\":\"2024-09-06T13:04:48+00:00\",\"breadcrumb\":{\"@id\":\"https:\\\/\\\/roofingcanada.com\\\/fr\\\/conseils-techniques\\\/publications-de-reference\\\/#breadcrumb\"},\"inLanguage\":\"fr-FR\",\"potentialAction\":[{\"@type\":\"ReadAction\",\"target\":[\"https:\\\/\\\/roofingcanada.com\\\/fr\\\/conseils-techniques\\\/publications-de-reference\\\/\"]}]},{\"@type\":\"ImageObject\",\"inLanguage\":\"fr-FR\",\"@id\":\"https:\\\/\\\/roofingcanada.com\\\/fr\\\/conseils-techniques\\\/publications-de-reference\\\/#primaryimage\",\"url\":\"https:\\\/\\\/roofingcanada.com\\\/wp-content\\\/uploads\\\/2024\\\/01\\\/icon-refrence.png\",\"contentUrl\":\"https:\\\/\\\/roofingcanada.com\\\/wp-content\\\/uploads\\\/2024\\\/01\\\/icon-refrence.png\",\"width\":101,\"height\":101},{\"@type\":\"BreadcrumbList\",\"@id\":\"https:\\\/\\\/roofingcanada.com\\\/fr\\\/conseils-techniques\\\/publications-de-reference\\\/#breadcrumb\",\"itemListElement\":[{\"@type\":\"ListItem\",\"position\":1,\"name\":\"Conseils techniques sur la toiture de l\u2019ACEC\",\"item\":\"https:\\\/\\\/roofingcanada.com\\\/fr\\\/conseils-techniques\\\/\"},{\"@type\":\"ListItem\",\"position\":2,\"name\":\"Publications de r\u00e9f\u00e9rence\"}]},{\"@type\":\"WebSite\",\"@id\":\"https:\\\/\\\/roofingcanada.com\\\/#website\",\"url\":\"https:\\\/\\\/roofingcanada.com\\\/\",\"name\":\"Canadian Roofing Contractors Association\",\"description\":\"Sous un seul toit\",\"potentialAction\":[{\"@type\":\"SearchAction\",\"target\":{\"@type\":\"EntryPoint\",\"urlTemplate\":\"https:\\\/\\\/roofingcanada.com\\\/?s={search_term_string}\"},\"query-input\":{\"@type\":\"PropertyValueSpecification\",\"valueRequired\":true,\"valueName\":\"search_term_string\"}}],\"inLanguage\":\"fr-FR\"}]}<\/script>\n<!-- \/ Yoast SEO plugin. -->","yoast_head_json":{"title":"Publications de r\u00e9f\u00e9rence - Canadian Roofing Contractors Association","robots":{"index":"index","follow":"follow","max-snippet":"max-snippet:-1","max-image-preview":"max-image-preview:large","max-video-preview":"max-video-preview:-1"},"canonical":"https:\/\/roofingcanada.com\/fr\/conseils-techniques\/publications-de-reference\/","og_locale":"fr_FR","og_type":"article","og_title":"Publications de r\u00e9f\u00e9rence - Canadian Roofing Contractors Association","og_description":"Ce rapport (en anglais) a \u00e9t\u00e9 pr\u00e9par\u00e9 par l\u2019Association canadienne de la construction (ACC) pour donner un aper\u00e7u du dernier trimestre, de la sant\u00e9 \u00e9conomique actuelle de l\u2019industrie et de ses r\u00e9percussions pour les entreprises membres.","og_url":"https:\/\/roofingcanada.com\/fr\/conseils-techniques\/publications-de-reference\/","og_site_name":"Canadian Roofing Contractors Association","article_modified_time":"2024-09-06T13:04:48+00:00","og_image":[{"width":101,"height":101,"url":"https:\/\/roofingcanada.com\/wp-content\/uploads\/2024\/01\/icon-refrence.png","type":"image\/png"}],"twitter_card":"summary_large_image","schema":{"@context":"https:\/\/schema.org","@graph":[{"@type":"WebPage","@id":"https:\/\/roofingcanada.com\/fr\/conseils-techniques\/publications-de-reference\/","url":"https:\/\/roofingcanada.com\/fr\/conseils-techniques\/publications-de-reference\/","name":"Publications de r\u00e9f\u00e9rence - Canadian Roofing Contractors Association","isPartOf":{"@id":"https:\/\/roofingcanada.com\/#website"},"primaryImageOfPage":{"@id":"https:\/\/roofingcanada.com\/fr\/conseils-techniques\/publications-de-reference\/#primaryimage"},"image":{"@id":"https:\/\/roofingcanada.com\/fr\/conseils-techniques\/publications-de-reference\/#primaryimage"},"thumbnailUrl":"https:\/\/roofingcanada.com\/wp-content\/uploads\/2024\/01\/icon-refrence.png","datePublished":"2024-02-24T13:00:21+00:00","dateModified":"2024-09-06T13:04:48+00:00","breadcrumb":{"@id":"https:\/\/roofingcanada.com\/fr\/conseils-techniques\/publications-de-reference\/#breadcrumb"},"inLanguage":"fr-FR","potentialAction":[{"@type":"ReadAction","target":["https:\/\/roofingcanada.com\/fr\/conseils-techniques\/publications-de-reference\/"]}]},{"@type":"ImageObject","inLanguage":"fr-FR","@id":"https:\/\/roofingcanada.com\/fr\/conseils-techniques\/publications-de-reference\/#primaryimage","url":"https:\/\/roofingcanada.com\/wp-content\/uploads\/2024\/01\/icon-refrence.png","contentUrl":"https:\/\/roofingcanada.com\/wp-content\/uploads\/2024\/01\/icon-refrence.png","width":101,"height":101},{"@type":"BreadcrumbList","@id":"https:\/\/roofingcanada.com\/fr\/conseils-techniques\/publications-de-reference\/#breadcrumb","itemListElement":[{"@type":"ListItem","position":1,"name":"Conseils techniques sur la toiture de l\u2019ACEC","item":"https:\/\/roofingcanada.com\/fr\/conseils-techniques\/"},{"@type":"ListItem","position":2,"name":"Publications de r\u00e9f\u00e9rence"}]},{"@type":"WebSite","@id":"https:\/\/roofingcanada.com\/#website","url":"https:\/\/roofingcanada.com\/","name":"Canadian Roofing Contractors Association","description":"Sous un seul toit","potentialAction":[{"@type":"SearchAction","target":{"@type":"EntryPoint","urlTemplate":"https:\/\/roofingcanada.com\/?s={search_term_string}"},"query-input":{"@type":"PropertyValueSpecification","valueRequired":true,"valueName":"search_term_string"}}],"inLanguage":"fr-FR"}]}},"_links":{"self":[{"href":"https:\/\/roofingcanada.com\/fr\/wp-json\/wp\/v2\/pages\/11884","targetHints":{"allow":["GET"]}}],"collection":[{"href":"https:\/\/roofingcanada.com\/fr\/wp-json\/wp\/v2\/pages"}],"about":[{"href":"https:\/\/roofingcanada.com\/fr\/wp-json\/wp\/v2\/types\/page"}],"author":[{"embeddable":true,"href":"https:\/\/roofingcanada.com\/fr\/wp-json\/wp\/v2\/users\/1"}],"replies":[{"embeddable":true,"href":"https:\/\/roofingcanada.com\/fr\/wp-json\/wp\/v2\/comments?post=11884"}],"version-history":[{"count":15,"href":"https:\/\/roofingcanada.com\/fr\/wp-json\/wp\/v2\/pages\/11884\/revisions"}],"predecessor-version":[{"id":12155,"href":"https:\/\/roofingcanada.com\/fr\/wp-json\/wp\/v2\/pages\/11884\/revisions\/12155"}],"up":[{"embeddable":true,"href":"https:\/\/roofingcanada.com\/fr\/wp-json\/wp\/v2\/pages\/143"}],"wp:featuredmedia":[{"embeddable":true,"href":"https:\/\/roofingcanada.com\/fr\/wp-json\/wp\/v2\/media\/11850"}],"wp:attachment":[{"href":"https:\/\/roofingcanada.com\/fr\/wp-json\/wp\/v2\/media?parent=11884"}],"curies":[{"name":"wp","href":"https:\/\/api.w.org\/{rel}","templated":true}]}}