{"id":10155,"date":"2020-07-08T11:56:44","date_gmt":"2020-07-08T11:56:44","guid":{"rendered":"https:\/\/roofingcanada.com\/?page_id=10155"},"modified":"2025-11-14T09:08:33","modified_gmt":"2025-11-14T14:08:33","slug":"services-juridiques","status":"publish","type":"page","link":"https:\/\/roofingcanada.com\/fr\/membres\/services-aux-membres-et-avantages\/services-juridiques\/","title":{"rendered":"Services juridiques"},"content":{"rendered":"<p><strong>Pallett Valo LLP<\/strong> fournit des conseils en droit de la construction aux membres de l\u2019ACEC sur les questions juridiques et op\u00e9rationnelles g\u00e9n\u00e9rales rencontr\u00e9es dans leurs activit\u00e9s quotidiennes et propose des programmes \u00e9ducatifs internes compl\u00e9mentaires sur les principaux d\u00e9veloppements de l\u2019industrie.<\/p>\n<p>Si vous souhaitez en savoir plus, veuillez contacter Jeremy Power \u00e0 l&rsquo;adresse <a href=\"mailto:jpower@pallettvalo.com\">jpower@pallettvalo.com<\/a>.<\/p>\n<h2>\u00c0 propos de notre pratique en construction<\/h2>\n<p>La pratique en construction de Pallett Valo est connue pour fournir aux clients du secteur de la construction un soutien complet et des conseils pratiques en temps appropri\u00e9.<\/p>\n<p>Comprenant les d\u00e9fis uniques rencontr\u00e9s \u00e0 chaque niveau de la pyramide dans la construction, les avocats du cabinet conseillent r\u00e9guli\u00e8rement des propri\u00e9taires, des clients institutionnels, des promoteurs, des entrepreneurs g\u00e9n\u00e9raux, des professionnels de la conception, des sous-traitants, des fournisseurs de mat\u00e9riaux, des cautions, des pr\u00eateurs sur la construction, et des syndics de faillite.<\/p>\n<p>Cela inclut :<\/p>\n<ol>\n<li>Assistance et conseils pour le processus d\u2019appel d\u2019offres, y compris les appels d\u2019offres<\/li>\n<li>Le choix des mod\u00e8les de livraison de contrat appropri\u00e9s<\/li>\n<li>R\u00e9daction et n\u00e9gociation des contrats de construction<\/li>\n<li>Conseil et repr\u00e9sentation pendant et apr\u00e8s la phase de construction<\/li>\n<li>Conseils et orientation sur la m\u00e9thode appropri\u00e9e de r\u00e8glement des diff\u00e9rends, qu\u2019il s\u2019agisse de n\u00e9gociation, d\u2019arbitrage, de m\u00e9diation, d\u2019arbitrage ou de litige<\/li>\n<\/ol>\n<p>Pour en savoir plus sur l&rsquo;\u00e9quipe de droit dans la construction de Pallett Valo, rendez-vous sur <a href=\"pallettvalo.com\" target=\"_blank\" rel=\"noopener\">pallettvalo.com<\/a>.<\/p>\n<h2>\u00c0 propos de la firme<\/h2>\n<p>Pallett Valo est l\u2019un des plus grands cabinets d\u2019avocats de la r\u00e9gion de Peel, dont les racines dans la communaut\u00e9 remontent \u00e0 1948. Le cabinet pratique dans les domaines du droit des affaires, du litige commercial, de l\u2019immobilier commercial, de la construction, de la d\u00e9fense en assurance, de l\u2019emploi et du travail, ainsi que des testaments, successions et fiducies.<\/p>\n<p>Pallett Valo a \u00e9t\u00e9 \u00e9lu parmi les 10 meilleurs cabinets d\u2019avocats r\u00e9gionaux dans des sondages successifs commandit\u00e9s par le magazine <em>Canadian Lawyer<\/em> et figure sur la liste du<em> Globe and Mail<\/em> des meilleurs cabinets d\u2019avocats au Canada dans les cat\u00e9gories Banque et finance, Construction, Droit des soci\u00e9t\u00e9s et droit commercial, Fusions et acquisitions, et l\u2019immobilier.<\/p>\n","protected":false},"excerpt":{"rendered":"<p>Pallett Valo LLP fournit des conseils en droit de la construction aux membres de l\u2019ACEC sur les questions juridiques et op\u00e9rationnelles g\u00e9n\u00e9rales rencontr\u00e9es dans leurs activit\u00e9s quotidiennes et propose des programmes \u00e9ducatifs internes compl\u00e9mentaires sur les principaux d\u00e9veloppements de l\u2019industrie. Si vous souhaitez en savoir plus, veuillez contacter Jeremy Power \u00e0 l&rsquo;adresse jpower@pallettvalo.com. \u00c0 propos&#8230;  <a class=\"excerpt-read-more\" href=\"https:\/\/roofingcanada.com\/fr\/membres\/services-aux-membres-et-avantages\/services-juridiques\/\" title=\"ReadServices juridiques\">En savoir plus \u00bb<\/a><\/p>\n","protected":false},"author":1,"featured_media":0,"parent":220,"menu_order":0,"comment_status":"closed","ping_status":"closed","template":"","meta":{"_acf_changed":false,"footnotes":""},"class_list":["post-10155","page","type-page","status-publish","hentry"],"acf":[],"yoast_head":"<!-- This site is optimized with the Yoast SEO plugin v27.4 - https:\/\/yoast.com\/product\/yoast-seo-wordpress\/ -->\n<title>Services juridiques - Canadian Roofing Contractors Association<\/title>\n<meta name=\"robots\" content=\"index, follow, max-snippet:-1, max-image-preview:large, max-video-preview:-1\" \/>\n<link rel=\"canonical\" href=\"https:\/\/roofingcanada.com\/fr\/membres\/services-aux-membres-et-avantages\/services-juridiques\/\" \/>\n<meta property=\"og:locale\" content=\"fr_FR\" \/>\n<meta property=\"og:type\" content=\"article\" \/>\n<meta property=\"og:title\" content=\"Services juridiques - Canadian Roofing Contractors Association\" \/>\n<meta property=\"og:description\" content=\"Pallett Valo LLP fournit des conseils en droit de la construction aux membres de l\u2019ACEC sur les questions juridiques et op\u00e9rationnelles g\u00e9n\u00e9rales rencontr\u00e9es dans leurs activit\u00e9s quotidiennes et propose des programmes \u00e9ducatifs internes compl\u00e9mentaires sur les principaux d\u00e9veloppements de l\u2019industrie. Si vous souhaitez en savoir plus, veuillez contacter Jeremy Power \u00e0 l&rsquo;adresse jpower@pallettvalo.com. \u00c0 propos... En savoir plus \u00bb\" \/>\n<meta property=\"og:url\" content=\"https:\/\/roofingcanada.com\/fr\/membres\/services-aux-membres-et-avantages\/services-juridiques\/\" \/>\n<meta property=\"og:site_name\" content=\"Canadian Roofing Contractors Association\" \/>\n<meta property=\"article:modified_time\" content=\"2025-11-14T14:08:33+00:00\" \/>\n<meta name=\"twitter:card\" content=\"summary_large_image\" \/>\n<script type=\"application\/ld+json\" class=\"yoast-schema-graph\">{\"@context\":\"https:\\\/\\\/schema.org\",\"@graph\":[{\"@type\":\"WebPage\",\"@id\":\"https:\\\/\\\/roofingcanada.com\\\/fr\\\/membres\\\/services-aux-membres-et-avantages\\\/services-juridiques\\\/\",\"url\":\"https:\\\/\\\/roofingcanada.com\\\/fr\\\/membres\\\/services-aux-membres-et-avantages\\\/services-juridiques\\\/\",\"name\":\"Services juridiques - Canadian Roofing Contractors Association\",\"isPartOf\":{\"@id\":\"https:\\\/\\\/roofingcanada.com\\\/#website\"},\"datePublished\":\"2020-07-08T11:56:44+00:00\",\"dateModified\":\"2025-11-14T14:08:33+00:00\",\"breadcrumb\":{\"@id\":\"https:\\\/\\\/roofingcanada.com\\\/fr\\\/membres\\\/services-aux-membres-et-avantages\\\/services-juridiques\\\/#breadcrumb\"},\"inLanguage\":\"fr-FR\",\"potentialAction\":[{\"@type\":\"ReadAction\",\"target\":[\"https:\\\/\\\/roofingcanada.com\\\/fr\\\/membres\\\/services-aux-membres-et-avantages\\\/services-juridiques\\\/\"]}]},{\"@type\":\"BreadcrumbList\",\"@id\":\"https:\\\/\\\/roofingcanada.com\\\/fr\\\/membres\\\/services-aux-membres-et-avantages\\\/services-juridiques\\\/#breadcrumb\",\"itemListElement\":[{\"@type\":\"ListItem\",\"position\":1,\"name\":\"Membres\",\"item\":\"https:\\\/\\\/roofingcanada.com\\\/fr\\\/membres\\\/\"},{\"@type\":\"ListItem\",\"position\":2,\"name\":\"Services aux membres et avantages\",\"item\":\"https:\\\/\\\/roofingcanada.com\\\/fr\\\/membres\\\/services-aux-membres-et-avantages\\\/\"},{\"@type\":\"ListItem\",\"position\":3,\"name\":\"Services juridiques\"}]},{\"@type\":\"WebSite\",\"@id\":\"https:\\\/\\\/roofingcanada.com\\\/#website\",\"url\":\"https:\\\/\\\/roofingcanada.com\\\/\",\"name\":\"Canadian Roofing Contractors Association\",\"description\":\"Sous un seul toit\",\"potentialAction\":[{\"@type\":\"SearchAction\",\"target\":{\"@type\":\"EntryPoint\",\"urlTemplate\":\"https:\\\/\\\/roofingcanada.com\\\/?s={search_term_string}\"},\"query-input\":{\"@type\":\"PropertyValueSpecification\",\"valueRequired\":true,\"valueName\":\"search_term_string\"}}],\"inLanguage\":\"fr-FR\"}]}<\/script>\n<!-- \/ Yoast SEO plugin. -->","yoast_head_json":{"title":"Services juridiques - Canadian Roofing Contractors Association","robots":{"index":"index","follow":"follow","max-snippet":"max-snippet:-1","max-image-preview":"max-image-preview:large","max-video-preview":"max-video-preview:-1"},"canonical":"https:\/\/roofingcanada.com\/fr\/membres\/services-aux-membres-et-avantages\/services-juridiques\/","og_locale":"fr_FR","og_type":"article","og_title":"Services juridiques - Canadian Roofing Contractors Association","og_description":"Pallett Valo LLP fournit des conseils en droit de la construction aux membres de l\u2019ACEC sur les questions juridiques et op\u00e9rationnelles g\u00e9n\u00e9rales rencontr\u00e9es dans leurs activit\u00e9s quotidiennes et propose des programmes \u00e9ducatifs internes compl\u00e9mentaires sur les principaux d\u00e9veloppements de l\u2019industrie. Si vous souhaitez en savoir plus, veuillez contacter Jeremy Power \u00e0 l&rsquo;adresse jpower@pallettvalo.com. \u00c0 propos... En savoir plus \u00bb","og_url":"https:\/\/roofingcanada.com\/fr\/membres\/services-aux-membres-et-avantages\/services-juridiques\/","og_site_name":"Canadian Roofing Contractors Association","article_modified_time":"2025-11-14T14:08:33+00:00","twitter_card":"summary_large_image","schema":{"@context":"https:\/\/schema.org","@graph":[{"@type":"WebPage","@id":"https:\/\/roofingcanada.com\/fr\/membres\/services-aux-membres-et-avantages\/services-juridiques\/","url":"https:\/\/roofingcanada.com\/fr\/membres\/services-aux-membres-et-avantages\/services-juridiques\/","name":"Services juridiques - Canadian Roofing Contractors Association","isPartOf":{"@id":"https:\/\/roofingcanada.com\/#website"},"datePublished":"2020-07-08T11:56:44+00:00","dateModified":"2025-11-14T14:08:33+00:00","breadcrumb":{"@id":"https:\/\/roofingcanada.com\/fr\/membres\/services-aux-membres-et-avantages\/services-juridiques\/#breadcrumb"},"inLanguage":"fr-FR","potentialAction":[{"@type":"ReadAction","target":["https:\/\/roofingcanada.com\/fr\/membres\/services-aux-membres-et-avantages\/services-juridiques\/"]}]},{"@type":"BreadcrumbList","@id":"https:\/\/roofingcanada.com\/fr\/membres\/services-aux-membres-et-avantages\/services-juridiques\/#breadcrumb","itemListElement":[{"@type":"ListItem","position":1,"name":"Membres","item":"https:\/\/roofingcanada.com\/fr\/membres\/"},{"@type":"ListItem","position":2,"name":"Services aux membres et avantages","item":"https:\/\/roofingcanada.com\/fr\/membres\/services-aux-membres-et-avantages\/"},{"@type":"ListItem","position":3,"name":"Services juridiques"}]},{"@type":"WebSite","@id":"https:\/\/roofingcanada.com\/#website","url":"https:\/\/roofingcanada.com\/","name":"Canadian Roofing Contractors Association","description":"Sous un seul toit","potentialAction":[{"@type":"SearchAction","target":{"@type":"EntryPoint","urlTemplate":"https:\/\/roofingcanada.com\/?s={search_term_string}"},"query-input":{"@type":"PropertyValueSpecification","valueRequired":true,"valueName":"search_term_string"}}],"inLanguage":"fr-FR"}]}},"_links":{"self":[{"href":"https:\/\/roofingcanada.com\/fr\/wp-json\/wp\/v2\/pages\/10155","targetHints":{"allow":["GET"]}}],"collection":[{"href":"https:\/\/roofingcanada.com\/fr\/wp-json\/wp\/v2\/pages"}],"about":[{"href":"https:\/\/roofingcanada.com\/fr\/wp-json\/wp\/v2\/types\/page"}],"author":[{"embeddable":true,"href":"https:\/\/roofingcanada.com\/fr\/wp-json\/wp\/v2\/users\/1"}],"replies":[{"embeddable":true,"href":"https:\/\/roofingcanada.com\/fr\/wp-json\/wp\/v2\/comments?post=10155"}],"version-history":[{"count":21,"href":"https:\/\/roofingcanada.com\/fr\/wp-json\/wp\/v2\/pages\/10155\/revisions"}],"predecessor-version":[{"id":12885,"href":"https:\/\/roofingcanada.com\/fr\/wp-json\/wp\/v2\/pages\/10155\/revisions\/12885"}],"up":[{"embeddable":true,"href":"https:\/\/roofingcanada.com\/fr\/wp-json\/wp\/v2\/pages\/220"}],"wp:attachment":[{"href":"https:\/\/roofingcanada.com\/fr\/wp-json\/wp\/v2\/media?parent=10155"}],"curies":[{"name":"wp","href":"https:\/\/api.w.org\/{rel}","templated":true}]}}