{"id":1010,"date":"2018-05-01T15:51:11","date_gmt":"2018-05-01T15:51:11","guid":{"rendered":"https:\/\/roofingcanada.com\/?page_id=1010"},"modified":"2026-03-31T12:18:48","modified_gmt":"2026-03-31T16:18:48","slug":"crca-18-conseil-dadministration","status":"publish","type":"page","link":"https:\/\/roofingcanada.com\/fr\/profil-de-lacec\/gouvernance\/crca-18-conseil-dadministration\/","title":{"rendered":"Conseil d&rsquo;administration ann\u00e9e 2023-24"},"content":{"rendered":"<p>Conform\u00e9ment aux r\u00e8glements de la ACEC, notre conseil d\u2019administration est compos\u00e9 de membres d\u2019associations provinciales. Les administrateurs et directeurs qui si\u00e8gent au conseil sont des b\u00e9n\u00e9voles, \u00e0 l\u2019exception du directeur ex\u00e9cutif de la ACEC.<\/p>\n<div class=\"grid-row\">\n<div class=\"grid grid_2\">\n<h2>Pr\u00e9sident<\/h2>\n<p><strong>Dan Nosaty<br \/>\n<\/strong>Oakwood Roofing &amp; Sheet Metal Co. Ltd.<br \/>\n20 Burnett Ave.<br \/>\nWinnipeg, MB R2G 1C1<br \/>\nT\u00e9l : 204-237-8361 ext. 120<br \/>\nT\u00e9l\u00e9c : 204-237-6169<br \/>\n<a href=\"dnosaty@oakwoodroofing.com\">dnosaty@oakwoodroofing.com<\/a><\/p>\n<\/div>\n<div class=\"grid grid_2\">\n<h2>1<sup>er<\/sup> Vice-pr\u00e9sident<\/h2>\n<p><strong>Jay Campbell<\/strong><br \/>\nDean Chandler Roofing Ltd.<br \/>\n1-3485 Comstock Road<br \/>\nScarborough, ON M1L 2H2<br \/>\nT\u00e9l : 416-751-7840<br \/>\n<a href=\"jasoncampbell@deanchandler.ca\">jasoncampbell@deanchandler.ca<\/a><\/p>\n<\/div>\n<\/div>\n<div class=\"grid-row\">\n<div class=\"grid grid_2\">\n<h2>2<sup>i\u00e8me <\/sup>Vice-pr\u00e9sident<\/h2>\n<p><strong>Darran Light<\/strong><br \/>\nElevated Building Envelopes Ltd.<br \/>\n1-3485 Velocity Avenue<br \/>\nKelowna, BC V1V 3C2<br \/>\nT\u00e9l : 250-765-3866<br \/>\nT\u00e9l\u00e9c : 250-765-3347<br \/>\n<a href=\"darran@elevatedbe.com\">darran@elevatedbe.com<\/a><\/p>\n<\/div>\n<div class=\"grid grid_2\">\n<h2>Secr\u00e9taire honoraire<\/h2>\n<p><strong>Gareth Christopher<\/strong><br \/>\nSiplast<br \/>\n3300 Highway 7, Suite 806<br \/>\nVaughan, ON L4K 4M3<br \/>\nT\u00e9l : 905-867-5172<br \/>\n<a href=\"gareth.christopher@siplast.com\">gareth.christopher@siplast.com<\/a><\/p>\n<\/div>\n<\/div>\n<div class=\"grid-row\">\n<div class=\"grid grid_2\">\n<h2>Tr\u00e9sorier honoraire<\/h2>\n<p><strong>Ben Johnson<\/strong><br \/>\nTriforce Team Ltd.<br \/>\n691 Malenfant Blvd., Suite 2<br \/>\nDieppe, NB E1A 5T8<br \/>\nT\u00e9l : 506-858-9355<br \/>\nT\u00e9l\u00e9c : 506-858-9359<br \/>\n<a href=\"mailto:ben@triforceteam.ca\">ben@triforceteam.ca<\/a><\/p>\n<\/div>\n<div class=\"grid grid_2\">\n<h2>Ancien pr\u00e9sident<\/h2>\n<p><strong>Lindsay Pochynuk<br \/>\n<\/strong>Clark Roofing (1964) Ltd.<strong><br \/>\n<\/strong>842 59th Street E.<br \/>\nSaskatoon SK S7K 5Z6<br \/>\nT\u00e9l : 306-652-9811<br \/>\nT\u00e9l\u00e9c : 306-665-2082<br \/>\n<a href=\"lpochynuk@clarkroofing.ca\">lpochynuk@clarkroofing.ca<\/a><\/p>\n<\/div>\n<\/div>\n<hr \/>\n<h2>Directeurs<\/h2>\n<div class=\"grid-row\">\n<div class=\"grid grid_2\">\n<p><strong>Chris Filleul<\/strong><br \/>\nWest Point Roofing Inc.<br \/>\n9735 \u2013 62 Avenue<br \/>\nEdmonton, AB T6E 0E4<br \/>\nT\u00e9l : 780-439-2232<br \/>\n<a href=\"chris@westpointroofing.com\">chris@westpointroofing.com<\/a><\/p>\n<\/div>\n<div class=\"grid grid_2\"><strong>St\u00e9phane Poissant<\/strong><br \/>\nErnest Hotte Inc.<br \/>\n157, Av Charlemagne<br \/>\nCandiac, QC J5R 6S2<br \/>\nT\u00e9l : 514-255-1591<br \/>\n<a href=\"spoissant@ernesthotte.com\">spoissant@ernesthotte.com<\/a><\/div>\n<\/div>\n<div class=\"grid-row\">\n<div class=\"grid grid_2\"><strong>Travis Tofflemire<br \/>\n<\/strong>Metro Roofing<br \/>\n31 Estates Road<br \/>\nDartmouth, NS B2Y 4K3<br \/>\nT\u00e9l: 902-468-8888<br \/>\n<a href=\"travis@metroroofingns.com\">travis@metroroofingns.com<\/a><\/div>\n<div class=\"grid grid_2\"><strong>Andrew Dawe<br \/>\n<\/strong>North Shore Roofing Ltd.<br \/>\n89 Bremigens Blvd.<br \/>\nParadise NL A1L 4A2<br \/>\nT\u00e9l: 709-747-4333<br \/>\n<a href=\"adawe@northshoreroofing.ca\">adawe@northshoreroofing.ca<\/a><\/div>\n<\/div>\n<hr \/>\n<div class=\"grid-row\">\n<div class=\"grid grid_2\">\n<h2>NRCA &#8211; Directeur international<\/h2>\n<p><strong>Pierre Lafontaine<\/strong><br \/>\nGroupe Raymond<br \/>\n65, rue Jean-Proulx<br \/>\nGatineau QC J8Z 1W2<br \/>\nT\u00e9l : 819-777-7770<br \/>\n<a href=\"plafontaine@grouperaymond.ca\">plafontaine@grouperaymond.ca<\/a><\/p>\n<\/div>\n<div class=\"grid grid_2\">\n<h2>Directeur g\u00e9n\u00e9ral<\/h2>\n<p><strong>Paul Forgues<\/strong><br \/>\n2430 Don Reid Drive, Suite 100<br \/>\nOttawa ON K1H 1E1<br \/>\nT\u00e9l : 343-341-6489<br \/>\n<a href=\"forgues@roofingcanada.com\">forgues@roofingcanada.com<\/a><\/p>\n<\/div>\n<\/div>\n","protected":false},"excerpt":{"rendered":"<p>Conform\u00e9ment aux r\u00e8glements de la ACEC, notre conseil d\u2019administration est compos\u00e9 de membres d\u2019associations provinciales.<\/p>\n","protected":false},"author":1,"featured_media":3895,"parent":536,"menu_order":0,"comment_status":"closed","ping_status":"closed","template":"page-about.php","meta":{"_acf_changed":false,"footnotes":""},"class_list":["post-1010","page","type-page","status-publish","has-post-thumbnail","hentry"],"acf":[],"yoast_head":"<!-- This site is optimized with the Yoast SEO plugin v27.4 - https:\/\/yoast.com\/product\/yoast-seo-wordpress\/ -->\n<title>Conseil d&#039;administration ann\u00e9e 2023-24 - Canadian Roofing Contractors Association<\/title>\n<meta name=\"robots\" content=\"index, follow, max-snippet:-1, max-image-preview:large, max-video-preview:-1\" \/>\n<link rel=\"canonical\" href=\"https:\/\/roofingcanada.com\/fr\/profil-de-lacec\/gouvernance\/crca-18-conseil-dadministration\/\" \/>\n<meta property=\"og:locale\" content=\"fr_FR\" \/>\n<meta property=\"og:type\" content=\"article\" \/>\n<meta property=\"og:title\" content=\"Conseil d&#039;administration ann\u00e9e 2023-24 - Canadian Roofing Contractors Association\" \/>\n<meta property=\"og:description\" content=\"Conform\u00e9ment aux r\u00e8glements de la ACEC, notre conseil d\u2019administration est compos\u00e9 de membres d\u2019associations provinciales.\" \/>\n<meta property=\"og:url\" content=\"https:\/\/roofingcanada.com\/fr\/profil-de-lacec\/gouvernance\/crca-18-conseil-dadministration\/\" \/>\n<meta property=\"og:site_name\" content=\"Canadian Roofing Contractors Association\" \/>\n<meta property=\"article:modified_time\" content=\"2026-03-31T16:18:48+00:00\" \/>\n<meta property=\"og:image\" content=\"https:\/\/roofingcanada.com\/wp-content\/uploads\/2018\/05\/icon-board.png\" \/>\n\t<meta property=\"og:image:width\" content=\"101\" \/>\n\t<meta property=\"og:image:height\" content=\"101\" \/>\n\t<meta property=\"og:image:type\" content=\"image\/png\" \/>\n<meta name=\"twitter:card\" content=\"summary_large_image\" \/>\n<script type=\"application\/ld+json\" class=\"yoast-schema-graph\">{\"@context\":\"https:\\\/\\\/schema.org\",\"@graph\":[{\"@type\":\"WebPage\",\"@id\":\"https:\\\/\\\/roofingcanada.com\\\/fr\\\/profil-de-lacec\\\/gouvernance\\\/crca-18-conseil-dadministration\\\/\",\"url\":\"https:\\\/\\\/roofingcanada.com\\\/fr\\\/profil-de-lacec\\\/gouvernance\\\/crca-18-conseil-dadministration\\\/\",\"name\":\"Conseil d'administration ann\u00e9e 2023-24 - Canadian Roofing Contractors Association\",\"isPartOf\":{\"@id\":\"https:\\\/\\\/roofingcanada.com\\\/#website\"},\"primaryImageOfPage\":{\"@id\":\"https:\\\/\\\/roofingcanada.com\\\/fr\\\/profil-de-lacec\\\/gouvernance\\\/crca-18-conseil-dadministration\\\/#primaryimage\"},\"image\":{\"@id\":\"https:\\\/\\\/roofingcanada.com\\\/fr\\\/profil-de-lacec\\\/gouvernance\\\/crca-18-conseil-dadministration\\\/#primaryimage\"},\"thumbnailUrl\":\"https:\\\/\\\/roofingcanada.com\\\/wp-content\\\/uploads\\\/2018\\\/05\\\/icon-board.png\",\"datePublished\":\"2018-05-01T15:51:11+00:00\",\"dateModified\":\"2026-03-31T16:18:48+00:00\",\"breadcrumb\":{\"@id\":\"https:\\\/\\\/roofingcanada.com\\\/fr\\\/profil-de-lacec\\\/gouvernance\\\/crca-18-conseil-dadministration\\\/#breadcrumb\"},\"inLanguage\":\"fr-FR\",\"potentialAction\":[{\"@type\":\"ReadAction\",\"target\":[\"https:\\\/\\\/roofingcanada.com\\\/fr\\\/profil-de-lacec\\\/gouvernance\\\/crca-18-conseil-dadministration\\\/\"]}]},{\"@type\":\"ImageObject\",\"inLanguage\":\"fr-FR\",\"@id\":\"https:\\\/\\\/roofingcanada.com\\\/fr\\\/profil-de-lacec\\\/gouvernance\\\/crca-18-conseil-dadministration\\\/#primaryimage\",\"url\":\"https:\\\/\\\/roofingcanada.com\\\/wp-content\\\/uploads\\\/2018\\\/05\\\/icon-board.png\",\"contentUrl\":\"https:\\\/\\\/roofingcanada.com\\\/wp-content\\\/uploads\\\/2018\\\/05\\\/icon-board.png\",\"width\":101,\"height\":101},{\"@type\":\"BreadcrumbList\",\"@id\":\"https:\\\/\\\/roofingcanada.com\\\/fr\\\/profil-de-lacec\\\/gouvernance\\\/crca-18-conseil-dadministration\\\/#breadcrumb\",\"itemListElement\":[{\"@type\":\"ListItem\",\"position\":1,\"name\":\"Profil de l&rsquo;ACEC\",\"item\":\"https:\\\/\\\/roofingcanada.com\\\/fr\\\/profil-de-lacec\\\/\"},{\"@type\":\"ListItem\",\"position\":2,\"name\":\"Gouvernance\",\"item\":\"https:\\\/\\\/roofingcanada.com\\\/fr\\\/profil-de-lacec\\\/gouvernance\\\/\"},{\"@type\":\"ListItem\",\"position\":3,\"name\":\"Conseil d&#8217;administration ann\u00e9e 2023-24\"}]},{\"@type\":\"WebSite\",\"@id\":\"https:\\\/\\\/roofingcanada.com\\\/#website\",\"url\":\"https:\\\/\\\/roofingcanada.com\\\/\",\"name\":\"Canadian Roofing Contractors Association\",\"description\":\"Sous un seul toit\",\"potentialAction\":[{\"@type\":\"SearchAction\",\"target\":{\"@type\":\"EntryPoint\",\"urlTemplate\":\"https:\\\/\\\/roofingcanada.com\\\/?s={search_term_string}\"},\"query-input\":{\"@type\":\"PropertyValueSpecification\",\"valueRequired\":true,\"valueName\":\"search_term_string\"}}],\"inLanguage\":\"fr-FR\"}]}<\/script>\n<!-- \/ Yoast SEO plugin. -->","yoast_head_json":{"title":"Conseil d'administration ann\u00e9e 2023-24 - Canadian Roofing Contractors Association","robots":{"index":"index","follow":"follow","max-snippet":"max-snippet:-1","max-image-preview":"max-image-preview:large","max-video-preview":"max-video-preview:-1"},"canonical":"https:\/\/roofingcanada.com\/fr\/profil-de-lacec\/gouvernance\/crca-18-conseil-dadministration\/","og_locale":"fr_FR","og_type":"article","og_title":"Conseil d'administration ann\u00e9e 2023-24 - Canadian Roofing Contractors Association","og_description":"Conform\u00e9ment aux r\u00e8glements de la ACEC, notre conseil d\u2019administration est compos\u00e9 de membres d\u2019associations provinciales.","og_url":"https:\/\/roofingcanada.com\/fr\/profil-de-lacec\/gouvernance\/crca-18-conseil-dadministration\/","og_site_name":"Canadian Roofing Contractors Association","article_modified_time":"2026-03-31T16:18:48+00:00","og_image":[{"width":101,"height":101,"url":"https:\/\/roofingcanada.com\/wp-content\/uploads\/2018\/05\/icon-board.png","type":"image\/png"}],"twitter_card":"summary_large_image","schema":{"@context":"https:\/\/schema.org","@graph":[{"@type":"WebPage","@id":"https:\/\/roofingcanada.com\/fr\/profil-de-lacec\/gouvernance\/crca-18-conseil-dadministration\/","url":"https:\/\/roofingcanada.com\/fr\/profil-de-lacec\/gouvernance\/crca-18-conseil-dadministration\/","name":"Conseil d'administration ann\u00e9e 2023-24 - Canadian Roofing Contractors Association","isPartOf":{"@id":"https:\/\/roofingcanada.com\/#website"},"primaryImageOfPage":{"@id":"https:\/\/roofingcanada.com\/fr\/profil-de-lacec\/gouvernance\/crca-18-conseil-dadministration\/#primaryimage"},"image":{"@id":"https:\/\/roofingcanada.com\/fr\/profil-de-lacec\/gouvernance\/crca-18-conseil-dadministration\/#primaryimage"},"thumbnailUrl":"https:\/\/roofingcanada.com\/wp-content\/uploads\/2018\/05\/icon-board.png","datePublished":"2018-05-01T15:51:11+00:00","dateModified":"2026-03-31T16:18:48+00:00","breadcrumb":{"@id":"https:\/\/roofingcanada.com\/fr\/profil-de-lacec\/gouvernance\/crca-18-conseil-dadministration\/#breadcrumb"},"inLanguage":"fr-FR","potentialAction":[{"@type":"ReadAction","target":["https:\/\/roofingcanada.com\/fr\/profil-de-lacec\/gouvernance\/crca-18-conseil-dadministration\/"]}]},{"@type":"ImageObject","inLanguage":"fr-FR","@id":"https:\/\/roofingcanada.com\/fr\/profil-de-lacec\/gouvernance\/crca-18-conseil-dadministration\/#primaryimage","url":"https:\/\/roofingcanada.com\/wp-content\/uploads\/2018\/05\/icon-board.png","contentUrl":"https:\/\/roofingcanada.com\/wp-content\/uploads\/2018\/05\/icon-board.png","width":101,"height":101},{"@type":"BreadcrumbList","@id":"https:\/\/roofingcanada.com\/fr\/profil-de-lacec\/gouvernance\/crca-18-conseil-dadministration\/#breadcrumb","itemListElement":[{"@type":"ListItem","position":1,"name":"Profil de l&rsquo;ACEC","item":"https:\/\/roofingcanada.com\/fr\/profil-de-lacec\/"},{"@type":"ListItem","position":2,"name":"Gouvernance","item":"https:\/\/roofingcanada.com\/fr\/profil-de-lacec\/gouvernance\/"},{"@type":"ListItem","position":3,"name":"Conseil d&#8217;administration ann\u00e9e 2023-24"}]},{"@type":"WebSite","@id":"https:\/\/roofingcanada.com\/#website","url":"https:\/\/roofingcanada.com\/","name":"Canadian Roofing Contractors Association","description":"Sous un seul toit","potentialAction":[{"@type":"SearchAction","target":{"@type":"EntryPoint","urlTemplate":"https:\/\/roofingcanada.com\/?s={search_term_string}"},"query-input":{"@type":"PropertyValueSpecification","valueRequired":true,"valueName":"search_term_string"}}],"inLanguage":"fr-FR"}]}},"_links":{"self":[{"href":"https:\/\/roofingcanada.com\/fr\/wp-json\/wp\/v2\/pages\/1010","targetHints":{"allow":["GET"]}}],"collection":[{"href":"https:\/\/roofingcanada.com\/fr\/wp-json\/wp\/v2\/pages"}],"about":[{"href":"https:\/\/roofingcanada.com\/fr\/wp-json\/wp\/v2\/types\/page"}],"author":[{"embeddable":true,"href":"https:\/\/roofingcanada.com\/fr\/wp-json\/wp\/v2\/users\/1"}],"replies":[{"embeddable":true,"href":"https:\/\/roofingcanada.com\/fr\/wp-json\/wp\/v2\/comments?post=1010"}],"version-history":[{"count":73,"href":"https:\/\/roofingcanada.com\/fr\/wp-json\/wp\/v2\/pages\/1010\/revisions"}],"predecessor-version":[{"id":13131,"href":"https:\/\/roofingcanada.com\/fr\/wp-json\/wp\/v2\/pages\/1010\/revisions\/13131"}],"up":[{"embeddable":true,"href":"https:\/\/roofingcanada.com\/fr\/wp-json\/wp\/v2\/pages\/536"}],"wp:featuredmedia":[{"embeddable":true,"href":"https:\/\/roofingcanada.com\/fr\/wp-json\/wp\/v2\/media\/3895"}],"wp:attachment":[{"href":"https:\/\/roofingcanada.com\/fr\/wp-json\/wp\/v2\/media?parent=1010"}],"curies":[{"name":"wp","href":"https:\/\/api.w.org\/{rel}","templated":true}]}}