{"id":10043,"date":"2020-06-04T18:51:10","date_gmt":"2020-06-04T18:51:10","guid":{"rendered":"https:\/\/roofingcanada.com\/?page_id=10043"},"modified":"2026-05-13T15:44:21","modified_gmt":"2026-05-13T19:44:21","slug":"semaine-nationale-des-couvreurs-2026","status":"publish","type":"page","link":"https:\/\/roofingcanada.com\/fr\/activites\/semaine-nationale-des-couvreurs-2026\/","title":{"rendered":"Semaine nationale des couvreurs 2026"},"content":{"rendered":"<img loading=\"lazy\" decoding=\"async\" class=\"size-full wp-image-12003 aligncenter\" src=\"https:\/\/roofingcanada.com\/wp-content\/uploads\/2024\/05\/CRCA-NRW-96x30-4.png\" alt=\"\" width=\"800\" height=\"250\" \/>\n<p>L&rsquo;ACEC, l&rsquo;Association des entrepreneurs en couverture du Canada, est ravie de vous informer que <strong>la Semaine nationale des couvreurs se d\u00e9roulera du 7 au 12 juin 2026<\/strong>. R\u00e9alis\u00e9e en collaboration avec les associations provinciales de couvreurs et conform\u00e9ment \u00e0 la National Roofing Contractors Association (NRCA), cette initiative souligne le r\u00f4le essentiel que jouent les syst\u00e8mes de couverture dans la protection des b\u00e2timents, des infrastructures et des communaut\u00e9s du Canada, tout en c\u00e9l\u00e9brant les professionnels qualifi\u00e9s derri\u00e8re le travail.<\/p>\n<h2>Objectifs de la Semaine nationale des couvreurs\u00a0:<\/h2>\n<div class=\"grid-row\">\n<div class=\"grid grid_3\" style=\"background-color: #0076bc; border-radius: 20px; color: #fff; min-height: 300px;\">\n<div style=\"padding: 20px 10px; text-align: center;\"><img loading=\"lazy\" decoding=\"async\" class=\"alignnone size-full wp-image-10075\" style=\"clear: both;\" src=\"http:\/\/roofingcanada.com\/wp-content\/uploads\/2020\/06\/image-1.png\" alt=\"\" width=\"50\" height=\"50\" \/><strong><br \/>\n<\/strong><strong>Sensibiliser les gens \u00e0 l\u2019importance des syst\u00e8mes de toiture<\/strong>:<br \/>\nLes toits sont essentiels pour prot\u00e9ger les Canadiens contre des conditions m\u00e9t\u00e9orologiques de plus en plus variables. La Semaine nationale des couvreurs met l&rsquo;accent sur le r\u00f4le important que jouent les syst\u00e8mes de toiture dans le renforcement de la r\u00e9silience et la protection des entreprises et des infrastructures.<\/div>\n<\/div>\n<div class=\"grid grid_3\" style=\"background-color: #e1e1e1; border-radius: 20px; color: #000; min-height: 300px;\">\n<div style=\"padding: 20px 10px; text-align: center;\"><img loading=\"lazy\" decoding=\"async\" class=\"alignnone size-full wp-image-10077\" style=\"clear: both;\" src=\"http:\/\/roofingcanada.com\/wp-content\/uploads\/2020\/06\/image-2.png\" alt=\"\" width=\"50\" height=\"50\" \/><br \/>\n<strong>Promouvoir les carri\u00e8res dans la toiture et les m\u00e9tiers sp\u00e9cialis\u00e9s\u00a0:<\/strong><br \/>\nLa toiture est une profession reconnue et fi\u00e8re au Canada, et une partie essentielle du secteur de la construction. Alors que l&rsquo;industrie continue de faire face \u00e0 des d\u00e9fis en mati\u00e8re de main-d&rsquo;\u0153uvre, nous cherchons \u00e0 inspirer la prochaine g\u00e9n\u00e9ration et \u00e0 pr\u00e9senter les opportunit\u00e9s de carri\u00e8re enrichissantes dans le domaine de la toiture.<\/div>\n<\/div>\n<div class=\"grid grid_3\" style=\"background-color: #636466; border-radius: 20px; color: #fff; min-height: 300px;\">\n<div style=\"padding: 20px 10px; text-align: center;\"><img loading=\"lazy\" decoding=\"async\" class=\"alignnone size-full wp-image-10079\" style=\"clear: both;\" src=\"http:\/\/roofingcanada.com\/wp-content\/uploads\/2020\/06\/image-3.png\" alt=\"\" width=\"50\" height=\"50\" \/><br \/>\n<strong>Am\u00e9liorer la valeur de l\u2019embauche de professionnels qualifi\u00e9s en toiture<\/strong> :<br \/>\nLa Semaine nationale des couveurs encourage les Canadiens \u00e0 prendre des d\u00e9cisions plus claires en travaillant avec des entrepreneurs professionnels en toiture qui accordent la priorit\u00e9 \u00e0 la s\u00e9curit\u00e9, aux travaux de qualit\u00e9 et aux meilleures pratiques de l\u2019industrie.<\/div>\n<\/div>\n<\/div>\n<h2>Chaque jour, la Semaine nationale des couvreurs aura un th\u00e8me particulier\u00a0:<\/h2>\n<table style=\"border-top: 0; border-right: 0;\">\n<tbody>\n<tr>\n<td style=\"border-left: 0; border-bottom: 1px solid #E1E1E1; width: 32%;\">Dimanche 7 juin :<\/td>\n<td style=\"border-left: 0; border-bottom: 1px solid #E1E1E1;\"><strong>Les femmes dans l&rsquo;industrie de la couverture<\/strong>. C\u00e9l\u00e9brons les contributions des femmes et des professionnels de la toiture. Partagez des photos des femmes extraordinaires de votre entreprise qui contribuent \u00e0 l\u2019industrie de la toiture et de la construction.<\/td>\n<\/tr>\n<tr>\n<td style=\"border-left: 0; border-bottom: 1px solid #E1E1E1; width: 32%;\">Lundi 8 juin :<\/td>\n<td style=\"border-left: 0; border-bottom: 1px solid #E1E1E1;\"><strong>Projets embl\u00e9matiques<\/strong>. Pr\u00e9sentez des photos des projets de toiture industrielle, commerciale et institutionnelle embl\u00e9matiques de votre entreprise.<\/td>\n<\/tr>\n<tr>\n<td style=\"border-left: 0; border-bottom: 1px solid #E1E1E1; width: 32%;\">Mardi 9 juin :<\/td>\n<td style=\"border-left: 0; border-bottom: 1px solid #E1E1E1;\"><strong>Projets ou \u00e9v\u00e9nements de bienfaisance<\/strong>. Soulignez les dons de bienfaisance de votre entreprise ou son implication dans des \u00e9v\u00e9nements communautaires.<\/td>\n<\/tr>\n<tr>\n<td style=\"border-left: 0; border-bottom: 1px solid #E1E1E1; width: 32%;\">Mercredi 10 juin :<\/td>\n<td style=\"border-left: 0; border-bottom: 1px solid #E1E1E1;\"><strong>Appr\u00e9ciation des employ\u00e9s<\/strong>. C\u00e9l\u00e9br\u00e9 vos employ\u00e9s d\u00e9vou\u00e9s en leur offrant des photos et de la reconnaissance. Reconnaissons les personnes derri\u00e8re le travail.<\/td>\n<\/tr>\n<tr>\n<td style=\"border-left: 0; border-bottom: 1px solid #E1E1E1; width: 32%;\">Jeudi 11 juin :<\/td>\n<td style=\"border-left: 0; border-bottom: 1px solid #E1E1E1;\"><strong>Formation des employ\u00e9s<\/strong>. D\u00e9montrez comment vous formez vos travailleurs pour maintenir des normes \u00e9lev\u00e9es. Mettez en avant la formation continue, les pratiques de s\u00e9curit\u00e9 et le d\u00e9veloppement des comp\u00e9tences.<\/td>\n<\/tr>\n<tr>\n<td style=\"border-left: 0; border-bottom: 0; width: 32%;\">Vendredi 12 juin :<\/td>\n<td style=\"border-left: 0; border-bottom: 0;\"><strong>Jour de c\u00e9l\u00e9bration<\/strong>. Partagez comment vous et votre \u00e9quipe avez c\u00e9l\u00e9br\u00e9 la Semaine des couvreurs!<\/td>\n<\/tr>\n<\/tbody>\n<\/table>\n<h2>S\u2019impliquer!<\/h2>\n<p>La Semaine nationale des couvreurs est soutenue par la participation de l&rsquo;industrie \u00e0 travers le Canada. Nous encourageons les membres \u00e0 partager des photos, des vid\u00e9os et des histoires sur les r\u00e9seaux sociaux pour pr\u00e9senter leur travail et leurs \u00e9quipes. Assurez-vous d\u2019utiliser les mots-clics <strong>#SemaineNationaleDesCouvreurs<\/strong> et <strong>#CouvertureCanada<\/strong> lorsque vous partagez des photos et des vid\u00e9os de votre entreprise.<\/p>\n<p><strong>Rejoignez-nous pour c\u00e9l\u00e9brer l&rsquo;industrie de la toiture, reconna\u00eetre les professionnels et mettre en valeur le travail essentiel qu&rsquo;ils accomplissent chaque jour dans tout le Canada.<\/strong><\/p>\n<p>&nbsp;<\/p>\n","protected":false},"excerpt":{"rendered":"<p>L\u2019Association canadienne des entrepreneurs en couverture (ACEC) est heureuse d\u2019annoncer que la troisi\u00e8me c\u00e9l\u00e9bration annuelle de la Semaine nationale des couvreurs du Canada aura lieu dans tout le pays du 6 au 10 juin 2022.<\/p>\n","protected":false},"author":1,"featured_media":10487,"parent":139,"menu_order":3,"comment_status":"closed","ping_status":"closed","template":"","meta":{"_acf_changed":false,"footnotes":""},"class_list":["post-10043","page","type-page","status-publish","has-post-thumbnail","hentry"],"acf":[],"yoast_head":"<!-- This site is optimized with the Yoast SEO plugin v27.5 - https:\/\/yoast.com\/product\/yoast-seo-wordpress\/ -->\n<title>Semaine nationale des couvreurs 2026 - Canadian Roofing Contractors Association<\/title>\n<meta name=\"robots\" content=\"index, follow, max-snippet:-1, max-image-preview:large, max-video-preview:-1\" \/>\n<link rel=\"canonical\" href=\"https:\/\/roofingcanada.com\/fr\/activites\/semaine-nationale-des-couvreurs-2026\/\" \/>\n<meta property=\"og:locale\" content=\"fr_FR\" \/>\n<meta property=\"og:type\" content=\"article\" \/>\n<meta property=\"og:title\" content=\"Semaine nationale des couvreurs 2026 - Canadian Roofing Contractors Association\" \/>\n<meta property=\"og:description\" content=\"L\u2019Association canadienne des entrepreneurs en couverture (ACEC) est heureuse d\u2019annoncer que la troisi\u00e8me c\u00e9l\u00e9bration annuelle de la Semaine nationale des couvreurs du Canada aura lieu dans tout le pays du 6 au 10 juin 2022.\" \/>\n<meta property=\"og:url\" content=\"https:\/\/roofingcanada.com\/fr\/activites\/semaine-nationale-des-couvreurs-2026\/\" \/>\n<meta property=\"og:site_name\" content=\"Canadian Roofing Contractors Association\" \/>\n<meta property=\"article:modified_time\" content=\"2026-05-13T19:44:21+00:00\" \/>\n<meta property=\"og:image\" content=\"https:\/\/roofingcanada.com\/wp-content\/uploads\/2021\/03\/icon-nrw-Fr.png\" \/>\n\t<meta property=\"og:image:width\" content=\"101\" \/>\n\t<meta property=\"og:image:height\" content=\"101\" \/>\n\t<meta property=\"og:image:type\" content=\"image\/png\" \/>\n<meta name=\"twitter:card\" content=\"summary_large_image\" \/>\n<script type=\"application\/ld+json\" class=\"yoast-schema-graph\">{\"@context\":\"https:\\\/\\\/schema.org\",\"@graph\":[{\"@type\":\"WebPage\",\"@id\":\"https:\\\/\\\/roofingcanada.com\\\/fr\\\/activites\\\/semaine-nationale-des-couvreurs-2026\\\/\",\"url\":\"https:\\\/\\\/roofingcanada.com\\\/fr\\\/activites\\\/semaine-nationale-des-couvreurs-2026\\\/\",\"name\":\"Semaine nationale des couvreurs 2026 - Canadian Roofing Contractors Association\",\"isPartOf\":{\"@id\":\"https:\\\/\\\/roofingcanada.com\\\/#website\"},\"primaryImageOfPage\":{\"@id\":\"https:\\\/\\\/roofingcanada.com\\\/fr\\\/activites\\\/semaine-nationale-des-couvreurs-2026\\\/#primaryimage\"},\"image\":{\"@id\":\"https:\\\/\\\/roofingcanada.com\\\/fr\\\/activites\\\/semaine-nationale-des-couvreurs-2026\\\/#primaryimage\"},\"thumbnailUrl\":\"https:\\\/\\\/roofingcanada.com\\\/wp-content\\\/uploads\\\/2021\\\/03\\\/icon-nrw-Fr.png\",\"datePublished\":\"2020-06-04T18:51:10+00:00\",\"dateModified\":\"2026-05-13T19:44:21+00:00\",\"breadcrumb\":{\"@id\":\"https:\\\/\\\/roofingcanada.com\\\/fr\\\/activites\\\/semaine-nationale-des-couvreurs-2026\\\/#breadcrumb\"},\"inLanguage\":\"fr-FR\",\"potentialAction\":[{\"@type\":\"ReadAction\",\"target\":[\"https:\\\/\\\/roofingcanada.com\\\/fr\\\/activites\\\/semaine-nationale-des-couvreurs-2026\\\/\"]}]},{\"@type\":\"ImageObject\",\"inLanguage\":\"fr-FR\",\"@id\":\"https:\\\/\\\/roofingcanada.com\\\/fr\\\/activites\\\/semaine-nationale-des-couvreurs-2026\\\/#primaryimage\",\"url\":\"https:\\\/\\\/roofingcanada.com\\\/wp-content\\\/uploads\\\/2021\\\/03\\\/icon-nrw-Fr.png\",\"contentUrl\":\"https:\\\/\\\/roofingcanada.com\\\/wp-content\\\/uploads\\\/2021\\\/03\\\/icon-nrw-Fr.png\",\"width\":101,\"height\":101},{\"@type\":\"BreadcrumbList\",\"@id\":\"https:\\\/\\\/roofingcanada.com\\\/fr\\\/activites\\\/semaine-nationale-des-couvreurs-2026\\\/#breadcrumb\",\"itemListElement\":[{\"@type\":\"ListItem\",\"position\":1,\"name\":\"Activit\u00e9s de l\u2019industrie canadienne de la toiture\",\"item\":\"https:\\\/\\\/roofingcanada.com\\\/fr\\\/activites\\\/\"},{\"@type\":\"ListItem\",\"position\":2,\"name\":\"Semaine nationale des couvreurs 2026\"}]},{\"@type\":\"WebSite\",\"@id\":\"https:\\\/\\\/roofingcanada.com\\\/#website\",\"url\":\"https:\\\/\\\/roofingcanada.com\\\/\",\"name\":\"Canadian Roofing Contractors Association\",\"description\":\"Sous un seul toit\",\"potentialAction\":[{\"@type\":\"SearchAction\",\"target\":{\"@type\":\"EntryPoint\",\"urlTemplate\":\"https:\\\/\\\/roofingcanada.com\\\/?s={search_term_string}\"},\"query-input\":{\"@type\":\"PropertyValueSpecification\",\"valueRequired\":true,\"valueName\":\"search_term_string\"}}],\"inLanguage\":\"fr-FR\"}]}<\/script>\n<!-- \/ Yoast SEO plugin. -->","yoast_head_json":{"title":"Semaine nationale des couvreurs 2026 - Canadian Roofing Contractors Association","robots":{"index":"index","follow":"follow","max-snippet":"max-snippet:-1","max-image-preview":"max-image-preview:large","max-video-preview":"max-video-preview:-1"},"canonical":"https:\/\/roofingcanada.com\/fr\/activites\/semaine-nationale-des-couvreurs-2026\/","og_locale":"fr_FR","og_type":"article","og_title":"Semaine nationale des couvreurs 2026 - Canadian Roofing Contractors Association","og_description":"L\u2019Association canadienne des entrepreneurs en couverture (ACEC) est heureuse d\u2019annoncer que la troisi\u00e8me c\u00e9l\u00e9bration annuelle de la Semaine nationale des couvreurs du Canada aura lieu dans tout le pays du 6 au 10 juin 2022.","og_url":"https:\/\/roofingcanada.com\/fr\/activites\/semaine-nationale-des-couvreurs-2026\/","og_site_name":"Canadian Roofing Contractors Association","article_modified_time":"2026-05-13T19:44:21+00:00","og_image":[{"width":101,"height":101,"url":"https:\/\/roofingcanada.com\/wp-content\/uploads\/2021\/03\/icon-nrw-Fr.png","type":"image\/png"}],"twitter_card":"summary_large_image","schema":{"@context":"https:\/\/schema.org","@graph":[{"@type":"WebPage","@id":"https:\/\/roofingcanada.com\/fr\/activites\/semaine-nationale-des-couvreurs-2026\/","url":"https:\/\/roofingcanada.com\/fr\/activites\/semaine-nationale-des-couvreurs-2026\/","name":"Semaine nationale des couvreurs 2026 - Canadian Roofing Contractors Association","isPartOf":{"@id":"https:\/\/roofingcanada.com\/#website"},"primaryImageOfPage":{"@id":"https:\/\/roofingcanada.com\/fr\/activites\/semaine-nationale-des-couvreurs-2026\/#primaryimage"},"image":{"@id":"https:\/\/roofingcanada.com\/fr\/activites\/semaine-nationale-des-couvreurs-2026\/#primaryimage"},"thumbnailUrl":"https:\/\/roofingcanada.com\/wp-content\/uploads\/2021\/03\/icon-nrw-Fr.png","datePublished":"2020-06-04T18:51:10+00:00","dateModified":"2026-05-13T19:44:21+00:00","breadcrumb":{"@id":"https:\/\/roofingcanada.com\/fr\/activites\/semaine-nationale-des-couvreurs-2026\/#breadcrumb"},"inLanguage":"fr-FR","potentialAction":[{"@type":"ReadAction","target":["https:\/\/roofingcanada.com\/fr\/activites\/semaine-nationale-des-couvreurs-2026\/"]}]},{"@type":"ImageObject","inLanguage":"fr-FR","@id":"https:\/\/roofingcanada.com\/fr\/activites\/semaine-nationale-des-couvreurs-2026\/#primaryimage","url":"https:\/\/roofingcanada.com\/wp-content\/uploads\/2021\/03\/icon-nrw-Fr.png","contentUrl":"https:\/\/roofingcanada.com\/wp-content\/uploads\/2021\/03\/icon-nrw-Fr.png","width":101,"height":101},{"@type":"BreadcrumbList","@id":"https:\/\/roofingcanada.com\/fr\/activites\/semaine-nationale-des-couvreurs-2026\/#breadcrumb","itemListElement":[{"@type":"ListItem","position":1,"name":"Activit\u00e9s de l\u2019industrie canadienne de la toiture","item":"https:\/\/roofingcanada.com\/fr\/activites\/"},{"@type":"ListItem","position":2,"name":"Semaine nationale des couvreurs 2026"}]},{"@type":"WebSite","@id":"https:\/\/roofingcanada.com\/#website","url":"https:\/\/roofingcanada.com\/","name":"Canadian Roofing Contractors Association","description":"Sous un seul toit","potentialAction":[{"@type":"SearchAction","target":{"@type":"EntryPoint","urlTemplate":"https:\/\/roofingcanada.com\/?s={search_term_string}"},"query-input":{"@type":"PropertyValueSpecification","valueRequired":true,"valueName":"search_term_string"}}],"inLanguage":"fr-FR"}]}},"_links":{"self":[{"href":"https:\/\/roofingcanada.com\/fr\/wp-json\/wp\/v2\/pages\/10043","targetHints":{"allow":["GET"]}}],"collection":[{"href":"https:\/\/roofingcanada.com\/fr\/wp-json\/wp\/v2\/pages"}],"about":[{"href":"https:\/\/roofingcanada.com\/fr\/wp-json\/wp\/v2\/types\/page"}],"author":[{"embeddable":true,"href":"https:\/\/roofingcanada.com\/fr\/wp-json\/wp\/v2\/users\/1"}],"replies":[{"embeddable":true,"href":"https:\/\/roofingcanada.com\/fr\/wp-json\/wp\/v2\/comments?post=10043"}],"version-history":[{"count":33,"href":"https:\/\/roofingcanada.com\/fr\/wp-json\/wp\/v2\/pages\/10043\/revisions"}],"predecessor-version":[{"id":13166,"href":"https:\/\/roofingcanada.com\/fr\/wp-json\/wp\/v2\/pages\/10043\/revisions\/13166"}],"up":[{"embeddable":true,"href":"https:\/\/roofingcanada.com\/fr\/wp-json\/wp\/v2\/pages\/139"}],"wp:featuredmedia":[{"embeddable":true,"href":"https:\/\/roofingcanada.com\/fr\/wp-json\/wp\/v2\/media\/10487"}],"wp:attachment":[{"href":"https:\/\/roofingcanada.com\/fr\/wp-json\/wp\/v2\/media?parent=10043"}],"curies":[{"name":"wp","href":"https:\/\/api.w.org\/{rel}","templated":true}]}}